{"id":7070,"date":"2024-08-05T15:48:30","date_gmt":"2024-08-05T18:48:30","guid":{"rendered":"https:\/\/sites.uel.br\/ser\/?page_id=7070"},"modified":"2024-09-26T15:37:09","modified_gmt":"2024-09-26T18:37:09","slug":"premio-boas-praticas-na-recepcao-aos-estudantes-ingressantes-premiados-2024-fisica","status":"publish","type":"page","link":"https:\/\/sites.uel.br\/ser\/premio-boas-praticas-na-recepcao-aos-estudantes-ingressantes-premiados-2024-fisica\/","title":{"rendered":"Pr\u00eamio Boas Pr\u00e1ticas na Recep\u00e7\u00e3o aos Estudantes Ingressantes"},"content":{"rendered":"\n<hr class=\"wp-block-separator has-alpha-channel-opacity is-style-wide\" \/>\n\n\n\n<figure class=\"wp-block-image size-full\"><img decoding=\"async\" src=\"https:\/\/sites.uel.br\/ser\/wp-content\/uploads\/2024\/06\/site-ser.png\" alt=\"\" class=\"wp-image-6163\" \/><\/figure>\n\n\n\n<h2 class=\"wp-block-heading\">Cursos Inscritos Premiados<\/h2>\n\n\n\n<h2 class=\"wp-block-heading\">2024<\/h2>\n\n\n\n<h2 class=\"wp-block-heading\">F\u00edsica<\/h2>\n\n\n\n<p><strong>Resumo da A\u00e7\u00e3o:<\/strong><\/p>\n\n\n\n<p>Foi realizada, durante a semana de ingresso, a arrecada\u00e7\u00e3o de tampinhas pl\u00e1sticas para doa\u00e7\u00e3o ao Hospital do C\u00e2ncer de Londrina.<\/p>\n\n\n\n<p><em>Obs: texto confeccionado pelos estudantes de Gradua\u00e7\u00e3o e\/ou Coordena\u00e7\u00e3o do curso.<\/em><\/p>\n\n\n\n<hr class=\"wp-block-separator has-text-color has-cinza-color has-css-opacity has-cinza-background-color has-background is-style-wide\" \/>\n\n\n<div class=\"wp-block-image\">\n<figure class=\"aligncenter size-full\"><img loading=\"lazy\" decoding=\"async\" width=\"1200\" height=\"1600\" src=\"https:\/\/sites.uel.br\/ser\/wp-content\/uploads\/2024\/08\/premio_boas_praticas_2024_fisica_01.jpeg\" alt=\"\" class=\"wp-image-7335\" srcset=\"https:\/\/sites.uel.br\/ser\/wp-content\/uploads\/2024\/08\/premio_boas_praticas_2024_fisica_01.jpeg 1200w, https:\/\/sites.uel.br\/ser\/wp-content\/uploads\/2024\/08\/premio_boas_praticas_2024_fisica_01-225x300.jpeg 225w, https:\/\/sites.uel.br\/ser\/wp-content\/uploads\/2024\/08\/premio_boas_praticas_2024_fisica_01-768x1024.jpeg 768w, https:\/\/sites.uel.br\/ser\/wp-content\/uploads\/2024\/08\/premio_boas_praticas_2024_fisica_01-1152x1536.jpeg 1152w\" sizes=\"auto, (max-width: 1200px) 100vw, 1200px\" \/><\/figure>\n<\/div>\n\n<div class=\"wp-block-image\">\n<figure class=\"aligncenter size-full\"><img loading=\"lazy\" decoding=\"async\" width=\"1600\" height=\"1200\" src=\"https:\/\/sites.uel.br\/ser\/wp-content\/uploads\/2024\/08\/premio_boas_praticas_2024_fisica_02.jpeg\" alt=\"\" class=\"wp-image-7336\" srcset=\"https:\/\/sites.uel.br\/ser\/wp-content\/uploads\/2024\/08\/premio_boas_praticas_2024_fisica_02.jpeg 1600w, https:\/\/sites.uel.br\/ser\/wp-content\/uploads\/2024\/08\/premio_boas_praticas_2024_fisica_02-300x225.jpeg 300w, https:\/\/sites.uel.br\/ser\/wp-content\/uploads\/2024\/08\/premio_boas_praticas_2024_fisica_02-1024x768.jpeg 1024w, https:\/\/sites.uel.br\/ser\/wp-content\/uploads\/2024\/08\/premio_boas_praticas_2024_fisica_02-768x576.jpeg 768w, https:\/\/sites.uel.br\/ser\/wp-content\/uploads\/2024\/08\/premio_boas_praticas_2024_fisica_02-1536x1152.jpeg 1536w\" sizes=\"auto, (max-width: 1600px) 100vw, 1600px\" \/><\/figure>\n<\/div>\n\n\n<hr class=\"wp-block-separator has-text-color has-cinza-color has-css-opacity has-cinza-background-color has-background is-style-wide\" \/>\n\n\n\n<p><strong>ESTUDANTES PARTICIPANTES<\/strong><\/p>\n\n\n\n<p>ANA J\u00daLIA FEITOSA DE SOUZA MARTINS<br>DANILO DESCHAMPS MACHADO<br>FELIPE AGUIAR ARA\u00daJO<br>GUSTAVO NEVES PEREIRA<br>ISADORA TROCINO PEREIRA<br>JO\u00c3O VICTOR DE LIMA SANTOS<br>JULIA YAGUI DE ANDRADE<br>LAILSON GUILHERME TOBIAS DE OLIVEIRA<br>MARIANA SPINARDI FOSSALUZA<br>MARIELLY SENE MUNHOZ<br>NATHALY EMY NOGUTI CATARINO<br>PEDRO HENRIQUE DOS SANTOS BECARIA<br>RAFAELLA BONI PAULENA<br>RENNAN RICARDO DE AZEVEDO DOS SANTOS<br>THIAGO FARIAS DA SILVA<br>WALLACE DE OLIVEIRA SANTOS FLOR DA ROSA<\/p>\n","protected":false},"excerpt":{"rendered":"<p>Cursos Inscritos Premiados 2024 F\u00edsica Resumo da A\u00e7\u00e3o: Foi realizada, durante a semana de ingresso, a arrecada\u00e7\u00e3o de tampinhas pl\u00e1sticas para doa\u00e7\u00e3o ao Hospital do C\u00e2ncer de Londrina. Obs: texto confeccionado pelos estudantes de Gradua\u00e7\u00e3o e\/ou Coordena\u00e7\u00e3o do curso. ESTUDANTES PARTICIPANTES ANA J\u00daLIA FEITOSA DE SOUZA MARTINSDANILO DESCHAMPS MACHADOFELIPE AGUIAR ARA\u00daJOGUSTAVO NEVES PEREIRAISADORA TROCINO PEREIRAJO\u00c3O [&hellip;]<\/p>\n","protected":false},"author":8,"featured_media":0,"parent":0,"menu_order":0,"comment_status":"closed","ping_status":"closed","template":"","meta":{"_acf_changed":false,"_themeisle_gutenberg_block_has_review":false,"footnotes":""},"class_list":["post-7070","page","type-page","status-publish","hentry"],"acf":[],"_links":{"self":[{"href":"https:\/\/sites.uel.br\/ser\/wp-json\/wp\/v2\/pages\/7070","targetHints":{"allow":["GET"]}}],"collection":[{"href":"https:\/\/sites.uel.br\/ser\/wp-json\/wp\/v2\/pages"}],"about":[{"href":"https:\/\/sites.uel.br\/ser\/wp-json\/wp\/v2\/types\/page"}],"author":[{"embeddable":true,"href":"https:\/\/sites.uel.br\/ser\/wp-json\/wp\/v2\/users\/8"}],"replies":[{"embeddable":true,"href":"https:\/\/sites.uel.br\/ser\/wp-json\/wp\/v2\/comments?post=7070"}],"version-history":[{"count":5,"href":"https:\/\/sites.uel.br\/ser\/wp-json\/wp\/v2\/pages\/7070\/revisions"}],"predecessor-version":[{"id":7406,"href":"https:\/\/sites.uel.br\/ser\/wp-json\/wp\/v2\/pages\/7070\/revisions\/7406"}],"wp:attachment":[{"href":"https:\/\/sites.uel.br\/ser\/wp-json\/wp\/v2\/media?parent=7070"}],"curies":[{"name":"wp","href":"https:\/\/api.w.org\/{rel}","templated":true}]}}