{"id":7069,"date":"2024-08-05T15:48:16","date_gmt":"2024-08-05T18:48:16","guid":{"rendered":"https:\/\/sites.uel.br\/ser\/?page_id=7069"},"modified":"2024-09-27T09:27:15","modified_gmt":"2024-09-27T12:27:15","slug":"premio-boas-praticas-na-recepcao-aos-estudantes-ingressantes-premiados-2024-direito","status":"publish","type":"page","link":"https:\/\/sites.uel.br\/ser\/premio-boas-praticas-na-recepcao-aos-estudantes-ingressantes-premiados-2024-direito\/","title":{"rendered":"Pr\u00eamio Boas Pr\u00e1ticas na Recep\u00e7\u00e3o aos Estudantes Ingressantes"},"content":{"rendered":"\n<hr class=\"wp-block-separator has-alpha-channel-opacity is-style-wide\" \/>\n\n\n\n<figure class=\"wp-block-image size-full\"><img decoding=\"async\" src=\"https:\/\/sites.uel.br\/ser\/wp-content\/uploads\/2024\/06\/site-ser.png\" alt=\"\" class=\"wp-image-6163\" \/><\/figure>\n\n\n\n<h2 class=\"wp-block-heading\">Cursos Inscritos Premiados<\/h2>\n\n\n\n<h2 class=\"wp-block-heading\">2024<\/h2>\n\n\n\n<h2 class=\"wp-block-heading\">Direito<\/h2>\n\n\n\n<p><strong>Resumo da A\u00e7\u00e3o:<\/strong><\/p>\n\n\n\n<p>Arrecada\u00e7\u00e3o de alimentos para a CASA DE APOIO AMIGOS DO HU.<br><br>Atividade proposta para iniciar no primeiro dia de aula, com t\u00e9rmino previsto para o dia 31\/07\/2024 &#8211; enfatizando a participa\u00e7\u00e3o dos ingressantes e oportunizando a participa\u00e7\u00e3o dos veteranos e de todas as s\u00e9ries e dos demais cursos do CESA e inclusive dos docentes e demais servidores do Centro de Estudos Sociais Aplicados.<\/p>\n\n\n\n<p><em>Obs: texto confeccionado pelos estudantes de Gradua\u00e7\u00e3o e\/ou Coordena\u00e7\u00e3o do curso.<\/em><\/p>\n\n\n\n<hr class=\"wp-block-separator has-text-color has-cinza-color has-css-opacity has-cinza-background-color has-background is-style-wide\" \/>\n\n\n\n<p><\/p>\n\n\n\n<p><strong>ESTUDANTES PARTICIPANTES<\/strong><\/p>\n\n\n\n<p>ANNA CLARA PERA ARAUJO<br>BEATRIZ MITY OMURO<br>CAILAN MORAIS CORREA<br>DANIEL ALVES DE OLIVEIRA<br>EMILLY CAMPOS SILVERIO<br>FELIPE PRESTES ANAST\u00c1CIO DA SILVA<br>KAMILLY VITORIA MENEZES CRISPIM<br>KAUANY VIT\u00d3RIA OLIVEIRA ARANTES<br>LAURA F\u00c1VARO DA SILVA<br>MARIA CLARA SOUZA BERSI<br>MARINA MOURA HENRIQUES<br>PEDRO HENRIQUE NICHIMURA<\/p>\n\n\n\n<div style=\"height:20px\" aria-hidden=\"true\" class=\"wp-block-spacer\"><\/div>\n\n\n\n<p><strong>DOCENTES PARTICIPANTES<\/strong><\/p>\n\n\n\n<p>ANA CLAUDIA DUARTE PINHEIRO<br>CLAUDIO CESAR MACHADO MORENO<br>GIOVANNE HENRIQUE BRESSAN SCHIAVON<br>JULIANA KIYOSEN NAKAYAMA<br>LUCIANA MENDES PEREIRA<br>MIGUEL BELINATI PICCIRILLO<br>THAIS ARANDA BARROZO<\/p>\n","protected":false},"excerpt":{"rendered":"<p>Cursos Inscritos Premiados 2024 Direito Resumo da A\u00e7\u00e3o: Arrecada\u00e7\u00e3o de alimentos para a CASA DE APOIO AMIGOS DO HU. Atividade proposta para iniciar no primeiro dia de aula, com t\u00e9rmino previsto para o dia 31\/07\/2024 &#8211; enfatizando a participa\u00e7\u00e3o dos ingressantes e oportunizando a participa\u00e7\u00e3o dos veteranos e de todas as s\u00e9ries e dos demais [&hellip;]<\/p>\n","protected":false},"author":8,"featured_media":0,"parent":0,"menu_order":0,"comment_status":"closed","ping_status":"closed","template":"","meta":{"_acf_changed":false,"_themeisle_gutenberg_block_has_review":false,"footnotes":""},"class_list":["post-7069","page","type-page","status-publish","hentry"],"acf":[],"_links":{"self":[{"href":"https:\/\/sites.uel.br\/ser\/wp-json\/wp\/v2\/pages\/7069","targetHints":{"allow":["GET"]}}],"collection":[{"href":"https:\/\/sites.uel.br\/ser\/wp-json\/wp\/v2\/pages"}],"about":[{"href":"https:\/\/sites.uel.br\/ser\/wp-json\/wp\/v2\/types\/page"}],"author":[{"embeddable":true,"href":"https:\/\/sites.uel.br\/ser\/wp-json\/wp\/v2\/users\/8"}],"replies":[{"embeddable":true,"href":"https:\/\/sites.uel.br\/ser\/wp-json\/wp\/v2\/comments?post=7069"}],"version-history":[{"count":6,"href":"https:\/\/sites.uel.br\/ser\/wp-json\/wp\/v2\/pages\/7069\/revisions"}],"predecessor-version":[{"id":7421,"href":"https:\/\/sites.uel.br\/ser\/wp-json\/wp\/v2\/pages\/7069\/revisions\/7421"}],"wp:attachment":[{"href":"https:\/\/sites.uel.br\/ser\/wp-json\/wp\/v2\/media?parent=7069"}],"curies":[{"name":"wp","href":"https:\/\/api.w.org\/{rel}","templated":true}]}}