{"id":7068,"date":"2024-08-05T15:48:04","date_gmt":"2024-08-05T18:48:04","guid":{"rendered":"https:\/\/sites.uel.br\/ser\/?page_id=7068"},"modified":"2024-09-26T15:35:55","modified_gmt":"2024-09-26T18:35:55","slug":"premio-boas-praticas-na-recepcao-aos-estudantes-ingressantes-premiados-2024-design-de-moda-e-design-grafico","status":"publish","type":"page","link":"https:\/\/sites.uel.br\/ser\/premio-boas-praticas-na-recepcao-aos-estudantes-ingressantes-premiados-2024-design-de-moda-e-design-grafico\/","title":{"rendered":"Pr\u00eamio Boas Pr\u00e1ticas na Recep\u00e7\u00e3o aos Estudantes Ingressantes"},"content":{"rendered":"\n<hr class=\"wp-block-separator has-alpha-channel-opacity is-style-wide\" \/>\n\n\n\n<figure class=\"wp-block-image size-full\"><img decoding=\"async\" src=\"https:\/\/sites.uel.br\/ser\/wp-content\/uploads\/2024\/06\/site-ser.png\" alt=\"\" class=\"wp-image-6163\" \/><\/figure>\n\n\n\n<h2 class=\"wp-block-heading\">Cursos Inscritos Premiados<\/h2>\n\n\n\n<h2 class=\"wp-block-heading\">2024<\/h2>\n\n\n\n<h2 class=\"wp-block-heading\">Design de Moda e Design Gr\u00e1fico<\/h2>\n\n\n\n<p><strong>Resumo da A\u00e7\u00e3o:<\/strong><\/p>\n\n\n\n<p>Campanha de arrecada\u00e7\u00e3o de produtos de higiene e beleza que ser\u00e3o encaminhados para a Casa Abrigo Canto de D\u00e1lia. Foram arrecadados 174 itens.<\/p>\n\n\n\n<p>Oficina para customiza\u00e7\u00e3o de uniformes escolares, fruto de doa\u00e7\u00e3o, que ser\u00e3o doados para comunidade vulner\u00e1vel de Londrina. Foram customizadas: 38 jaquetas com z\u00edper, 07 jaquetas puffer, 18 moletons, 18 camisetas de malha de manga, 19 cal\u00e7as, 18 bermudas, 18 shorts saia e 42 camisetas de malha de manga curta.<\/p>\n\n\n\n<p>Oficina de estamparia de camisetas da Campanha #AntesdetudoEuRespeito, durante a primeira semana de aula.<\/p>\n\n\n\n<p><em>Obs: texto confeccionado pelos estudantes de Gradua\u00e7\u00e3o e\/ou Coordena\u00e7\u00e3o do curso.<\/em><\/p>\n\n\n\n<hr class=\"wp-block-separator has-text-color has-cinza-color has-css-opacity has-cinza-background-color has-background is-style-wide\" \/>\n\n\n<div class=\"wp-block-image\">\n<figure class=\"aligncenter size-full\"><img loading=\"lazy\" decoding=\"async\" width=\"2037\" height=\"2560\" src=\"https:\/\/sites.uel.br\/ser\/wp-content\/uploads\/2024\/08\/premio_boas_praticas_2024_design_moda_grafico_01-scaled.jpg\" alt=\"\" class=\"wp-image-7214\" srcset=\"https:\/\/sites.uel.br\/ser\/wp-content\/uploads\/2024\/08\/premio_boas_praticas_2024_design_moda_grafico_01-scaled.jpg 2037w, https:\/\/sites.uel.br\/ser\/wp-content\/uploads\/2024\/08\/premio_boas_praticas_2024_design_moda_grafico_01-239x300.jpg 239w, https:\/\/sites.uel.br\/ser\/wp-content\/uploads\/2024\/08\/premio_boas_praticas_2024_design_moda_grafico_01-815x1024.jpg 815w, https:\/\/sites.uel.br\/ser\/wp-content\/uploads\/2024\/08\/premio_boas_praticas_2024_design_moda_grafico_01-768x965.jpg 768w, https:\/\/sites.uel.br\/ser\/wp-content\/uploads\/2024\/08\/premio_boas_praticas_2024_design_moda_grafico_01-1222x1536.jpg 1222w, https:\/\/sites.uel.br\/ser\/wp-content\/uploads\/2024\/08\/premio_boas_praticas_2024_design_moda_grafico_01-1630x2048.jpg 1630w\" sizes=\"auto, (max-width: 2037px) 100vw, 2037px\" \/><\/figure>\n<\/div>\n\n<div class=\"wp-block-image\">\n<figure class=\"aligncenter size-full\"><img loading=\"lazy\" decoding=\"async\" width=\"1920\" height=\"2560\" src=\"https:\/\/sites.uel.br\/ser\/wp-content\/uploads\/2024\/08\/premio_boas_praticas_2024_design_moda_grafico_02-scaled.jpg\" alt=\"\" class=\"wp-image-7215\" srcset=\"https:\/\/sites.uel.br\/ser\/wp-content\/uploads\/2024\/08\/premio_boas_praticas_2024_design_moda_grafico_02-scaled.jpg 1920w, https:\/\/sites.uel.br\/ser\/wp-content\/uploads\/2024\/08\/premio_boas_praticas_2024_design_moda_grafico_02-225x300.jpg 225w, https:\/\/sites.uel.br\/ser\/wp-content\/uploads\/2024\/08\/premio_boas_praticas_2024_design_moda_grafico_02-768x1024.jpg 768w, https:\/\/sites.uel.br\/ser\/wp-content\/uploads\/2024\/08\/premio_boas_praticas_2024_design_moda_grafico_02-1152x1536.jpg 1152w, https:\/\/sites.uel.br\/ser\/wp-content\/uploads\/2024\/08\/premio_boas_praticas_2024_design_moda_grafico_02-1536x2048.jpg 1536w\" sizes=\"auto, (max-width: 1920px) 100vw, 1920px\" \/><\/figure>\n<\/div>\n\n<div class=\"wp-block-image\">\n<figure class=\"aligncenter size-full\"><img loading=\"lazy\" decoding=\"async\" width=\"1200\" height=\"1600\" src=\"https:\/\/sites.uel.br\/ser\/wp-content\/uploads\/2024\/08\/premio_boas_praticas_2024_design_moda_grafico_03.jpeg\" alt=\"\" class=\"wp-image-7217\" srcset=\"https:\/\/sites.uel.br\/ser\/wp-content\/uploads\/2024\/08\/premio_boas_praticas_2024_design_moda_grafico_03.jpeg 1200w, https:\/\/sites.uel.br\/ser\/wp-content\/uploads\/2024\/08\/premio_boas_praticas_2024_design_moda_grafico_03-225x300.jpeg 225w, https:\/\/sites.uel.br\/ser\/wp-content\/uploads\/2024\/08\/premio_boas_praticas_2024_design_moda_grafico_03-768x1024.jpeg 768w, https:\/\/sites.uel.br\/ser\/wp-content\/uploads\/2024\/08\/premio_boas_praticas_2024_design_moda_grafico_03-1152x1536.jpeg 1152w\" sizes=\"auto, (max-width: 1200px) 100vw, 1200px\" \/><\/figure>\n<\/div>\n\n<div class=\"wp-block-image\">\n<figure class=\"aligncenter size-full\"><img loading=\"lazy\" decoding=\"async\" width=\"1200\" height=\"1600\" src=\"https:\/\/sites.uel.br\/ser\/wp-content\/uploads\/2024\/08\/premio_boas_praticas_2024_design_moda_grafico_04.jpeg\" alt=\"\" class=\"wp-image-7218\" srcset=\"https:\/\/sites.uel.br\/ser\/wp-content\/uploads\/2024\/08\/premio_boas_praticas_2024_design_moda_grafico_04.jpeg 1200w, https:\/\/sites.uel.br\/ser\/wp-content\/uploads\/2024\/08\/premio_boas_praticas_2024_design_moda_grafico_04-225x300.jpeg 225w, https:\/\/sites.uel.br\/ser\/wp-content\/uploads\/2024\/08\/premio_boas_praticas_2024_design_moda_grafico_04-768x1024.jpeg 768w, https:\/\/sites.uel.br\/ser\/wp-content\/uploads\/2024\/08\/premio_boas_praticas_2024_design_moda_grafico_04-1152x1536.jpeg 1152w\" sizes=\"auto, (max-width: 1200px) 100vw, 1200px\" \/><\/figure>\n<\/div>\n\n<div class=\"wp-block-image\">\n<figure class=\"aligncenter size-full\"><img loading=\"lazy\" decoding=\"async\" width=\"1280\" height=\"963\" src=\"https:\/\/sites.uel.br\/ser\/wp-content\/uploads\/2024\/08\/premio_boas_praticas_2024_design_moda_grafico_05.jpeg\" alt=\"\" class=\"wp-image-7219\" srcset=\"https:\/\/sites.uel.br\/ser\/wp-content\/uploads\/2024\/08\/premio_boas_praticas_2024_design_moda_grafico_05.jpeg 1280w, https:\/\/sites.uel.br\/ser\/wp-content\/uploads\/2024\/08\/premio_boas_praticas_2024_design_moda_grafico_05-300x226.jpeg 300w, https:\/\/sites.uel.br\/ser\/wp-content\/uploads\/2024\/08\/premio_boas_praticas_2024_design_moda_grafico_05-1024x770.jpeg 1024w, https:\/\/sites.uel.br\/ser\/wp-content\/uploads\/2024\/08\/premio_boas_praticas_2024_design_moda_grafico_05-768x578.jpeg 768w\" sizes=\"auto, (max-width: 1280px) 100vw, 1280px\" \/><\/figure>\n<\/div>\n\n\n<hr class=\"wp-block-separator has-text-color has-cinza-color has-css-opacity has-cinza-background-color has-background is-style-wide\" \/>\n\n\n\n<p><strong>ESTUDANTES PARTICIPANTES<\/strong><\/p>\n\n\n\n<p>ALLANA ALVARENGA KIRSCH OMELCZUK<br>ANA BEATRIZ RODRIGUES DA ROCHA<br>ANA JULIA CARDOZO DE MEDEIROS<br>ANA LUISA SILVA ALEIXO<br>ANNA CLARA MOREIRA BIAZON<br>ANNA JULIA SILVA AVELAR<br>ANTHONY PAIVA YOSHIDA<br>ARTHUR EIJI DAMASCENO<br>BEATRIZ FARINACIO CAMILLO<br>BEATRIZ NUNES MENEGON<br>BEATRIZ TANGERINO CERQUEIRA RIBEIRO<br>BRUNA FARIA<br>BRUNA NAMIE TOMOI<br>CAIO FELIPE DE SOUZA<br>CARLA SOUZA DUARTE<br>CLARA FELIPETTO RIBEIRO<br>DEBORAH REGIANE FABIO<br>EDUARDA CAROLINA PARPINELLI CORDEIR<br>EDUARDO BUENO RODRIGUES<br>FELIPE EDUARDO DA LUZ<br>GABRIELY DE SOUZA LIMA<br>GEOVANI DOS SANTOS JUVENCIO<br>GIOVANNA ALBANO DE OLIVEIRA<br>HENRIQUE LIBOREDO SANTOS<br>ISADORA FAVARO MOREIRA DA SILVA<br>JOAO GABRIEL TEODORICO REIS<br>JULIO ITO SUGUIMOTO<br>KAOANA PEREIRA DA CRUZ<br>KAUANY FERNANDA PEREIRA<br>LARA CREPALDI RIBEIRO<br>LARISSA LEITE PEREIRA<br>LAYZA BEATRIZ SANTOS SILVA<br>LEONARDO GABELONI BONFIM<br>LORENA MOLINA REZENDE<br>LUANA GANEO<br>LUCAS CASTRO<br>MARCELO ALVES FERREIRA DOS SANTOS<br>MARIA ALICE PAULINO DA SILVA<br>MARIA EDUARDA ARAUJO<br>MARIA EDUARDA POCAS MARCHINI<br>MARIA EDUARDA RAIFUR<br>MARIA EDUARDA SAGGIORATO GOMES<br>MARIA HELENA LOURENCO TAMANINI<br>MARIANA GONCALVES TAKAHASHI<br>MARIE FAUSTINO RAMOS QUEIROZ<br>MARINA SOUSA LIMA<br>MILENA MONTAGNA<br>NATHALIA CARNEVALE DO NASCIMENTO<br>NATHALIA LARA FALASCHI<br>PEDRO HENRIQUE ALEIXO DA SILVA<br>RAFAEL COSTA HILARIO<br>RAFAELLA SETSUKO CATARINHUK<br>RAQUEL ARRUDA FRANZON<br>REBECA OLIVEIRA DE GODOI<br>SOFIA MARQUES PEDROSO<br>SUZANA DE FATIMA MATTOS GALBERO<br>TAIS DAMASCENO CHIAVELI<br>THALITA CRISTINA BITENCORT SANTOS<br>VITOR GABRIEL DOS SANTOS<br>WELLINGTON HENRIQUE DA SILVA<\/p>\n","protected":false},"excerpt":{"rendered":"<p>Cursos Inscritos Premiados 2024 Design de Moda e Design Gr\u00e1fico Resumo da A\u00e7\u00e3o: Campanha de arrecada\u00e7\u00e3o de produtos de higiene e beleza que ser\u00e3o encaminhados para a Casa Abrigo Canto de D\u00e1lia. Foram arrecadados 174 itens. Oficina para customiza\u00e7\u00e3o de uniformes escolares, fruto de doa\u00e7\u00e3o, que ser\u00e3o doados para comunidade vulner\u00e1vel de Londrina. Foram customizadas: [&hellip;]<\/p>\n","protected":false},"author":8,"featured_media":0,"parent":0,"menu_order":0,"comment_status":"closed","ping_status":"closed","template":"","meta":{"_acf_changed":false,"_themeisle_gutenberg_block_has_review":false,"footnotes":""},"class_list":["post-7068","page","type-page","status-publish","hentry"],"acf":[],"_links":{"self":[{"href":"https:\/\/sites.uel.br\/ser\/wp-json\/wp\/v2\/pages\/7068","targetHints":{"allow":["GET"]}}],"collection":[{"href":"https:\/\/sites.uel.br\/ser\/wp-json\/wp\/v2\/pages"}],"about":[{"href":"https:\/\/sites.uel.br\/ser\/wp-json\/wp\/v2\/types\/page"}],"author":[{"embeddable":true,"href":"https:\/\/sites.uel.br\/ser\/wp-json\/wp\/v2\/users\/8"}],"replies":[{"embeddable":true,"href":"https:\/\/sites.uel.br\/ser\/wp-json\/wp\/v2\/comments?post=7068"}],"version-history":[{"count":6,"href":"https:\/\/sites.uel.br\/ser\/wp-json\/wp\/v2\/pages\/7068\/revisions"}],"predecessor-version":[{"id":7404,"href":"https:\/\/sites.uel.br\/ser\/wp-json\/wp\/v2\/pages\/7068\/revisions\/7404"}],"wp:attachment":[{"href":"https:\/\/sites.uel.br\/ser\/wp-json\/wp\/v2\/media?parent=7068"}],"curies":[{"name":"wp","href":"https:\/\/api.w.org\/{rel}","templated":true}]}}