{"id":7067,"date":"2024-08-05T15:47:40","date_gmt":"2024-08-05T18:47:40","guid":{"rendered":"https:\/\/sites.uel.br\/ser\/?page_id=7067"},"modified":"2024-09-26T15:33:53","modified_gmt":"2024-09-26T18:33:53","slug":"premio-boas-praticas-na-recepcao-aos-estudantes-ingressantes-premiados-2024-biotecnologia","status":"publish","type":"page","link":"https:\/\/sites.uel.br\/ser\/premio-boas-praticas-na-recepcao-aos-estudantes-ingressantes-premiados-2024-biotecnologia\/","title":{"rendered":"Pr\u00eamio Boas Pr\u00e1ticas na Recep\u00e7\u00e3o aos Estudantes Ingressantes"},"content":{"rendered":"\n<hr class=\"wp-block-separator has-alpha-channel-opacity is-style-wide\" \/>\n\n\n\n<figure class=\"wp-block-image size-full\"><img decoding=\"async\" src=\"https:\/\/sites.uel.br\/ser\/wp-content\/uploads\/2024\/06\/site-ser.png\" alt=\"\" class=\"wp-image-6163\" \/><\/figure>\n\n\n\n<h2 class=\"wp-block-heading\">Cursos Inscritos Premiados<\/h2>\n\n\n\n<h2 class=\"wp-block-heading\">2024<\/h2>\n\n\n\n<h2 class=\"wp-block-heading\">Biotecnologia<\/h2>\n\n\n\n<p><strong>Resumo da A\u00e7\u00e3o:<\/strong><\/p>\n\n\n\n<p>Os ingressantes do curso de Biotecnologia, juntamente com mais alguns alunos veteranos do curso, arrecadaram produtos de limpeza e de higiene pessoal que foram doados para a institui\u00e7\u00e3o LAR SANTO ANTONIO, localizado em Camb\u00e9, e que \u00e9 coordenado pelo irm\u00e3 Jardine. <br><br>No momento da entrega estavam presentes 2 alunos, do primeiro ano, o Helio e o Jo\u00e3o Vitor, e as docentes, Profa. Fabiana Gasparin (vice-coordenadora do colegiado de Biotecnologia) e a Profa. Maria In\u00eas Rezende (chefe do Departamento de Bioqu\u00edmica e Biotecnologia). <br><br>A institui\u00e7\u00e3o cuida de crian\u00e7as e de pessoas em estado de rua, ser\u00e3o muito \u00fateis tudo que foi doado. <\/p>\n\n\n\n<p>Foi uma experi\u00eancia solid\u00e1ria cheia de significados para o nosso curso e com certeza para os nossos alunos.<\/p>\n\n\n\n<p><em>Obs: texto confeccionado pelos estudantes de Gradua\u00e7\u00e3o e\/ou Coordena\u00e7\u00e3o do curso.<\/em><\/p>\n\n\n\n<hr class=\"wp-block-separator has-text-color has-cinza-color has-css-opacity has-cinza-background-color has-background is-style-wide\" \/>\n\n\n\n<figure class=\"wp-block-embed is-type-video is-provider-youtube wp-block-embed-youtube wp-embed-aspect-16-9 wp-has-aspect-ratio\"><div class=\"wp-block-embed__wrapper\">\n<iframe loading=\"lazy\" title=\"Pr\u00eamio Boas Pr\u00e1ticas Solid\u00e1rias na Semana do Estudante Ingressante 2024 (Biotecnologia)\" width=\"500\" height=\"281\" src=\"https:\/\/www.youtube.com\/embed\/H_v-5xx3e28?feature=oembed\" frameborder=\"0\" allow=\"accelerometer; autoplay; clipboard-write; encrypted-media; gyroscope; picture-in-picture; web-share\" referrerpolicy=\"strict-origin-when-cross-origin\" allowfullscreen><\/iframe>\n<\/div><\/figure>\n\n\n<div class=\"wp-block-image\">\n<figure class=\"aligncenter size-full\"><img loading=\"lazy\" decoding=\"async\" width=\"1200\" height=\"1600\" src=\"https:\/\/sites.uel.br\/ser\/wp-content\/uploads\/2024\/08\/premio_boas_praticas_2024_biotecnologia_01.jpeg\" alt=\"\" class=\"wp-image-7207\" srcset=\"https:\/\/sites.uel.br\/ser\/wp-content\/uploads\/2024\/08\/premio_boas_praticas_2024_biotecnologia_01.jpeg 1200w, https:\/\/sites.uel.br\/ser\/wp-content\/uploads\/2024\/08\/premio_boas_praticas_2024_biotecnologia_01-225x300.jpeg 225w, https:\/\/sites.uel.br\/ser\/wp-content\/uploads\/2024\/08\/premio_boas_praticas_2024_biotecnologia_01-768x1024.jpeg 768w, https:\/\/sites.uel.br\/ser\/wp-content\/uploads\/2024\/08\/premio_boas_praticas_2024_biotecnologia_01-1152x1536.jpeg 1152w\" sizes=\"auto, (max-width: 1200px) 100vw, 1200px\" \/><\/figure>\n<\/div>\n\n<div class=\"wp-block-image\">\n<figure class=\"aligncenter size-full\"><img loading=\"lazy\" decoding=\"async\" width=\"1200\" height=\"1600\" src=\"https:\/\/sites.uel.br\/ser\/wp-content\/uploads\/2024\/08\/premio_boas_praticas_2024_biotecnologia_02.jpeg\" alt=\"\" class=\"wp-image-7208\" srcset=\"https:\/\/sites.uel.br\/ser\/wp-content\/uploads\/2024\/08\/premio_boas_praticas_2024_biotecnologia_02.jpeg 1200w, https:\/\/sites.uel.br\/ser\/wp-content\/uploads\/2024\/08\/premio_boas_praticas_2024_biotecnologia_02-225x300.jpeg 225w, https:\/\/sites.uel.br\/ser\/wp-content\/uploads\/2024\/08\/premio_boas_praticas_2024_biotecnologia_02-768x1024.jpeg 768w, https:\/\/sites.uel.br\/ser\/wp-content\/uploads\/2024\/08\/premio_boas_praticas_2024_biotecnologia_02-1152x1536.jpeg 1152w\" sizes=\"auto, (max-width: 1200px) 100vw, 1200px\" \/><\/figure>\n<\/div>\n\n<div class=\"wp-block-image\">\n<figure class=\"aligncenter size-full\"><img loading=\"lazy\" decoding=\"async\" width=\"1200\" height=\"1600\" src=\"https:\/\/sites.uel.br\/ser\/wp-content\/uploads\/2024\/08\/premio_boas_praticas_2024_biotecnologia_03.jpeg\" alt=\"\" class=\"wp-image-7209\" srcset=\"https:\/\/sites.uel.br\/ser\/wp-content\/uploads\/2024\/08\/premio_boas_praticas_2024_biotecnologia_03.jpeg 1200w, https:\/\/sites.uel.br\/ser\/wp-content\/uploads\/2024\/08\/premio_boas_praticas_2024_biotecnologia_03-225x300.jpeg 225w, https:\/\/sites.uel.br\/ser\/wp-content\/uploads\/2024\/08\/premio_boas_praticas_2024_biotecnologia_03-768x1024.jpeg 768w, https:\/\/sites.uel.br\/ser\/wp-content\/uploads\/2024\/08\/premio_boas_praticas_2024_biotecnologia_03-1152x1536.jpeg 1152w\" sizes=\"auto, (max-width: 1200px) 100vw, 1200px\" \/><\/figure>\n<\/div>\n\n<div class=\"wp-block-image\">\n<figure class=\"aligncenter size-full\"><img loading=\"lazy\" decoding=\"async\" width=\"577\" height=\"413\" src=\"https:\/\/sites.uel.br\/ser\/wp-content\/uploads\/2024\/08\/premio_boas_praticas_2024_biotecnologia_04.jpeg\" alt=\"\" class=\"wp-image-7211\" srcset=\"https:\/\/sites.uel.br\/ser\/wp-content\/uploads\/2024\/08\/premio_boas_praticas_2024_biotecnologia_04.jpeg 577w, https:\/\/sites.uel.br\/ser\/wp-content\/uploads\/2024\/08\/premio_boas_praticas_2024_biotecnologia_04-300x215.jpeg 300w\" sizes=\"auto, (max-width: 577px) 100vw, 577px\" \/><\/figure>\n<\/div>\n\n<div class=\"wp-block-image\">\n<figure class=\"aligncenter size-full\"><img loading=\"lazy\" decoding=\"async\" width=\"1600\" height=\"664\" src=\"https:\/\/sites.uel.br\/ser\/wp-content\/uploads\/2024\/08\/premio_boas_praticas_2024_biotecnologia_05.jpeg\" alt=\"\" class=\"wp-image-7212\" srcset=\"https:\/\/sites.uel.br\/ser\/wp-content\/uploads\/2024\/08\/premio_boas_praticas_2024_biotecnologia_05.jpeg 1600w, https:\/\/sites.uel.br\/ser\/wp-content\/uploads\/2024\/08\/premio_boas_praticas_2024_biotecnologia_05-300x125.jpeg 300w, https:\/\/sites.uel.br\/ser\/wp-content\/uploads\/2024\/08\/premio_boas_praticas_2024_biotecnologia_05-1024x425.jpeg 1024w, https:\/\/sites.uel.br\/ser\/wp-content\/uploads\/2024\/08\/premio_boas_praticas_2024_biotecnologia_05-768x319.jpeg 768w, https:\/\/sites.uel.br\/ser\/wp-content\/uploads\/2024\/08\/premio_boas_praticas_2024_biotecnologia_05-1536x637.jpeg 1536w\" sizes=\"auto, (max-width: 1600px) 100vw, 1600px\" \/><\/figure>\n<\/div>\n\n\n<hr class=\"wp-block-separator has-text-color has-cinza-color has-css-opacity has-cinza-background-color has-background is-style-wide\" \/>\n\n\n\n<p><strong>ESTUDANTES PARTICIPANTES<\/strong><\/p>\n\n\n\n<p>ARTUR SOUSA MARCHI<br>BRUNO TOSHIRO ICHIKAWA<br>CEZAR AUGUSTO SIMOES JUNIOR<br>EDUARDA PRISCILLA MIURA<br>FABIANA GUILLEN MOREIRA GASPARIN<br>FERNANDO FREITAS DOS SANTOS<br>FLAVIA ELIZA STAUT SILVA<br>GE\u00d3RGIA HIRAKAWA ARA\u00daJO<br>HELIO GABRIEL PINHATTI<br>ISADORA COSTA OLIVEIRA<br>ISADORA LOPES PIGINISCKI<br>ISADORA ROCHA GARCIA<br>JOAO HENRIQUE MANO DE OLIVEIRA<br>JOAO PEDRO KENDI SALOMAO UTIDA<br>JOAO VITOR RIBAS BARBOSA<br>J\u00daLIA CACHEFO SGARIONI<br>JULIA DIAS BUENO<br>JULIA GUIMARAES CHAGAS<br>JULIA RAMALHO ROCHA<br>JULIANE IZIDIO ROGENSKI<br>LEONARDO COLOMBO UEYAMA<br>LUARA CHAGAS DE OLIVEIRA<br>LUIZ HENRIQUE SANTANA MARTINS<br>MARIA CAROLINA ZORZETTI MANTOVANI<br>MARIA EDUARDA DE MATOS CASSIANO<br>MARINA TRISTAO MONTANINI<br>NATHAN DE ANDRADE<br>NICOLAS FERREIRA POLIDORO<br>NICOLAS RIBEIRO CARDOSO DOS SANTOS<br>SABRINA APARECIDA BALSARINI MARQUETI<br>SABRINA DOMINGUES MONTEIRO<br>STEPHANY AIKO NAKAHIRA UCHIMA<br>VIVIAN EGASHIRA CAMARGO NASCIMENTO<br>WESLLEY APARECIDO VICENTE LUIZ<br>WILLIAN CONSTANCIO LOURENCO<br>YARA DOS SANTOS VIEIRA DIAS<\/p>\n","protected":false},"excerpt":{"rendered":"<p>Cursos Inscritos Premiados 2024 Biotecnologia Resumo da A\u00e7\u00e3o: Os ingressantes do curso de Biotecnologia, juntamente com mais alguns alunos veteranos do curso, arrecadaram produtos de limpeza e de higiene pessoal que foram doados para a institui\u00e7\u00e3o LAR SANTO ANTONIO, localizado em Camb\u00e9, e que \u00e9 coordenado pelo irm\u00e3 Jardine. No momento da entrega estavam presentes [&hellip;]<\/p>\n","protected":false},"author":8,"featured_media":0,"parent":0,"menu_order":0,"comment_status":"closed","ping_status":"closed","template":"","meta":{"_acf_changed":false,"_themeisle_gutenberg_block_has_review":false,"footnotes":""},"class_list":["post-7067","page","type-page","status-publish","hentry"],"acf":[],"_links":{"self":[{"href":"https:\/\/sites.uel.br\/ser\/wp-json\/wp\/v2\/pages\/7067","targetHints":{"allow":["GET"]}}],"collection":[{"href":"https:\/\/sites.uel.br\/ser\/wp-json\/wp\/v2\/pages"}],"about":[{"href":"https:\/\/sites.uel.br\/ser\/wp-json\/wp\/v2\/types\/page"}],"author":[{"embeddable":true,"href":"https:\/\/sites.uel.br\/ser\/wp-json\/wp\/v2\/users\/8"}],"replies":[{"embeddable":true,"href":"https:\/\/sites.uel.br\/ser\/wp-json\/wp\/v2\/comments?post=7067"}],"version-history":[{"count":9,"href":"https:\/\/sites.uel.br\/ser\/wp-json\/wp\/v2\/pages\/7067\/revisions"}],"predecessor-version":[{"id":7402,"href":"https:\/\/sites.uel.br\/ser\/wp-json\/wp\/v2\/pages\/7067\/revisions\/7402"}],"wp:attachment":[{"href":"https:\/\/sites.uel.br\/ser\/wp-json\/wp\/v2\/media?parent=7067"}],"curies":[{"name":"wp","href":"https:\/\/api.w.org\/{rel}","templated":true}]}}