{"id":7066,"date":"2024-08-05T15:47:25","date_gmt":"2024-08-05T18:47:25","guid":{"rendered":"https:\/\/sites.uel.br\/ser\/?page_id=7066"},"modified":"2024-09-26T16:18:15","modified_gmt":"2024-09-26T19:18:15","slug":"premio-boas-praticas-na-recepcao-aos-estudantes-ingressantes-premiados-2024-biomedicina","status":"publish","type":"page","link":"https:\/\/sites.uel.br\/ser\/premio-boas-praticas-na-recepcao-aos-estudantes-ingressantes-premiados-2024-biomedicina\/","title":{"rendered":"Pr\u00eamio Boas Pr\u00e1ticas na Recep\u00e7\u00e3o aos Estudantes Ingressantes"},"content":{"rendered":"\n<hr class=\"wp-block-separator has-alpha-channel-opacity is-style-wide\" \/>\n\n\n\n<figure class=\"wp-block-image size-full\"><img decoding=\"async\" src=\"https:\/\/sites.uel.br\/ser\/wp-content\/uploads\/2024\/06\/site-ser.png\" alt=\"\" class=\"wp-image-6163\" \/><\/figure>\n\n\n\n<h2 class=\"wp-block-heading\">Cursos Inscritos Premiados<\/h2>\n\n\n\n<h2 class=\"wp-block-heading\">2024<\/h2>\n\n\n\n<h2 class=\"wp-block-heading\">Biomedicina<\/h2>\n\n\n\n<p><strong>Resumo da A\u00e7\u00e3o:<\/strong><\/p>\n\n\n\n<p>Uma a\u00e7\u00e3o solid\u00e1ria representa uni\u00e3o, incentivando a solidariedade entre pessoas, com essa ideia os alunos do Curso de Biomedicina realizaram uma campanha de doa\u00e7\u00e3o em conjunto dos cursos do Centro de Ci\u00eancias Biol\u00f3gicas &#8211; CCB.<\/p>\n\n\n\n<p>O objetivo central foi arrecadar doa\u00e7\u00f5es para projetos sociais da pr\u00f3pria institui\u00e7\u00e3o, Universidade Estadual de Londrina &#8211; UEL, afim de contribuir para a conscientiza\u00e7\u00e3o e ajuda as pessoas que perderam tudo nas enchentes do Rio Grande do Sul.<\/p>\n\n\n\n<p>Para que todos tenham op\u00e7\u00f5es de doa\u00e7\u00e3o foi pensado em tr\u00eas focos de doa\u00e7\u00e3o, apresentados a seguir:<\/p>\n\n\n\n<p>&#8211; Projeto grades em transgress\u00e3o de mulheres em priva\u00e7\u00e3o de liberdade;<br>&#8211; Projeto Ciranda que atende comunidades locais vulner\u00e1veis;<br>&#8211; Pessoas e animais do Rio Grande do Sul;<\/p>\n\n\n\n<p>Em que 80% ser\u00e3o destinados ao Rio Grande do Sul para aux\u00edlio das pessoas e animais, que estar\u00e3o reconstruindo suas vidas ap\u00f3s o per\u00edodo de enchentes e 20% para projetos vinculados a universidade.<br><br>Os alimentos v\u00e3o ser destinados \u00e0s comunidades locais vulner\u00e1veis com apoio do projeto ciranda.<br><br>Os itens de higiene, sendo principalmente absorventes e papel higi\u00eanico v\u00e3o ser destinados \u00e0 mulheres em priva\u00e7\u00e3o de liberdade com apoio do projeto grandes em transgress\u00e3o.<br><br>Os itens citados acima e os outros itens pedidos como itens de higiene, itens de limpeza, roupa de cama, de banho, ra\u00e7\u00e3o para o Rio Grande do Sul.<\/p>\n\n\n\n<p>Calouros e veteranos do curso de biomedicina abra\u00e7aram a ideia e contribu\u00edram para essa a\u00e7\u00e3o acontecer mostrando que a universidade n\u00e3o \u00e9 apenas lugar de conhecimento, mas tamb\u00e9m de empatia!<\/p>\n\n\n\n<p><em>Obs: texto confeccionado pelos estudantes de Gradua\u00e7\u00e3o e\/ou Coordena\u00e7\u00e3o do curso.<\/em><\/p>\n\n\n\n<hr class=\"wp-block-separator has-text-color has-cinza-color has-css-opacity has-cinza-background-color has-background is-style-wide\" \/>\n\n\n<div class=\"wp-block-image\">\n<figure class=\"aligncenter size-full\"><img loading=\"lazy\" decoding=\"async\" width=\"1200\" height=\"1600\" src=\"https:\/\/sites.uel.br\/ser\/wp-content\/uploads\/2024\/08\/premio_boas_praticas_2024_biomedicina_01.jpg\" alt=\"\" class=\"wp-image-7201\" srcset=\"https:\/\/sites.uel.br\/ser\/wp-content\/uploads\/2024\/08\/premio_boas_praticas_2024_biomedicina_01.jpg 1200w, https:\/\/sites.uel.br\/ser\/wp-content\/uploads\/2024\/08\/premio_boas_praticas_2024_biomedicina_01-225x300.jpg 225w, https:\/\/sites.uel.br\/ser\/wp-content\/uploads\/2024\/08\/premio_boas_praticas_2024_biomedicina_01-768x1024.jpg 768w, https:\/\/sites.uel.br\/ser\/wp-content\/uploads\/2024\/08\/premio_boas_praticas_2024_biomedicina_01-1152x1536.jpg 1152w\" sizes=\"auto, (max-width: 1200px) 100vw, 1200px\" \/><\/figure>\n<\/div>\n\n<div class=\"wp-block-image\">\n<figure class=\"aligncenter size-full\"><img loading=\"lazy\" decoding=\"async\" width=\"1200\" height=\"1600\" src=\"https:\/\/sites.uel.br\/ser\/wp-content\/uploads\/2024\/08\/premio_boas_praticas_2024_biomedicina_02.jpg\" alt=\"\" class=\"wp-image-7202\" srcset=\"https:\/\/sites.uel.br\/ser\/wp-content\/uploads\/2024\/08\/premio_boas_praticas_2024_biomedicina_02.jpg 1200w, https:\/\/sites.uel.br\/ser\/wp-content\/uploads\/2024\/08\/premio_boas_praticas_2024_biomedicina_02-225x300.jpg 225w, https:\/\/sites.uel.br\/ser\/wp-content\/uploads\/2024\/08\/premio_boas_praticas_2024_biomedicina_02-768x1024.jpg 768w, https:\/\/sites.uel.br\/ser\/wp-content\/uploads\/2024\/08\/premio_boas_praticas_2024_biomedicina_02-1152x1536.jpg 1152w\" sizes=\"auto, (max-width: 1200px) 100vw, 1200px\" \/><\/figure>\n<\/div>\n\n<div class=\"wp-block-image\">\n<figure class=\"aligncenter size-full\"><img loading=\"lazy\" decoding=\"async\" width=\"1200\" height=\"1600\" src=\"https:\/\/sites.uel.br\/ser\/wp-content\/uploads\/2024\/08\/premio_boas_praticas_2024_biomedicina_03.jpg\" alt=\"\" class=\"wp-image-7203\" srcset=\"https:\/\/sites.uel.br\/ser\/wp-content\/uploads\/2024\/08\/premio_boas_praticas_2024_biomedicina_03.jpg 1200w, https:\/\/sites.uel.br\/ser\/wp-content\/uploads\/2024\/08\/premio_boas_praticas_2024_biomedicina_03-225x300.jpg 225w, https:\/\/sites.uel.br\/ser\/wp-content\/uploads\/2024\/08\/premio_boas_praticas_2024_biomedicina_03-768x1024.jpg 768w, https:\/\/sites.uel.br\/ser\/wp-content\/uploads\/2024\/08\/premio_boas_praticas_2024_biomedicina_03-1152x1536.jpg 1152w\" sizes=\"auto, (max-width: 1200px) 100vw, 1200px\" \/><\/figure>\n<\/div>\n\n<div class=\"wp-block-image\">\n<figure class=\"aligncenter size-full\"><img loading=\"lazy\" decoding=\"async\" width=\"1194\" height=\"1600\" src=\"https:\/\/sites.uel.br\/ser\/wp-content\/uploads\/2024\/08\/premio_boas_praticas_2024_biomedicina_04.jpg\" alt=\"\" class=\"wp-image-7204\" srcset=\"https:\/\/sites.uel.br\/ser\/wp-content\/uploads\/2024\/08\/premio_boas_praticas_2024_biomedicina_04.jpg 1194w, https:\/\/sites.uel.br\/ser\/wp-content\/uploads\/2024\/08\/premio_boas_praticas_2024_biomedicina_04-224x300.jpg 224w, https:\/\/sites.uel.br\/ser\/wp-content\/uploads\/2024\/08\/premio_boas_praticas_2024_biomedicina_04-764x1024.jpg 764w, https:\/\/sites.uel.br\/ser\/wp-content\/uploads\/2024\/08\/premio_boas_praticas_2024_biomedicina_04-768x1029.jpg 768w, https:\/\/sites.uel.br\/ser\/wp-content\/uploads\/2024\/08\/premio_boas_praticas_2024_biomedicina_04-1146x1536.jpg 1146w\" sizes=\"auto, (max-width: 1194px) 100vw, 1194px\" \/><\/figure>\n<\/div>\n\n<div class=\"wp-block-image\">\n<figure class=\"aligncenter size-full\"><img loading=\"lazy\" decoding=\"async\" width=\"2560\" height=\"1928\" src=\"https:\/\/sites.uel.br\/ser\/wp-content\/uploads\/2024\/08\/premio_boas_praticas_2024_biomedicina_05-scaled.jpg\" alt=\"\" class=\"wp-image-7205\" srcset=\"https:\/\/sites.uel.br\/ser\/wp-content\/uploads\/2024\/08\/premio_boas_praticas_2024_biomedicina_05-scaled.jpg 2560w, https:\/\/sites.uel.br\/ser\/wp-content\/uploads\/2024\/08\/premio_boas_praticas_2024_biomedicina_05-300x226.jpg 300w, https:\/\/sites.uel.br\/ser\/wp-content\/uploads\/2024\/08\/premio_boas_praticas_2024_biomedicina_05-1024x771.jpg 1024w, https:\/\/sites.uel.br\/ser\/wp-content\/uploads\/2024\/08\/premio_boas_praticas_2024_biomedicina_05-768x578.jpg 768w, https:\/\/sites.uel.br\/ser\/wp-content\/uploads\/2024\/08\/premio_boas_praticas_2024_biomedicina_05-1536x1157.jpg 1536w, https:\/\/sites.uel.br\/ser\/wp-content\/uploads\/2024\/08\/premio_boas_praticas_2024_biomedicina_05-2048x1542.jpg 2048w\" sizes=\"auto, (max-width: 2560px) 100vw, 2560px\" \/><\/figure>\n<\/div>\n\n\n<hr class=\"wp-block-separator has-text-color has-cinza-color has-css-opacity has-cinza-background-color has-background is-style-wide\" \/>\n\n\n\n<p><strong>ESTUDANTES PARTICIPANTES<\/strong><\/p>\n\n\n\n<p>ANA BEATRIZ ALMEIDA DOS SANTOS<br>ANA BEATRIZ TEIXEIRA MACEDO<br>ANA GABRIELA VILELA DE ARAUJO<br>\u2060ARTHUR MIKALIXEN<br>BIANCA MAYUMI SUSUKI<br>BRENDA DE ALMEIDA SILVA<br>BRUNA AYUMI ITIAMA<br>BRUNA SCARDAZZI NUNES<br>CAROLINA OLIVEIRA MENEZES<br>ELISA CRISTINE ANDREATTA<br>ERICK FONSECA BALBINO<br>GABRIEL KOYAMA GERMINARA<br>GABRIELA GOMES FERREIRA<br>GERSON PINTO MENDES NETO<br>GIOVANA FRAN\u00c7A ZAVIERUCHA<br>GIOVANNA AZEVEDO MANOEL<br>HELLEN CARDOSO PEREIRA<br>JOANA LOPES MELERO<br>JO\u00c3O PEDRO DOS SANTOS ALMEIDA<br>JULIA MIQUELETI HARACEMIO<br>JULIA TACONI DA SILVA<br>LAURA SANTANA BUSO<br>LEONARDO HAAS DOS SANTOS<br>LIVIA MARIA LEONARDI<br>\u2060LUANA LIBA MAFRA<br>LU\u00cdS EDUARDO ALEXANDRE G. DE LANDREA<br>\u2060MANUELA YUMI ROCHA KAWAHARA<br>MARIA ALICE FEITOSA DE SOUZA MARTINS<br>MARIA FERNANDA VICENTE TURIM<br>MARIA J\u00daLIA ANDRADE DE ASSIS<br>MARIA LAURA DE SOUZA OLIVEIRA<br>\u2060MARIA VIT\u00d3RIA MATSUOCA TEIXEIRA<br>MATHEUS MARQUES DE OLIVEIRA<br>NICOLY SANTANA RAMALHO<br>NUBIA NATALIA LOPES CARDOSO<br>RAYANA APARECIDA BORIN<br>\u2060REBECA DORIS DA SILVA HEADLEY<br>RENATA VENDRAME NEVES\u2060<br>VIVIAN EMY ISSONAGA<\/p>\n","protected":false},"excerpt":{"rendered":"<p>Cursos Inscritos Premiados 2024 Biomedicina Resumo da A\u00e7\u00e3o: Uma a\u00e7\u00e3o solid\u00e1ria representa uni\u00e3o, incentivando a solidariedade entre pessoas, com essa ideia os alunos do Curso de Biomedicina realizaram uma campanha de doa\u00e7\u00e3o em conjunto dos cursos do Centro de Ci\u00eancias Biol\u00f3gicas &#8211; CCB. O objetivo central foi arrecadar doa\u00e7\u00f5es para projetos sociais da pr\u00f3pria institui\u00e7\u00e3o, [&hellip;]<\/p>\n","protected":false},"author":8,"featured_media":0,"parent":0,"menu_order":0,"comment_status":"closed","ping_status":"closed","template":"","meta":{"_acf_changed":false,"_themeisle_gutenberg_block_has_review":false,"footnotes":""},"class_list":["post-7066","page","type-page","status-publish","hentry"],"acf":[],"_links":{"self":[{"href":"https:\/\/sites.uel.br\/ser\/wp-json\/wp\/v2\/pages\/7066","targetHints":{"allow":["GET"]}}],"collection":[{"href":"https:\/\/sites.uel.br\/ser\/wp-json\/wp\/v2\/pages"}],"about":[{"href":"https:\/\/sites.uel.br\/ser\/wp-json\/wp\/v2\/types\/page"}],"author":[{"embeddable":true,"href":"https:\/\/sites.uel.br\/ser\/wp-json\/wp\/v2\/users\/8"}],"replies":[{"embeddable":true,"href":"https:\/\/sites.uel.br\/ser\/wp-json\/wp\/v2\/comments?post=7066"}],"version-history":[{"count":13,"href":"https:\/\/sites.uel.br\/ser\/wp-json\/wp\/v2\/pages\/7066\/revisions"}],"predecessor-version":[{"id":7419,"href":"https:\/\/sites.uel.br\/ser\/wp-json\/wp\/v2\/pages\/7066\/revisions\/7419"}],"wp:attachment":[{"href":"https:\/\/sites.uel.br\/ser\/wp-json\/wp\/v2\/media?parent=7066"}],"curies":[{"name":"wp","href":"https:\/\/api.w.org\/{rel}","templated":true}]}}