{"id":7063,"date":"2024-08-05T15:46:37","date_gmt":"2024-08-05T18:46:37","guid":{"rendered":"https:\/\/sites.uel.br\/ser\/?page_id=7063"},"modified":"2024-09-26T16:14:25","modified_gmt":"2024-09-26T19:14:25","slug":"premio-boas-praticas-na-recepcao-aos-estudantes-ingressantes-premiados-2024-arquivologia-biblioteconomia","status":"publish","type":"page","link":"https:\/\/sites.uel.br\/ser\/premio-boas-praticas-na-recepcao-aos-estudantes-ingressantes-premiados-2024-arquivologia-biblioteconomia\/","title":{"rendered":"Pr\u00eamio Boas Pr\u00e1ticas na Recep\u00e7\u00e3o aos Estudantes Ingressantes"},"content":{"rendered":"\n<hr class=\"wp-block-separator has-alpha-channel-opacity is-style-wide\" \/>\n\n\n\n<figure class=\"wp-block-image size-full\"><img decoding=\"async\" src=\"https:\/\/sites.uel.br\/ser\/wp-content\/uploads\/2024\/06\/site-ser.png\" alt=\"\" class=\"wp-image-6163\" \/><\/figure>\n\n\n\n<h2 class=\"wp-block-heading\">Cursos Inscritos Premiados<\/h2>\n\n\n\n<h2 class=\"wp-block-heading\">2024<\/h2>\n\n\n\n<h2 class=\"wp-block-heading\">Arquivologia e Biblioteconomia<\/h2>\n\n\n\n<p><strong>Resumo da A\u00e7\u00e3o:<\/strong><\/p>\n\n\n\n<p>Arrecada\u00e7\u00e3o de materiais para o Hospital do C\u00e2ncer de Londrina (HCL). Materiais arrecadados: leite e copos pl\u00e1sticos descart\u00e1veis.<\/p>\n\n\n\n<p>Estrat\u00e9gia de trabalho: um grupo de veteranos em a\u00e7\u00e3o conjunta dos cursos de Arquivologia e Biblioteconomia se mobilizou com estrat\u00e9gias de divulga\u00e7\u00e3o nas m\u00eddias sociais e mobiliza\u00e7\u00e3o dos calouros para doa\u00e7\u00e3o dos materiais, no per\u00edodo de 18\/06 a 16\/07\/24.<\/p>\n\n\n\n<p><em>Obs: texto confeccionado pelos estudantes de Gradua\u00e7\u00e3o e\/ou Coordena\u00e7\u00e3o do curso.<\/em><\/p>\n\n\n\n<hr class=\"wp-block-separator has-text-color has-cinza-color has-css-opacity has-cinza-background-color has-background is-style-wide\" \/>\n\n\n<div class=\"wp-block-image\">\n<figure class=\"aligncenter size-full\"><img loading=\"lazy\" decoding=\"async\" width=\"1280\" height=\"720\" src=\"https:\/\/sites.uel.br\/ser\/wp-content\/uploads\/2024\/08\/premio_boas_praticas_2024_arquivologia_biblioteconomia_01.jpeg\" alt=\"\" class=\"wp-image-7171\" srcset=\"https:\/\/sites.uel.br\/ser\/wp-content\/uploads\/2024\/08\/premio_boas_praticas_2024_arquivologia_biblioteconomia_01.jpeg 1280w, https:\/\/sites.uel.br\/ser\/wp-content\/uploads\/2024\/08\/premio_boas_praticas_2024_arquivologia_biblioteconomia_01-300x169.jpeg 300w, https:\/\/sites.uel.br\/ser\/wp-content\/uploads\/2024\/08\/premio_boas_praticas_2024_arquivologia_biblioteconomia_01-1024x576.jpeg 1024w, https:\/\/sites.uel.br\/ser\/wp-content\/uploads\/2024\/08\/premio_boas_praticas_2024_arquivologia_biblioteconomia_01-768x432.jpeg 768w\" sizes=\"auto, (max-width: 1280px) 100vw, 1280px\" \/><\/figure>\n<\/div>\n\n<div class=\"wp-block-image\">\n<figure class=\"aligncenter size-full\"><img loading=\"lazy\" decoding=\"async\" width=\"1280\" height=\"720\" src=\"https:\/\/sites.uel.br\/ser\/wp-content\/uploads\/2024\/08\/premio_boas_praticas_2024_arquivologia_biblioteconomia_02.jpeg\" alt=\"\" class=\"wp-image-7172\" srcset=\"https:\/\/sites.uel.br\/ser\/wp-content\/uploads\/2024\/08\/premio_boas_praticas_2024_arquivologia_biblioteconomia_02.jpeg 1280w, https:\/\/sites.uel.br\/ser\/wp-content\/uploads\/2024\/08\/premio_boas_praticas_2024_arquivologia_biblioteconomia_02-300x169.jpeg 300w, https:\/\/sites.uel.br\/ser\/wp-content\/uploads\/2024\/08\/premio_boas_praticas_2024_arquivologia_biblioteconomia_02-1024x576.jpeg 1024w, https:\/\/sites.uel.br\/ser\/wp-content\/uploads\/2024\/08\/premio_boas_praticas_2024_arquivologia_biblioteconomia_02-768x432.jpeg 768w\" sizes=\"auto, (max-width: 1280px) 100vw, 1280px\" \/><\/figure>\n<\/div>\n\n<div class=\"wp-block-image\">\n<figure class=\"aligncenter size-full is-resized\"><img loading=\"lazy\" decoding=\"async\" width=\"1191\" height=\"894\" src=\"https:\/\/sites.uel.br\/ser\/wp-content\/uploads\/2024\/08\/premio_boas_praticas_2024_arquivologia_biblioteconomia_03.jpeg\" alt=\"\" class=\"wp-image-7173\" style=\"width:1062px;height:auto\" srcset=\"https:\/\/sites.uel.br\/ser\/wp-content\/uploads\/2024\/08\/premio_boas_praticas_2024_arquivologia_biblioteconomia_03.jpeg 1191w, https:\/\/sites.uel.br\/ser\/wp-content\/uploads\/2024\/08\/premio_boas_praticas_2024_arquivologia_biblioteconomia_03-300x225.jpeg 300w, https:\/\/sites.uel.br\/ser\/wp-content\/uploads\/2024\/08\/premio_boas_praticas_2024_arquivologia_biblioteconomia_03-1024x769.jpeg 1024w, https:\/\/sites.uel.br\/ser\/wp-content\/uploads\/2024\/08\/premio_boas_praticas_2024_arquivologia_biblioteconomia_03-768x576.jpeg 768w\" sizes=\"auto, (max-width: 1191px) 100vw, 1191px\" \/><\/figure>\n<\/div>\n\n<div class=\"wp-block-image\">\n<figure class=\"aligncenter size-full\"><img loading=\"lazy\" decoding=\"async\" width=\"1191\" height=\"894\" src=\"https:\/\/sites.uel.br\/ser\/wp-content\/uploads\/2024\/08\/premio_boas_praticas_2024_arquivologia_biblioteconomia_04.jpeg\" alt=\"\" class=\"wp-image-7175\" srcset=\"https:\/\/sites.uel.br\/ser\/wp-content\/uploads\/2024\/08\/premio_boas_praticas_2024_arquivologia_biblioteconomia_04.jpeg 1191w, https:\/\/sites.uel.br\/ser\/wp-content\/uploads\/2024\/08\/premio_boas_praticas_2024_arquivologia_biblioteconomia_04-300x225.jpeg 300w, https:\/\/sites.uel.br\/ser\/wp-content\/uploads\/2024\/08\/premio_boas_praticas_2024_arquivologia_biblioteconomia_04-1024x769.jpeg 1024w, https:\/\/sites.uel.br\/ser\/wp-content\/uploads\/2024\/08\/premio_boas_praticas_2024_arquivologia_biblioteconomia_04-768x576.jpeg 768w\" sizes=\"auto, (max-width: 1191px) 100vw, 1191px\" \/><\/figure>\n<\/div>\n\n<div class=\"wp-block-image\">\n<figure class=\"aligncenter size-full\"><img loading=\"lazy\" decoding=\"async\" width=\"1200\" height=\"1600\" src=\"https:\/\/sites.uel.br\/ser\/wp-content\/uploads\/2024\/08\/premio_boas_praticas_2024_arquivologia_biblioteconomia_05.jpeg\" alt=\"\" class=\"wp-image-7338\" srcset=\"https:\/\/sites.uel.br\/ser\/wp-content\/uploads\/2024\/08\/premio_boas_praticas_2024_arquivologia_biblioteconomia_05.jpeg 1200w, https:\/\/sites.uel.br\/ser\/wp-content\/uploads\/2024\/08\/premio_boas_praticas_2024_arquivologia_biblioteconomia_05-225x300.jpeg 225w, https:\/\/sites.uel.br\/ser\/wp-content\/uploads\/2024\/08\/premio_boas_praticas_2024_arquivologia_biblioteconomia_05-768x1024.jpeg 768w, https:\/\/sites.uel.br\/ser\/wp-content\/uploads\/2024\/08\/premio_boas_praticas_2024_arquivologia_biblioteconomia_05-1152x1536.jpeg 1152w\" sizes=\"auto, (max-width: 1200px) 100vw, 1200px\" \/><\/figure>\n<\/div>\n\n<div class=\"wp-block-image\">\n<figure class=\"aligncenter size-full\"><img loading=\"lazy\" decoding=\"async\" width=\"1600\" height=\"1200\" src=\"https:\/\/sites.uel.br\/ser\/wp-content\/uploads\/2024\/08\/premio_boas_praticas_2024_arquivologia_biblioteconomia_06.jpeg\" alt=\"\" class=\"wp-image-7339\" srcset=\"https:\/\/sites.uel.br\/ser\/wp-content\/uploads\/2024\/08\/premio_boas_praticas_2024_arquivologia_biblioteconomia_06.jpeg 1600w, https:\/\/sites.uel.br\/ser\/wp-content\/uploads\/2024\/08\/premio_boas_praticas_2024_arquivologia_biblioteconomia_06-300x225.jpeg 300w, https:\/\/sites.uel.br\/ser\/wp-content\/uploads\/2024\/08\/premio_boas_praticas_2024_arquivologia_biblioteconomia_06-1024x768.jpeg 1024w, https:\/\/sites.uel.br\/ser\/wp-content\/uploads\/2024\/08\/premio_boas_praticas_2024_arquivologia_biblioteconomia_06-768x576.jpeg 768w, https:\/\/sites.uel.br\/ser\/wp-content\/uploads\/2024\/08\/premio_boas_praticas_2024_arquivologia_biblioteconomia_06-1536x1152.jpeg 1536w\" sizes=\"auto, (max-width: 1600px) 100vw, 1600px\" \/><\/figure>\n<\/div>\n\n<div class=\"wp-block-image\">\n<figure class=\"aligncenter size-full\"><img loading=\"lazy\" decoding=\"async\" width=\"1240\" height=\"1754\" src=\"https:\/\/sites.uel.br\/ser\/wp-content\/uploads\/2024\/08\/premio_boas_praticas_2024_arquivologia_biblioteconomia_07.jpg\" alt=\"\" class=\"wp-image-7341\" srcset=\"https:\/\/sites.uel.br\/ser\/wp-content\/uploads\/2024\/08\/premio_boas_praticas_2024_arquivologia_biblioteconomia_07.jpg 1240w, https:\/\/sites.uel.br\/ser\/wp-content\/uploads\/2024\/08\/premio_boas_praticas_2024_arquivologia_biblioteconomia_07-212x300.jpg 212w, https:\/\/sites.uel.br\/ser\/wp-content\/uploads\/2024\/08\/premio_boas_praticas_2024_arquivologia_biblioteconomia_07-724x1024.jpg 724w, https:\/\/sites.uel.br\/ser\/wp-content\/uploads\/2024\/08\/premio_boas_praticas_2024_arquivologia_biblioteconomia_07-768x1086.jpg 768w, https:\/\/sites.uel.br\/ser\/wp-content\/uploads\/2024\/08\/premio_boas_praticas_2024_arquivologia_biblioteconomia_07-1086x1536.jpg 1086w\" sizes=\"auto, (max-width: 1240px) 100vw, 1240px\" \/><\/figure>\n<\/div>\n\n\n<hr class=\"wp-block-separator has-text-color has-cinza-color has-css-opacity has-cinza-background-color has-background is-style-wide\" \/>\n\n\n\n<p><strong>ESTUDANTES PARTICIPANTES<\/strong><\/p>\n\n\n\n<p>ALINE FRANCIELI CHINELATTO SANTOS<br>ALISON COOCKIE MARTINS<br>APARECIDA MOURA DA SILVA DE MORAIS<br>DANIELLA HASSUIKE DOLIBAINA<br>GABRIEL SABI\u00c3O DE OLIVEIRA<br>JULIA ARRUDA FRAZON<br>JULIA VITORIA DA SILVA<br>KAREN MONTEIRO DE SOUZA<br>KAUANNY LUIZA DE SOUZA SANTOS<br>KESYA EMILLY SANTOS RIBEIRO<br>MARIA EDUARDA FERREIRA CALABREZ<br>MARIA JULIA FERREIRA COSTA<br>NICOLLE MARTINS AMORIN<\/p>\n\n\n\n<div style=\"height:20px\" aria-hidden=\"true\" class=\"wp-block-spacer\"><\/div>\n\n\n\n<p><strong>DOCENTES PARTICIPANTES<\/strong><\/p>\n\n\n\n<p>ADRIANA R. ALCAR\u00c1 ENGELMANN<br>CRISTINA RIBEIRO DOS SANTOS<br>JULIANA CARDOSO DOS SANTOS<br>LET\u00cdCIA GORRI MOLINA<\/p>\n","protected":false},"excerpt":{"rendered":"<p>Cursos Inscritos Premiados 2024 Arquivologia e Biblioteconomia Resumo da A\u00e7\u00e3o: Arrecada\u00e7\u00e3o de materiais para o Hospital do C\u00e2ncer de Londrina (HCL). Materiais arrecadados: leite e copos pl\u00e1sticos descart\u00e1veis. Estrat\u00e9gia de trabalho: um grupo de veteranos em a\u00e7\u00e3o conjunta dos cursos de Arquivologia e Biblioteconomia se mobilizou com estrat\u00e9gias de divulga\u00e7\u00e3o nas m\u00eddias sociais e mobiliza\u00e7\u00e3o [&hellip;]<\/p>\n","protected":false},"author":8,"featured_media":0,"parent":0,"menu_order":0,"comment_status":"closed","ping_status":"closed","template":"","meta":{"_acf_changed":false,"_themeisle_gutenberg_block_has_review":false,"footnotes":""},"class_list":["post-7063","page","type-page","status-publish","hentry"],"acf":[],"_links":{"self":[{"href":"https:\/\/sites.uel.br\/ser\/wp-json\/wp\/v2\/pages\/7063","targetHints":{"allow":["GET"]}}],"collection":[{"href":"https:\/\/sites.uel.br\/ser\/wp-json\/wp\/v2\/pages"}],"about":[{"href":"https:\/\/sites.uel.br\/ser\/wp-json\/wp\/v2\/types\/page"}],"author":[{"embeddable":true,"href":"https:\/\/sites.uel.br\/ser\/wp-json\/wp\/v2\/users\/8"}],"replies":[{"embeddable":true,"href":"https:\/\/sites.uel.br\/ser\/wp-json\/wp\/v2\/comments?post=7063"}],"version-history":[{"count":10,"href":"https:\/\/sites.uel.br\/ser\/wp-json\/wp\/v2\/pages\/7063\/revisions"}],"predecessor-version":[{"id":7415,"href":"https:\/\/sites.uel.br\/ser\/wp-json\/wp\/v2\/pages\/7063\/revisions\/7415"}],"wp:attachment":[{"href":"https:\/\/sites.uel.br\/ser\/wp-json\/wp\/v2\/media?parent=7063"}],"curies":[{"name":"wp","href":"https:\/\/api.w.org\/{rel}","templated":true}]}}