{"id":7062,"date":"2024-08-05T15:46:25","date_gmt":"2024-08-05T18:46:25","guid":{"rendered":"https:\/\/sites.uel.br\/ser\/?page_id=7062"},"modified":"2024-09-26T15:28:38","modified_gmt":"2024-09-26T18:28:38","slug":"premio-boas-praticas-na-recepcao-aos-estudantes-ingressantes-premiados-2024-arquitetura-e-urbanismo","status":"publish","type":"page","link":"https:\/\/sites.uel.br\/ser\/premio-boas-praticas-na-recepcao-aos-estudantes-ingressantes-premiados-2024-arquitetura-e-urbanismo\/","title":{"rendered":"Pr\u00eamio Boas Pr\u00e1ticas na Recep\u00e7\u00e3o aos Estudantes Ingressantes"},"content":{"rendered":"\n<hr class=\"wp-block-separator has-alpha-channel-opacity is-style-wide\" \/>\n\n\n\n<figure class=\"wp-block-image size-full\"><img decoding=\"async\" src=\"https:\/\/sites.uel.br\/ser\/wp-content\/uploads\/2024\/06\/site-ser.png\" alt=\"\" class=\"wp-image-6163\" \/><\/figure>\n\n\n\n<h2 class=\"wp-block-heading\">Cursos Inscritos Premiados<\/h2>\n\n\n\n<h2 class=\"wp-block-heading\">2024<\/h2>\n\n\n\n<h2 class=\"wp-block-heading\">Arquitetura e Urbanismo<\/h2>\n\n\n\n<p><strong>Resumo da A\u00e7\u00e3o:<\/strong><\/p>\n\n\n\n<p>Revitaliza\u00e7\u00e3o das brincadeiras desenhadas no ch\u00e3o do CEI (Centro de Educa\u00e7\u00e3o Infantil). <br><br>A\u00e7\u00e3o realizada por meio de pinturas de atividades recreativas nas cal\u00e7adas e quadra do Centro.<\/p>\n\n\n\n<p><em>Obs: texto confeccionado pelos estudantes de Gradua\u00e7\u00e3o e\/ou Coordena\u00e7\u00e3o do curso.<\/em><\/p>\n\n\n\n<hr class=\"wp-block-separator has-text-color has-cinza-color has-css-opacity has-cinza-background-color has-background is-style-wide\" \/>\n\n\n\n<figure class=\"wp-block-embed is-type-video is-provider-youtube wp-block-embed-youtube wp-embed-aspect-16-9 wp-has-aspect-ratio\"><div class=\"wp-block-embed__wrapper\">\n<iframe loading=\"lazy\" title=\"Pr\u00eamio Boas Pr\u00e1ticas Solid\u00e1rias na Semana do Estudante Ingressante 2024 (Arquitetura e Urbanismo)\" width=\"500\" height=\"281\" src=\"https:\/\/www.youtube.com\/embed\/mY3bUyI7rzs?feature=oembed\" frameborder=\"0\" allow=\"accelerometer; autoplay; clipboard-write; encrypted-media; gyroscope; picture-in-picture; web-share\" referrerpolicy=\"strict-origin-when-cross-origin\" allowfullscreen><\/iframe>\n<\/div><\/figure>\n\n\n<div class=\"wp-block-image\">\n<figure class=\"aligncenter size-full\"><img loading=\"lazy\" decoding=\"async\" width=\"1920\" height=\"2560\" src=\"https:\/\/sites.uel.br\/ser\/wp-content\/uploads\/2024\/08\/premio_boas_praticas_2024_arquitetura_urbanismo_01-scaled.jpg\" alt=\"\" class=\"wp-image-7159\" srcset=\"https:\/\/sites.uel.br\/ser\/wp-content\/uploads\/2024\/08\/premio_boas_praticas_2024_arquitetura_urbanismo_01-scaled.jpg 1920w, https:\/\/sites.uel.br\/ser\/wp-content\/uploads\/2024\/08\/premio_boas_praticas_2024_arquitetura_urbanismo_01-225x300.jpg 225w, https:\/\/sites.uel.br\/ser\/wp-content\/uploads\/2024\/08\/premio_boas_praticas_2024_arquitetura_urbanismo_01-768x1024.jpg 768w, https:\/\/sites.uel.br\/ser\/wp-content\/uploads\/2024\/08\/premio_boas_praticas_2024_arquitetura_urbanismo_01-1152x1536.jpg 1152w, https:\/\/sites.uel.br\/ser\/wp-content\/uploads\/2024\/08\/premio_boas_praticas_2024_arquitetura_urbanismo_01-1536x2048.jpg 1536w\" sizes=\"auto, (max-width: 1920px) 100vw, 1920px\" \/><\/figure>\n<\/div>\n\n<div class=\"wp-block-image\">\n<figure class=\"aligncenter size-full\"><img loading=\"lazy\" decoding=\"async\" width=\"1920\" height=\"2560\" src=\"https:\/\/sites.uel.br\/ser\/wp-content\/uploads\/2024\/08\/premio_boas_praticas_2024_arquitetura_urbanismo_02-scaled.jpg\" alt=\"\" class=\"wp-image-7161\" srcset=\"https:\/\/sites.uel.br\/ser\/wp-content\/uploads\/2024\/08\/premio_boas_praticas_2024_arquitetura_urbanismo_02-scaled.jpg 1920w, https:\/\/sites.uel.br\/ser\/wp-content\/uploads\/2024\/08\/premio_boas_praticas_2024_arquitetura_urbanismo_02-225x300.jpg 225w, https:\/\/sites.uel.br\/ser\/wp-content\/uploads\/2024\/08\/premio_boas_praticas_2024_arquitetura_urbanismo_02-768x1024.jpg 768w, https:\/\/sites.uel.br\/ser\/wp-content\/uploads\/2024\/08\/premio_boas_praticas_2024_arquitetura_urbanismo_02-1152x1536.jpg 1152w, https:\/\/sites.uel.br\/ser\/wp-content\/uploads\/2024\/08\/premio_boas_praticas_2024_arquitetura_urbanismo_02-1536x2048.jpg 1536w\" sizes=\"auto, (max-width: 1920px) 100vw, 1920px\" \/><\/figure>\n<\/div>\n\n<div class=\"wp-block-image\">\n<figure class=\"aligncenter size-full\"><img loading=\"lazy\" decoding=\"async\" width=\"1920\" height=\"2560\" src=\"https:\/\/sites.uel.br\/ser\/wp-content\/uploads\/2024\/08\/premio_boas_praticas_2024_arquitetura_urbanismo_03-scaled.jpg\" alt=\"\" class=\"wp-image-7162\" srcset=\"https:\/\/sites.uel.br\/ser\/wp-content\/uploads\/2024\/08\/premio_boas_praticas_2024_arquitetura_urbanismo_03-scaled.jpg 1920w, https:\/\/sites.uel.br\/ser\/wp-content\/uploads\/2024\/08\/premio_boas_praticas_2024_arquitetura_urbanismo_03-225x300.jpg 225w, https:\/\/sites.uel.br\/ser\/wp-content\/uploads\/2024\/08\/premio_boas_praticas_2024_arquitetura_urbanismo_03-768x1024.jpg 768w, https:\/\/sites.uel.br\/ser\/wp-content\/uploads\/2024\/08\/premio_boas_praticas_2024_arquitetura_urbanismo_03-1152x1536.jpg 1152w, https:\/\/sites.uel.br\/ser\/wp-content\/uploads\/2024\/08\/premio_boas_praticas_2024_arquitetura_urbanismo_03-1536x2048.jpg 1536w\" sizes=\"auto, (max-width: 1920px) 100vw, 1920px\" \/><\/figure>\n<\/div>\n\n<div class=\"wp-block-image\">\n<figure class=\"aligncenter size-full\"><img loading=\"lazy\" decoding=\"async\" width=\"1920\" height=\"2560\" src=\"https:\/\/sites.uel.br\/ser\/wp-content\/uploads\/2024\/08\/premio_boas_praticas_2024_arquitetura_urbanismo_04-scaled.jpg\" alt=\"\" class=\"wp-image-7163\" srcset=\"https:\/\/sites.uel.br\/ser\/wp-content\/uploads\/2024\/08\/premio_boas_praticas_2024_arquitetura_urbanismo_04-scaled.jpg 1920w, https:\/\/sites.uel.br\/ser\/wp-content\/uploads\/2024\/08\/premio_boas_praticas_2024_arquitetura_urbanismo_04-225x300.jpg 225w, https:\/\/sites.uel.br\/ser\/wp-content\/uploads\/2024\/08\/premio_boas_praticas_2024_arquitetura_urbanismo_04-768x1024.jpg 768w, https:\/\/sites.uel.br\/ser\/wp-content\/uploads\/2024\/08\/premio_boas_praticas_2024_arquitetura_urbanismo_04-1152x1536.jpg 1152w, https:\/\/sites.uel.br\/ser\/wp-content\/uploads\/2024\/08\/premio_boas_praticas_2024_arquitetura_urbanismo_04-1536x2048.jpg 1536w\" sizes=\"auto, (max-width: 1920px) 100vw, 1920px\" \/><\/figure>\n<\/div>\n\n<div class=\"wp-block-image\">\n<figure class=\"aligncenter size-full\"><img loading=\"lazy\" decoding=\"async\" width=\"1920\" height=\"2560\" src=\"https:\/\/sites.uel.br\/ser\/wp-content\/uploads\/2024\/08\/premio_boas_praticas_2024_arquitetura_urbanismo_05-scaled.jpg\" alt=\"\" class=\"wp-image-7165\" srcset=\"https:\/\/sites.uel.br\/ser\/wp-content\/uploads\/2024\/08\/premio_boas_praticas_2024_arquitetura_urbanismo_05-scaled.jpg 1920w, https:\/\/sites.uel.br\/ser\/wp-content\/uploads\/2024\/08\/premio_boas_praticas_2024_arquitetura_urbanismo_05-225x300.jpg 225w, https:\/\/sites.uel.br\/ser\/wp-content\/uploads\/2024\/08\/premio_boas_praticas_2024_arquitetura_urbanismo_05-768x1024.jpg 768w, https:\/\/sites.uel.br\/ser\/wp-content\/uploads\/2024\/08\/premio_boas_praticas_2024_arquitetura_urbanismo_05-1152x1536.jpg 1152w, https:\/\/sites.uel.br\/ser\/wp-content\/uploads\/2024\/08\/premio_boas_praticas_2024_arquitetura_urbanismo_05-1536x2048.jpg 1536w\" sizes=\"auto, (max-width: 1920px) 100vw, 1920px\" \/><\/figure>\n<\/div>\n\n<div class=\"wp-block-image\">\n<figure class=\"aligncenter size-full\"><img loading=\"lazy\" decoding=\"async\" width=\"1200\" height=\"1600\" src=\"https:\/\/sites.uel.br\/ser\/wp-content\/uploads\/2024\/08\/premio_boas_praticas_2024_arquitetura_urbanismo_06.jpg\" alt=\"\" class=\"wp-image-7166\" srcset=\"https:\/\/sites.uel.br\/ser\/wp-content\/uploads\/2024\/08\/premio_boas_praticas_2024_arquitetura_urbanismo_06.jpg 1200w, https:\/\/sites.uel.br\/ser\/wp-content\/uploads\/2024\/08\/premio_boas_praticas_2024_arquitetura_urbanismo_06-225x300.jpg 225w, https:\/\/sites.uel.br\/ser\/wp-content\/uploads\/2024\/08\/premio_boas_praticas_2024_arquitetura_urbanismo_06-768x1024.jpg 768w, https:\/\/sites.uel.br\/ser\/wp-content\/uploads\/2024\/08\/premio_boas_praticas_2024_arquitetura_urbanismo_06-1152x1536.jpg 1152w\" sizes=\"auto, (max-width: 1200px) 100vw, 1200px\" \/><\/figure>\n<\/div>\n\n<div class=\"wp-block-image\">\n<figure class=\"aligncenter size-full\"><img loading=\"lazy\" decoding=\"async\" width=\"1200\" height=\"1600\" src=\"https:\/\/sites.uel.br\/ser\/wp-content\/uploads\/2024\/08\/premio_boas_praticas_2024_arquitetura_urbanismo_07.jpg\" alt=\"\" class=\"wp-image-7167\" srcset=\"https:\/\/sites.uel.br\/ser\/wp-content\/uploads\/2024\/08\/premio_boas_praticas_2024_arquitetura_urbanismo_07.jpg 1200w, https:\/\/sites.uel.br\/ser\/wp-content\/uploads\/2024\/08\/premio_boas_praticas_2024_arquitetura_urbanismo_07-225x300.jpg 225w, https:\/\/sites.uel.br\/ser\/wp-content\/uploads\/2024\/08\/premio_boas_praticas_2024_arquitetura_urbanismo_07-768x1024.jpg 768w, https:\/\/sites.uel.br\/ser\/wp-content\/uploads\/2024\/08\/premio_boas_praticas_2024_arquitetura_urbanismo_07-1152x1536.jpg 1152w\" sizes=\"auto, (max-width: 1200px) 100vw, 1200px\" \/><\/figure>\n<\/div>\n\n<div class=\"wp-block-image\">\n<figure class=\"aligncenter size-full\"><img loading=\"lazy\" decoding=\"async\" width=\"2560\" height=\"1707\" src=\"https:\/\/sites.uel.br\/ser\/wp-content\/uploads\/2024\/08\/premio_boas_praticas_2024_arquitetura_urbanismo_08-scaled.jpg\" alt=\"\" class=\"wp-image-7168\" srcset=\"https:\/\/sites.uel.br\/ser\/wp-content\/uploads\/2024\/08\/premio_boas_praticas_2024_arquitetura_urbanismo_08-scaled.jpg 2560w, https:\/\/sites.uel.br\/ser\/wp-content\/uploads\/2024\/08\/premio_boas_praticas_2024_arquitetura_urbanismo_08-300x200.jpg 300w, https:\/\/sites.uel.br\/ser\/wp-content\/uploads\/2024\/08\/premio_boas_praticas_2024_arquitetura_urbanismo_08-1024x683.jpg 1024w, https:\/\/sites.uel.br\/ser\/wp-content\/uploads\/2024\/08\/premio_boas_praticas_2024_arquitetura_urbanismo_08-768x512.jpg 768w, https:\/\/sites.uel.br\/ser\/wp-content\/uploads\/2024\/08\/premio_boas_praticas_2024_arquitetura_urbanismo_08-1536x1024.jpg 1536w, https:\/\/sites.uel.br\/ser\/wp-content\/uploads\/2024\/08\/premio_boas_praticas_2024_arquitetura_urbanismo_08-2048x1365.jpg 2048w\" sizes=\"auto, (max-width: 2560px) 100vw, 2560px\" \/><\/figure>\n<\/div>\n\n\n<hr class=\"wp-block-separator has-text-color has-cinza-color has-css-opacity has-cinza-background-color has-background is-style-wide\" \/>\n\n\n\n<p><strong>ESTUDANTES PARTICIPANTES<\/strong><\/p>\n\n\n\n<p>AISSA MARETI MACAIRA FIGARO<br>ALICE OLIVEIRA SCHIMITI<br>ALINE XAVIER FRAGA<br>ALISSON BRENO HILARIO DA SILVA<br>AMANDA BARONI COSTA<br>AMANDA GEIDELIS<br>ANA JAMILLY SANTOS CUSTODIO<br>ANA JULIA BENEDITO VANCAN<br>ANA LETICIA ODEBRECHT NASSIF<br>ANA LUIZA GASPAR DOS SANTOS<br>ANABELLA XAVIER MORAIS<br>ANNA JULIA CARRARA GONDIM<br>ANTONIO CARLOS PRODOSSIMO<br>ANTONIO COLBACHINI FERRAZ<br>ARIADINI THASMO DA SILVA<br>ARTHUR CIONI PENACHINI<br>ARTHUR ZANIN<br>BEATRIZ BARCELOS DIONISIO<br>BEATRIZ CHRISTINA DE OLIVEIRA COVRE<br>BEATRIZ MENDES BAZZO<br>BEATRIZ REGINA SOUZA<br>BETHANIA BENATE BOMFIM<br>BIANCA CERNEV NEVES<br>BRUNA RINALDI LIMA DE OLIVEIRA<br>CAMILA MARQUES VIEIRA<br>CAMILE FERNANDA GONCALVES SILVA<br>DAVI DOS SANTOS CORREIA LEMES<br>DAYANE GABRIEL PONTES<br>EDUARDO CAMPOS ABREU FERNANDES<br>ELLYN FERNANDA SEIDLER MONTEIRO<br>EMANUELI BARTHOLOMEU<br>EMILI EDUARDA MARCAL DE LIMA<br>ENDERSON DITTRICH MITANI SIQUEIRA<br>ERIK ROBERTO MONTEIRO<br>GABRIEL GONCALVES RAMOS<br>GABRIEL HAAG MAZZINI DA SILVA<br>GABRIELA DOS SANTOS ADAO<br>GABRIELA PIRES KASTER<br>GABRIELA ROMANISIO PEREIRA<br>GIOVANNA CAMILOTO ZANELLI<br>GUSTAVO MASUDA GOMES<br>HAISSA MATSUBARA ALVES<br>HELOISA ARCANJO FERREIRA<br>HELOISA TABATINI DE VICENTE<br>HELOISA VELANI DE BARROS NEGRAO<br>IGOR YUJI MATSUBARA<br>ISABELA ANTUNES LEONEL<br>ISABELA SOARES ZIELINSKI<br>ISABELLA TIEMI PEREIRA TANIMURA<br>IZADORA ZEQUIM BRESSAN<br>JOAO VICENTE FRAGA SPISLA<br>JULIA ALVES VELASCO<br>JULIA ANDRADE OLIVEIRA<br>JULIA GABRIELLY DOS SANTOS<br>JULIA TIEMI SILVA FURUSATO<br>KAREN YURI GRASSI SEJIMO<br>KATRIN WAGNER CHIARATTI<br>KAWANE VITORIA CORREA<br>LARISSA MORENO<br>LAURA HELENA ALBERTO DA SILVA<br>LEONARDO ARRUDA GADELHA<br>LEONARDO GONCALVES DA CRUZ<br>LEONARDO KATO AOKI<br>LEONARDO NASCIMENTO COELHO<br>LETICIA MARTINS BERBERT<br>LINCOLN MATHEUS MACHADO VIANA<br>LIVIA MORELLI SACCARDO<br>LIVIA TORRESAN FARIA<br>LORENA VERONESI DEMIAN<br>LUCAS ROCHA BONIFACIO<br>LUIS HENRIQUE RAVIOLO<br>LUIZA GABRIELA GODOI ARIZA<br>LUIZA MERIGHE FRUZERI<br>MANOELA RASZL GAGLIARDI<br>MARIA BEATRIZ VOLPINI MARTINS<br>MARIA CLARA BOTT OLIVEIRA<br>MARIA EDUARDA BONIFACIO<br>MARIA EDUARDA DA SILVA ARAUJO<br>MARIA EDUARDA DE MAURO DAMASCENO<br>MARIA GABRIELE GOULART DE LIMA LOPES<br>MARIA JULIA GHIOTTO<br>MARIA VICTORIA ANDRADE PALMA<br>MARIANA FEDRIGO PELISSON<br>MARIANA RODRIGUES SIQUEIRA<br>MARINA MADEIRA HONORATO<br>MATHEUS BORTOLOZZI GIRALDI<br>MIGUEL LOBO LEPRE<br>MILENA MAYUMI MORI MORITA<br>MIRELLI MAGDA SOARES<br>NICOLE CHRISTINE MANZONI<br>NICOLE WESSLER<br>POLLYANNA MELQUIADES DA SILVA<br>RAFAELA CHAGAS FERREIRA<br>RAFAELA SCARPIN DE MARCHI<br>RAISSA VITORIA MENDES DA SILVA<br>RAQUEL GRACZYK AGUIAR<br>REBECA TORQUETI DOS SANTOS<br>RYAN RAFAEL DE OLIVEIRA PAJEU<br>SOFIA MUNHOZ CORREA<br>SOPHIA FERNANDES CABRERA<br>TATIANA BANFFY JULIANI<br>THAINA ARCARDE PEREIRA<br>THAIS YUMI HOSHINO<\/p>\n","protected":false},"excerpt":{"rendered":"<p>Cursos Inscritos Premiados 2024 Arquitetura e Urbanismo Resumo da A\u00e7\u00e3o: Revitaliza\u00e7\u00e3o das brincadeiras desenhadas no ch\u00e3o do CEI (Centro de Educa\u00e7\u00e3o Infantil). A\u00e7\u00e3o realizada por meio de pinturas de atividades recreativas nas cal\u00e7adas e quadra do Centro. Obs: texto confeccionado pelos estudantes de Gradua\u00e7\u00e3o e\/ou Coordena\u00e7\u00e3o do curso. ESTUDANTES PARTICIPANTES AISSA MARETI MACAIRA FIGAROALICE OLIVEIRA [&hellip;]<\/p>\n","protected":false},"author":8,"featured_media":0,"parent":0,"menu_order":0,"comment_status":"closed","ping_status":"closed","template":"","meta":{"_acf_changed":false,"_themeisle_gutenberg_block_has_review":false,"footnotes":""},"class_list":["post-7062","page","type-page","status-publish","hentry"],"acf":[],"_links":{"self":[{"href":"https:\/\/sites.uel.br\/ser\/wp-json\/wp\/v2\/pages\/7062","targetHints":{"allow":["GET"]}}],"collection":[{"href":"https:\/\/sites.uel.br\/ser\/wp-json\/wp\/v2\/pages"}],"about":[{"href":"https:\/\/sites.uel.br\/ser\/wp-json\/wp\/v2\/types\/page"}],"author":[{"embeddable":true,"href":"https:\/\/sites.uel.br\/ser\/wp-json\/wp\/v2\/users\/8"}],"replies":[{"embeddable":true,"href":"https:\/\/sites.uel.br\/ser\/wp-json\/wp\/v2\/comments?post=7062"}],"version-history":[{"count":9,"href":"https:\/\/sites.uel.br\/ser\/wp-json\/wp\/v2\/pages\/7062\/revisions"}],"predecessor-version":[{"id":7397,"href":"https:\/\/sites.uel.br\/ser\/wp-json\/wp\/v2\/pages\/7062\/revisions\/7397"}],"wp:attachment":[{"href":"https:\/\/sites.uel.br\/ser\/wp-json\/wp\/v2\/media?parent=7062"}],"curies":[{"name":"wp","href":"https:\/\/api.w.org\/{rel}","templated":true}]}}