{"id":7057,"date":"2024-08-05T15:43:13","date_gmt":"2024-08-05T18:43:13","guid":{"rendered":"https:\/\/sites.uel.br\/ser\/?page_id=7057"},"modified":"2024-10-15T10:09:27","modified_gmt":"2024-10-15T13:09:27","slug":"premio-boas-praticas-na-recepcao-aos-estudantes-ingressantes-premiados-2024-administracao-ciencias-contabeis-ciencias-economicas-direito-secretariado-executivo-e-servico-social","status":"publish","type":"page","link":"https:\/\/sites.uel.br\/ser\/premio-boas-praticas-na-recepcao-aos-estudantes-ingressantes-premiados-2024-administracao-ciencias-contabeis-ciencias-economicas-direito-secretariado-executivo-e-servico-social\/","title":{"rendered":"Pr\u00eamio Boas Pr\u00e1ticas na Recep\u00e7\u00e3o aos Estudantes Ingressantes"},"content":{"rendered":"\n<hr class=\"wp-block-separator has-alpha-channel-opacity is-style-wide\" \/>\n\n\n\n<figure class=\"wp-block-image size-full\"><img decoding=\"async\" src=\"https:\/\/sites.uel.br\/ser\/wp-content\/uploads\/2024\/06\/site-ser.png\" alt=\"\" class=\"wp-image-6163\" \/><\/figure>\n\n\n\n<h2 class=\"wp-block-heading\">Cursos Inscritos Premiados<\/h2>\n\n\n\n<h2 class=\"wp-block-heading\">2024<\/h2>\n\n\n\n<h2 class=\"wp-block-heading\">Administra\u00e7\u00e3o, Ci\u00eancias Cont\u00e1beis, Ci\u00eancias Econ\u00f4micas, Direito, Secretariado Executivo e Servi\u00e7o Social<\/h2>\n\n\n\n<p><strong>Resumo da A\u00e7\u00e3o:<\/strong><\/p>\n\n\n\n<p>A a\u00e7\u00e3o conjunta do CESA nesse ano teve por objetivo ajuda ao Rio Grande do Sul. <br><br>Inicialmente integrantes do Projeto Direito da UEL: trajet\u00f3ria hist\u00f3rica organizaram em conjunto com outros projetos a arrecada\u00e7\u00e3o de alimentos, roupas e produtos de higiene.<\/p>\n\n\n\n<p>Foi uma contribui\u00e7\u00e3o dos alunos do CESA com a\u00e7\u00f5es para o enfrentamento \u00e0 enchente no Rio Grande do Sul. Foi feito um apoio para a separa\u00e7\u00e3o e triagem das doa\u00e7\u00f5es destinadas ao estado, no centro de distribui\u00e7\u00e3o dos correios.<br><br>A segunda fase foi no sentido de participa\u00e7\u00e3o na triagem dos correios. Mais de 100 alunos do CESA se inscreveram na A\u00e7\u00e3o e colaboraram com a sele\u00e7\u00e3o de produtos enviados ao Rio Grande do Sul.<\/p>\n\n\n\n<p>A a\u00e7\u00e3o ocorreu 21\/6 e 13\/7, e conseguiu concluir a triagem dos materiais que foram para mais de 50 carretas. &#8220;Os Correios, empresa p\u00fablica federal, est\u00e1 fazendo o transporte log\u00edstico das doa\u00e7\u00f5es. Aqui no Paran\u00e1, o Centro de Tratamento de Carga e Encomendas em Londrina est\u00e1 precisando de apoio para separa\u00e7\u00e3o, triagem e rotula\u00e7\u00e3o das cargas destinadas ao embarque com destino ao RS.&#8221;<br><br>A popula\u00e7\u00e3o do Rio Grande do Sul foi beneficiada, assim como os correios receberam nossa ajuda tamb\u00e9m.<\/p>\n\n\n\n<p><em>Obs: texto confeccionado pelos estudantes de Gradua\u00e7\u00e3o e\/ou Coordena\u00e7\u00e3o do curso.<\/em><\/p>\n\n\n\n<hr class=\"wp-block-separator has-text-color has-cinza-color has-css-opacity has-cinza-background-color has-background is-style-wide\" \/>\n\n\n<div class=\"wp-block-image\">\n<figure class=\"aligncenter size-full\"><img loading=\"lazy\" decoding=\"async\" width=\"1600\" height=\"900\" src=\"https:\/\/sites.uel.br\/ser\/wp-content\/uploads\/2024\/08\/premio_boas_praticas_2024_cesa_01.jpeg\" alt=\"\" class=\"wp-image-7258\" srcset=\"https:\/\/sites.uel.br\/ser\/wp-content\/uploads\/2024\/08\/premio_boas_praticas_2024_cesa_01.jpeg 1600w, https:\/\/sites.uel.br\/ser\/wp-content\/uploads\/2024\/08\/premio_boas_praticas_2024_cesa_01-300x169.jpeg 300w, https:\/\/sites.uel.br\/ser\/wp-content\/uploads\/2024\/08\/premio_boas_praticas_2024_cesa_01-1024x576.jpeg 1024w, https:\/\/sites.uel.br\/ser\/wp-content\/uploads\/2024\/08\/premio_boas_praticas_2024_cesa_01-768x432.jpeg 768w, https:\/\/sites.uel.br\/ser\/wp-content\/uploads\/2024\/08\/premio_boas_praticas_2024_cesa_01-1536x864.jpeg 1536w\" sizes=\"auto, (max-width: 1600px) 100vw, 1600px\" \/><\/figure>\n<\/div>\n\n<div class=\"wp-block-image\">\n<figure class=\"aligncenter size-full\"><img loading=\"lazy\" decoding=\"async\" width=\"960\" height=\"1280\" src=\"https:\/\/sites.uel.br\/ser\/wp-content\/uploads\/2024\/08\/premio_boas_praticas_2024_cesa_02.jpeg\" alt=\"\" class=\"wp-image-7259\" srcset=\"https:\/\/sites.uel.br\/ser\/wp-content\/uploads\/2024\/08\/premio_boas_praticas_2024_cesa_02.jpeg 960w, https:\/\/sites.uel.br\/ser\/wp-content\/uploads\/2024\/08\/premio_boas_praticas_2024_cesa_02-225x300.jpeg 225w, https:\/\/sites.uel.br\/ser\/wp-content\/uploads\/2024\/08\/premio_boas_praticas_2024_cesa_02-768x1024.jpeg 768w\" sizes=\"auto, (max-width: 960px) 100vw, 960px\" \/><\/figure>\n<\/div>\n\n<div class=\"wp-block-image\">\n<figure class=\"aligncenter size-full\"><img loading=\"lazy\" decoding=\"async\" width=\"960\" height=\"1280\" src=\"https:\/\/sites.uel.br\/ser\/wp-content\/uploads\/2024\/08\/premio_boas_praticas_2024_cesa_03.jpeg\" alt=\"\" class=\"wp-image-7260\" srcset=\"https:\/\/sites.uel.br\/ser\/wp-content\/uploads\/2024\/08\/premio_boas_praticas_2024_cesa_03.jpeg 960w, https:\/\/sites.uel.br\/ser\/wp-content\/uploads\/2024\/08\/premio_boas_praticas_2024_cesa_03-225x300.jpeg 225w, https:\/\/sites.uel.br\/ser\/wp-content\/uploads\/2024\/08\/premio_boas_praticas_2024_cesa_03-768x1024.jpeg 768w\" sizes=\"auto, (max-width: 960px) 100vw, 960px\" \/><\/figure>\n<\/div>\n\n<div class=\"wp-block-image\">\n<figure class=\"aligncenter size-full\"><img loading=\"lazy\" decoding=\"async\" width=\"1200\" height=\"1600\" src=\"https:\/\/sites.uel.br\/ser\/wp-content\/uploads\/2024\/08\/premio_boas_praticas_2024_cesa_04.jpeg\" alt=\"\" class=\"wp-image-7261\" srcset=\"https:\/\/sites.uel.br\/ser\/wp-content\/uploads\/2024\/08\/premio_boas_praticas_2024_cesa_04.jpeg 1200w, https:\/\/sites.uel.br\/ser\/wp-content\/uploads\/2024\/08\/premio_boas_praticas_2024_cesa_04-225x300.jpeg 225w, https:\/\/sites.uel.br\/ser\/wp-content\/uploads\/2024\/08\/premio_boas_praticas_2024_cesa_04-768x1024.jpeg 768w, https:\/\/sites.uel.br\/ser\/wp-content\/uploads\/2024\/08\/premio_boas_praticas_2024_cesa_04-1152x1536.jpeg 1152w\" sizes=\"auto, (max-width: 1200px) 100vw, 1200px\" \/><\/figure>\n<\/div>\n\n<div class=\"wp-block-image\">\n<figure class=\"aligncenter size-full\"><img loading=\"lazy\" decoding=\"async\" width=\"720\" height=\"1280\" src=\"https:\/\/sites.uel.br\/ser\/wp-content\/uploads\/2024\/08\/premio_boas_praticas_2024_cesa_05.jpeg\" alt=\"\" class=\"wp-image-7263\" srcset=\"https:\/\/sites.uel.br\/ser\/wp-content\/uploads\/2024\/08\/premio_boas_praticas_2024_cesa_05.jpeg 720w, https:\/\/sites.uel.br\/ser\/wp-content\/uploads\/2024\/08\/premio_boas_praticas_2024_cesa_05-169x300.jpeg 169w, https:\/\/sites.uel.br\/ser\/wp-content\/uploads\/2024\/08\/premio_boas_praticas_2024_cesa_05-576x1024.jpeg 576w\" sizes=\"auto, (max-width: 720px) 100vw, 720px\" \/><\/figure>\n<\/div>\n\n<div class=\"wp-block-image\">\n<figure class=\"aligncenter size-full\"><img loading=\"lazy\" decoding=\"async\" width=\"1204\" height=\"1600\" src=\"https:\/\/sites.uel.br\/ser\/wp-content\/uploads\/2024\/08\/premio_boas_praticas_2024_cesa_06.jpeg\" alt=\"\" class=\"wp-image-7264\" srcset=\"https:\/\/sites.uel.br\/ser\/wp-content\/uploads\/2024\/08\/premio_boas_praticas_2024_cesa_06.jpeg 1204w, https:\/\/sites.uel.br\/ser\/wp-content\/uploads\/2024\/08\/premio_boas_praticas_2024_cesa_06-226x300.jpeg 226w, https:\/\/sites.uel.br\/ser\/wp-content\/uploads\/2024\/08\/premio_boas_praticas_2024_cesa_06-771x1024.jpeg 771w, https:\/\/sites.uel.br\/ser\/wp-content\/uploads\/2024\/08\/premio_boas_praticas_2024_cesa_06-768x1021.jpeg 768w, https:\/\/sites.uel.br\/ser\/wp-content\/uploads\/2024\/08\/premio_boas_praticas_2024_cesa_06-1156x1536.jpeg 1156w\" sizes=\"auto, (max-width: 1204px) 100vw, 1204px\" \/><\/figure>\n<\/div>\n\n<div class=\"wp-block-image\">\n<figure class=\"aligncenter size-full\"><img loading=\"lazy\" decoding=\"async\" width=\"1600\" height=\"720\" src=\"https:\/\/sites.uel.br\/ser\/wp-content\/uploads\/2024\/08\/premio_boas_praticas_2024_cesa_08.jpeg\" alt=\"\" class=\"wp-image-7265\" srcset=\"https:\/\/sites.uel.br\/ser\/wp-content\/uploads\/2024\/08\/premio_boas_praticas_2024_cesa_08.jpeg 1600w, https:\/\/sites.uel.br\/ser\/wp-content\/uploads\/2024\/08\/premio_boas_praticas_2024_cesa_08-300x135.jpeg 300w, https:\/\/sites.uel.br\/ser\/wp-content\/uploads\/2024\/08\/premio_boas_praticas_2024_cesa_08-1024x461.jpeg 1024w, https:\/\/sites.uel.br\/ser\/wp-content\/uploads\/2024\/08\/premio_boas_praticas_2024_cesa_08-768x346.jpeg 768w, https:\/\/sites.uel.br\/ser\/wp-content\/uploads\/2024\/08\/premio_boas_praticas_2024_cesa_08-1536x691.jpeg 1536w\" sizes=\"auto, (max-width: 1600px) 100vw, 1600px\" \/><\/figure>\n<\/div>\n\n<div class=\"wp-block-image\">\n<figure class=\"aligncenter size-full\"><img loading=\"lazy\" decoding=\"async\" width=\"1600\" height=\"900\" src=\"https:\/\/sites.uel.br\/ser\/wp-content\/uploads\/2024\/08\/premio_boas_praticas_2024_cesa_09.jpeg\" alt=\"\" class=\"wp-image-7267\" srcset=\"https:\/\/sites.uel.br\/ser\/wp-content\/uploads\/2024\/08\/premio_boas_praticas_2024_cesa_09.jpeg 1600w, https:\/\/sites.uel.br\/ser\/wp-content\/uploads\/2024\/08\/premio_boas_praticas_2024_cesa_09-300x169.jpeg 300w, https:\/\/sites.uel.br\/ser\/wp-content\/uploads\/2024\/08\/premio_boas_praticas_2024_cesa_09-1024x576.jpeg 1024w, https:\/\/sites.uel.br\/ser\/wp-content\/uploads\/2024\/08\/premio_boas_praticas_2024_cesa_09-768x432.jpeg 768w, https:\/\/sites.uel.br\/ser\/wp-content\/uploads\/2024\/08\/premio_boas_praticas_2024_cesa_09-1536x864.jpeg 1536w\" sizes=\"auto, (max-width: 1600px) 100vw, 1600px\" \/><\/figure>\n<\/div>\n\n\n<hr class=\"wp-block-separator has-text-color has-cinza-color has-css-opacity has-cinza-background-color has-background is-style-wide\" \/>\n\n\n\n<p><strong>ESTUDANTES PARTICIPANTES<\/strong><\/p>\n\n\n\n<p><strong>ADMINISTRA\u00c7\u00c3O<\/strong><\/p>\n\n\n\n<p>ALEX COSTA DE ARAUJO<br>ANA GABRIELLY DOS SANTOS BERNARDO<br>ANA JULIA SILVA LAN\u00c7ANOVA<br>ANA JULIA ZAMBRIM<br>ANTONIO ANGELO VANZO FILHO<br>BEATRIZ ALVES DE MELO<br>BEATRIZ ROCETO<br>CAIO FRANCISCATO<br>CINTIA CRISTINA GAMA CABRERA<br>EMANUELE ZANON DE FARIA<br>ERIK YUKIO HAKAMADA<br>EVELIN SMOLAK SOBIESKI E SILVA<br>FELIPE RODRIGUES CAOVILLA<br>FELIPE VELOZO DE FARIA<br>FLAVIA MARIAH MAGALHAES<br>GABRIEL FURTADO LOPES<br>GUSTAVO HENRIQUE DOS SANTOS<br>HELO\u00cdSA SIMONI<br>HUGO HENRIQUE DA CRUZ MORETI<br>IGOR LANDRGRAF<br>ISABELA ALVES BEZERRA<br>ISADORA RODRIGUES DA SILVA<br>JO\u00c3O PEDRO RABELO<br>JO\u00c3O VICTOR RODRIGUES GARCIA<br>JORGE ALBERTO DE SOUZA CARLOTO<br>JULIANA GIL PABLOS<br>KARLA KASSYANE DOS SANTOS SOUZA<br>KAU\u00ca GUSTAVO RODRIGUES DIAS<br>KAYLANY INAE A JOSE<br>LAURA CARVALHO PEDROSO<br>LU\u00cdS FERNANDO VANZELA DOS SANTOS<br>LUIS FERNANDO YOSHIAKI TASSI KATO<br>LUIZ OTAVIO CAUS DOS SANTOS<br>MARIA GABRIELLA CITO GON\u00c7ALVES<br>MATEUS PAZINATO CORREIA<br>MATHEUS CERQUEIRA SILVA<br>MAYSA DE SOUZA DA SILVA<br>NICOLE ANDRADE COLUCCI<br>NYCOLLAS ANDR\u00c9 DA SILVA<br>PAMELA HELO\u00cdSA MARIA<br>PEDRO FIORI GROTTI<br>PEDRO HENRIQUE MAGON<br>PEDRO MARTINS MOLINA<br>TALITA MAYUMI NUMATA<br>THA\u00cdS BOTELHO DE SOUZA<br>VINICIUS RODRIGUES DIAS<br>VIT\u00d3RIA ISA HOKARI FRANCO<\/p>\n\n\n\n<p><strong>CI\u00caNCIAS CONT\u00c1BEIS<\/strong><\/p>\n\n\n\n<p>ADRIANO DOS SANTOS LE\u00c3O<br>ANA CAROLINA SOUZA SANTOS<br>ATIELY VITORIA SILVEIRA SILVA<br>BARBARA R. ROLIM<br>BRUNA CAROLINE CANDELARIO MANOEL<br>CAMILA ITO FERREIRA<br>DANIEL FONTANA BORGES<br>DAVI DUNZER FRANCO OLIVEIRA<br>DAVI SILVA CASARIN<br>DENIS FONTANA BORGES<br>EDUARDO GABRIEL GUILHERME DOS SANTOS<br>EMANUELE VIT\u00d3RIA DOS SANTOS<br>GABRIELI DE LARA MORAES<br>GABRIELI DE LARA MORAES<br>GIOVANA ALVES DA SILVA<br>GIOVANI GON\u00c7ALVES PEREIRA<br>GIOVANNA DANYELA CONDE<br>GUILHERME FELIPE GOMES MARTINS<br>HEDER HENRIQUE DOS SANTOS JUNIOR<br>KAUA FELIPE BATISTA CAVALCANTI<br>KAUANY APARECIDA BEJATTO<br>LEONARDO SUGIHARA KATAYOSE<br>LORENY DA SILVA SANTOS<br>LUANA CLAUDIA BARROTTI<br>LUANA LET\u00cdCIA DE SOUZA<br>MARIA EDUARDA SILVA CORDEIRO<br>MARIA VIT\u00d3RIA DE OLIVEIRA ORLANS<br>MARIANA TAMANINI MARQUES SILVA<br>MARIANE APARECIDA SIBIM DA COSTA<br>MATEUS JUKOWSKI ROCHA<br>MATEUS MARQUES DE OLIVEIRA<br>MATHEUS ALVES MARIANI<br>MAYNARA CRISTHYNE DA COSTA OLIVEIRA<br>MAYNARA OLIVEIRA<br>NATHAN AUGUSTO PARRA VILLAS BOAS<br>NICOLAS MENDES BARBOSA<br>RAFAELA MARIA STOCHI ROCHA<br>RAUL DE SOUZA CARVALHO<br>RENATA DE SOUZA MELO<br>SAMUEL FELIPE CRIVELARO<br>STEPHANY MARIA SILVA CORDEIRO<br>THALITA ELIAS DE LIMA<br>VICTOR SEIJI TAGO MARUYAMA<br>VICTOR YUJI DE SANT\u2019ANA LOUREN\u00c7O<br>VINICIUS MOURA DE CAMPOS<br>VITORIA PORTELA AGUIAR CARDOSO<br>WENDRIUS VILEFORT<br>WESLEY DE OLIVEIRA LODI<br>YAGHO JOS\u00c9 DA SILVA<\/p>\n\n\n\n<p><strong>CI\u00caNCIAS ECON\u00d4MICAS<\/strong><\/p>\n\n\n\n<p>JEAN CARLOS PASCOAL<br>MATEUS BELLA MOREIRA<br>MIGUEL BOT\u00d3S CARELLO<br>VINICIUS RIBEIRO GROSSO<\/p>\n\n\n\n<p><strong>DIREITO<\/strong><\/p>\n\n\n\n<p>ALANNY BEATRIZ OYAMADA<br>\u00c2NDREA TAILANY CORSE DOS SANTOS<br>ANNA CLARA PERA ARAUJO<br>ANNA ELOISE PEREIRA VELOSO<br>B\u00c1RBARA BASSO LEITE<br>BIANCA DA SILVA SARDINHA<br>EMELY KAORI OBUTI<br>GIOVANNA DOS SANTOS BENTO<br>GUSTAVO NOBUO KOTAMA UEMURA<br>HELOISA HELENA PIEDADE BELIS\u00c1RIO<br>IASMIN KAINAH DA SILVA DA FONSECA<br>JULIANA YUKARI UEDA<br>LARISSA CAMARGO VALLIM<br>LAURA F\u00c1VARO DA SILVA<br>LAURA SIQUEIRA DUARTE<br>LUIZA GAIOTO DA SILVA<br>MARCELA CRISTINA MANSANO STABILE<br>MARIA CLARA SOUZA BERSI<br>MARIA EDUARDA CORDEIRO DO CARMO<br>MARIA LUIZA DE OLIVEIRA MORETI<br>RAYANA RIBEIRO SANTOS<br>REBECCA MATHIAS SANTOS<br>RODRIGO CAMARGO LIMA<br>VALENTINA DE TOLEDO COSTA<br>VICTOR VOGT PAROLIN<\/p>\n\n\n\n<p><strong>SERVI\u00c7O SOCIAL<\/strong><\/p>\n\n\n\n<p>ADRIANE TRANNIN DOMINGUES<br>ADRIANO BATISTA DE OLIVEIRA<br>ALANA KETELYN LAVES DOS SANTOS<br>AMANDA APARECIDA MARQUES DE OLIVEIRA<br>ANA FL\u00c1VIA MENDES<br>ANA JULIA SIMIONATO SCALABRINI<br>ANNA LUIZA SILVA EDUARDO<br>ANNA LUIZA SILVA EDUARDO<br>BEATRIZ MIDORI TANITA DE SOUZA<br>BRENDA SAITO AGUINA<br>BRUNA SOUZA MEDEIROS<br>CARLOS EDUARDO BARRAGAN DE MORAIS<br>CLEUZA APARECIDA DINIZ FERREIRA<br>ESTELA MARIA SOARES CAMPIOLLI<br>EVELYN C. E. HONORIO<br>ISABELA MARQUES STUNGES<br>ISABELLA BAPTISTA<br>ISABELLE RODRIGUES MIRA<br>JULIA VIT\u00d3RIA CUST\u00d3DIO E SILVA<br>KETLYN CAROLAINE MEDEIROS<br>LETICIA APARECIDA DE OLIVEIRA PIEROLI<br>LILYANA CLAUDIA MARTINS DOS SANTOS<br>MARIA EDUARDA SANTOS BATISTA<br>MARIA VICTORIA TAVARES<br>MARIANE YUMI HAMAMOTO<br>MARINA LEAL BATISTA<br>MAYSA XAVIER DOS SANTOS<br>MILENI DA SILVA ARAUJO<br>MIRI\u00c3 MACHADO DE OLIVEIRA<br>NAYARA BATISTA DA SILVA<br>NILO GHADBAN<br>NOEMI NAYARA MACHADA DE OLIVEIRA<br>RENAN LEANDRO CORDEIRO<br>SAMUEL CLAUDIO RIBEIRO<br>SAMUEL JOSE REIS DA SILVA<br>VINICIUS GEOVANI DA SILVA<br>VITORIA CANDIDA DE OLIVEIRA<\/p>\n\n\n\n<div style=\"height:20px\" aria-hidden=\"true\" class=\"wp-block-spacer\"><\/div>\n\n\n\n<p><strong>DOCENTES PARTICIPANTES:<\/strong><\/p>\n\n\n\n<p><strong>ADMINISTRA\u00c7\u00c3O<\/strong><\/p>\n\n\n\n<p>EDUARDO CONTANI<br>JAQUELINE FERRAREZI<br>LAIR BARROSO ARRAES ROCHA SILVA<br>TALITA RAVAGN\u00c3 PIGA<br>THAIS ACCIOLY BACCARO<\/p>\n\n\n\n<p><strong>AGRONOMIA<\/strong><\/p>\n\n\n\n<p>ADILSON LUIZ SEIFERT<\/p>\n\n\n\n<p><strong>DIREITO<\/strong><\/p>\n\n\n\n<p>ANA CLAUDIA DUARTE PINHEIRO<br>MIGUEL BELINATI PICCIRILLO<\/p>\n\n\n\n<p><strong>GEOGRAFIA<\/strong><\/p>\n\n\n\n<p>PATRICIA FERNANDES PAULA SHINOBU<\/p>\n\n\n\n<p><strong>SERVI\u00c7O SOCIAL<\/strong><\/p>\n\n\n\n<p>KATHIUSCIA APARECIDA FREITAS PEREIRA COELHO<\/p>\n","protected":false},"excerpt":{"rendered":"<p>Cursos Inscritos Premiados 2024 Administra\u00e7\u00e3o, Ci\u00eancias Cont\u00e1beis, Ci\u00eancias Econ\u00f4micas, Direito, Secretariado Executivo e Servi\u00e7o Social Resumo da A\u00e7\u00e3o: A a\u00e7\u00e3o conjunta do CESA nesse ano teve por objetivo ajuda ao Rio Grande do Sul. Inicialmente integrantes do Projeto Direito da UEL: trajet\u00f3ria hist\u00f3rica organizaram em conjunto com outros projetos a arrecada\u00e7\u00e3o de alimentos, roupas e [&hellip;]<\/p>\n","protected":false},"author":8,"featured_media":0,"parent":0,"menu_order":0,"comment_status":"closed","ping_status":"closed","template":"","meta":{"_acf_changed":false,"_themeisle_gutenberg_block_has_review":false,"footnotes":""},"class_list":["post-7057","page","type-page","status-publish","hentry"],"acf":[],"_links":{"self":[{"href":"https:\/\/sites.uel.br\/ser\/wp-json\/wp\/v2\/pages\/7057","targetHints":{"allow":["GET"]}}],"collection":[{"href":"https:\/\/sites.uel.br\/ser\/wp-json\/wp\/v2\/pages"}],"about":[{"href":"https:\/\/sites.uel.br\/ser\/wp-json\/wp\/v2\/types\/page"}],"author":[{"embeddable":true,"href":"https:\/\/sites.uel.br\/ser\/wp-json\/wp\/v2\/users\/8"}],"replies":[{"embeddable":true,"href":"https:\/\/sites.uel.br\/ser\/wp-json\/wp\/v2\/comments?post=7057"}],"version-history":[{"count":13,"href":"https:\/\/sites.uel.br\/ser\/wp-json\/wp\/v2\/pages\/7057\/revisions"}],"predecessor-version":[{"id":7441,"href":"https:\/\/sites.uel.br\/ser\/wp-json\/wp\/v2\/pages\/7057\/revisions\/7441"}],"wp:attachment":[{"href":"https:\/\/sites.uel.br\/ser\/wp-json\/wp\/v2\/media?parent=7057"}],"curies":[{"name":"wp","href":"https:\/\/api.w.org\/{rel}","templated":true}]}}