{"id":7043,"date":"2024-08-05T15:36:44","date_gmt":"2024-08-05T18:36:44","guid":{"rendered":"https:\/\/sites.uel.br\/ser\/?page_id=7043"},"modified":"2024-09-26T15:24:30","modified_gmt":"2024-09-26T18:24:30","slug":"premio-boas-praticas-na-recepcao-aos-estudantes-ingressantes-premiados-2024-administracao","status":"publish","type":"page","link":"https:\/\/sites.uel.br\/ser\/premio-boas-praticas-na-recepcao-aos-estudantes-ingressantes-premiados-2024-administracao\/","title":{"rendered":"Pr\u00eamio Boas Pr\u00e1ticas na Recep\u00e7\u00e3o aos Estudantes Ingressantes"},"content":{"rendered":"\n<hr class=\"wp-block-separator has-alpha-channel-opacity is-style-wide\" \/>\n\n\n\n<figure class=\"wp-block-image size-full\"><img decoding=\"async\" src=\"https:\/\/sites.uel.br\/ser\/wp-content\/uploads\/2024\/06\/site-ser.png\" alt=\"\" class=\"wp-image-6163\" \/><\/figure>\n\n\n\n<h2 class=\"wp-block-heading\">Cursos Inscritos Premiados<\/h2>\n\n\n\n<h2 class=\"wp-block-heading\">2024<\/h2>\n\n\n\n<h2 class=\"wp-block-heading\">Administra\u00e7\u00e3o<\/h2>\n\n\n\n<p><strong>Resumo da A\u00e7\u00e3o:<\/strong><\/p>\n\n\n\n<p>Foi realizado arrecada\u00e7\u00e3o de materiais de limpeza, higiene pessoal, roupas, cobertores etc, para o Centro Social Dom Bosco, na cidade de Camb\u00e9.<br><br>O principal trabalho do Centro Social Dom Bosco se d\u00e1 na forma\u00e7\u00e3o e capacita\u00e7\u00e3o profissional, tendo como objetivo promover o bem-estar humano de crian\u00e7as e jovens e as mulheres; tirar crian\u00e7as da rua e d\u00e1-lhes oportunidades de desenvolver as suas capacidades; aos adultos, a oportunidade de desenvolver capacidades profissionais.<\/p>\n\n\n\n<p><\/p>\n\n\n\n<p><em>Obs: texto confeccionado pelos estudantes de Gradua\u00e7\u00e3o e\/ou Coordena\u00e7\u00e3o do curso.<\/em><\/p>\n\n\n\n<hr class=\"wp-block-separator has-text-color has-cinza-color has-css-opacity has-cinza-background-color has-background is-style-wide\" \/>\n\n\n<div class=\"wp-block-image\">\n<figure class=\"aligncenter size-full\"><img loading=\"lazy\" decoding=\"async\" width=\"2560\" height=\"1920\" src=\"https:\/\/sites.uel.br\/ser\/wp-content\/uploads\/2024\/08\/premio_boas_praticas_2024_administracao_01-scaled.jpeg\" alt=\"\" class=\"wp-image-7271\" srcset=\"https:\/\/sites.uel.br\/ser\/wp-content\/uploads\/2024\/08\/premio_boas_praticas_2024_administracao_01-scaled.jpeg 2560w, https:\/\/sites.uel.br\/ser\/wp-content\/uploads\/2024\/08\/premio_boas_praticas_2024_administracao_01-300x225.jpeg 300w, https:\/\/sites.uel.br\/ser\/wp-content\/uploads\/2024\/08\/premio_boas_praticas_2024_administracao_01-1024x768.jpeg 1024w, https:\/\/sites.uel.br\/ser\/wp-content\/uploads\/2024\/08\/premio_boas_praticas_2024_administracao_01-768x576.jpeg 768w, https:\/\/sites.uel.br\/ser\/wp-content\/uploads\/2024\/08\/premio_boas_praticas_2024_administracao_01-1536x1152.jpeg 1536w, https:\/\/sites.uel.br\/ser\/wp-content\/uploads\/2024\/08\/premio_boas_praticas_2024_administracao_01-2048x1536.jpeg 2048w\" sizes=\"auto, (max-width: 2560px) 100vw, 2560px\" \/><\/figure>\n<\/div>\n\n<div class=\"wp-block-image\">\n<figure class=\"aligncenter size-full\"><img loading=\"lazy\" decoding=\"async\" width=\"1920\" height=\"2560\" src=\"https:\/\/sites.uel.br\/ser\/wp-content\/uploads\/2024\/08\/premio_boas_praticas_2024_administracao_02-scaled.jpeg\" alt=\"\" class=\"wp-image-7272\" srcset=\"https:\/\/sites.uel.br\/ser\/wp-content\/uploads\/2024\/08\/premio_boas_praticas_2024_administracao_02-scaled.jpeg 1920w, https:\/\/sites.uel.br\/ser\/wp-content\/uploads\/2024\/08\/premio_boas_praticas_2024_administracao_02-225x300.jpeg 225w, https:\/\/sites.uel.br\/ser\/wp-content\/uploads\/2024\/08\/premio_boas_praticas_2024_administracao_02-768x1024.jpeg 768w, https:\/\/sites.uel.br\/ser\/wp-content\/uploads\/2024\/08\/premio_boas_praticas_2024_administracao_02-1152x1536.jpeg 1152w, https:\/\/sites.uel.br\/ser\/wp-content\/uploads\/2024\/08\/premio_boas_praticas_2024_administracao_02-1536x2048.jpeg 1536w\" sizes=\"auto, (max-width: 1920px) 100vw, 1920px\" \/><\/figure>\n<\/div>\n\n<div class=\"wp-block-image\">\n<figure class=\"aligncenter size-full\"><img loading=\"lazy\" decoding=\"async\" width=\"1441\" height=\"2560\" src=\"https:\/\/sites.uel.br\/ser\/wp-content\/uploads\/2024\/08\/premio_boas_praticas_2024_administracao_03-scaled.jpg\" alt=\"\" class=\"wp-image-7274\" srcset=\"https:\/\/sites.uel.br\/ser\/wp-content\/uploads\/2024\/08\/premio_boas_praticas_2024_administracao_03-scaled.jpg 1441w, https:\/\/sites.uel.br\/ser\/wp-content\/uploads\/2024\/08\/premio_boas_praticas_2024_administracao_03-169x300.jpg 169w, https:\/\/sites.uel.br\/ser\/wp-content\/uploads\/2024\/08\/premio_boas_praticas_2024_administracao_03-577x1024.jpg 577w, https:\/\/sites.uel.br\/ser\/wp-content\/uploads\/2024\/08\/premio_boas_praticas_2024_administracao_03-768x1364.jpg 768w, https:\/\/sites.uel.br\/ser\/wp-content\/uploads\/2024\/08\/premio_boas_praticas_2024_administracao_03-865x1536.jpg 865w, https:\/\/sites.uel.br\/ser\/wp-content\/uploads\/2024\/08\/premio_boas_praticas_2024_administracao_03-1153x2048.jpg 1153w\" sizes=\"auto, (max-width: 1441px) 100vw, 1441px\" \/><\/figure>\n<\/div>\n\n<div class=\"wp-block-image\">\n<figure class=\"aligncenter size-full\"><img loading=\"lazy\" decoding=\"async\" width=\"1441\" height=\"2560\" src=\"https:\/\/sites.uel.br\/ser\/wp-content\/uploads\/2024\/08\/premio_boas_praticas_2024_administracao_04-scaled.jpg\" alt=\"\" class=\"wp-image-7275\" srcset=\"https:\/\/sites.uel.br\/ser\/wp-content\/uploads\/2024\/08\/premio_boas_praticas_2024_administracao_04-scaled.jpg 1441w, https:\/\/sites.uel.br\/ser\/wp-content\/uploads\/2024\/08\/premio_boas_praticas_2024_administracao_04-169x300.jpg 169w, https:\/\/sites.uel.br\/ser\/wp-content\/uploads\/2024\/08\/premio_boas_praticas_2024_administracao_04-577x1024.jpg 577w, https:\/\/sites.uel.br\/ser\/wp-content\/uploads\/2024\/08\/premio_boas_praticas_2024_administracao_04-768x1364.jpg 768w, https:\/\/sites.uel.br\/ser\/wp-content\/uploads\/2024\/08\/premio_boas_praticas_2024_administracao_04-865x1536.jpg 865w, https:\/\/sites.uel.br\/ser\/wp-content\/uploads\/2024\/08\/premio_boas_praticas_2024_administracao_04-1153x2048.jpg 1153w\" sizes=\"auto, (max-width: 1441px) 100vw, 1441px\" \/><\/figure>\n<\/div>\n\n<div class=\"wp-block-image\">\n<figure class=\"aligncenter size-full\"><img loading=\"lazy\" decoding=\"async\" width=\"1441\" height=\"2560\" src=\"https:\/\/sites.uel.br\/ser\/wp-content\/uploads\/2024\/08\/premio_boas_praticas_2024_administracao_05-scaled.jpg\" alt=\"\" class=\"wp-image-7276\" srcset=\"https:\/\/sites.uel.br\/ser\/wp-content\/uploads\/2024\/08\/premio_boas_praticas_2024_administracao_05-scaled.jpg 1441w, https:\/\/sites.uel.br\/ser\/wp-content\/uploads\/2024\/08\/premio_boas_praticas_2024_administracao_05-169x300.jpg 169w, https:\/\/sites.uel.br\/ser\/wp-content\/uploads\/2024\/08\/premio_boas_praticas_2024_administracao_05-577x1024.jpg 577w, https:\/\/sites.uel.br\/ser\/wp-content\/uploads\/2024\/08\/premio_boas_praticas_2024_administracao_05-768x1364.jpg 768w, https:\/\/sites.uel.br\/ser\/wp-content\/uploads\/2024\/08\/premio_boas_praticas_2024_administracao_05-865x1536.jpg 865w, https:\/\/sites.uel.br\/ser\/wp-content\/uploads\/2024\/08\/premio_boas_praticas_2024_administracao_05-1153x2048.jpg 1153w\" sizes=\"auto, (max-width: 1441px) 100vw, 1441px\" \/><\/figure>\n<\/div>\n\n<div class=\"wp-block-image\">\n<figure class=\"aligncenter size-full\"><img loading=\"lazy\" decoding=\"async\" width=\"1441\" height=\"2560\" src=\"https:\/\/sites.uel.br\/ser\/wp-content\/uploads\/2024\/08\/premio_boas_praticas_2024_administracao_06-scaled.jpg\" alt=\"\" class=\"wp-image-7293\" srcset=\"https:\/\/sites.uel.br\/ser\/wp-content\/uploads\/2024\/08\/premio_boas_praticas_2024_administracao_06-scaled.jpg 1441w, https:\/\/sites.uel.br\/ser\/wp-content\/uploads\/2024\/08\/premio_boas_praticas_2024_administracao_06-169x300.jpg 169w, https:\/\/sites.uel.br\/ser\/wp-content\/uploads\/2024\/08\/premio_boas_praticas_2024_administracao_06-577x1024.jpg 577w, https:\/\/sites.uel.br\/ser\/wp-content\/uploads\/2024\/08\/premio_boas_praticas_2024_administracao_06-768x1364.jpg 768w, https:\/\/sites.uel.br\/ser\/wp-content\/uploads\/2024\/08\/premio_boas_praticas_2024_administracao_06-865x1536.jpg 865w, https:\/\/sites.uel.br\/ser\/wp-content\/uploads\/2024\/08\/premio_boas_praticas_2024_administracao_06-1153x2048.jpg 1153w\" sizes=\"auto, (max-width: 1441px) 100vw, 1441px\" \/><\/figure>\n<\/div>\n\n<div class=\"wp-block-image\">\n<figure class=\"aligncenter size-full\"><img loading=\"lazy\" decoding=\"async\" width=\"2560\" height=\"1920\" src=\"https:\/\/sites.uel.br\/ser\/wp-content\/uploads\/2024\/08\/premio_boas_praticas_2024_administracao_07-scaled.jpg\" alt=\"\" class=\"wp-image-7280\" srcset=\"https:\/\/sites.uel.br\/ser\/wp-content\/uploads\/2024\/08\/premio_boas_praticas_2024_administracao_07-scaled.jpg 2560w, https:\/\/sites.uel.br\/ser\/wp-content\/uploads\/2024\/08\/premio_boas_praticas_2024_administracao_07-300x225.jpg 300w, https:\/\/sites.uel.br\/ser\/wp-content\/uploads\/2024\/08\/premio_boas_praticas_2024_administracao_07-1024x768.jpg 1024w, https:\/\/sites.uel.br\/ser\/wp-content\/uploads\/2024\/08\/premio_boas_praticas_2024_administracao_07-768x576.jpg 768w, https:\/\/sites.uel.br\/ser\/wp-content\/uploads\/2024\/08\/premio_boas_praticas_2024_administracao_07-1536x1152.jpg 1536w, https:\/\/sites.uel.br\/ser\/wp-content\/uploads\/2024\/08\/premio_boas_praticas_2024_administracao_07-2048x1536.jpg 2048w\" sizes=\"auto, (max-width: 2560px) 100vw, 2560px\" \/><\/figure>\n<\/div>\n\n\n<figure class=\"wp-block-image size-full\"><img loading=\"lazy\" decoding=\"async\" width=\"2560\" height=\"1441\" src=\"https:\/\/sites.uel.br\/ser\/wp-content\/uploads\/2024\/08\/premio_boas_praticas_2024_administracao_08-scaled.jpg\" alt=\"\" class=\"wp-image-7282\" srcset=\"https:\/\/sites.uel.br\/ser\/wp-content\/uploads\/2024\/08\/premio_boas_praticas_2024_administracao_08-scaled.jpg 2560w, https:\/\/sites.uel.br\/ser\/wp-content\/uploads\/2024\/08\/premio_boas_praticas_2024_administracao_08-300x169.jpg 300w, https:\/\/sites.uel.br\/ser\/wp-content\/uploads\/2024\/08\/premio_boas_praticas_2024_administracao_08-1024x577.jpg 1024w, https:\/\/sites.uel.br\/ser\/wp-content\/uploads\/2024\/08\/premio_boas_praticas_2024_administracao_08-768x432.jpg 768w, https:\/\/sites.uel.br\/ser\/wp-content\/uploads\/2024\/08\/premio_boas_praticas_2024_administracao_08-1536x865.jpg 1536w, https:\/\/sites.uel.br\/ser\/wp-content\/uploads\/2024\/08\/premio_boas_praticas_2024_administracao_08-2048x1153.jpg 2048w\" sizes=\"auto, (max-width: 2560px) 100vw, 2560px\" \/><\/figure>\n\n\n<div class=\"wp-block-image\">\n<figure class=\"aligncenter size-full\"><img loading=\"lazy\" decoding=\"async\" width=\"2560\" height=\"1920\" src=\"https:\/\/sites.uel.br\/ser\/wp-content\/uploads\/2024\/08\/premio_boas_praticas_2024_administracao_09-scaled.jpeg\" alt=\"\" class=\"wp-image-7283\" srcset=\"https:\/\/sites.uel.br\/ser\/wp-content\/uploads\/2024\/08\/premio_boas_praticas_2024_administracao_09-scaled.jpeg 2560w, https:\/\/sites.uel.br\/ser\/wp-content\/uploads\/2024\/08\/premio_boas_praticas_2024_administracao_09-300x225.jpeg 300w, https:\/\/sites.uel.br\/ser\/wp-content\/uploads\/2024\/08\/premio_boas_praticas_2024_administracao_09-1024x768.jpeg 1024w, https:\/\/sites.uel.br\/ser\/wp-content\/uploads\/2024\/08\/premio_boas_praticas_2024_administracao_09-768x576.jpeg 768w, https:\/\/sites.uel.br\/ser\/wp-content\/uploads\/2024\/08\/premio_boas_praticas_2024_administracao_09-1536x1152.jpeg 1536w, https:\/\/sites.uel.br\/ser\/wp-content\/uploads\/2024\/08\/premio_boas_praticas_2024_administracao_09-2048x1536.jpeg 2048w\" sizes=\"auto, (max-width: 2560px) 100vw, 2560px\" \/><\/figure>\n<\/div>\n\n<div class=\"wp-block-image\">\n<figure class=\"aligncenter size-full\"><img loading=\"lazy\" decoding=\"async\" width=\"1441\" height=\"2560\" src=\"https:\/\/sites.uel.br\/ser\/wp-content\/uploads\/2024\/08\/premio_boas_praticas_2024_administracao_10-scaled.jpg\" alt=\"\" class=\"wp-image-7295\" srcset=\"https:\/\/sites.uel.br\/ser\/wp-content\/uploads\/2024\/08\/premio_boas_praticas_2024_administracao_10-scaled.jpg 1441w, https:\/\/sites.uel.br\/ser\/wp-content\/uploads\/2024\/08\/premio_boas_praticas_2024_administracao_10-169x300.jpg 169w, https:\/\/sites.uel.br\/ser\/wp-content\/uploads\/2024\/08\/premio_boas_praticas_2024_administracao_10-577x1024.jpg 577w, https:\/\/sites.uel.br\/ser\/wp-content\/uploads\/2024\/08\/premio_boas_praticas_2024_administracao_10-768x1364.jpg 768w, https:\/\/sites.uel.br\/ser\/wp-content\/uploads\/2024\/08\/premio_boas_praticas_2024_administracao_10-865x1536.jpg 865w, https:\/\/sites.uel.br\/ser\/wp-content\/uploads\/2024\/08\/premio_boas_praticas_2024_administracao_10-1153x2048.jpg 1153w\" sizes=\"auto, (max-width: 1441px) 100vw, 1441px\" \/><\/figure>\n<\/div>\n\n<div class=\"wp-block-image\">\n<figure class=\"aligncenter size-full\"><img loading=\"lazy\" decoding=\"async\" width=\"1441\" height=\"2560\" src=\"https:\/\/sites.uel.br\/ser\/wp-content\/uploads\/2024\/08\/premio_boas_praticas_2024_administracao_11-scaled.jpg\" alt=\"\" class=\"wp-image-7286\" srcset=\"https:\/\/sites.uel.br\/ser\/wp-content\/uploads\/2024\/08\/premio_boas_praticas_2024_administracao_11-scaled.jpg 1441w, https:\/\/sites.uel.br\/ser\/wp-content\/uploads\/2024\/08\/premio_boas_praticas_2024_administracao_11-169x300.jpg 169w, https:\/\/sites.uel.br\/ser\/wp-content\/uploads\/2024\/08\/premio_boas_praticas_2024_administracao_11-577x1024.jpg 577w, https:\/\/sites.uel.br\/ser\/wp-content\/uploads\/2024\/08\/premio_boas_praticas_2024_administracao_11-768x1364.jpg 768w, https:\/\/sites.uel.br\/ser\/wp-content\/uploads\/2024\/08\/premio_boas_praticas_2024_administracao_11-865x1536.jpg 865w, https:\/\/sites.uel.br\/ser\/wp-content\/uploads\/2024\/08\/premio_boas_praticas_2024_administracao_11-1153x2048.jpg 1153w\" sizes=\"auto, (max-width: 1441px) 100vw, 1441px\" \/><\/figure>\n<\/div>\n\n<div class=\"wp-block-image\">\n<figure class=\"aligncenter size-full\"><img loading=\"lazy\" decoding=\"async\" width=\"1441\" height=\"2560\" src=\"https:\/\/sites.uel.br\/ser\/wp-content\/uploads\/2024\/08\/premio_boas_praticas_2024_administracao_12-scaled.jpg\" alt=\"\" class=\"wp-image-7289\" srcset=\"https:\/\/sites.uel.br\/ser\/wp-content\/uploads\/2024\/08\/premio_boas_praticas_2024_administracao_12-scaled.jpg 1441w, https:\/\/sites.uel.br\/ser\/wp-content\/uploads\/2024\/08\/premio_boas_praticas_2024_administracao_12-169x300.jpg 169w, https:\/\/sites.uel.br\/ser\/wp-content\/uploads\/2024\/08\/premio_boas_praticas_2024_administracao_12-577x1024.jpg 577w, https:\/\/sites.uel.br\/ser\/wp-content\/uploads\/2024\/08\/premio_boas_praticas_2024_administracao_12-768x1364.jpg 768w, https:\/\/sites.uel.br\/ser\/wp-content\/uploads\/2024\/08\/premio_boas_praticas_2024_administracao_12-865x1536.jpg 865w, https:\/\/sites.uel.br\/ser\/wp-content\/uploads\/2024\/08\/premio_boas_praticas_2024_administracao_12-1153x2048.jpg 1153w\" sizes=\"auto, (max-width: 1441px) 100vw, 1441px\" \/><\/figure>\n<\/div>\n\n<div class=\"wp-block-image\">\n<figure class=\"aligncenter size-full\"><img loading=\"lazy\" decoding=\"async\" width=\"1920\" height=\"2560\" src=\"https:\/\/sites.uel.br\/ser\/wp-content\/uploads\/2024\/08\/premio_boas_praticas_2024_administracao_13-scaled.jpeg\" alt=\"\" class=\"wp-image-7290\" srcset=\"https:\/\/sites.uel.br\/ser\/wp-content\/uploads\/2024\/08\/premio_boas_praticas_2024_administracao_13-scaled.jpeg 1920w, https:\/\/sites.uel.br\/ser\/wp-content\/uploads\/2024\/08\/premio_boas_praticas_2024_administracao_13-225x300.jpeg 225w, https:\/\/sites.uel.br\/ser\/wp-content\/uploads\/2024\/08\/premio_boas_praticas_2024_administracao_13-768x1024.jpeg 768w, https:\/\/sites.uel.br\/ser\/wp-content\/uploads\/2024\/08\/premio_boas_praticas_2024_administracao_13-1152x1536.jpeg 1152w, https:\/\/sites.uel.br\/ser\/wp-content\/uploads\/2024\/08\/premio_boas_praticas_2024_administracao_13-1536x2048.jpeg 1536w\" sizes=\"auto, (max-width: 1920px) 100vw, 1920px\" \/><\/figure>\n<\/div>\n\n<div class=\"wp-block-image\">\n<figure class=\"aligncenter size-full\"><img loading=\"lazy\" decoding=\"async\" width=\"2560\" height=\"1441\" src=\"https:\/\/sites.uel.br\/ser\/wp-content\/uploads\/2024\/08\/premio_boas_praticas_2024_administracao_14-scaled.jpg\" alt=\"\" class=\"wp-image-7291\" srcset=\"https:\/\/sites.uel.br\/ser\/wp-content\/uploads\/2024\/08\/premio_boas_praticas_2024_administracao_14-scaled.jpg 2560w, https:\/\/sites.uel.br\/ser\/wp-content\/uploads\/2024\/08\/premio_boas_praticas_2024_administracao_14-300x169.jpg 300w, https:\/\/sites.uel.br\/ser\/wp-content\/uploads\/2024\/08\/premio_boas_praticas_2024_administracao_14-1024x577.jpg 1024w, https:\/\/sites.uel.br\/ser\/wp-content\/uploads\/2024\/08\/premio_boas_praticas_2024_administracao_14-768x432.jpg 768w, https:\/\/sites.uel.br\/ser\/wp-content\/uploads\/2024\/08\/premio_boas_praticas_2024_administracao_14-1536x865.jpg 1536w, https:\/\/sites.uel.br\/ser\/wp-content\/uploads\/2024\/08\/premio_boas_praticas_2024_administracao_14-2048x1153.jpg 2048w\" sizes=\"auto, (max-width: 2560px) 100vw, 2560px\" \/><\/figure>\n<\/div>\n\n\n<hr class=\"wp-block-separator has-text-color has-cinza-color has-css-opacity has-cinza-background-color has-background is-style-wide\" \/>\n\n\n\n<p><strong>ESTUDANTES PARTICIPANTES<\/strong><\/p>\n\n\n\n<p>ALCEB\u00cdADES DE ALMEIDA JUNIOR<br>ALEX COSTA DE ARAUJO<br>ANA CLARA GON\u00c7ALVES O. DE CARVALHO<br>ANA GABRIELLY DOS SANTOS BERNARDO<br>ANTONIO ANGELO VANZO FILHO<br>AROLDO AUGUSTO RIBAS DOS SANTOS<br>BEATRIZ PIRES DOS SANTOS<br>BRUNA GABRIELI MOREIRA BARBOSA<br>CLEBER GABRIEL CALDEIRA MAIA<br>EMANUEL VICTOR BUENO DA SILVA<br>EVELIN SMOLAK SOBIESKI E SILVA<br>FELIPE VELOZO DE FARIA<br>GABRIEL HENRIQUE GUEBARA<br>GEOVANA CARVALHO SERRA<br>GLADYS CAMPOS SANTOS<br>GUILHERME ALVES VITTORELLO<br>GUILHERME GODOY DIAS CHILES<br>HELO\u00cdSA SIM\u00c3O<br>HELO\u00cdSA SIMONI<br>HENRIQUE SALLES FERRO<br>ISADORA RODRIGUES DA SILVA, LAURA GOMES<br>JEAN CARLO DE MOURA ALVES PEREIRA<br>JO\u00c3O EMILIO CASTELLINI DA COSTA<br>JO\u00c3O VICTOR DE BRITO GARDIN<br>JORGE ALBERTO DE SOUZA CARLOTO<br>J\u00daLIA PEREIRA GON\u00c7ALVES<br>JULIANA ROSSANEZI TORRES DOS SANTOS<br>KARLA KASSYANE DOS SANTOS SOUZA<br>LEONARDO MARCONDES BARRONE<br>LUCAS TONON MIRANDA<br>MARCELA CAETANO MOREIRA<br>MARIANA SUENSON SALES<br>MATHEUS HENRIQUE FAGUNDES HUNGARO<br>MATHEUS HENRIQUE MENDES DOS SANTOS<br>MIGUEL MARQUEZ FAVORETTO<br>NAT\u00c1LIA STACHOLSKI DA COSTA<br>NATH\u00c1LIA FASSULA VENANCIO<br>NICOLY STERZA<br>NOEMI FRAN\u00c7A DOS SANTOS<br>PAMELA HELO\u00cdSA MARIA<br>PEDRO FIORI GROTTI<br>PEDRO MARTINS MOLINA<br>RAFAEL LEMBI DE OLIVEIRA<br>RODRIGO EUGENIO FERREIRA<br>TALITA MAYUMI NUMATA<br>VICTOR HUGO LOPES SOARES<br>VIN\u00cdCIUS GABRIEL CARVALHO DA SILVA<\/p>\n\n\n\n<div style=\"height:20px\" aria-hidden=\"true\" class=\"wp-block-spacer\"><\/div>\n\n\n\n<p><strong>DOCENTES PARTICIPANTES<\/strong><\/p>\n\n\n\n<p>EDUARDO AUGUSTO DO ROS\u00c1RIO CONTANI<br>THAIS ACCIOLY BACCARO<\/p>\n","protected":false},"excerpt":{"rendered":"<p>Cursos Inscritos Premiados 2024 Administra\u00e7\u00e3o Resumo da A\u00e7\u00e3o: Foi realizado arrecada\u00e7\u00e3o de materiais de limpeza, higiene pessoal, roupas, cobertores etc, para o Centro Social Dom Bosco, na cidade de Camb\u00e9. O principal trabalho do Centro Social Dom Bosco se d\u00e1 na forma\u00e7\u00e3o e capacita\u00e7\u00e3o profissional, tendo como objetivo promover o bem-estar humano de crian\u00e7as e [&hellip;]<\/p>\n","protected":false},"author":8,"featured_media":0,"parent":0,"menu_order":0,"comment_status":"closed","ping_status":"closed","template":"","meta":{"_acf_changed":false,"_themeisle_gutenberg_block_has_review":false,"footnotes":""},"class_list":["post-7043","page","type-page","status-publish","hentry"],"acf":[],"_links":{"self":[{"href":"https:\/\/sites.uel.br\/ser\/wp-json\/wp\/v2\/pages\/7043","targetHints":{"allow":["GET"]}}],"collection":[{"href":"https:\/\/sites.uel.br\/ser\/wp-json\/wp\/v2\/pages"}],"about":[{"href":"https:\/\/sites.uel.br\/ser\/wp-json\/wp\/v2\/types\/page"}],"author":[{"embeddable":true,"href":"https:\/\/sites.uel.br\/ser\/wp-json\/wp\/v2\/users\/8"}],"replies":[{"embeddable":true,"href":"https:\/\/sites.uel.br\/ser\/wp-json\/wp\/v2\/comments?post=7043"}],"version-history":[{"count":25,"href":"https:\/\/sites.uel.br\/ser\/wp-json\/wp\/v2\/pages\/7043\/revisions"}],"predecessor-version":[{"id":7395,"href":"https:\/\/sites.uel.br\/ser\/wp-json\/wp\/v2\/pages\/7043\/revisions\/7395"}],"wp:attachment":[{"href":"https:\/\/sites.uel.br\/ser\/wp-json\/wp\/v2\/media?parent=7043"}],"curies":[{"name":"wp","href":"https:\/\/api.w.org\/{rel}","templated":true}]}}