{"id":6821,"date":"2024-06-11T10:42:04","date_gmt":"2024-06-11T13:42:04","guid":{"rendered":"https:\/\/sites.uel.br\/ser\/?page_id=6821"},"modified":"2024-06-13T11:19:11","modified_gmt":"2024-06-13T14:19:11","slug":"outros-eventos-apresentacao-osuel","status":"publish","type":"page","link":"https:\/\/sites.uel.br\/ser\/outros-eventos-apresentacao-osuel\/","title":{"rendered":"Outros Eventos (Apresenta\u00e7\u00e3o OSUEL)"},"content":{"rendered":"\n<hr class=\"wp-block-separator has-alpha-channel-opacity is-style-wide\" \/>\n\n\n\n<figure class=\"wp-block-image size-full\"><img decoding=\"async\" src=\"https:\/\/sites.uel.br\/ser\/wp-content\/uploads\/2024\/06\/site-ser.png\" alt=\"\" class=\"wp-image-6163\" \/><\/figure>\n\n\n\n<figure class=\"wp-block-image size-full\"><img loading=\"lazy\" decoding=\"async\" width=\"1200\" height=\"628\" src=\"https:\/\/sites.uel.br\/ser\/wp-content\/uploads\/2024\/06\/osuel-fb-1-compressed.jpg\" alt=\"\" class=\"wp-image-6822\" srcset=\"https:\/\/sites.uel.br\/ser\/wp-content\/uploads\/2024\/06\/osuel-fb-1-compressed.jpg 1200w, https:\/\/sites.uel.br\/ser\/wp-content\/uploads\/2024\/06\/osuel-fb-1-compressed-300x157.jpg 300w, https:\/\/sites.uel.br\/ser\/wp-content\/uploads\/2024\/06\/osuel-fb-1-compressed-1024x536.jpg 1024w, https:\/\/sites.uel.br\/ser\/wp-content\/uploads\/2024\/06\/osuel-fb-1-compressed-768x402.jpg 768w\" sizes=\"auto, (max-width: 1200px) 100vw, 1200px\" \/><figcaption class=\"wp-element-caption\">Foto: Perobal UEL<\/figcaption><\/figure>\n\n\n\n<p>A Orquestra Sinf\u00f4nica da Universidade Estadual de Londrina, primeira orquestra sinf\u00f4nica do Paran\u00e1, foi criada oficialmente em 14 de mar\u00e7o de 1984, na gest\u00e3o do Reitor Dr. Marco Antonio Fiori, tendo como objetivos: interpretar e difundir o repert\u00f3rio sinf\u00f4nico tradicional e contempor\u00e2neo com \u00eanfase na m\u00fasica brasileira; dar suporte \u00e0s atividades acad\u00eamicas dos cursos ligados \u00e0 \u00e1rea de m\u00fasica, atrav\u00e9s de integra\u00e7\u00e3o com o ensino, pesquisa e extens\u00e3o. A Orquestra \u00e9 uma entidade cultural que visa estimular a aprecia\u00e7\u00e3o musical da popula\u00e7\u00e3o a ponto de possibilitar aos cidad\u00e3os ferramentas para que os mesmos ampliem o seu repert\u00f3rio musical hist\u00f3rico assim como possam formular uma opini\u00e3o cr\u00edtica sobre as mais diversas manifesta\u00e7\u00f5es est\u00e9ticas ao longo da hist\u00f3ria da m\u00fasica ocidental.<br><br>A OSUEL \u00e9 formada por m\u00fasicos profissionais contratados mediante concurso p\u00fablico e a incumb\u00eancia de iniciar este trabalho coube ao Maestro Oth\u00f4nio Benvenuto, que j\u00e1 em 1978 realizava as primeiras experi\u00eancias com um pequeno grupamento instrumental intitulado \u201cConjunto M\u00fasica\u201d, que aos poucos foi crescendo e atuando junto ao Coral da UEL.<\/p>\n\n\n\n<p>Sucedendo ao trabalho pioneiro do maestro Benvenuto, a OSUEL foi dirigida pelos maestros: Jos\u00e9 Eduardo Gramani, Cl\u00e1udia Feres, Norton Morozowicz, Evgueni Ratchev, Wagner Polistchuk, Martin Tuksa, Henrique Vieira e Elena Herrera (Cuba &#8211; Brasil). Atualmente \u00e9 dirigida pelo maestro Maurizio Colasanti (It\u00e1lia \u2013 Brasil).<br><br>Paralelamente aos concertos de gala, apresenta os \u201cConcertos Did\u00e1ticos\u201d, projeto educacional com o objetivo de, atrav\u00e9s de aulas-concertos, contribuir para a forma\u00e7\u00e3o cultural de estudantes da rede de ensino, a partir do conhecimento da estrutura e composi\u00e7\u00e3o de uma orquestra sinf\u00f4nica, isto \u00e9, seus instrumentos e a import\u00e2ncia de cada um no conjunto orquestral. A OSUEL busca, desta forma, despertar o interesse pela m\u00fasica de concerto, estimulando o p\u00fablico a refletir e a desenvolver o h\u00e1bito da escuta cr\u00edtica bem como o papel da m\u00fasica na sociedade contempor\u00e2nea.<br><br>Em 1999, a OSUEL gravou o primeiro CD e no final de 2000 realizou a grava\u00e7\u00e3o ao vivo em concerto da \u2018Temporada Ouro Verde\u2019 do segundo CD intitulado Compositores Brasileiros.<\/p>\n\n\n\n<p>Em outubro de 2003, recebeu a \u201cComenda Ouro Verde\u201d, homenagem prestada pela C\u00e2mara Municipal de Londrina.<\/p>\n\n\n\n<hr class=\"wp-block-separator has-text-color has-cinza-color has-css-opacity has-cinza-background-color has-background is-style-wide\" \/>\n\n\n\n<p><strong>Servi\u00e7o:<\/strong><\/p>\n\n\n\n<p><strong>Dia:<\/strong> 25 de junho de 2024 (ter\u00e7a-feira)<br><strong>Hor\u00e1rios:<\/strong> 12h e 18:30h<br><strong>Local:<\/strong> Restaurante Universit\u00e1rio (RU)<br><strong>Realiza\u00e7\u00e3o:<\/strong> R\u00e1dio UEL<br><a href=\"https:\/\/www.instagram.com\/sinfonicauel\/\" target=\"_blank\" rel=\"noreferrer noopener\">Mais sobre a OSUEL<\/a><\/p>\n","protected":false},"excerpt":{"rendered":"<p>A Orquestra Sinf\u00f4nica da Universidade Estadual de Londrina, primeira orquestra sinf\u00f4nica do Paran\u00e1, foi criada oficialmente em 14 de mar\u00e7o de 1984, na gest\u00e3o do Reitor Dr. Marco Antonio Fiori, tendo como objetivos: interpretar e difundir o repert\u00f3rio sinf\u00f4nico tradicional e contempor\u00e2neo com \u00eanfase na m\u00fasica brasileira; dar suporte \u00e0s atividades acad\u00eamicas dos cursos ligados [&hellip;]<\/p>\n","protected":false},"author":8,"featured_media":0,"parent":0,"menu_order":0,"comment_status":"closed","ping_status":"closed","template":"","meta":{"_acf_changed":false,"_themeisle_gutenberg_block_has_review":false,"footnotes":""},"class_list":["post-6821","page","type-page","status-publish","hentry"],"acf":[],"_links":{"self":[{"href":"https:\/\/sites.uel.br\/ser\/wp-json\/wp\/v2\/pages\/6821","targetHints":{"allow":["GET"]}}],"collection":[{"href":"https:\/\/sites.uel.br\/ser\/wp-json\/wp\/v2\/pages"}],"about":[{"href":"https:\/\/sites.uel.br\/ser\/wp-json\/wp\/v2\/types\/page"}],"author":[{"embeddable":true,"href":"https:\/\/sites.uel.br\/ser\/wp-json\/wp\/v2\/users\/8"}],"replies":[{"embeddable":true,"href":"https:\/\/sites.uel.br\/ser\/wp-json\/wp\/v2\/comments?post=6821"}],"version-history":[{"count":6,"href":"https:\/\/sites.uel.br\/ser\/wp-json\/wp\/v2\/pages\/6821\/revisions"}],"predecessor-version":[{"id":6937,"href":"https:\/\/sites.uel.br\/ser\/wp-json\/wp\/v2\/pages\/6821\/revisions\/6937"}],"wp:attachment":[{"href":"https:\/\/sites.uel.br\/ser\/wp-json\/wp\/v2\/media?parent=6821"}],"curies":[{"name":"wp","href":"https:\/\/api.w.org\/{rel}","templated":true}]}}