{"id":6714,"date":"2024-06-10T15:33:32","date_gmt":"2024-06-10T18:33:32","guid":{"rendered":"https:\/\/sites.uel.br\/ser\/?page_id=6714"},"modified":"2024-06-20T07:16:23","modified_gmt":"2024-06-20T10:16:23","slug":"outros-eventos-cartas-para-nitis","status":"publish","type":"page","link":"https:\/\/sites.uel.br\/ser\/outros-eventos-cartas-para-nitis\/","title":{"rendered":"Outros Eventos (&#8220;Cartas para Nitis&#8221;)"},"content":{"rendered":"\n<hr class=\"wp-block-separator has-alpha-channel-opacity is-style-wide\" \/>\n\n\n\n<figure class=\"wp-block-image size-full\"><img decoding=\"async\" src=\"https:\/\/sites.uel.br\/ser\/wp-content\/uploads\/2024\/06\/site-ser.png\" alt=\"\" class=\"wp-image-6163\" \/><\/figure>\n\n\n\n<div style=\"height:20px\" aria-hidden=\"true\" class=\"wp-block-spacer\"><\/div>\n\n\n\n<p class=\"has-text-align-center\"><strong>\u201cCARTAS PARA NITIS\u201d<\/strong><\/p>\n\n\n\n<p class=\"has-text-align-center\"><strong>(Mostra de teatro em homenagem a Nitis Jacon)<\/strong><\/p>\n\n\n\n<p class=\"has-text-align-center\"><strong>Realiza\u00e7\u00e3o: Casa de Cultura, Divis\u00e3o de Artes C\u00eanicas e Curso de Artes C\u00eanicas da UEL<\/strong><\/p>\n\n\n\n<div style=\"height:20px\" aria-hidden=\"true\" class=\"wp-block-spacer\"><\/div>\n\n\n\n<p class=\"has-text-align-center\"><em>Um evento planejado em conjunto com a Casa de Cultura e o colegiado de Artes C\u00eanicas, em homenagem a Nitis Jacon, ex-professora da UEL, idealizadora e realizadora do FILO (Festival Internacional de Londrina<\/em>) <em>e fundadora da Casa de Cultura da nossa Universidade, falecida em dezembro de 2023<\/em><\/p>\n\n\n<div class=\"wp-block-image\">\n<figure class=\"aligncenter size-full\"><img loading=\"lazy\" decoding=\"async\" width=\"1142\" height=\"1600\" src=\"https:\/\/sites.uel.br\/ser\/wp-content\/uploads\/2024\/06\/banner_cartas_nitis.jpeg\" alt=\"\" class=\"wp-image-6971\" srcset=\"https:\/\/sites.uel.br\/ser\/wp-content\/uploads\/2024\/06\/banner_cartas_nitis.jpeg 1142w, https:\/\/sites.uel.br\/ser\/wp-content\/uploads\/2024\/06\/banner_cartas_nitis-214x300.jpeg 214w, https:\/\/sites.uel.br\/ser\/wp-content\/uploads\/2024\/06\/banner_cartas_nitis-731x1024.jpeg 731w, https:\/\/sites.uel.br\/ser\/wp-content\/uploads\/2024\/06\/banner_cartas_nitis-768x1076.jpeg 768w, https:\/\/sites.uel.br\/ser\/wp-content\/uploads\/2024\/06\/banner_cartas_nitis-1096x1536.jpeg 1096w\" sizes=\"auto, (max-width: 1142px) 100vw, 1142px\" \/><figcaption class=\"wp-element-caption\">Arte: Divulga\u00e7\u00e3o<\/figcaption><\/figure>\n<\/div>\n\n<div class=\"wp-block-image\">\n<figure class=\"aligncenter size-full\"><img loading=\"lazy\" decoding=\"async\" width=\"1066\" height=\"1600\" src=\"https:\/\/sites.uel.br\/ser\/wp-content\/uploads\/2024\/06\/cartas_nitis_programacao.jpg\" alt=\"\" class=\"wp-image-6984\" srcset=\"https:\/\/sites.uel.br\/ser\/wp-content\/uploads\/2024\/06\/cartas_nitis_programacao.jpg 1066w, https:\/\/sites.uel.br\/ser\/wp-content\/uploads\/2024\/06\/cartas_nitis_programacao-200x300.jpg 200w, https:\/\/sites.uel.br\/ser\/wp-content\/uploads\/2024\/06\/cartas_nitis_programacao-682x1024.jpg 682w, https:\/\/sites.uel.br\/ser\/wp-content\/uploads\/2024\/06\/cartas_nitis_programacao-768x1153.jpg 768w, https:\/\/sites.uel.br\/ser\/wp-content\/uploads\/2024\/06\/cartas_nitis_programacao-1023x1536.jpg 1023w\" sizes=\"auto, (max-width: 1066px) 100vw, 1066px\" \/><figcaption class=\"wp-element-caption\">Arte: Divulga\u00e7\u00e3o<\/figcaption><\/figure>\n<\/div>\n\n\n<hr class=\"wp-block-separator has-text-color has-cinza-color has-css-opacity has-cinza-background-color has-background is-style-wide\" \/>\n\n\n\n<p><strong>Servi\u00e7o:<\/strong><\/p>\n\n\n\n<p><strong>Per\u00edodo:<\/strong> 20 a 23 de junho de 2024<br><strong>Local:<\/strong> Divis\u00e3o de Artes C\u00eanicas da Casa de Cultura (DAC) \/ Cine Teatro Ouro Verde<br><strong>Realiza\u00e7\u00e3o:<\/strong> Casa de Cultura, Divis\u00e3o de Artes C\u00eanicas e Curso de Artes C\u00eanicas da UEL<br><strong>Ingressos:<\/strong> &nbsp;Entrada gratuita (ingressos ser\u00e3o distribu\u00eddos uma hora antes do in\u00edcio dos espet\u00e1culos, no local das apresenta\u00e7\u00f5es)<\/p>\n","protected":false},"excerpt":{"rendered":"<p>\u201cCARTAS PARA NITIS\u201d (Mostra de teatro em homenagem a Nitis Jacon) Realiza\u00e7\u00e3o: Casa de Cultura, Divis\u00e3o de Artes C\u00eanicas e Curso de Artes C\u00eanicas da UEL Um evento planejado em conjunto com a Casa de Cultura e o colegiado de Artes C\u00eanicas, em homenagem a Nitis Jacon, ex-professora da UEL, idealizadora e realizadora do FILO [&hellip;]<\/p>\n","protected":false},"author":8,"featured_media":0,"parent":0,"menu_order":0,"comment_status":"closed","ping_status":"closed","template":"","meta":{"_acf_changed":false,"_themeisle_gutenberg_block_has_review":false,"footnotes":""},"class_list":["post-6714","page","type-page","status-publish","hentry"],"acf":[],"_links":{"self":[{"href":"https:\/\/sites.uel.br\/ser\/wp-json\/wp\/v2\/pages\/6714","targetHints":{"allow":["GET"]}}],"collection":[{"href":"https:\/\/sites.uel.br\/ser\/wp-json\/wp\/v2\/pages"}],"about":[{"href":"https:\/\/sites.uel.br\/ser\/wp-json\/wp\/v2\/types\/page"}],"author":[{"embeddable":true,"href":"https:\/\/sites.uel.br\/ser\/wp-json\/wp\/v2\/users\/8"}],"replies":[{"embeddable":true,"href":"https:\/\/sites.uel.br\/ser\/wp-json\/wp\/v2\/comments?post=6714"}],"version-history":[{"count":27,"href":"https:\/\/sites.uel.br\/ser\/wp-json\/wp\/v2\/pages\/6714\/revisions"}],"predecessor-version":[{"id":7005,"href":"https:\/\/sites.uel.br\/ser\/wp-json\/wp\/v2\/pages\/6714\/revisions\/7005"}],"wp:attachment":[{"href":"https:\/\/sites.uel.br\/ser\/wp-json\/wp\/v2\/media?parent=6714"}],"curies":[{"name":"wp","href":"https:\/\/api.w.org\/{rel}","templated":true}]}}