{"id":6694,"date":"2024-06-10T15:00:54","date_gmt":"2024-06-10T18:00:54","guid":{"rendered":"https:\/\/sites.uel.br\/ser\/?page_id=6694"},"modified":"2025-03-13T14:32:00","modified_gmt":"2025-03-13T17:32:00","slug":"prograd","status":"publish","type":"page","link":"https:\/\/sites.uel.br\/ser\/prograd\/","title":{"rendered":"PROGRAD"},"content":{"rendered":"\n<hr class=\"wp-block-separator has-alpha-channel-opacity is-style-wide\" \/>\n\n\n<div class=\"wp-block-image\">\n<figure class=\"aligncenter size-full\"><img loading=\"lazy\" decoding=\"async\" width=\"1279\" height=\"510\" src=\"https:\/\/sites.uel.br\/ser\/wp-content\/uploads\/2025\/03\/topo_ser_uel_2025.png\" alt=\"\" class=\"wp-image-7631\" srcset=\"https:\/\/sites.uel.br\/ser\/wp-content\/uploads\/2025\/03\/topo_ser_uel_2025.png 1279w, https:\/\/sites.uel.br\/ser\/wp-content\/uploads\/2025\/03\/topo_ser_uel_2025-300x120.png 300w, https:\/\/sites.uel.br\/ser\/wp-content\/uploads\/2025\/03\/topo_ser_uel_2025-1024x408.png 1024w, https:\/\/sites.uel.br\/ser\/wp-content\/uploads\/2025\/03\/topo_ser_uel_2025-768x306.png 768w\" sizes=\"auto, (max-width: 1279px) 100vw, 1279px\" \/><\/figure>\n<\/div>\n\n\n<p>A Pr\u00f3-Reitoria de Gradua\u00e7\u00e3o (PROGRAD) \u00e9 o \u00f3rg\u00e3o que planeja, executa e coordena as atividades acad\u00eamicas, atividades relativas a projetos de pesquisa em ensino, atividades referentes ao registro de diplomas e as pol\u00edticas de gradua\u00e7\u00e3o da Universidade.<\/p>\n\n\n\n<p>\u00c9 respons\u00e1vel tamb\u00e9m pelo assessoramento e gerenciamento acad\u00eamico de todos os Cursos de Gradua\u00e7\u00e3o, incluindo os cursos presenciais e Educa\u00e7\u00e3o a Dist\u00e2ncia (EaD). Esse gerenciamento implica a efetiva\u00e7\u00e3o das matr\u00edculas dos estudantes pelas v\u00e1rias formas de ingresso, acompanhamento acad\u00eamico e pedag\u00f3gico, durante toda a sua trajet\u00f3ria na gradua\u00e7\u00e3o e posteriormente como egresso.<\/p>\n\n\n\n<p><a href=\"https:\/\/sites.uel.br\/prograd\/\" target=\"_blank\" rel=\"noreferrer noopener\"><strong>Saiba mais sobre a Prograd.<\/strong><\/a><\/p>\n","protected":false},"excerpt":{"rendered":"<p>A Pr\u00f3-Reitoria de Gradua\u00e7\u00e3o (PROGRAD) \u00e9 o \u00f3rg\u00e3o que planeja, executa e coordena as atividades acad\u00eamicas, atividades relativas a projetos de pesquisa em ensino, atividades referentes ao registro de diplomas e as pol\u00edticas de gradua\u00e7\u00e3o da Universidade. \u00c9 respons\u00e1vel tamb\u00e9m pelo assessoramento e gerenciamento acad\u00eamico de todos os Cursos de Gradua\u00e7\u00e3o, incluindo os cursos presenciais [&hellip;]<\/p>\n","protected":false},"author":8,"featured_media":0,"parent":0,"menu_order":0,"comment_status":"closed","ping_status":"closed","template":"","meta":{"_acf_changed":false,"_themeisle_gutenberg_block_has_review":false,"footnotes":""},"class_list":["post-6694","page","type-page","status-publish","hentry"],"acf":[],"_links":{"self":[{"href":"https:\/\/sites.uel.br\/ser\/wp-json\/wp\/v2\/pages\/6694","targetHints":{"allow":["GET"]}}],"collection":[{"href":"https:\/\/sites.uel.br\/ser\/wp-json\/wp\/v2\/pages"}],"about":[{"href":"https:\/\/sites.uel.br\/ser\/wp-json\/wp\/v2\/types\/page"}],"author":[{"embeddable":true,"href":"https:\/\/sites.uel.br\/ser\/wp-json\/wp\/v2\/users\/8"}],"replies":[{"embeddable":true,"href":"https:\/\/sites.uel.br\/ser\/wp-json\/wp\/v2\/comments?post=6694"}],"version-history":[{"count":4,"href":"https:\/\/sites.uel.br\/ser\/wp-json\/wp\/v2\/pages\/6694\/revisions"}],"predecessor-version":[{"id":8071,"href":"https:\/\/sites.uel.br\/ser\/wp-json\/wp\/v2\/pages\/6694\/revisions\/8071"}],"wp:attachment":[{"href":"https:\/\/sites.uel.br\/ser\/wp-json\/wp\/v2\/media?parent=6694"}],"curies":[{"name":"wp","href":"https:\/\/api.w.org\/{rel}","templated":true}]}}