{"id":6684,"date":"2024-06-10T14:51:48","date_gmt":"2024-06-10T17:51:48","guid":{"rendered":"https:\/\/sites.uel.br\/ser\/?page_id=6684"},"modified":"2025-03-13T14:32:04","modified_gmt":"2025-03-13T17:32:04","slug":"tutoriais","status":"publish","type":"page","link":"https:\/\/sites.uel.br\/ser\/tutoriais\/","title":{"rendered":"Tutoriais"},"content":{"rendered":"\n<hr class=\"wp-block-separator has-alpha-channel-opacity is-style-wide\" \/>\n\n\n<div class=\"wp-block-image\">\n<figure class=\"aligncenter size-full\"><img loading=\"lazy\" decoding=\"async\" width=\"1279\" height=\"510\" src=\"https:\/\/sites.uel.br\/ser\/wp-content\/uploads\/2025\/03\/topo_ser_uel_2025.png\" alt=\"\" class=\"wp-image-7631\" srcset=\"https:\/\/sites.uel.br\/ser\/wp-content\/uploads\/2025\/03\/topo_ser_uel_2025.png 1279w, https:\/\/sites.uel.br\/ser\/wp-content\/uploads\/2025\/03\/topo_ser_uel_2025-300x120.png 300w, https:\/\/sites.uel.br\/ser\/wp-content\/uploads\/2025\/03\/topo_ser_uel_2025-1024x408.png 1024w, https:\/\/sites.uel.br\/ser\/wp-content\/uploads\/2025\/03\/topo_ser_uel_2025-768x306.png 768w\" sizes=\"auto, (max-width: 1279px) 100vw, 1279px\" \/><\/figure>\n<\/div>\n\n\n<p><\/p>\n\n\n<div class=\"wp-block-image\">\n<figure class=\"aligncenter size-thumbnail is-resized\"><img loading=\"lazy\" decoding=\"async\" width=\"150\" height=\"150\" src=\"https:\/\/sites.uel.br\/ser\/wp-content\/uploads\/2023\/05\/interrogacao-150x150.jpg\" alt=\"\" class=\"wp-image-3623\" style=\"width:95px;height:95px\" srcset=\"https:\/\/sites.uel.br\/ser\/wp-content\/uploads\/2023\/05\/interrogacao-150x150.jpg 150w, https:\/\/sites.uel.br\/ser\/wp-content\/uploads\/2023\/05\/interrogacao-300x300.jpg 300w, https:\/\/sites.uel.br\/ser\/wp-content\/uploads\/2023\/05\/interrogacao.jpg 360w\" sizes=\"auto, (max-width: 150px) 100vw, 150px\" \/><\/figure>\n<\/div>\n\n\n<p class=\"has-text-align-center has-verde-claro-background-color has-background\"><strong>Sabia que o Portal do Estudante de Gradua\u00e7\u00e3o \u00e9 uma das ferramentas mais \u00fateis para a vida acad\u00eamica dos estudantes da UEL<\/strong><br><br><a href=\"https:\/\/sites.uel.br\/prograd\/tutoriais-portal-do-estudante-de-graduacao\/\" target=\"_blank\" rel=\"noreferrer noopener\">Acesse aqui e descubra as funcionalidades<\/a><\/p>\n","protected":false},"excerpt":{"rendered":"<p>Sabia que o Portal do Estudante de Gradua\u00e7\u00e3o \u00e9 uma das ferramentas mais \u00fateis para a vida acad\u00eamica dos estudantes da UEL Acesse aqui e descubra as funcionalidades<\/p>\n","protected":false},"author":8,"featured_media":0,"parent":0,"menu_order":0,"comment_status":"closed","ping_status":"closed","template":"","meta":{"_acf_changed":false,"_themeisle_gutenberg_block_has_review":false,"footnotes":""},"class_list":["post-6684","page","type-page","status-publish","hentry"],"acf":[],"_links":{"self":[{"href":"https:\/\/sites.uel.br\/ser\/wp-json\/wp\/v2\/pages\/6684","targetHints":{"allow":["GET"]}}],"collection":[{"href":"https:\/\/sites.uel.br\/ser\/wp-json\/wp\/v2\/pages"}],"about":[{"href":"https:\/\/sites.uel.br\/ser\/wp-json\/wp\/v2\/types\/page"}],"author":[{"embeddable":true,"href":"https:\/\/sites.uel.br\/ser\/wp-json\/wp\/v2\/users\/8"}],"replies":[{"embeddable":true,"href":"https:\/\/sites.uel.br\/ser\/wp-json\/wp\/v2\/comments?post=6684"}],"version-history":[{"count":3,"href":"https:\/\/sites.uel.br\/ser\/wp-json\/wp\/v2\/pages\/6684\/revisions"}],"predecessor-version":[{"id":8072,"href":"https:\/\/sites.uel.br\/ser\/wp-json\/wp\/v2\/pages\/6684\/revisions\/8072"}],"wp:attachment":[{"href":"https:\/\/sites.uel.br\/ser\/wp-json\/wp\/v2\/media?parent=6684"}],"curies":[{"name":"wp","href":"https:\/\/api.w.org\/{rel}","templated":true}]}}