{"id":5968,"date":"2023-10-03T09:12:59","date_gmt":"2023-10-03T12:12:59","guid":{"rendered":"https:\/\/sites.uel.br\/ser\/?page_id=5968"},"modified":"2023-10-16T08:41:47","modified_gmt":"2023-10-16T11:41:47","slug":"premio-boas-praticas-na-recepcao-aos-estudantes-ingressantes-premiados-2023-zootecnia","status":"publish","type":"page","link":"https:\/\/sites.uel.br\/ser\/premio-boas-praticas-na-recepcao-aos-estudantes-ingressantes-premiados-2023-zootecnia\/","title":{"rendered":"Pr\u00eamio Boas Pr\u00e1ticas na Recep\u00e7\u00e3o aos Estudantes Ingressantes"},"content":{"rendered":"\n<hr class=\"wp-block-separator has-alpha-channel-opacity is-style-wide\" \/>\n\n\n\n<figure class=\"wp-block-image size-full\"><img loading=\"lazy\" decoding=\"async\" width=\"1280\" height=\"512\" src=\"https:\/\/sites.uel.br\/ser\/wp-content\/uploads\/2021\/07\/IMG-20210727-WA0028.jpg\" alt=\"\" class=\"wp-image-1021\" srcset=\"https:\/\/sites.uel.br\/ser\/wp-content\/uploads\/2021\/07\/IMG-20210727-WA0028.jpg 1280w, https:\/\/sites.uel.br\/ser\/wp-content\/uploads\/2021\/07\/IMG-20210727-WA0028-300x120.jpg 300w, https:\/\/sites.uel.br\/ser\/wp-content\/uploads\/2021\/07\/IMG-20210727-WA0028-1024x410.jpg 1024w, https:\/\/sites.uel.br\/ser\/wp-content\/uploads\/2021\/07\/IMG-20210727-WA0028-768x307.jpg 768w\" sizes=\"auto, (max-width: 1280px) 100vw, 1280px\" \/><\/figure>\n\n\n\n<h2 class=\"wp-block-heading\">Cursos Inscritos Premiados<\/h2>\n\n\n\n<h2 class=\"wp-block-heading\">2023<\/h2>\n\n\n\n<h2 class=\"wp-block-heading\">Zootecnia<\/h2>\n\n\n\n<p><strong>Resumo da A\u00e7\u00e3o:<\/strong><\/p>\n\n\n\n<p>Houve dois momentos de a\u00e7\u00e3o solid\u00e1ria, o primeiro foi a doa\u00e7\u00e3o de sangue ao banco de sangue do HU pelos alunos ingressantes e a segunda a\u00e7\u00e3o a arrecada\u00e7\u00e3o de fraldas geri\u00e1tricas para a casa de repouso S\u00e3o Vicente de Paula.<\/p>\n\n\n\n<p><em>Obs: texto confeccionado pelos estudantes de Gradua\u00e7\u00e3o e\/ou Coordena\u00e7\u00e3o do curso.<\/em><\/p>\n\n\n\n<hr class=\"wp-block-separator has-text-color has-cinza-color has-css-opacity has-cinza-background-color has-background is-style-wide\" \/>\n\n\n<div class=\"wp-block-image\">\n<figure class=\"aligncenter size-full\"><img loading=\"lazy\" decoding=\"async\" width=\"1280\" height=\"960\" src=\"https:\/\/sites.uel.br\/ser\/wp-content\/uploads\/2023\/10\/premio_boas_praticas_2023_zootecnia_01.jpeg\" alt=\"\" class=\"wp-image-6072\" srcset=\"https:\/\/sites.uel.br\/ser\/wp-content\/uploads\/2023\/10\/premio_boas_praticas_2023_zootecnia_01.jpeg 1280w, https:\/\/sites.uel.br\/ser\/wp-content\/uploads\/2023\/10\/premio_boas_praticas_2023_zootecnia_01-300x225.jpeg 300w, https:\/\/sites.uel.br\/ser\/wp-content\/uploads\/2023\/10\/premio_boas_praticas_2023_zootecnia_01-1024x768.jpeg 1024w, https:\/\/sites.uel.br\/ser\/wp-content\/uploads\/2023\/10\/premio_boas_praticas_2023_zootecnia_01-768x576.jpeg 768w\" sizes=\"auto, (max-width: 1280px) 100vw, 1280px\" \/><\/figure>\n<\/div>\n\n<div class=\"wp-block-image\">\n<figure class=\"aligncenter size-full\"><img loading=\"lazy\" decoding=\"async\" width=\"1920\" height=\"2560\" src=\"https:\/\/sites.uel.br\/ser\/wp-content\/uploads\/2023\/10\/premio_boas_praticas_2023_zootecnia_02-scaled.jpg\" alt=\"\" class=\"wp-image-6073\" srcset=\"https:\/\/sites.uel.br\/ser\/wp-content\/uploads\/2023\/10\/premio_boas_praticas_2023_zootecnia_02-scaled.jpg 1920w, https:\/\/sites.uel.br\/ser\/wp-content\/uploads\/2023\/10\/premio_boas_praticas_2023_zootecnia_02-225x300.jpg 225w, https:\/\/sites.uel.br\/ser\/wp-content\/uploads\/2023\/10\/premio_boas_praticas_2023_zootecnia_02-768x1024.jpg 768w, https:\/\/sites.uel.br\/ser\/wp-content\/uploads\/2023\/10\/premio_boas_praticas_2023_zootecnia_02-1152x1536.jpg 1152w, https:\/\/sites.uel.br\/ser\/wp-content\/uploads\/2023\/10\/premio_boas_praticas_2023_zootecnia_02-1536x2048.jpg 1536w\" sizes=\"auto, (max-width: 1920px) 100vw, 1920px\" \/><\/figure>\n<\/div>\n\n<div class=\"wp-block-image\">\n<figure class=\"aligncenter size-full\"><img loading=\"lazy\" decoding=\"async\" width=\"720\" height=\"1280\" src=\"https:\/\/sites.uel.br\/ser\/wp-content\/uploads\/2023\/10\/premio_boas_praticas_2023_zootecnia_03.jpeg\" alt=\"\" class=\"wp-image-6074\" srcset=\"https:\/\/sites.uel.br\/ser\/wp-content\/uploads\/2023\/10\/premio_boas_praticas_2023_zootecnia_03.jpeg 720w, https:\/\/sites.uel.br\/ser\/wp-content\/uploads\/2023\/10\/premio_boas_praticas_2023_zootecnia_03-169x300.jpeg 169w, https:\/\/sites.uel.br\/ser\/wp-content\/uploads\/2023\/10\/premio_boas_praticas_2023_zootecnia_03-576x1024.jpeg 576w\" sizes=\"auto, (max-width: 720px) 100vw, 720px\" \/><\/figure>\n<\/div>\n\n<div class=\"wp-block-image\">\n<figure class=\"aligncenter size-full\"><img loading=\"lazy\" decoding=\"async\" width=\"1600\" height=\"1200\" src=\"https:\/\/sites.uel.br\/ser\/wp-content\/uploads\/2023\/10\/premio_boas_praticas_2023_zootecnia_04.jpeg\" alt=\"\" class=\"wp-image-6075\" srcset=\"https:\/\/sites.uel.br\/ser\/wp-content\/uploads\/2023\/10\/premio_boas_praticas_2023_zootecnia_04.jpeg 1600w, https:\/\/sites.uel.br\/ser\/wp-content\/uploads\/2023\/10\/premio_boas_praticas_2023_zootecnia_04-300x225.jpeg 300w, https:\/\/sites.uel.br\/ser\/wp-content\/uploads\/2023\/10\/premio_boas_praticas_2023_zootecnia_04-1024x768.jpeg 1024w, https:\/\/sites.uel.br\/ser\/wp-content\/uploads\/2023\/10\/premio_boas_praticas_2023_zootecnia_04-768x576.jpeg 768w, https:\/\/sites.uel.br\/ser\/wp-content\/uploads\/2023\/10\/premio_boas_praticas_2023_zootecnia_04-1536x1152.jpeg 1536w\" sizes=\"auto, (max-width: 1600px) 100vw, 1600px\" \/><\/figure>\n<\/div>\n\n\n<hr class=\"wp-block-separator has-text-color has-cinza-color has-css-opacity has-cinza-background-color has-background is-style-wide\" \/>\n\n\n\n<p><strong>ESTUDANTES PARTICIPANTES<\/strong><\/p>\n\n\n\n<p>AMANDA MACHADO SERRA FERRAZ DE OLIVEIRA<br>ANA KAORI SAKATA<br>ANA MARIA BRIDI<br>ANA RITA PELLEGRINO DA SILVA<br>ANTONI GARCIA<br>BEATRIZ LIMA RIBEIRO<br>BEATRIZ MAGALH\u00c3ES DOS SANTOS<br>BIANCA MONTEIRO ALVES<br>BRUNA DE OLIVEIRA FERNANDES<br>GABRIEL VICTOR DE NOGUEIRA E SILVA<br>GIOVANA CRISTOV\u00c3O CARNEIRO<br>GUSTAVO SANTOS RUBBO DE S\u00c1<br>HELOISA CHICONATO<br>HELOISA SOARES PALOMBO<br>JEAN VICTOR THANIOS HAJJAR<br>JENIFER AMANDA ALVES MENDON\u00c7A<br>JENIFER SALES MARCONDES PINHEIRO<br>JO\u00c3O OT\u00c1VIO CAVALARI COVRE<br>LARISSA DA SILVA SAMPAIO<br>LAURA MILANI RODRIGUES<br>LELLIS GON\u00c7ALVES DOS SANTOS<br>LIRIAN LOUREN\u00c7O MARINHO<br>LUANA FARIA ARAUJO<br>LUIS GUSTAVO SHOITI MASUTA<br>LUISA ARAUJO PIRES<br>MALU SANTIAGO DIORIO SOUZA<br>MANUELLA CAVALCANTE DIAS<br>MARIA TERESA RODRIGUES DE SOUZA<br>NAT\u00c1LIA MARIA FERREIRA DIAS<br>PRISCILA ARAUJO DOTTO<br>RAPHAEL DE MORAES GON\u00c7ALVES<br>SOPHIA SANT&#8217;ANA DE MORAIS LEITE<br>THIFANY MARQUES CARDOSO<br>VICTOR HUGO DE OLIVEIRA<\/p>\n","protected":false},"excerpt":{"rendered":"<p>Cursos Inscritos Premiados 2023 Zootecnia Resumo da A\u00e7\u00e3o: Houve dois momentos de a\u00e7\u00e3o solid\u00e1ria, o primeiro foi a doa\u00e7\u00e3o de sangue ao banco de sangue do HU pelos alunos ingressantes e a segunda a\u00e7\u00e3o a arrecada\u00e7\u00e3o de fraldas geri\u00e1tricas para a casa de repouso S\u00e3o Vicente de Paula. Obs: texto confeccionado pelos estudantes de Gradua\u00e7\u00e3o [&hellip;]<\/p>\n","protected":false},"author":8,"featured_media":0,"parent":0,"menu_order":0,"comment_status":"closed","ping_status":"closed","template":"","meta":{"_acf_changed":false,"_themeisle_gutenberg_block_has_review":false,"footnotes":""},"class_list":["post-5968","page","type-page","status-publish","hentry"],"acf":[],"_links":{"self":[{"href":"https:\/\/sites.uel.br\/ser\/wp-json\/wp\/v2\/pages\/5968","targetHints":{"allow":["GET"]}}],"collection":[{"href":"https:\/\/sites.uel.br\/ser\/wp-json\/wp\/v2\/pages"}],"about":[{"href":"https:\/\/sites.uel.br\/ser\/wp-json\/wp\/v2\/types\/page"}],"author":[{"embeddable":true,"href":"https:\/\/sites.uel.br\/ser\/wp-json\/wp\/v2\/users\/8"}],"replies":[{"embeddable":true,"href":"https:\/\/sites.uel.br\/ser\/wp-json\/wp\/v2\/comments?post=5968"}],"version-history":[{"count":12,"href":"https:\/\/sites.uel.br\/ser\/wp-json\/wp\/v2\/pages\/5968\/revisions"}],"predecessor-version":[{"id":6081,"href":"https:\/\/sites.uel.br\/ser\/wp-json\/wp\/v2\/pages\/5968\/revisions\/6081"}],"wp:attachment":[{"href":"https:\/\/sites.uel.br\/ser\/wp-json\/wp\/v2\/media?parent=5968"}],"curies":[{"name":"wp","href":"https:\/\/api.w.org\/{rel}","templated":true}]}}