{"id":5967,"date":"2023-10-03T09:12:57","date_gmt":"2023-10-03T12:12:57","guid":{"rendered":"https:\/\/sites.uel.br\/ser\/?page_id=5967"},"modified":"2023-10-04T08:10:49","modified_gmt":"2023-10-04T11:10:49","slug":"premio-boas-praticas-na-recepcao-aos-estudantes-ingressantes-premiados-2023-matematica","status":"publish","type":"page","link":"https:\/\/sites.uel.br\/ser\/premio-boas-praticas-na-recepcao-aos-estudantes-ingressantes-premiados-2023-matematica\/","title":{"rendered":"Pr\u00eamio Boas Pr\u00e1ticas na Recep\u00e7\u00e3o aos Estudantes Ingressantes"},"content":{"rendered":"\n<hr class=\"wp-block-separator has-alpha-channel-opacity is-style-wide\" \/>\n\n\n\n<figure class=\"wp-block-image size-full\"><img loading=\"lazy\" decoding=\"async\" width=\"1280\" height=\"512\" src=\"https:\/\/sites.uel.br\/ser\/wp-content\/uploads\/2021\/07\/IMG-20210727-WA0028.jpg\" alt=\"\" class=\"wp-image-1021\" srcset=\"https:\/\/sites.uel.br\/ser\/wp-content\/uploads\/2021\/07\/IMG-20210727-WA0028.jpg 1280w, https:\/\/sites.uel.br\/ser\/wp-content\/uploads\/2021\/07\/IMG-20210727-WA0028-300x120.jpg 300w, https:\/\/sites.uel.br\/ser\/wp-content\/uploads\/2021\/07\/IMG-20210727-WA0028-1024x410.jpg 1024w, https:\/\/sites.uel.br\/ser\/wp-content\/uploads\/2021\/07\/IMG-20210727-WA0028-768x307.jpg 768w\" sizes=\"auto, (max-width: 1280px) 100vw, 1280px\" \/><\/figure>\n\n\n\n<h2 class=\"wp-block-heading\">Cursos Inscritos Premiados<\/h2>\n\n\n\n<h2 class=\"wp-block-heading\">2023<\/h2>\n\n\n\n<h2 class=\"wp-block-heading\">Matem\u00e1tica<\/h2>\n\n\n\n<p><strong>Resumo da A\u00e7\u00e3o:<\/strong><\/p>\n\n\n\n<p>O Grupo PET confeccionou um Manual para os ingressantes. Esse Manual foi impresso e distribu\u00eddo para todos os ingressantes do Curso. No Manual constava todas as primeiras informa\u00e7\u00f5es referentes \u00e0 UEL, como acessar o portal do estudante, confirmar matr\u00edcula, obter a carteirinha para ter acesso ao RU e Biblioteca entre outros, com uma linguagem bem acess\u00edvel e pr\u00f3xima aos jovens.<\/p>\n\n\n\n<p><em>Obs: texto confeccionado pelos estudantes de Gradua\u00e7\u00e3o e\/ou Coordena\u00e7\u00e3o do curso.<\/em><\/p>\n\n\n\n<p class=\"has-text-align-center has-verde-claro-background-color has-background\"><strong><a href=\"https:\/\/sites.uel.br\/ser\/wp-content\/uploads\/2023\/10\/manual_ingressante_matematica_2023.pdf\" target=\"_blank\" rel=\"noreferrer noopener\">Manual do Ingressante UEL Matem\u00e1tica<\/a><\/strong><\/p>\n\n\n\n<hr class=\"wp-block-separator has-text-color has-cinza-color has-css-opacity has-cinza-background-color has-background is-style-wide\" \/>\n\n\n<div class=\"wp-block-image\">\n<figure class=\"aligncenter size-full\"><img loading=\"lazy\" decoding=\"async\" width=\"1024\" height=\"768\" src=\"https:\/\/sites.uel.br\/ser\/wp-content\/uploads\/2023\/10\/premio_boas_praticas_2023_matematica_01.jpeg\" alt=\"\" class=\"wp-image-6039\" srcset=\"https:\/\/sites.uel.br\/ser\/wp-content\/uploads\/2023\/10\/premio_boas_praticas_2023_matematica_01.jpeg 1024w, https:\/\/sites.uel.br\/ser\/wp-content\/uploads\/2023\/10\/premio_boas_praticas_2023_matematica_01-300x225.jpeg 300w, https:\/\/sites.uel.br\/ser\/wp-content\/uploads\/2023\/10\/premio_boas_praticas_2023_matematica_01-768x576.jpeg 768w\" sizes=\"auto, (max-width: 1024px) 100vw, 1024px\" \/><\/figure>\n<\/div>\n\n\n<hr class=\"wp-block-separator has-text-color has-cinza-color has-css-opacity has-cinza-background-color has-background is-style-wide\" \/>\n\n\n\n<p><strong>ESTUDANTES PARTICIPANTES<\/strong><\/p>\n\n\n\n<p>BENJAMIN SILVA HILE<br>GUSTAVO ALEXSANDER RODRIGUES BASTOS ALVES<br>GUSTAVO ALMEIDA MARTINS<br>JOAO ALEXANDRE ZAMBALDI GARCIA<br>LEONARDO DA SILVA MELO<br>MARCOS MELLO DE CAMPOS LARANJO QUADROS<br>MATHEUS SADAO SUSUKI<br>MIGUEL COSTENARO ANDRIELLI<br>PABLO MARCELO ARBOLEYA NOGUEIRA<br>PEDRO HENRIQUE DE OLIVEIRA MATOS<\/p>\n\n\n\n<div style=\"height:20px\" aria-hidden=\"true\" class=\"wp-block-spacer\"><\/div>\n\n\n\n<p><strong>COORDENA\u00c7\u00c3O<\/strong><\/p>\n\n\n\n<p>PAULO ANTONIO LIBONI FILHO<\/p>\n","protected":false},"excerpt":{"rendered":"<p>Cursos Inscritos Premiados 2023 Matem\u00e1tica Resumo da A\u00e7\u00e3o: O Grupo PET confeccionou um Manual para os ingressantes. Esse Manual foi impresso e distribu\u00eddo para todos os ingressantes do Curso. No Manual constava todas as primeiras informa\u00e7\u00f5es referentes \u00e0 UEL, como acessar o portal do estudante, confirmar matr\u00edcula, obter a carteirinha para ter acesso ao RU [&hellip;]<\/p>\n","protected":false},"author":8,"featured_media":0,"parent":0,"menu_order":0,"comment_status":"closed","ping_status":"closed","template":"","meta":{"_acf_changed":false,"_themeisle_gutenberg_block_has_review":false,"footnotes":""},"class_list":["post-5967","page","type-page","status-publish","hentry"],"acf":[],"_links":{"self":[{"href":"https:\/\/sites.uel.br\/ser\/wp-json\/wp\/v2\/pages\/5967","targetHints":{"allow":["GET"]}}],"collection":[{"href":"https:\/\/sites.uel.br\/ser\/wp-json\/wp\/v2\/pages"}],"about":[{"href":"https:\/\/sites.uel.br\/ser\/wp-json\/wp\/v2\/types\/page"}],"author":[{"embeddable":true,"href":"https:\/\/sites.uel.br\/ser\/wp-json\/wp\/v2\/users\/8"}],"replies":[{"embeddable":true,"href":"https:\/\/sites.uel.br\/ser\/wp-json\/wp\/v2\/comments?post=5967"}],"version-history":[{"count":11,"href":"https:\/\/sites.uel.br\/ser\/wp-json\/wp\/v2\/pages\/5967\/revisions"}],"predecessor-version":[{"id":6049,"href":"https:\/\/sites.uel.br\/ser\/wp-json\/wp\/v2\/pages\/5967\/revisions\/6049"}],"wp:attachment":[{"href":"https:\/\/sites.uel.br\/ser\/wp-json\/wp\/v2\/media?parent=5967"}],"curies":[{"name":"wp","href":"https:\/\/api.w.org\/{rel}","templated":true}]}}