{"id":5796,"date":"2023-09-11T11:18:49","date_gmt":"2023-09-11T14:18:49","guid":{"rendered":"https:\/\/sites.uel.br\/ser\/?page_id=5796"},"modified":"2023-10-16T09:51:44","modified_gmt":"2023-10-16T12:51:44","slug":"premio-boas-praticas-na-recepcao-aos-estudantes-ingressantes-premiados-2023-enfermagem-farmacia-fisioterapia-medicina-nutricao-e-odontologia","status":"publish","type":"page","link":"https:\/\/sites.uel.br\/ser\/premio-boas-praticas-na-recepcao-aos-estudantes-ingressantes-premiados-2023-enfermagem-farmacia-fisioterapia-medicina-nutricao-e-odontologia\/","title":{"rendered":"Pr\u00eamio Boas Pr\u00e1ticas na Recep\u00e7\u00e3o aos Estudantes Ingressantes"},"content":{"rendered":"\n<hr class=\"wp-block-separator has-alpha-channel-opacity is-style-wide\" \/>\n\n\n\n<figure class=\"wp-block-image size-full\"><img loading=\"lazy\" decoding=\"async\" width=\"1280\" height=\"512\" src=\"https:\/\/sites.uel.br\/ser\/wp-content\/uploads\/2021\/07\/IMG-20210727-WA0028.jpg\" alt=\"\" class=\"wp-image-1021\" srcset=\"https:\/\/sites.uel.br\/ser\/wp-content\/uploads\/2021\/07\/IMG-20210727-WA0028.jpg 1280w, https:\/\/sites.uel.br\/ser\/wp-content\/uploads\/2021\/07\/IMG-20210727-WA0028-300x120.jpg 300w, https:\/\/sites.uel.br\/ser\/wp-content\/uploads\/2021\/07\/IMG-20210727-WA0028-1024x410.jpg 1024w, https:\/\/sites.uel.br\/ser\/wp-content\/uploads\/2021\/07\/IMG-20210727-WA0028-768x307.jpg 768w\" sizes=\"auto, (max-width: 1280px) 100vw, 1280px\" \/><\/figure>\n\n\n\n<h2 class=\"wp-block-heading\">Cursos Inscritos Premiados<\/h2>\n\n\n\n<h2 class=\"wp-block-heading\">2023<\/h2>\n\n\n\n<h2 class=\"wp-block-heading\">Enfermagem, Farm\u00e1cia, Fisioterapia, Medicina, Nutri\u00e7\u00e3o e Odontologia<\/h2>\n\n\n\n<p><strong>Resumo da A\u00e7\u00e3o:<\/strong><\/p>\n\n\n\n<p>Os estudantes ingressantes e veteranos participaram de gincana, promovida pelo Centro de Ci\u00eancias da Sa\u00fade (CCS) da Universidade Estadual de Londrina (UEL) que teve por finalidade incentivar a\u00e7\u00f5es solid\u00e1rias voltadas para a campanha institucional pela n\u00e3o viol\u00eancia na recep\u00e7\u00e3o aos ingressantes do ano letivo de 2023.<\/p>\n\n\n\n<p>Foram realizadas a\u00e7\u00f5es solid\u00e1rias que contribu\u00edram com a Casa de Apoio e o Hemocentro do Hospital Universit\u00e1rio HU-UEL, por meio de doa\u00e7\u00f5es de alimentos n\u00e3o perec\u00edveis, produtos de limpeza e higiene pessoal, doa\u00e7\u00e3o de sangue e cadastro para doa\u00e7\u00e3o volunt\u00e1ria de medula \u00f3ssea. A a\u00e7\u00e3o envolveu a comunidade interna e externa \u00e0 universidade.<\/p>\n\n\n\n<p>Foram arrecadados ao longo da gincana cerca de 916 produtos de higiene e limpeza, 695 produtos n\u00e3o perec\u00edveis e realizadas 21 doa\u00e7\u00f5es de sangue e 6 cadastros de doa\u00e7\u00e3o de medula \u00f3ssea. Ap\u00f3s o enceramento da contagem, continuamos a campanha para as doa\u00e7\u00f5es.<\/p>\n\n\n\n<p><em>Obs: texto confeccionado pelos estudantes de Gradua\u00e7\u00e3o e\/ou Coordena\u00e7\u00e3o do curso.<\/em><\/p>\n\n\n<div class=\"wp-block-image\">\n<figure class=\"aligncenter size-full\"><img decoding=\"async\" src=\"https:\/\/sites.uel.br\/ser\/wp-content\/uploads\/2023\/09\/premio_boas_praticas_2023_cursos_ccs_01-1.jpg\" alt=\"\" class=\"wp-image-5944\" \/><\/figure>\n<\/div>\n\n\n<hr class=\"wp-block-separator has-text-color has-cinza-color has-css-opacity has-cinza-background-color has-background is-style-wide\" \/>\n\n\n<div class=\"wp-block-image\">\n<figure class=\"aligncenter size-full\"><img loading=\"lazy\" decoding=\"async\" width=\"2000\" height=\"1333\" src=\"https:\/\/sites.uel.br\/ser\/wp-content\/uploads\/2023\/09\/premio_boas_praticas_2023_cursos_ccs_02.jpg\" alt=\"\" class=\"wp-image-5945\" srcset=\"https:\/\/sites.uel.br\/ser\/wp-content\/uploads\/2023\/09\/premio_boas_praticas_2023_cursos_ccs_02.jpg 2000w, https:\/\/sites.uel.br\/ser\/wp-content\/uploads\/2023\/09\/premio_boas_praticas_2023_cursos_ccs_02-300x200.jpg 300w, https:\/\/sites.uel.br\/ser\/wp-content\/uploads\/2023\/09\/premio_boas_praticas_2023_cursos_ccs_02-1024x682.jpg 1024w, https:\/\/sites.uel.br\/ser\/wp-content\/uploads\/2023\/09\/premio_boas_praticas_2023_cursos_ccs_02-768x512.jpg 768w, https:\/\/sites.uel.br\/ser\/wp-content\/uploads\/2023\/09\/premio_boas_praticas_2023_cursos_ccs_02-1536x1024.jpg 1536w\" sizes=\"auto, (max-width: 2000px) 100vw, 2000px\" \/><\/figure>\n<\/div>\n\n<div class=\"wp-block-image\">\n<figure class=\"aligncenter size-full\"><img loading=\"lazy\" decoding=\"async\" width=\"2000\" height=\"1333\" src=\"https:\/\/sites.uel.br\/ser\/wp-content\/uploads\/2023\/09\/premio_boas_praticas_2023_cursos_ccs_03.jpg\" alt=\"\" class=\"wp-image-5946\" srcset=\"https:\/\/sites.uel.br\/ser\/wp-content\/uploads\/2023\/09\/premio_boas_praticas_2023_cursos_ccs_03.jpg 2000w, https:\/\/sites.uel.br\/ser\/wp-content\/uploads\/2023\/09\/premio_boas_praticas_2023_cursos_ccs_03-300x200.jpg 300w, https:\/\/sites.uel.br\/ser\/wp-content\/uploads\/2023\/09\/premio_boas_praticas_2023_cursos_ccs_03-1024x682.jpg 1024w, https:\/\/sites.uel.br\/ser\/wp-content\/uploads\/2023\/09\/premio_boas_praticas_2023_cursos_ccs_03-768x512.jpg 768w, https:\/\/sites.uel.br\/ser\/wp-content\/uploads\/2023\/09\/premio_boas_praticas_2023_cursos_ccs_03-1536x1024.jpg 1536w\" sizes=\"auto, (max-width: 2000px) 100vw, 2000px\" \/><\/figure>\n<\/div>\n\n<div class=\"wp-block-image\">\n<figure class=\"aligncenter size-full\"><img loading=\"lazy\" decoding=\"async\" width=\"2000\" height=\"1333\" src=\"https:\/\/sites.uel.br\/ser\/wp-content\/uploads\/2023\/09\/premio_boas_praticas_2023_cursos_ccs_04.jpg\" alt=\"\" class=\"wp-image-5947\" srcset=\"https:\/\/sites.uel.br\/ser\/wp-content\/uploads\/2023\/09\/premio_boas_praticas_2023_cursos_ccs_04.jpg 2000w, https:\/\/sites.uel.br\/ser\/wp-content\/uploads\/2023\/09\/premio_boas_praticas_2023_cursos_ccs_04-300x200.jpg 300w, https:\/\/sites.uel.br\/ser\/wp-content\/uploads\/2023\/09\/premio_boas_praticas_2023_cursos_ccs_04-1024x682.jpg 1024w, https:\/\/sites.uel.br\/ser\/wp-content\/uploads\/2023\/09\/premio_boas_praticas_2023_cursos_ccs_04-768x512.jpg 768w, https:\/\/sites.uel.br\/ser\/wp-content\/uploads\/2023\/09\/premio_boas_praticas_2023_cursos_ccs_04-1536x1024.jpg 1536w\" sizes=\"auto, (max-width: 2000px) 100vw, 2000px\" \/><\/figure>\n<\/div>\n\n\n<hr class=\"wp-block-separator has-text-color has-cinza-color has-css-opacity has-cinza-background-color has-background is-style-wide\" \/>\n\n\n\n<p><strong>ESTUDANTES PARTICIPANTES<\/strong><\/p>\n\n\n\n<div style=\"height:20px\" aria-hidden=\"true\" class=\"wp-block-spacer\"><\/div>\n\n\n\n<p><strong>ENFERMAGEM<\/strong><\/p>\n\n\n\n<p>AMANDA AKINA MIYAZAKI<br>ANA CAROLINA RAMOS DOS SANTOS<br>ANA FLAVIA DA SILVA FERNANDES<br>ANA FLAVIA TERCIOTTI<br>ANA JULIA DA SILVA MARTINS<br>ANA LAURA OLIVEIRA BARBOSA<br>ANA LUISA DIAS GOMES<br>ANA LUIZA CHUISTAK LAI<br>ANDRE GUILHERME BUTH<br>ARIANE RODRIGUES<br>BARBARA BONETI BIAGIONI<br>BARBARA CLEOMARA DE ANDRADE<br>BEATRIZ SANTANA OKAMOTO<br>BEATRYS GEOVANNA FELIX<br>BRUNA FERNANDA FIALHO PARIZOTTO<br>BRUNA ILONA QUEIROZ DE FARIA<br>CAMYLLA BUENO RODRIGUES<br>CAROLINA ANTONELI MANHAES<br>CECILIA MARINO DA COSTA<br>CLARA LONDERO BERTO<br>CLARA MUNIZ PEREIRA<br>DEBORA EDUARDA LOPES DA SILVA<br>DEBORA PATRICIA DE OLIVEIRA LAZARI<br>DRYELLE IOLANDA SOUZA ROCCA<br>EDUARDA URBANSKI CARLOS<br>EMANUELLY AVILA DE LIMA<br>EMILY CRISTINA KAORI NIVA<br>FELIPE LIMA DOS SANTOS<br>FERNANDA INACIO BARBOSA RODRIGUES<br>FLAVIA APARECIDA DOS SANTOS MOREIRA<br>GABRIEL CAMPINHA FELIX GONCALVES<br>GEOVANA DA SILVA LIRANCA<br>GEOVANA SANTOS BORGES DA SILVA<br>GIOVANNA GARCIA PEDROSO<br>HELENA PRAXEDES FIALKOSKI<br>HELOISA PORFIRIO RODRIGUES DA SILVA<br>HENRY VINICIUS MOVIO DOS SANTOS<br>ISABELA DOMINGUES STASUN<br>ISABELLA ORTEGA<br>IVO THIAGO JUNIOR<br>IZABELLA VITORIA MESQUITA CAMARGO<br>JOAO GABRIEL CAMARGO DE LIMA<br>JOSE TEYS MARCAL JUNIOR<br>JOSIANE CANDIDO BENEDITO<br>JULIA APARECIDA DA SILVA GABRIEL<br>JULIA AURELIANO CASSINS<br>JULIA KAWANY DE SOUZA RAVAGNANI<br>JULIA NOBREGA PAES<br>JULIA REIS BITTENCOURT<br>KETLIN CRISTINE SANTANA<br>LAISA DOS REIS<br>LARA FRANCISCA NERY SANTOS<br>LAURA PALHARES<br>LAURA TAMAGNINI ANDREASSA<br>LETICIA APARECIDA REIS<br>LETICIA BERNARDI KAEDA DA SILVA<br>LETICIA PAOLA DE FARIA MERLIM<br>LETICIA SUZARQUE DOS SANTOS<br>LETICIA TAINA MORAIS MACHADO<br>LORENA COSTA MONZANI<br>LOUISE FUZII LOPES<br>LUANA DANTAS LOPES<br>LUIZA VASCONCELOS MAGALHAES DOS SANTOS<br>MARIA EDUARDA RODRIGUES GONCALVES<br>MARIA FERNANDA BRUNIERE E SILVA<br>MARIA JULLIA BALARDINI DALTO<br>MARIA LUIZA DO AMARAL ULBRICH<br>MARIA VICT\u00d3RIA SOARES DE SOUZA<br>MARIA VITORIA GARCIA DE MORAES<br>MARIA VITORIA GOMES GALINDO<br>MARIANE DA SILVA MICHELETTI<br>MARIANE MACHADO MAGALHAES<br>MARIANY ALESSANDRA MATOS<br>MATHEUS FELIPE JOVINO DA SILVA<br>MILLENA CANDIDO MONTEIRO<br>MURILO RIBEIRO VICENTE<br>NADINE RIBAS<br>NATALIA MORARE SANTOS<br>NATHALY KODUM DA SILVA<br>NUBIA EDUARDA NUNES FAUSTINO<br>PEDRO AUGUSTO VELOSO SANTOS<br>PRISCILA PAULA BICUDO<br>RAFAEL ALEXANDRE BIZ<br>RAFAELA RODRIGUES MOREIRA<br>RAFAELI GONCALVES VIEIRA<br>SAMUEL RODRIGUES DOS SANTOS<br>SAMUEL RUAN DOS SANTOS<br>SANTA MARTA BARROS<br>STEFANY MENDES DOS SANTOS<br>TALITA OLIVEIRA TEIXEIRA<br>THAIS VICTOR MARQUES<br>VICTORIA SANTANA DA SILVA<br>VIT\u00d3RIA MARIA FINI DIAS<br>VIVIAN VITORIA DE CASSIA MACIEL<br>WALISON ALVES MOVIO<\/p>\n\n\n\n<div style=\"height:20px\" aria-hidden=\"true\" class=\"wp-block-spacer\"><\/div>\n\n\n\n<p><strong>FARM\u00c1CIA<\/strong><\/p>\n\n\n\n<p>AGATA VITORIA DE SOUSA<br>AGATHA ANIELY RIBEIRO<br>ALEJANDRO RAFAEL BESTARD SILVA<br>ALINE RODRIGUES PEREIRA<br>ALLANYS GABRIELE DE CARVALHO<br>AMANDA DE VERGINES GUILHERME<br>ANA CAROLINA MONTEIRO MOREIRA<br>ANA CLARA RIBEIRO DA SILVA<br>ANA CLAUDIA MENDES<br>ANA FLAVIA TAGUATINGA BATISTA<br>ANA LUIZA ALMEIDA RAMOS<br>ANA LUIZA SALES<br>ANDREA DARIO BATISTA<br>ANDREY DE OLIVEIRA GARCIA<br>ARTHUR TRIST\u00c3O JANU\u00c1RIO<br>BEATRIZ DA SILVA FIRMINO DE SALES<br>BEATRIZ MARTINS DO AMARAL<br>BIANCA DE CASTRO ABREU<br>BIANCA RAIMUNDO RAMALHO<br>BRENO SHUNJI RAFAEL ARAKAWA<br>BRUNA SANTOS ARAUJO<br>CARINE DE FREITAS SOUZA<br>CINDY GABRIELLE DE OLIVEIRA DONETTI<br>DANIELLE PALMEIRA DA SILVA<br>EDILAINE DE SOUZA MARIN<br>ELISA DOS SANTOS BRITO<br>FERNANDO AUGUSTO FILOGENIO TESSARO<br>GABRIEL MASSAYUKI TAIRA LENTINE<br>GABRIEL NORATO DA SILVA<br>GABRIELA FRANCISQUINI MACHADO<br>GABRIELA MIWA TAKARA<br>GLINYS VENTURA DE SOUZA<br>GUILHERME CARLOS ROSENDO DA SILVA<br>GUILHERME MASSARDI<br>GUSTAVO ALEJANDRO WICHOSKI MAIER<br>GUSTAVO HENRIQUE ZANUTO<br>HELLEN APARECIDA MACHADO DE MORAES<br>INGRID OKAMOTO RASPANTE<br>ISABEL CORTEZ FERNANDES<br>ISABELA MARQUES RIBEIRO<br>ISABELE MAYA OSHIRO<br>ISABELLA DOS SANTOS M\u00c1XIMO<br>ISABELLE PAVARINI DE OLIVEIRA<br>ISADORA VIZETTI QUIMENTONI<br>JOAO BRUNO VENZEL RODRIGUES<br>JOAO HENRIQUE OLIVEIRA ALTIERI<br>JOAO MIGUEL SALAMANCA GODOY<br>JULIA BIDER CAPINAM<br>JULIA FERREIRA MARTINEZ<br>JULIANA PAZZETO NERES<br>KAREN LIE KITAGAWA<br>KAUA FERNANDES CHICATTO<br>KIMBERLY AHMAD LEITE<br>LAIS CECILIA SILVA PRADO<br>LA\u00cdS XAVIER DOS SANTOS<br>LAURIN RAFAELA SOUZA HONORIO<br>LETICIA CAMARGO MOSCHETTA<br>LETICIA DE SOUZA<br>LIVIA MARIA GIL DELVECHIO<br>LUAN HENRIQUE ZANATTA COUTO<br>LUANA DOS SANTOS CARVALHO<br>LUCAS FELIPE DE SOUZA CANELLA<br>LUCAS GABRIEL PIRES DOS SANTOS<br>LUCAS GUSSON DE OLIVEIRA<br>LUCAS MEN GRECO<br>LUIS AUGUSTO ROCHA ZEFFA<br>MAICON GOMES BENTO DE OLIVEIRA<br>MANOELLA MARTINS DA COSTA BAQUETA<br>MANOELLA MARTINS DAA COSTA BAQUETA<br>MARCELLA HOKARI FRANCO<br>MARIA EDUARDA CUNTO MOREIRA DA SILVA<br>MARIA EDUARDA DA SILVA ABREU<br>MARIA EDUARDA SAVELLI MIYASHIRO<br>MARIA FERNANDA BROGIATO<br>MARIA FERNANDA PEREIRA BUENO<br>MARIA LUIZA FAGUNDES PEREIRA<br>MARIA LUIZA PENTEADO DOS SANTOS<br>MARIAH JULLYA GONCALVES EVANGELISTA<br>MARIANA FRANCO OLIVEIRA<br>MARIANA SILVESTRE DE OLIVEIRA<br>MARIANE LEAL DE ARAUJO<br>MARIANY SILVA DE SOUZA<br>MATEUS DE OLIVEIRA RODRIGUES VIANA<br>MATHEUS RONDANINI<br>MICAELA PEREIRA<br>MICAELLA APARECIDA VIRGOLINO ROSA<br>MICHEL TAKESHI HACHIYA<br>NATHALIA BORGES KOLTUN<br>NATHALIA MARTINS AMARAL<br>NICOLE CORREA CRUCIOL<br>PATRICIA MIRANDA DE OLIVEIRA<br>PATRICIA YURI KAWAKANI<br>PEDRO HENRIQUE ASSUNCAO FONSECA<br>PEDRO VELLUCCI LOUVATO<br>RAFAEL YUJI DE LIMA<br>RAFAELA ROSSETI TONOLI<br>RAVENA SAYURI SAWADA PEGORARO<br>SAMIRA ALVES TADA<br>SAMUEL LIRA COELHO PESSOA<br>SOFIA HIKARU KOIKE<br>STEPHANY DE SOUZA ORTEGA<br>TAMMY MAYARA KIATAQUE<br>THAYNA EMILIA SOUZA DE MORAIS<br>VANESSA APARECIDA DO NASCIMENTO<br>VICTORIA CRISTINA FERREIRA DO NASCI<br>VITOR GABRIEL CHIAMPI<br>VITORIA DA SILVA CANUTO GOUVEIA<br>VITORIA PAGANI VEREDA<\/p>\n\n\n\n<div style=\"height:20px\" aria-hidden=\"true\" class=\"wp-block-spacer\"><\/div>\n\n\n\n<p><strong>FISIOTERAPIA<\/strong><\/p>\n\n\n\n<p>AMANDA DA CUNHA MOLINA<br>AMANDA LOPES ISHII<br>ANA BEATRIZ LIUTI<br>ANA BEATRIZ RODRIGUES ALVES<br>ANA CAROLINA DA SILVA<br>ANA CLARA MENEGUETTI PIERI<br>ANA ELISA DE CARVALHO DORETO<br>ANA LET\u00cdCIA FERREIRA DA SILVA<br>ANITA LOPES MELERO<br>AUGUSTO SCHMIDT DALL OGLIO<br>BEATRIZ CAMILLY DA SILVA SANTOS<br>BEATRIZ DELARIVA SAKIYAMA<br>BIANCA PACHECO DA SILVA<br>CAMILE OLIVEIRA SELICE<br>CAROLINA ASSUNCAO FONSECA<br>CAROLINE VILA REAL BRANCALH\u00c3O<br>CASSIANA APARECIDA CATARINO<br>CASSIO MANOEL JUSTINO FILHO<br>CECILIA RODRIGUES DE SOUZA<br>DENIS CANDIDO DA SILVA<br>DIOGO NAOKI HISATOMI<br>EDGAR CORREIA GODINHO NETO<br>ELISA KIMURA OYAMADA<br>EVELINE GON\u00c7ALVES MAKI<br>FELIPE HAYASHIDA BORIN<br>FELIPE JOSE JUNG RAMOS<br>FELIPE LUCIANO DAMASCENO<br>FELLIPE FIORAVANTE DO CARMO<br>GABRIEL DE CASTRO LIMA<br>GABRIEL LISTON DE LIMA<br>GABRIELA DE GRANDE FERIATO<br>GABRIELA SIQUEIRA CLARA<br>GEOVANE MAICON SILVA E SILVA<br>GIOVANNA MOREIRA TASSI<br>GUSTAVO DELFES BRANCO<br>HELOISA KROKOCH LOPES<br>IARA DOS SANTOS CARDOSO<br>ISABELA MEN COGO<br>ISADORA FERNANDES<br>ISADORA OLIVEIRA BARBOSA<br>ITALO ROGERIO FERREIRA LIMA LOURENC<br>JO\u00c3O CARLOS DA SILVA FILHO<br>JOAO MARCELO SILVA MARIANO<br>JO\u00c3O PEDRO CYPRIANO TONETTI<br>JO\u00c3O PEDRO DERMIRO PAPKE<br>JO\u00c3O ROBERTO DE BARROS<br>JOS\u00c9 PEDRO FERNANDES DA VEIGA<br>JULIA DE OLIVEIRA ORTEGA<br>JULIA PIRANI MICHELETTI<br>JULIA TOMAZI FRITZEN<br>J\u00daLLIA NARUMMY ZENKE MIYAZAKI<br>KARLEN REGINA RODRIGUES REINA AMARI<br>KAUE FELIPE DA SILVA<br>LA\u00cdS ROZA DE FREITAS<br>LAURA FOLIM<br>LEONARDO ARAUJO<br>LILIAN DE CASSIA FERNANDES SECCI DE<br>LIVIA FENIMANI<br>LIVIA MARIA BENTO<br>LUANA NAMIE HASHIMOTO MATOBA<br>LUCAS DOS SANTOS AUGUSTO DE JESUS<br>LUCCA DAVANSO LIMA DOS SANTOS<br>LUIS FERNANDO BUENO DE OLIVEIRA<br>LUIZ FELIPE MOTA VALENTIM<br>LUIZA BEZERRA FONTES<br>MARCELA SARGENTIN MILAN<br>MARCOS VINICIUS DE LIMA SILVA<br>MARIA AUGUSTA KIKUTI ROMERO<br>MARIA CLARA POCAS GONCALVES<br>MARIA CLARA RIBEIRO DUARTE<br>MARIA EDUARDA FERNANDES TOZATTI<br>MARIA EDUARDA TOMOTO KIKUCHI<br>MARIA JULIA DE OLIVEIRA LUCENTE<br>MARIA JULIA VALENTE<br>MARIA LUIZA MALHEIROS OLIVEIRA<br>MARIA VICT\u00d3RIA FERREIRA E ARA\u00daJO<br>MARIA VITORIA ALVES DE OLIVEIRA<br>MARIA VITORIA COSTA MARTINS<br>MATHEUS EIJI NAKASHIMA KATAYAMA<br>MATHEUS HENRIQUE FURRIER GARCIA<br>NAT\u00c1LIA ROCHA LOBO<br>NATHALIA VITORIA DE ALMEIDA<br>NICOLE NAKAMURA SURMANI &#8211;<br>RAFAELA DAMASCENO RODRIGUES CAMPOS<br>RAFAELY CECILIA FERREIRA<br>RAHUY FELIPE CAMPOS SILVA<br>RAIANE GUIDOLIN MARCATO &#8211;<br>RENAN FELIPE SANTOS JOS\u00c9<br>RHA\u00cdSSA REBOU\u00c7AS NASCIMENTO<br>RICARDO YUJI MASHIMA<br>ROSBELLE BELLAVER ZENF &#8211;<br>THIAGO FUSTAINO VITTI<br>VICTORIA BEATRIZ FERNANDES MARTINS<br>VITOR HENRIQUE DE OLIVEIRA AURELIO<br>VITORIA DE MARCHI FRANCISCON<br>VITORIA KETLEN DE PAULA MOREIRA<\/p>\n\n\n\n<div style=\"height:20px\" aria-hidden=\"true\" class=\"wp-block-spacer\"><\/div>\n\n\n\n<p><strong>MEDICINA<\/strong><\/p>\n\n\n\n<p>ADRIELLE MORTENE DA SILVA<br>ALEXANDRE KEN ROSSINI MURAKAMI<br>ALLAN VICTOR ANDRADE GOMES<br>AMANDA LET\u00cdCIA DIAS<br>AMANDA SCHLOSSER GABANI<br>ANA BEATRIZ TERCIOTTI<br>ANA JULIA DE SOUSA DE MENEZES<br>ANA LETICIA HONORIO DE REZENDE<br>ANA PAULA MERCALDI GARANHANI<br>ANA SOFIA VILAS BOAS SIM\u00d5ES<br>ANDRE SUEL PAULA DOS SANTOS<br>ARTHUR PICCININI GUIMAR\u00c3ES<br>AUINA DANIELE DE MORAES VIEGAS<br>AYLA GABRIELLE MOURA DA SILVA<br>BEATRIZ CAPELLARI LAZARO<br>BEATRIZ GARDIN MACHADO<br>BEATRIZ WENDY MAYUMI SAKAMA<br>BRUNA MAIA GALETTI<br>BRUNA SANTOS DE CAMPOS<br>BRUNO ALEXANDRE SAKAMOTO RODRIGUES<br>BRUNO SHIMOKAVA<br>CAIO CESAR SAFRANSKI MARTINS<br>CAMILA CAROLINE DA SILVA<br>CAMILA GONCALVES CUSTODIO<br>CAMILA RAFAELA DE OLIVEIRA PEDROZO<br>CAROLYNY MENDES DE OLIVEIRA<br>CATARINA GUARNIERI SOBREIRA MORAES<br>CLARA AKEMI IWAKURA<br>DANIA LAV\u00cdNIA ASSUN\u00c7\u00c3O PEREIRA<br>DANIEL FELIPE PIVA DOS SANTOS<br>EDUARDA AKEMI IKEGAMI TAKAHASHI<br>ELOISE DELATORE CRUZ<br>EMANUELE ALVES MORAIS<br>EMANUELLE PIOVEZANA<br>EMILLY VIANA BARBOSA<br>FELIPE BORTOLOTTI NONINO<br>FELIPE PAULINO MATIAS<br>FELIPPE YESERE BEZERRA FERREIRA EVA<br>GIOVANA BONI TERRA<br>GIOVANA TAKESHITA ITIMURA<br>GIOVANNA BEATRIZ DE LIMA FAVARO<br>GIOVANNA DE ALMEIDA CASTRO<br>GIULIA AKEMI SAKASHITA<br>GUILHERME AOKI ZIEBARTH<br>GUILHERME BRITO DE SOUZA<br>GUILHERME KENZO AZUMA<br>GUSTAVO VIEIRA DE OLIVEIRA<br>HELOISA BORGES DA SILVEIRA<br>HELO\u00cdSA DELLANDREA<br>IGOR VALENTE RABELO WATANABE<br>INDIANARA PRADO DOS SANTOS<br>INGRIDY OLIVEIRA DA SILVA<br>ISABELA CAOBIANCO GOBETI<br>ISABELA COROLIANO AUGUSTO<br>ISABELLY NOVASKI FRANCO<br>ISADORA FERRARI HANNICKEL<br>JANAINA BEATRIZ FREIBERG<br>JENNIFER OGUSHI<br>JHONIFER JOGE TAVARES<br>JOAO EDUARDO YUDI HOEPERS MIYAWAKI<br>JOAO GABRIEL COSTA BELAVENUTE<br>JO\u00c3O PEDRO KURTZ GRITTI<br>JO\u00c3O VITOR NETTO MOREIRA ALVES<br>J\u00daLIA RAFAEL<br>JULIA SCUDELER BARRETO<br>JULIANA SAYURI ANDO<br>JULIO ANDREI FLAUSINO PEREIRA<br>KAMILA APARECIDA LIMA LOPES<br>KARLA YESENIA LEON LABADIE<br>KAUANA DA SILVA PACHECO RABELO<br>KLEBER HENRIQUE DE CARVALHO JULIANI<br>LAIS GARCIA FORMICOLI<br>LAIS GUAYATO BARBINI<br>LARISSA MORAIS GUESSO LEAO<br>LARISSA MOREIRA DE PONTES<br>LAURA MENDES TROMBINI<br>LAURA OGATA SANTELLI<br>LAVINIA VITORIA DE MELO NOGUEIRA<br>LEONARDO MOREIRA LICATI<br>LETICIA DE SOUZA RIBEIRO<br>LUANA ROSSI VAZ<br>LUCAS ALEXANDRE FREIRE DE FREITAS<br>LUCAS ALVES DE MORAES<br>LUIZ GUILHERME TSUNEO C NEMOTO<br>LUIZA TACCI BIOLO DE ABREU<br>MAIARA CAROLINA VALDERRAMO<br>MARCELO HENRIQUE PEREIRA PAINELLI<br>MARIA BEATRIZ ACIOLI SILVA<br>MARIA FERNANDA DE CARVALHO SCHIAVIN<br>MARIA FERNANDA MELIM GOMES CARNEIRO<br>MARIA GABRIELA ALVES DA SILVA SOUZA<br>MARIA GABRIELA DE MELO HORTA<br>MARIA HELOISA DE SOUZA BONFIM<br>MARIA HELOISA DOMINGOS GARCIA<br>MARIANA PINATTI ALMEIDA<br>MARIANA REBOLHO SANT ANA<br>MARIANY ZUCON DA SILVA<br>MATEUS HENRIQUE KAVA DE CAMARGO<br>MATHEUS AUGUSTO DA COSTA SANTOS<br>MILENA YUKO SASAKI<br>NAOMI VERCESI<br>PABLLO BATISTA MOURA<br>PAOLA GIORDANA GREGORIO<br>PAULA FERNANDA PEDRO MORO<br>PEDRO HENRIQUE BISPO DE OLIVEIRA<br>PEDRO HENRIQUE FECCHIO<br>PEDRO ONOFRE THOMAZ RAMALHO<br>RAFAEL GRION VALENTE<br>RAFAEL PRATES FERREIRA DOS SANTOS<br>RAFAELA JUSTINI FORCATTO PAES<br>RAPHAEL RIBEIRO LOPES<br>RAQUEL NEVES BALAN<br>RENAN SHIRANE WAJIMA<br>SAMUEL ALVES DA SILVA<br>TAINARA TRINDADE DE CARVALHO<br>VER\u00d4NICA MACHADO DA SILVA<br>VICTOR HUGO FARIAS<br>VICTOR LUIZ PEDROZA NASCIMENTO<br>VINICIUS YUDI KAGAWA FUJIMURA<br>VITORIA CAROLINE CAMARGO DOS SANTOS<br>YASMIM RAMOS DE SOUSA GALIAN<\/p>\n\n\n\n<div style=\"height:20px\" aria-hidden=\"true\" class=\"wp-block-spacer\"><\/div>\n\n\n\n<p><strong>NUTRI\u00c7\u00c3O<\/strong><\/p>\n\n\n\n<p>ALINE MONTEIRO DE SOUZA<br>AMANDA DE OLIVEIRA MARTUCHI<br>AMANDA RIBEIRO<br>ANA BEATRIZ PAULINO LUCIO DA SILVA<br>ANA CAROLINE TIEMI SATO<br>ANA LAURA RODRIGUES DA SILVA<br>ANA LUISA DA SILVA AZEVEDO<br>ANDRE FELIPE MARCHIORI DE OLIVEIRA<br>ANTONIELLA LOPES FRIMMEL<br>BARBARA DE SALES SGRIGNOLI<br>CAROLINA BILHAO MIRANDA<br>CAROLINE BELLA DE SOUSA CARDOSO<br>EDUARDA ZANIN TAVARES<br>EDUARDO DIAS<br>EMILLY SAYURI CORREA KANABATA<br>FELIPE GOES STOCKI<br>GABRIEL SOUZA BRESCIA<br>GABRIELA CONTO PASCHOALOTTI<br>GABRIELA FERNANDA COSTA<br>GABRIELA PALERMO THOME<br>GABRIELLA SILVEIRA PONTILLO<br>GEOVANNA LACERDA TOMAZI<br>GIOVANA APARECIDA RIBEIRO<br>GIOVANNA CAROLINE LOPES<br>GISLAINE NATO GUIMARAES<br>GUILHERME MALFE ZANATTA<br>GWINIFFER SHAIANE SPOLOM<br>HELOISA CRISTINA SILVESTRE<br>HELOISA DUTRA MORAES<br>HELOISE FRANCIOLI<br>ISABELA DA SILVA FERRAZ<br>ISABELLA MARIA VASCONCELOS SOUZA<br>ISADORA DA SILVA PASSOS<br>ISADORA SOLDATTI GIUSTI<br>JOAO AUGUSTO VIEIRA MAZETTO<br>JUAN CANOVA MANGUESI<br>JULIA APARECIDA CAMBAROTO TRISTAO<br>JULIA GONCALVES DE MORAIS<br>LAIS FERNANDA MENDONCA OGASAWARA<br>LAISSA EMY SAKUMA<br>LAURA BERTHE TRISTAO<br>LEONARDO AFONSO MICHELETTI<br>LUIZ FELIPE SOARES<br>LUIZA VIEIRA MIORALI<br>MAISA GABRIELLE RODRIGUES TEIXEIRA<br>MARCOS FELIPE TEIXEIRA<br>MARIA ELOISA FERNANDES TOZATTI<br>MARIA HELOISA BIAZAO<br>MARIA LUIZA NANTES<br>MARIA VITORIA TOFANO COSTA VAL<br>MARIANE MEGUMI UMEBARA<br>MATEUS ANDRADE MACHADO<br>MATHEUS PAULINO NEVES<br>MAYARA AYUMI SHIMAMOTO<br>MILENA FAVA<br>MIRIA FRANCA DE PAULA<br>MURILO MEDEIROS MATTHIESEN<br>NATALIA ALVES MENDES<br>NATHALIA DE ARAUJO BARROS<br>NICOLE AYUMI OTAKE<br>OLAVO AUGUSTO DO AMARAL<br>PEDRO DANTAS DE ARAUJO<br>PEDRO HENRIQUE NASCIMENTO<br>QUEREN PONTES UHDRE<br>RAFAELLY DE ALMEIDA AVANCINI<br>SARAH BEATRIZ NOGUEIRA SABINO<br>STEFANY BARBOSA KUBALAKI<br>THAIS SILVA BERNARDINO<br>VITOR SCAGNOLATO BERGER<br>YOHANA SHIBUKAWA VICTOR<\/p>\n\n\n\n<div style=\"height:20px\" aria-hidden=\"true\" class=\"wp-block-spacer\"><\/div>\n\n\n\n<p><strong>ODONTOLOGIA<\/strong><\/p>\n\n\n\n<p>ALANA DE SOUZA GALIA<br>ALICIA THOMAZINI TERRA<br>ALLAN CAYMI RAMIREZ MONTECELLI<br>AMANDA CASTOLDO BATISTA<br>AMANDA MIOTO DA SILVA<br>ANA CAROLINA DOS SANTOS BARBOSA<br>ANA CLARA ALBINO DE OLIVEIRA<br>ANA CLARA ANTUNES OLIVEIRA<br>ANA CLARA COSTA PAVAO<br>ANA CLARA VICENTI SILVA<br>ANA EDUARDA STOCKI<br>ANA ISABEL DE SOUZA<br>ANA JULIA DE SOUZA ROCHA<br>ANA LUIZA SERPELONI<br>ANA MARIA MOREIRA DE OLIVEIRA<br>ANDRE KENJI YOSHIDA<br>BEATRIZ CASSIANO RODOLFO<br>BEATRIZ CRISTINA DA SILVA<br>BEATRIZ MARIA DE OLIVEIRA<br>BEATRIZ TALIELE SILVA<br>BIANCA ALVES DE CARVALHO<br>BIANCA MIYUKI IAMAMOTO<br>BRENDA BOSCHETTI<br>BRENDA DE LARA SILVA<br>BRUNO ITO YAMAMOTO<br>CAMILLE MAIOLI MOLINA<br>CARLOS HENRIQUE ALVES<br>CAROLINE MENDES<br>CLARA PEREIRA FERNEDA<br>DANDARA GODEGUEZ<br>DEBORA DA SILVA MARIANO<br>DEBORA GIBIN DA SILVA<br>DEBORA NEUMANN DA SILVA<br>EDILAINE NUNES RAMOS<br>EDUARDA DA SILVA MARTIN<br>EDUARDA RUSSO LOPES<br>EDUARDO HENRIQUE MIRANDA DAS NEVES<br>EMILLY VICTORIA DIAS VITOR<br>EMILY CASTRO DA ROSA<br>FABIANE NATHALI BATINI<br>FELIPE MENDES AFFONSO<br>FERNANDA MARCAL AMANCIO<br>FLAVIA HELOISA DA SILVA GROSSI<br>FLAVIA ROCHOEL COSTA<br>GABRIEL MOSQUIARA AGUIAR<br>GABRIELA MANDUCA<br>GABRIELA SERTORIO ARANTES BARROS<br>GABRIELY VITORIA JULIO<br>GABRYELLA JUBANSKI MACHADO<br>GEOVANA BOSSATO MARIANO EMILIANO<br>GEOVANA CAETANI<br>GIOVANA SAYURI TAKAOKA<br>GIOVANNA CABRAL BEZERRA<br>GIOVANNA INACIO BIANQUI<br>GIOVANNA MARIA ANTONIA PEREIRA<br>GIULIA ESTEVAM DE OLIVEIRA<br>GUILHERME HIDEKI YONAMINE<br>GUSTAVO COELHO DE CARVALHO<br>GUSTAVO ZANATA DE ALMEIDA SILVA<br>HENRIQUE FRASSON FREGONEZI<br>ISABELLA MACHADO ROZADA<br>ISADORA BOM DOS SANTOS<br>ISADORA NOVAIS DE OLIVEIRA<br>IZABELA GUERRA WALDRIGUES DE CAMPOS<br>JOAO VICTOR PEREIRA DE DEUS<br>JOELMA DOS SANTOS SILVA MOTTA<br>JOYCE APARECIDA ROESLER DOS SANTOS<br>JULIA ANDREA ROMAO PINHO<br>JULIA CARMAGNANI LEITAO<br>JULIA GUZELA DAMIAO<br>JULIA SILVA DE BARROS<br>KAMILY DE PAULA PEREIRA<br>KARINNA OLIVEIRA DE ANDRADE<br>KAUAN HENRIQUE NEVES BALAN<br>KELLY LINA HASHIMOTO<br>LARISSA LORRAINE SILVA NORBERTO<br>LARISSA MAYA HIGASHIO<br>LARISSA PEDROSO DE OLIVEIRA<br>LAURA LIMA MASSIMO<br>LAURA MARIA SEQUIS MASSETTO<br>LAURA TOFFOLI LOBO<br>LEANDRA LOCATELLI DE ARAUJO<br>LETICIA CAMARGO DE SOUZA<br>LIVIA AIRY SEMOTO<br>LIVIA MARTINELLI DA SILVA<br>LIVIA SCHURMANN LEONARDI<br>LUANA LARISSA ESTEVAN VIANA<br>LUISA CALIZOTTI<br>LUIZ FELIPE SANTOS BATISTA<br>LUIZA GUSMAO<br>MANUELA MONIQUE MAIA REIS<br>MARCELA MARINETE DA SILVA DONEGATI<br>MARIA EDUARDA AYA HAYASHI<br>MARIA EDUARDA BOSO MEDEIROS<br>MARIA EDUARDA GONCALVES DE OLIVEIRA<br>MARIA EDUARDA PEREIRA GONCALVES<br>MARIA EDUARDA PRADO<br>MARIA EDUARDA YORINORI DA SILVA<br>MARIA FERNANDA CARDOSO<br>MARIA FERNANDA DE OLIVEIRA CAMPOS P<br>MARIA FERNANDA DORNELLES SOBERON<br>MARIA JULIA GAMBA<br>MARIA LUIZE MANCONI SAMBATTI BISSAN<br>MARIANA MENDES CAMARGO<br>MARIANA ROCHA SOARES<br>MARIANA YAMADA AMORIM<br>MARLETE DE MIRANDA SANTAN<br>MATEUS KIUJI YANO KAYAMORI<br>MATEUS ZAMBON STRINGHETTA<br>MATHEUS MENDES DE ALMEIDA<br>MATHEUS RYU HASUDA ONO<br>MILLENA VITORIA DOS SANTOS<br>MIRELA DA COSTA OLIVEIRA<br>NAIARA GABRIELE BATISTA DA SILVA<br>PABLO HENRIQUE LIMA CAVALCANTE<br>PATRICK GRANADO SONCELA<br>PEDRO MANUEL OHARA BARBOZA<br>PEDRO MARTELINI RAHUAM<br>PRISCILA TAMIRES DA COSTA SILVA<br>REBECA KAORI TUDA RORIZ SILVA<br>SAMUEL VAILOES FERREIRA<br>SOFIA REGINA LORENTZ CORLASSOLI<br>VICTOR HUGO MARIN<br>VITOR HUGO LIMA DE PAULA<br>VITORIA PASCHOAL BONATO<\/p>\n","protected":false},"excerpt":{"rendered":"<p>Cursos Inscritos Premiados 2023 Enfermagem, Farm\u00e1cia, Fisioterapia, Medicina, Nutri\u00e7\u00e3o e Odontologia Resumo da A\u00e7\u00e3o: Os estudantes ingressantes e veteranos participaram de gincana, promovida pelo Centro de Ci\u00eancias da Sa\u00fade (CCS) da Universidade Estadual de Londrina (UEL) que teve por finalidade incentivar a\u00e7\u00f5es solid\u00e1rias voltadas para a campanha institucional pela n\u00e3o viol\u00eancia na recep\u00e7\u00e3o aos ingressantes [&hellip;]<\/p>\n","protected":false},"author":8,"featured_media":0,"parent":0,"menu_order":0,"comment_status":"closed","ping_status":"closed","template":"","meta":{"_acf_changed":false,"_themeisle_gutenberg_block_has_review":false,"footnotes":""},"class_list":["post-5796","page","type-page","status-publish","hentry"],"acf":[],"_links":{"self":[{"href":"https:\/\/sites.uel.br\/ser\/wp-json\/wp\/v2\/pages\/5796","targetHints":{"allow":["GET"]}}],"collection":[{"href":"https:\/\/sites.uel.br\/ser\/wp-json\/wp\/v2\/pages"}],"about":[{"href":"https:\/\/sites.uel.br\/ser\/wp-json\/wp\/v2\/types\/page"}],"author":[{"embeddable":true,"href":"https:\/\/sites.uel.br\/ser\/wp-json\/wp\/v2\/users\/8"}],"replies":[{"embeddable":true,"href":"https:\/\/sites.uel.br\/ser\/wp-json\/wp\/v2\/comments?post=5796"}],"version-history":[{"count":16,"href":"https:\/\/sites.uel.br\/ser\/wp-json\/wp\/v2\/pages\/5796\/revisions"}],"predecessor-version":[{"id":6084,"href":"https:\/\/sites.uel.br\/ser\/wp-json\/wp\/v2\/pages\/5796\/revisions\/6084"}],"wp:attachment":[{"href":"https:\/\/sites.uel.br\/ser\/wp-json\/wp\/v2\/media?parent=5796"}],"curies":[{"name":"wp","href":"https:\/\/api.w.org\/{rel}","templated":true}]}}