{"id":5732,"date":"2023-09-11T11:05:04","date_gmt":"2023-09-11T14:05:04","guid":{"rendered":"https:\/\/sites.uel.br\/ser\/?page_id=5732"},"modified":"2023-09-14T10:57:42","modified_gmt":"2023-09-14T13:57:42","slug":"premio-boas-praticas-na-recepcao-aos-estudantes-ingressantes-premiados-2023-administracao-ciencias-contabeis-ciencias-economicas-direito-secretariado-executivo-e-servico-social","status":"publish","type":"page","link":"https:\/\/sites.uel.br\/ser\/premio-boas-praticas-na-recepcao-aos-estudantes-ingressantes-premiados-2023-administracao-ciencias-contabeis-ciencias-economicas-direito-secretariado-executivo-e-servico-social\/","title":{"rendered":"Pr\u00eamio Boas Pr\u00e1ticas na Recep\u00e7\u00e3o aos Estudantes Ingressantes"},"content":{"rendered":"\n<hr class=\"wp-block-separator has-alpha-channel-opacity is-style-wide\" \/>\n\n\n\n<figure class=\"wp-block-image size-full\"><img loading=\"lazy\" decoding=\"async\" width=\"1280\" height=\"512\" src=\"https:\/\/sites.uel.br\/ser\/wp-content\/uploads\/2021\/07\/IMG-20210727-WA0028.jpg\" alt=\"\" class=\"wp-image-1021\" srcset=\"https:\/\/sites.uel.br\/ser\/wp-content\/uploads\/2021\/07\/IMG-20210727-WA0028.jpg 1280w, https:\/\/sites.uel.br\/ser\/wp-content\/uploads\/2021\/07\/IMG-20210727-WA0028-300x120.jpg 300w, https:\/\/sites.uel.br\/ser\/wp-content\/uploads\/2021\/07\/IMG-20210727-WA0028-1024x410.jpg 1024w, https:\/\/sites.uel.br\/ser\/wp-content\/uploads\/2021\/07\/IMG-20210727-WA0028-768x307.jpg 768w\" sizes=\"auto, (max-width: 1280px) 100vw, 1280px\" \/><\/figure>\n\n\n\n<h2 class=\"wp-block-heading\">Cursos Inscritos Premiados<\/h2>\n\n\n\n<h2 class=\"wp-block-heading\">2023<\/h2>\n\n\n\n<h2 class=\"wp-block-heading\">Administra\u00e7\u00e3o, Ci\u00eancias Cont\u00e1beis, Ci\u00eancias Econ\u00f4micas, Direito, Secretariado Executivo e Servi\u00e7o Social<\/h2>\n\n\n\n<p><strong>Resumo da A\u00e7\u00e3o:<\/strong><\/p>\n\n\n\n<p>Estamos realizando uma campanha de doa\u00e7\u00e3o de sangue. Relacionei para certificado os alunos que est\u00e3o ajudando na divulga\u00e7\u00e3o. A campanha acontecer\u00e1 durante o m\u00eas de agosto. Beneficiados IHEL e Hemocentro do HU.<\/p>\n\n\n\n<p><em>Obs: texto confeccionado pelos estudantes de Gradua\u00e7\u00e3o e\/ou Coordena\u00e7\u00e3o do curso.<\/em><\/p>\n\n\n\n<hr class=\"wp-block-separator has-text-color has-cinza-color has-css-opacity has-cinza-background-color has-background is-style-wide\" \/>\n\n\n<div class=\"wp-block-image\">\n<figure class=\"aligncenter size-full\"><img loading=\"lazy\" decoding=\"async\" width=\"900\" height=\"1600\" src=\"https:\/\/sites.uel.br\/ser\/wp-content\/uploads\/2023\/09\/premio_boas_praticas_2023_cursos_cesa_01.jpg\" alt=\"\" class=\"wp-image-5939\" srcset=\"https:\/\/sites.uel.br\/ser\/wp-content\/uploads\/2023\/09\/premio_boas_praticas_2023_cursos_cesa_01.jpg 900w, https:\/\/sites.uel.br\/ser\/wp-content\/uploads\/2023\/09\/premio_boas_praticas_2023_cursos_cesa_01-169x300.jpg 169w, https:\/\/sites.uel.br\/ser\/wp-content\/uploads\/2023\/09\/premio_boas_praticas_2023_cursos_cesa_01-576x1024.jpg 576w, https:\/\/sites.uel.br\/ser\/wp-content\/uploads\/2023\/09\/premio_boas_praticas_2023_cursos_cesa_01-768x1365.jpg 768w, https:\/\/sites.uel.br\/ser\/wp-content\/uploads\/2023\/09\/premio_boas_praticas_2023_cursos_cesa_01-864x1536.jpg 864w\" sizes=\"auto, (max-width: 900px) 100vw, 900px\" \/><\/figure>\n<\/div>\n\n<div class=\"wp-block-image\">\n<figure class=\"aligncenter size-full\"><img loading=\"lazy\" decoding=\"async\" width=\"958\" height=\"1600\" src=\"https:\/\/sites.uel.br\/ser\/wp-content\/uploads\/2023\/09\/premio_boas_praticas_2023_cursos_cesa_02.jpg\" alt=\"\" class=\"wp-image-5937\" srcset=\"https:\/\/sites.uel.br\/ser\/wp-content\/uploads\/2023\/09\/premio_boas_praticas_2023_cursos_cesa_02.jpg 958w, https:\/\/sites.uel.br\/ser\/wp-content\/uploads\/2023\/09\/premio_boas_praticas_2023_cursos_cesa_02-180x300.jpg 180w, https:\/\/sites.uel.br\/ser\/wp-content\/uploads\/2023\/09\/premio_boas_praticas_2023_cursos_cesa_02-613x1024.jpg 613w, https:\/\/sites.uel.br\/ser\/wp-content\/uploads\/2023\/09\/premio_boas_praticas_2023_cursos_cesa_02-768x1283.jpg 768w, https:\/\/sites.uel.br\/ser\/wp-content\/uploads\/2023\/09\/premio_boas_praticas_2023_cursos_cesa_02-920x1536.jpg 920w\" sizes=\"auto, (max-width: 958px) 100vw, 958px\" \/><\/figure>\n<\/div>\n\n<div class=\"wp-block-image\">\n<figure class=\"aligncenter size-full\"><img loading=\"lazy\" decoding=\"async\" width=\"739\" height=\"553\" src=\"https:\/\/sites.uel.br\/ser\/wp-content\/uploads\/2023\/09\/premio_boas_praticas_2023_cursos_cesa_03.jpg\" alt=\"\" class=\"wp-image-5941\" srcset=\"https:\/\/sites.uel.br\/ser\/wp-content\/uploads\/2023\/09\/premio_boas_praticas_2023_cursos_cesa_03.jpg 739w, https:\/\/sites.uel.br\/ser\/wp-content\/uploads\/2023\/09\/premio_boas_praticas_2023_cursos_cesa_03-300x224.jpg 300w\" sizes=\"auto, (max-width: 739px) 100vw, 739px\" \/><\/figure>\n<\/div>\n\n\n<hr class=\"wp-block-separator has-text-color has-cinza-color has-css-opacity has-cinza-background-color has-background is-style-wide\" \/>\n\n\n\n<p><strong>ESTUDANTES PARTICIPANTES<\/strong><\/p>\n\n\n\n<p>ADRIANO COLETTI SANTOLINO<br>BEATRIZ MITY OMURO<br>CAILAN MORAES CORREA<br>EDUARDA VICENTINI<br>GABRIEL HENRIQUE MARQUEZINE<br>JULIANA YUKARI UEDA<br>MARIA CLARA SOUZA BERSI<br>PEDRO HENRIQUE NICHIMURA<\/p>\n","protected":false},"excerpt":{"rendered":"<p>Cursos Inscritos Premiados 2023 Administra\u00e7\u00e3o, Ci\u00eancias Cont\u00e1beis, Ci\u00eancias Econ\u00f4micas, Direito, Secretariado Executivo e Servi\u00e7o Social Resumo da A\u00e7\u00e3o: Estamos realizando uma campanha de doa\u00e7\u00e3o de sangue. Relacionei para certificado os alunos que est\u00e3o ajudando na divulga\u00e7\u00e3o. A campanha acontecer\u00e1 durante o m\u00eas de agosto. Beneficiados IHEL e Hemocentro do HU. Obs: texto confeccionado pelos estudantes [&hellip;]<\/p>\n","protected":false},"author":8,"featured_media":0,"parent":0,"menu_order":0,"comment_status":"closed","ping_status":"closed","template":"","meta":{"_acf_changed":false,"_themeisle_gutenberg_block_has_review":false,"footnotes":""},"class_list":["post-5732","page","type-page","status-publish","hentry"],"acf":[],"_links":{"self":[{"href":"https:\/\/sites.uel.br\/ser\/wp-json\/wp\/v2\/pages\/5732","targetHints":{"allow":["GET"]}}],"collection":[{"href":"https:\/\/sites.uel.br\/ser\/wp-json\/wp\/v2\/pages"}],"about":[{"href":"https:\/\/sites.uel.br\/ser\/wp-json\/wp\/v2\/types\/page"}],"author":[{"embeddable":true,"href":"https:\/\/sites.uel.br\/ser\/wp-json\/wp\/v2\/users\/8"}],"replies":[{"embeddable":true,"href":"https:\/\/sites.uel.br\/ser\/wp-json\/wp\/v2\/comments?post=5732"}],"version-history":[{"count":10,"href":"https:\/\/sites.uel.br\/ser\/wp-json\/wp\/v2\/pages\/5732\/revisions"}],"predecessor-version":[{"id":5942,"href":"https:\/\/sites.uel.br\/ser\/wp-json\/wp\/v2\/pages\/5732\/revisions\/5942"}],"wp:attachment":[{"href":"https:\/\/sites.uel.br\/ser\/wp-json\/wp\/v2\/media?parent=5732"}],"curies":[{"name":"wp","href":"https:\/\/api.w.org\/{rel}","templated":true}]}}