{"id":5238,"date":"2023-07-17T08:33:11","date_gmt":"2023-07-17T11:33:11","guid":{"rendered":"https:\/\/sites.uel.br\/ser\/?page_id=5238"},"modified":"2026-02-19T14:28:56","modified_gmt":"2026-02-19T17:28:56","slug":"educacao-fisica-bacharelado-e-licenciatura","status":"publish","type":"page","link":"https:\/\/sites.uel.br\/ser\/educacao-fisica-bacharelado-e-licenciatura\/","title":{"rendered":"Educa\u00e7\u00e3o F\u00edsica &#8211; Bacharelado e Licenciatura"},"content":{"rendered":"\n<p>(Centro de Educa\u00e7\u00e3o F\u00edsica e Esporte \u2013 CEFE)<\/p>\n\n\n\n<hr class=\"wp-block-separator has-alpha-channel-opacity is-style-wide\" \/>\n\n\n<div class=\"wp-block-image\">\n<figure class=\"aligncenter size-full\"><img loading=\"lazy\" decoding=\"async\" width=\"1279\" height=\"510\" src=\"https:\/\/sites.uel.br\/ser\/wp-content\/uploads\/2025\/03\/topo_ser_uel_2025.png\" alt=\"\" class=\"wp-image-7631\" srcset=\"https:\/\/sites.uel.br\/ser\/wp-content\/uploads\/2025\/03\/topo_ser_uel_2025.png 1279w, https:\/\/sites.uel.br\/ser\/wp-content\/uploads\/2025\/03\/topo_ser_uel_2025-300x120.png 300w, https:\/\/sites.uel.br\/ser\/wp-content\/uploads\/2025\/03\/topo_ser_uel_2025-1024x408.png 1024w, https:\/\/sites.uel.br\/ser\/wp-content\/uploads\/2025\/03\/topo_ser_uel_2025-768x306.png 768w\" sizes=\"auto, (max-width: 1279px) 100vw, 1279px\" \/><\/figure>\n<\/div>\n\n\n<div class=\"wp-block-columns is-layout-flex wp-container-core-columns-is-layout-9d6595d7 wp-block-columns-is-layout-flex\">\n<div class=\"wp-block-column is-layout-flow wp-block-column-is-layout-flow\" style=\"flex-basis:60%\">\n<figure class=\"wp-block-embed is-type-video is-provider-youtube wp-block-embed-youtube wp-embed-aspect-16-9 wp-has-aspect-ratio\"><div class=\"wp-block-embed__wrapper\">\n<iframe loading=\"lazy\" title=\"Semana de Recep\u00e7\u00e3o aos Ingressantes 2025 (Mensagem do Vice-Diretor - CEFE\/UEL)\" width=\"500\" height=\"281\" src=\"https:\/\/www.youtube.com\/embed\/AEtYlhwQE7Q?feature=oembed\" frameborder=\"0\" allow=\"accelerometer; autoplay; clipboard-write; encrypted-media; gyroscope; picture-in-picture; web-share\" referrerpolicy=\"strict-origin-when-cross-origin\" allowfullscreen><\/iframe>\n<\/div><\/figure>\n<\/div>\n\n\n\n<div class=\"wp-block-column is-vertically-aligned-center is-layout-flow wp-block-column-is-layout-flow\" style=\"flex-basis:33.33%\">\n<p class=\"has-text-color has-medium-font-size\" style=\"color:#025839\"><strong>Contatos com o Centro<\/strong><\/p>\n\n\n\n<p class=\"has-text-color has-medium-font-size\" style=\"color:#025839\">p\u00e1gina: <a href=\"http:\/\/sites.uel.br\/cefe\" target=\"_blank\" rel=\"noreferrer noopener\">sites.uel.br\/cefe<\/a><\/p>\n\n\n\n<p class=\"has-text-color has-medium-font-size\" style=\"color:#025839\">e-mail: <a href=\"mailto:cefd@uel.br\">cefd@uel.br<\/a><\/p>\n\n\n\n<p class=\"has-text-color has-medium-font-size\" style=\"color:#025839\">telefone<span style=\"font-size: revert\">: (43) 3371-4228<\/span><\/p>\n<\/div>\n<\/div>\n\n\n\n<div class=\"wp-block-columns is-layout-flex wp-container-core-columns-is-layout-9d6595d7 wp-block-columns-is-layout-flex\">\n<div class=\"wp-block-column is-layout-flow wp-block-column-is-layout-flow\">\n<figure class=\"wp-block-image size-full\"><img loading=\"lazy\" decoding=\"async\" width=\"1500\" height=\"1000\" src=\"https:\/\/sites.uel.br\/ser\/wp-content\/uploads\/img\/2025\/coordenadores\/educacao_fisica_bacharelado_josiane.png\" alt=\"\" class=\"wp-image-7724\" srcset=\"https:\/\/sites.uel.br\/ser\/wp-content\/uploads\/img\/2025\/coordenadores\/educacao_fisica_bacharelado_josiane.png 1500w, https:\/\/sites.uel.br\/ser\/wp-content\/uploads\/img\/2025\/coordenadores\/educacao_fisica_bacharelado_josiane-300x200.png 300w, https:\/\/sites.uel.br\/ser\/wp-content\/uploads\/img\/2025\/coordenadores\/educacao_fisica_bacharelado_josiane-1024x683.png 1024w, https:\/\/sites.uel.br\/ser\/wp-content\/uploads\/img\/2025\/coordenadores\/educacao_fisica_bacharelado_josiane-768x512.png 768w\" sizes=\"auto, (max-width: 1500px) 100vw, 1500px\" \/><\/figure>\n<\/div>\n\n\n\n<div class=\"wp-block-column is-vertically-aligned-center is-layout-flow wp-block-column-is-layout-flow\">\n<p class=\"has-text-color has-medium-font-size\" style=\"color:#025839\"><strong>Coordena\u00e7\u00e3o de Colegiado de Curso (Bacharelado)<\/strong><\/p>\n\n\n\n<p class=\"has-text-color has-medium-font-size\" style=\"color:#025839\">Profa. Josiane Medina Papst<\/p>\n\n\n\n<p class=\"has-text-color has-medium-font-size\" style=\"color:#025839\">e-mail: <a href=\"mailto:colegiadoef@uel.br\">colegiadoef@uel.br<\/a><\/p>\n<\/div>\n<\/div>\n\n\n\n<div class=\"wp-block-columns is-layout-flex wp-container-core-columns-is-layout-9d6595d7 wp-block-columns-is-layout-flex\">\n<div class=\"wp-block-column is-layout-flow wp-block-column-is-layout-flow\">\n<figure class=\"wp-block-image size-full\"><img loading=\"lazy\" decoding=\"async\" width=\"960\" height=\"540\" src=\"https:\/\/sites.uel.br\/ser\/wp-content\/uploads\/2021\/07\/b_imagem_nao_disponivel.png\" alt=\"\" class=\"wp-image-695\" srcset=\"https:\/\/sites.uel.br\/ser\/wp-content\/uploads\/2021\/07\/b_imagem_nao_disponivel.png 960w, https:\/\/sites.uel.br\/ser\/wp-content\/uploads\/2021\/07\/b_imagem_nao_disponivel-300x169.png 300w, https:\/\/sites.uel.br\/ser\/wp-content\/uploads\/2021\/07\/b_imagem_nao_disponivel-768x432.png 768w\" sizes=\"auto, (max-width: 960px) 100vw, 960px\" \/><\/figure>\n<\/div>\n\n\n\n<div class=\"wp-block-column is-vertically-aligned-center is-layout-flow wp-block-column-is-layout-flow\">\n<p class=\"has-text-color has-medium-font-size\" style=\"color:#025839\"><strong><strong>Vice-Coordena\u00e7\u00e3o de Colegiado de Curso (<strong>Bacharelado<\/strong>)<\/strong>  <\/strong><\/p>\n\n\n\n<p class=\"has-text-color has-medium-font-size\" style=\"color:#025839\">Profa. Larissa Bobroff Daros<\/p>\n\n\n\n<p class=\"has-text-color has-medium-font-size\" style=\"color:#025839\">e-mail: <a href=\"mailto:colegiadoef@uel.br\">colegiadoef@uel.br<\/a><\/p>\n<\/div>\n<\/div>\n\n\n\n<div class=\"wp-block-columns is-layout-flex wp-container-core-columns-is-layout-9d6595d7 wp-block-columns-is-layout-flex\">\n<div class=\"wp-block-column is-layout-flow wp-block-column-is-layout-flow\">\n<figure class=\"wp-block-image size-full\"><img loading=\"lazy\" decoding=\"async\" width=\"1500\" height=\"1000\" src=\"https:\/\/sites.uel.br\/ser\/wp-content\/uploads\/img\/2026\/coordenadores\/educacao_fisica_licenciatura_karina.png\" alt=\"\" class=\"wp-image-8812\" srcset=\"https:\/\/sites.uel.br\/ser\/wp-content\/uploads\/img\/2026\/coordenadores\/educacao_fisica_licenciatura_karina.png 1500w, https:\/\/sites.uel.br\/ser\/wp-content\/uploads\/img\/2026\/coordenadores\/educacao_fisica_licenciatura_karina-300x200.png 300w, https:\/\/sites.uel.br\/ser\/wp-content\/uploads\/img\/2026\/coordenadores\/educacao_fisica_licenciatura_karina-1024x683.png 1024w, https:\/\/sites.uel.br\/ser\/wp-content\/uploads\/img\/2026\/coordenadores\/educacao_fisica_licenciatura_karina-768x512.png 768w\" sizes=\"auto, (max-width: 1500px) 100vw, 1500px\" \/><\/figure>\n<\/div>\n\n\n\n<div class=\"wp-block-column is-vertically-aligned-center is-layout-flow wp-block-column-is-layout-flow\">\n<p class=\"has-text-color has-medium-font-size\" style=\"color:#025839\"><strong>Coordena\u00e7\u00e3o de Colegiado de Curso (Licenciatura) <\/strong><\/p>\n\n\n\n<p class=\"has-text-color has-medium-font-size\" style=\"color:#025839\">Profa. Karina de Toledo Araujo<\/p>\n\n\n\n<p class=\"has-text-color has-medium-font-size\" style=\"color:#025839\">e-mail: <a href=\"mailto:cefeacademico@uel.br\">cefeacademico@uel.br<\/a><\/p>\n<\/div>\n<\/div>\n\n\n\n<div class=\"wp-block-columns is-layout-flex wp-container-core-columns-is-layout-9d6595d7 wp-block-columns-is-layout-flex\">\n<div class=\"wp-block-column is-layout-flow wp-block-column-is-layout-flow\">\n<figure class=\"wp-block-image size-full\"><img loading=\"lazy\" decoding=\"async\" width=\"960\" height=\"540\" src=\"https:\/\/sites.uel.br\/ser\/wp-content\/uploads\/2021\/07\/b_imagem_nao_disponivel.png\" alt=\"\" class=\"wp-image-695\" srcset=\"https:\/\/sites.uel.br\/ser\/wp-content\/uploads\/2021\/07\/b_imagem_nao_disponivel.png 960w, https:\/\/sites.uel.br\/ser\/wp-content\/uploads\/2021\/07\/b_imagem_nao_disponivel-300x169.png 300w, https:\/\/sites.uel.br\/ser\/wp-content\/uploads\/2021\/07\/b_imagem_nao_disponivel-768x432.png 768w\" sizes=\"auto, (max-width: 960px) 100vw, 960px\" \/><\/figure>\n<\/div>\n\n\n\n<div class=\"wp-block-column is-vertically-aligned-center is-layout-flow wp-block-column-is-layout-flow\">\n<p class=\"has-text-color has-medium-font-size\" style=\"color:#025839\"><strong>Vice-Coordena\u00e7\u00e3o de Colegiado de Curso (Licenciatura) <\/strong><\/p>\n\n\n\n<p class=\"has-text-color has-medium-font-size\" style=\"color:#025839\">Prof. Fernando Pereira Candido<\/p>\n\n\n\n<p class=\"has-text-color has-medium-font-size\" style=\"color:#025839\">e-mail: <a href=\"mailto:cefeacademico@uel.br\">cefeacademico@uel.br<\/a> <\/p>\n<\/div>\n<\/div>\n\n\n\n<div class=\"wp-block-columns is-layout-flex wp-container-core-columns-is-layout-9d6595d7 wp-block-columns-is-layout-flex\">\n<div class=\"wp-block-column is-layout-flow wp-block-column-is-layout-flow\">\n<figure class=\"wp-block-image size-full\"><a href=\"https:\/\/sites.uel.br\/ser\/wp-content\/uploads\/programacao\/cursos\/2026\/programacao_recepcao_ingressantes_educacao_fisica_matutino.pdf\" target=\"_blank\" rel=\" noreferrer noopener\"><img loading=\"lazy\" decoding=\"async\" width=\"960\" height=\"540\" src=\"https:\/\/sites.uel.br\/ser\/wp-content\/uploads\/2022\/07\/b_programacao_matutino.png\" alt=\"\" class=\"wp-image-2380\" srcset=\"https:\/\/sites.uel.br\/ser\/wp-content\/uploads\/2022\/07\/b_programacao_matutino.png 960w, https:\/\/sites.uel.br\/ser\/wp-content\/uploads\/2022\/07\/b_programacao_matutino-300x169.png 300w, https:\/\/sites.uel.br\/ser\/wp-content\/uploads\/2022\/07\/b_programacao_matutino-768x432.png 768w\" sizes=\"auto, (max-width: 960px) 100vw, 960px\" \/><\/a><\/figure>\n<\/div>\n\n\n\n<div class=\"wp-block-column is-layout-flow wp-block-column-is-layout-flow\">\n<figure class=\"wp-block-image size-full\"><a href=\"https:\/\/sites.uel.br\/ser\/wp-content\/uploads\/programacao\/cursos\/2026\/programacao_recepcao_ingressantes_educacao_fisica_noturno.pdf\" target=\"_blank\" rel=\" noreferrer noopener\"><img loading=\"lazy\" decoding=\"async\" width=\"960\" height=\"540\" src=\"https:\/\/sites.uel.br\/ser\/wp-content\/uploads\/2022\/07\/b_programacao_noturno.png\" alt=\"\" class=\"wp-image-2382\" srcset=\"https:\/\/sites.uel.br\/ser\/wp-content\/uploads\/2022\/07\/b_programacao_noturno.png 960w, https:\/\/sites.uel.br\/ser\/wp-content\/uploads\/2022\/07\/b_programacao_noturno-300x169.png 300w, https:\/\/sites.uel.br\/ser\/wp-content\/uploads\/2022\/07\/b_programacao_noturno-768x432.png 768w\" sizes=\"auto, (max-width: 960px) 100vw, 960px\" \/><\/a><\/figure>\n<\/div>\n<\/div>\n\n\n\n<div class=\"wp-block-columns is-layout-flex wp-container-core-columns-is-layout-9d6595d7 wp-block-columns-is-layout-flex\">\n<div class=\"wp-block-column is-layout-flow wp-block-column-is-layout-flow\">\n<p><\/p>\n<\/div>\n<\/div>\n","protected":false},"excerpt":{"rendered":"<p>(Centro de Educa\u00e7\u00e3o F\u00edsica e Esporte \u2013 CEFE) Contatos com o Centro p\u00e1gina: sites.uel.br\/cefe e-mail: cefd@uel.br telefone: (43) 3371-4228 Coordena\u00e7\u00e3o de Colegiado de Curso (Bacharelado) Profa. Josiane Medina Papst e-mail: colegiadoef@uel.br Vice-Coordena\u00e7\u00e3o de Colegiado de Curso (Bacharelado) Profa. Larissa Bobroff Daros e-mail: colegiadoef@uel.br Coordena\u00e7\u00e3o de Colegiado de Curso (Licenciatura) Profa. Karina de Toledo Araujo e-mail: [&hellip;]<\/p>\n","protected":false},"author":8,"featured_media":0,"parent":0,"menu_order":0,"comment_status":"closed","ping_status":"closed","template":"","meta":{"_acf_changed":false,"_themeisle_gutenberg_block_has_review":false,"footnotes":""},"class_list":["post-5238","page","type-page","status-publish","hentry"],"acf":[],"_links":{"self":[{"href":"https:\/\/sites.uel.br\/ser\/wp-json\/wp\/v2\/pages\/5238","targetHints":{"allow":["GET"]}}],"collection":[{"href":"https:\/\/sites.uel.br\/ser\/wp-json\/wp\/v2\/pages"}],"about":[{"href":"https:\/\/sites.uel.br\/ser\/wp-json\/wp\/v2\/types\/page"}],"author":[{"embeddable":true,"href":"https:\/\/sites.uel.br\/ser\/wp-json\/wp\/v2\/users\/8"}],"replies":[{"embeddable":true,"href":"https:\/\/sites.uel.br\/ser\/wp-json\/wp\/v2\/comments?post=5238"}],"version-history":[{"count":25,"href":"https:\/\/sites.uel.br\/ser\/wp-json\/wp\/v2\/pages\/5238\/revisions"}],"predecessor-version":[{"id":9015,"href":"https:\/\/sites.uel.br\/ser\/wp-json\/wp\/v2\/pages\/5238\/revisions\/9015"}],"wp:attachment":[{"href":"https:\/\/sites.uel.br\/ser\/wp-json\/wp\/v2\/media?parent=5238"}],"curies":[{"name":"wp","href":"https:\/\/api.w.org\/{rel}","templated":true}]}}