{"id":5008,"date":"2023-07-12T15:17:08","date_gmt":"2023-07-12T18:17:08","guid":{"rendered":"https:\/\/sites.uel.br\/ser\/?page_id=5008"},"modified":"2026-02-13T14:18:29","modified_gmt":"2026-02-13T17:18:29","slug":"programacao-para-os-estudantes-indigenas","status":"publish","type":"page","link":"https:\/\/sites.uel.br\/ser\/programacao-para-os-estudantes-indigenas\/","title":{"rendered":"Programa\u00e7\u00e3o Para os Estudantes Ind\u00edgenas"},"content":{"rendered":"\n<hr class=\"wp-block-separator has-alpha-channel-opacity is-style-wide\" \/>\n\n\n<div class=\"wp-block-image\">\n<figure class=\"aligncenter size-full\"><img loading=\"lazy\" decoding=\"async\" width=\"1279\" height=\"510\" src=\"https:\/\/sites.uel.br\/ser\/wp-content\/uploads\/2025\/03\/topo_ser_uel_2025.png\" alt=\"\" class=\"wp-image-7631\" srcset=\"https:\/\/sites.uel.br\/ser\/wp-content\/uploads\/2025\/03\/topo_ser_uel_2025.png 1279w, https:\/\/sites.uel.br\/ser\/wp-content\/uploads\/2025\/03\/topo_ser_uel_2025-300x120.png 300w, https:\/\/sites.uel.br\/ser\/wp-content\/uploads\/2025\/03\/topo_ser_uel_2025-1024x408.png 1024w, https:\/\/sites.uel.br\/ser\/wp-content\/uploads\/2025\/03\/topo_ser_uel_2025-768x306.png 768w\" sizes=\"auto, (max-width: 1279px) 100vw, 1279px\" \/><\/figure>\n<\/div>\n\n\n<div class=\"wp-block-columns is-layout-flex wp-container-core-columns-is-layout-9d6595d7 wp-block-columns-is-layout-flex\">\n<div class=\"wp-block-column is-layout-flow wp-block-column-is-layout-flow\">\n<figure class=\"wp-block-image size-large\"><img loading=\"lazy\" decoding=\"async\" width=\"1024\" height=\"683\" src=\"https:\/\/sites.uel.br\/ser\/wp-content\/uploads\/img\/2025\/orgaos_setores\/Patricia-Silva_CICLO-1024x683.png\" alt=\"\" class=\"wp-image-8095\" srcset=\"https:\/\/sites.uel.br\/ser\/wp-content\/uploads\/img\/2025\/orgaos_setores\/Patricia-Silva_CICLO-1024x683.png 1024w, https:\/\/sites.uel.br\/ser\/wp-content\/uploads\/img\/2025\/orgaos_setores\/Patricia-Silva_CICLO-300x200.png 300w, https:\/\/sites.uel.br\/ser\/wp-content\/uploads\/img\/2025\/orgaos_setores\/Patricia-Silva_CICLO-768x512.png 768w, https:\/\/sites.uel.br\/ser\/wp-content\/uploads\/img\/2025\/orgaos_setores\/Patricia-Silva_CICLO.png 1500w\" sizes=\"auto, (max-width: 1024px) 100vw, 1024px\" \/><\/figure>\n<\/div>\n\n\n\n<div class=\"wp-block-column is-vertically-aligned-center is-layout-flow wp-block-column-is-layout-flow\">\n<p class=\"has-text-color has-medium-font-size\" style=\"color:#025839\"><strong>Coordenadora Pedag\u00f3gica do Curso Ciclo Intercultural de Inicia\u00e7\u00e3o Acad\u00eamica aos Estudantes Ind\u00edgenas da UEL<\/strong><\/p>\n\n\n\n<p class=\"has-text-color has-medium-font-size\" style=\"color:#025839\">Profa. Patr\u00edcia de Oliveira Rosa da Silva<\/p>\n<\/div>\n<\/div>\n\n\n\n<div class=\"wp-block-columns is-layout-flex wp-container-core-columns-is-layout-9d6595d7 wp-block-columns-is-layout-flex\">\n<div class=\"wp-block-column is-layout-flow wp-block-column-is-layout-flow\">\n<figure class=\"wp-block-image size-full\"><a href=\"https:\/\/sites.uel.br\/ser\/wp-content\/uploads\/programacao\/orgaos_setores\/2026\/programacao_recepcao_ingressantes_indigenas.pdf\" target=\"_blank\" rel=\"noreferrer noopener\"><img loading=\"lazy\" decoding=\"async\" width=\"960\" height=\"540\" src=\"https:\/\/sites.uel.br\/ser\/wp-content\/uploads\/2022\/07\/b_programacao.png\" alt=\"\" class=\"wp-image-2193\" srcset=\"https:\/\/sites.uel.br\/ser\/wp-content\/uploads\/2022\/07\/b_programacao.png 960w, https:\/\/sites.uel.br\/ser\/wp-content\/uploads\/2022\/07\/b_programacao-300x169.png 300w, https:\/\/sites.uel.br\/ser\/wp-content\/uploads\/2022\/07\/b_programacao-768x432.png 768w\" sizes=\"auto, (max-width: 960px) 100vw, 960px\" \/><\/a><\/figure>\n<\/div>\n\n\n\n<div class=\"wp-block-column is-vertically-aligned-center is-layout-flow wp-block-column-is-layout-flow\">\n<p class=\"has-text-align-center has-text-color has-medium-font-size\" style=\"color:#025839\"><strong>Confira a Programa\u00e7\u00e3o para os Estudantes Ind\u00edgenas<\/strong><\/p>\n<\/div>\n<\/div>\n","protected":false},"excerpt":{"rendered":"<p>Coordenadora Pedag\u00f3gica do Curso Ciclo Intercultural de Inicia\u00e7\u00e3o Acad\u00eamica aos Estudantes Ind\u00edgenas da UEL Profa. Patr\u00edcia de Oliveira Rosa da Silva Confira a Programa\u00e7\u00e3o para os Estudantes Ind\u00edgenas<\/p>\n","protected":false},"author":8,"featured_media":0,"parent":0,"menu_order":0,"comment_status":"closed","ping_status":"closed","template":"","meta":{"_acf_changed":false,"_themeisle_gutenberg_block_has_review":false,"footnotes":""},"class_list":["post-5008","page","type-page","status-publish","hentry"],"acf":[],"_links":{"self":[{"href":"https:\/\/sites.uel.br\/ser\/wp-json\/wp\/v2\/pages\/5008","targetHints":{"allow":["GET"]}}],"collection":[{"href":"https:\/\/sites.uel.br\/ser\/wp-json\/wp\/v2\/pages"}],"about":[{"href":"https:\/\/sites.uel.br\/ser\/wp-json\/wp\/v2\/types\/page"}],"author":[{"embeddable":true,"href":"https:\/\/sites.uel.br\/ser\/wp-json\/wp\/v2\/users\/8"}],"replies":[{"embeddable":true,"href":"https:\/\/sites.uel.br\/ser\/wp-json\/wp\/v2\/comments?post=5008"}],"version-history":[{"count":13,"href":"https:\/\/sites.uel.br\/ser\/wp-json\/wp\/v2\/pages\/5008\/revisions"}],"predecessor-version":[{"id":8983,"href":"https:\/\/sites.uel.br\/ser\/wp-json\/wp\/v2\/pages\/5008\/revisions\/8983"}],"wp:attachment":[{"href":"https:\/\/sites.uel.br\/ser\/wp-json\/wp\/v2\/media?parent=5008"}],"curies":[{"name":"wp","href":"https:\/\/api.w.org\/{rel}","templated":true}]}}