{"id":4156,"date":"2023-07-03T11:39:42","date_gmt":"2023-07-03T14:39:42","guid":{"rendered":"https:\/\/sites.uel.br\/ser\/?page_id=4156"},"modified":"2023-07-07T14:34:43","modified_gmt":"2023-07-07T17:34:43","slug":"premio-boas-praticas-na-recepcao-aos-estudantes-ingressantes-premiados-2018-zootecnia","status":"publish","type":"page","link":"https:\/\/sites.uel.br\/ser\/premio-boas-praticas-na-recepcao-aos-estudantes-ingressantes-premiados-2018-zootecnia\/","title":{"rendered":"Pr\u00eamio Boas Pr\u00e1ticas na Recep\u00e7\u00e3o aos Estudantes Ingressantes"},"content":{"rendered":"\n<hr class=\"wp-block-separator has-alpha-channel-opacity is-style-wide\" \/>\n\n\n\n<h2 class=\"wp-block-heading\">Cursos Inscritos Premiados<\/h2>\n\n\n\n<h2 class=\"wp-block-heading\">2018<\/h2>\n\n\n\n<h2 class=\"wp-block-heading\">Zootecnia<\/h2>\n\n\n\n<p><strong>Resumo da A\u00e7\u00e3o:<\/strong><\/p>\n\n\n\n<p>N\u00f3s do PET Zootecnia da Universidade Estadual de Londrina com o objetivo de combater a ideia de recep\u00e7\u00e3o de estudantes violentas dentro das universidades, promovemos a cada in\u00edcio de ano o trote solid\u00e1rio, no qual pretendemos agregar consci\u00eancia social aos alunos rec\u00e9m ingressados e aos j\u00e1 presentes sobre a pr\u00e1tica. Foi realizado juntamente com a empresa j\u00fanior de zootecnia (Catec\u2019z), Atl\u00e9tica de Zootecnia e o Centro Acad\u00eamico de Zootecnia um caf\u00e9 da manh\u00e3 promovido por nossa conta com salgados e refrigerantes \u00e0 vontade e tamb\u00e9m realizamos uma doa\u00e7\u00e3o de livros infantis e brinquedos arrecadados pelos calouros al\u00e9m de sacolinhas de doces para todos os abrigados. Passamos 3 horas no per\u00edodo da manh\u00e3 e 3 horas no per\u00edodo da tarde, onde os alunos tiveram a oportunidade de alegrar as crian\u00e7as que estavam presentes e conhecer uma realidade que os mesmos n\u00e3o presenciam com frequ\u00eancia, ajudando com doa\u00e7\u00f5es e incentivando boas pr\u00e1ticas de recep\u00e7\u00e3o ao inv\u00e9s de trotes violentos promovendo assim uma consci\u00eancia caridosa e passiva dentro da faculdade.<\/p>\n\n\n\n<div class=\"wp-block-columns is-layout-flex wp-container-core-columns-is-layout-9d6595d7 wp-block-columns-is-layout-flex\">\n<div class=\"wp-block-column is-layout-flow wp-block-column-is-layout-flow\"><div class=\"wp-block-image\">\n<figure class=\"aligncenter size-full\"><a href=\"https:\/\/drive.google.com\/drive\/folders\/1Bathq9G7xGEy3m1W0kuidb2wNMuWOTo9?usp=drive_link\" target=\"_blank\" rel=\"noreferrer noopener\"><img decoding=\"async\" src=\"https:\/\/sites.uel.br\/feira\/wp-content\/uploads\/2023\/05\/google_drive.png\" alt=\"\" class=\"wp-image-2887\" \/><\/a><\/figure>\n<\/div>\n\n\n<p class=\"has-text-align-center\"><strong>(Galeria de Fotos)<\/strong><\/p>\n\n\n\n<p class=\"has-text-align-center\">Cr\u00e9ditos:<br>Estudantes do Curso de Zootecnia<\/p>\n<\/div>\n<\/div>\n","protected":false},"excerpt":{"rendered":"<p>Cursos Inscritos Premiados 2018 Zootecnia Resumo da A\u00e7\u00e3o: N\u00f3s do PET Zootecnia da Universidade Estadual de Londrina com o objetivo de combater a ideia de recep\u00e7\u00e3o de estudantes violentas dentro das universidades, promovemos a cada in\u00edcio de ano o trote solid\u00e1rio, no qual pretendemos agregar consci\u00eancia social aos alunos rec\u00e9m ingressados e aos j\u00e1 presentes [&hellip;]<\/p>\n","protected":false},"author":8,"featured_media":0,"parent":0,"menu_order":0,"comment_status":"closed","ping_status":"closed","template":"","meta":{"_acf_changed":false,"_themeisle_gutenberg_block_has_review":false,"footnotes":""},"class_list":["post-4156","page","type-page","status-publish","hentry"],"acf":[],"_links":{"self":[{"href":"https:\/\/sites.uel.br\/ser\/wp-json\/wp\/v2\/pages\/4156","targetHints":{"allow":["GET"]}}],"collection":[{"href":"https:\/\/sites.uel.br\/ser\/wp-json\/wp\/v2\/pages"}],"about":[{"href":"https:\/\/sites.uel.br\/ser\/wp-json\/wp\/v2\/types\/page"}],"author":[{"embeddable":true,"href":"https:\/\/sites.uel.br\/ser\/wp-json\/wp\/v2\/users\/8"}],"replies":[{"embeddable":true,"href":"https:\/\/sites.uel.br\/ser\/wp-json\/wp\/v2\/comments?post=4156"}],"version-history":[{"count":6,"href":"https:\/\/sites.uel.br\/ser\/wp-json\/wp\/v2\/pages\/4156\/revisions"}],"predecessor-version":[{"id":4903,"href":"https:\/\/sites.uel.br\/ser\/wp-json\/wp\/v2\/pages\/4156\/revisions\/4903"}],"wp:attachment":[{"href":"https:\/\/sites.uel.br\/ser\/wp-json\/wp\/v2\/media?parent=4156"}],"curies":[{"name":"wp","href":"https:\/\/api.w.org\/{rel}","templated":true}]}}