{"id":4155,"date":"2023-07-03T11:39:44","date_gmt":"2023-07-03T14:39:44","guid":{"rendered":"https:\/\/sites.uel.br\/ser\/?page_id=4155"},"modified":"2023-07-07T14:34:36","modified_gmt":"2023-07-07T17:34:36","slug":"premio-boas-praticas-na-recepcao-aos-estudantes-ingressantes-premiados-2018-secretariado-executivo","status":"publish","type":"page","link":"https:\/\/sites.uel.br\/ser\/premio-boas-praticas-na-recepcao-aos-estudantes-ingressantes-premiados-2018-secretariado-executivo\/","title":{"rendered":"Pr\u00eamio Boas Pr\u00e1ticas na Recep\u00e7\u00e3o aos Estudantes Ingressantes"},"content":{"rendered":"\n<hr class=\"wp-block-separator has-alpha-channel-opacity is-style-wide\" \/>\n\n\n\n<h2 class=\"wp-block-heading\">Cursos Inscritos Premiados<\/h2>\n\n\n\n<h2 class=\"wp-block-heading\">2018<\/h2>\n\n\n\n<h2 class=\"wp-block-heading\">Secretariado Executivo<\/h2>\n\n\n\n<p><strong>Resumo da A\u00e7\u00e3o:<\/strong><\/p>\n\n\n\n<p>Os veteranos da turma 24 do curso de Secretariado Executivo organizaram-se com o Calouros de 2018 para o trote solid\u00e1rio. Nossa campanha foi a arrecada\u00e7\u00e3o de brinquedos, revistas de colorir e l\u00e1pis de cor para serem doados \u00e0 Ala Infantil do Hospital do C\u00e2ncer de Londrina, entregues no dia 12 de abril de 2018. Conversamos com a funcion\u00e1ria Val\u00e9ria, que est\u00e1 h\u00e1 mais de 15 anos trabalhando no Hospital, tivemos tamb\u00e9m a oportunidade de conhecer a Ala Infantil, com uma r\u00e1pida visita que nos deu a ideia da enorme estrutura que o hospital mant\u00e9m. Agradecemos a Universidade Estadual de Londrina por promover a\u00e7\u00f5es de boas pr\u00e1ticas, as quais nos permitem ver o outro por uma nova perspectiva, agregando n\u00e3o s\u00f3 elementos profissionais mas sociais \u00e0 vivencia de calouros e de veteranos. &#8220;Solidariedade \u00e9 horizontal: respeita a outra pessoa e aprende com o outro. A maioria de n\u00f3s tem muito o que aprender com as outras pessoas.&#8221;<\/p>\n\n\n\n<figure class=\"wp-block-embed is-type-video is-provider-youtube wp-block-embed-youtube wp-embed-aspect-16-9 wp-has-aspect-ratio\"><div class=\"wp-block-embed__wrapper\">\n<iframe loading=\"lazy\" title=\"Recep\u00e7\u00e3o aos Ingressantes do Curso de Secretariado Executivo\" width=\"500\" height=\"281\" src=\"https:\/\/www.youtube.com\/embed\/LEyOFb98848?feature=oembed\" frameborder=\"0\" allow=\"accelerometer; autoplay; clipboard-write; encrypted-media; gyroscope; picture-in-picture; web-share\" referrerpolicy=\"strict-origin-when-cross-origin\" allowfullscreen><\/iframe>\n<\/div><\/figure>\n\n\n\n<div class=\"wp-block-columns is-layout-flex wp-container-core-columns-is-layout-9d6595d7 wp-block-columns-is-layout-flex\">\n<div class=\"wp-block-column is-layout-flow wp-block-column-is-layout-flow\"><div class=\"wp-block-image\">\n<figure class=\"aligncenter size-full\"><a href=\"https:\/\/drive.google.com\/drive\/folders\/1gKRFzeDei5TWKhnvNgoYVR-AvePbPxs1?usp=drive_link\" target=\"_blank\" rel=\"noreferrer noopener\"><img decoding=\"async\" src=\"https:\/\/sites.uel.br\/feira\/wp-content\/uploads\/2023\/05\/google_drive.png\" alt=\"\" class=\"wp-image-2887\" \/><\/a><\/figure>\n<\/div>\n\n\n<p class=\"has-text-align-center\"><strong>(Galeria de Fotos)<\/strong><\/p>\n\n\n\n<p class=\"has-text-align-center\">Cr\u00e9ditos:<br>Estudantes do Curso de Secretariado Executivo<\/p>\n<\/div>\n<\/div>\n","protected":false},"excerpt":{"rendered":"<p>Cursos Inscritos Premiados 2018 Secretariado Executivo Resumo da A\u00e7\u00e3o: Os veteranos da turma 24 do curso de Secretariado Executivo organizaram-se com o Calouros de 2018 para o trote solid\u00e1rio. Nossa campanha foi a arrecada\u00e7\u00e3o de brinquedos, revistas de colorir e l\u00e1pis de cor para serem doados \u00e0 Ala Infantil do Hospital do C\u00e2ncer de Londrina, [&hellip;]<\/p>\n","protected":false},"author":8,"featured_media":0,"parent":0,"menu_order":0,"comment_status":"closed","ping_status":"closed","template":"","meta":{"_acf_changed":false,"_themeisle_gutenberg_block_has_review":false,"footnotes":""},"class_list":["post-4155","page","type-page","status-publish","hentry"],"acf":[],"_links":{"self":[{"href":"https:\/\/sites.uel.br\/ser\/wp-json\/wp\/v2\/pages\/4155","targetHints":{"allow":["GET"]}}],"collection":[{"href":"https:\/\/sites.uel.br\/ser\/wp-json\/wp\/v2\/pages"}],"about":[{"href":"https:\/\/sites.uel.br\/ser\/wp-json\/wp\/v2\/types\/page"}],"author":[{"embeddable":true,"href":"https:\/\/sites.uel.br\/ser\/wp-json\/wp\/v2\/users\/8"}],"replies":[{"embeddable":true,"href":"https:\/\/sites.uel.br\/ser\/wp-json\/wp\/v2\/comments?post=4155"}],"version-history":[{"count":7,"href":"https:\/\/sites.uel.br\/ser\/wp-json\/wp\/v2\/pages\/4155\/revisions"}],"predecessor-version":[{"id":4901,"href":"https:\/\/sites.uel.br\/ser\/wp-json\/wp\/v2\/pages\/4155\/revisions\/4901"}],"wp:attachment":[{"href":"https:\/\/sites.uel.br\/ser\/wp-json\/wp\/v2\/media?parent=4155"}],"curies":[{"name":"wp","href":"https:\/\/api.w.org\/{rel}","templated":true}]}}