{"id":4154,"date":"2023-07-03T11:39:46","date_gmt":"2023-07-03T14:39:46","guid":{"rendered":"https:\/\/sites.uel.br\/ser\/?page_id=4154"},"modified":"2023-07-07T14:34:29","modified_gmt":"2023-07-07T17:34:29","slug":"premio-boas-praticas-na-recepcao-aos-estudantes-ingressantes-premiados-2018-pedagogia","status":"publish","type":"page","link":"https:\/\/sites.uel.br\/ser\/premio-boas-praticas-na-recepcao-aos-estudantes-ingressantes-premiados-2018-pedagogia\/","title":{"rendered":"Pr\u00eamio Boas Pr\u00e1ticas na Recep\u00e7\u00e3o aos Estudantes Ingressantes"},"content":{"rendered":"\n<hr class=\"wp-block-separator has-alpha-channel-opacity is-style-wide\" \/>\n\n\n\n<h2 class=\"wp-block-heading\">Cursos Inscritos Premiados<\/h2>\n\n\n\n<h2 class=\"wp-block-heading\">2018<\/h2>\n\n\n\n<h2 class=\"wp-block-heading\">Pedagogia<\/h2>\n\n\n\n<p><strong>Resumo da A\u00e7\u00e3o:<\/strong><\/p>\n\n\n\n<p>A semana de recep\u00e7\u00e3o aos calouros do curso de Pedagogia nos per\u00edodos matutino e noturno, foi marcada por dois momentos. Em um primeiro momento foram realizadas v\u00e1rias atividades com o intuito de acolher os novos acad\u00eamicos, como por exemplo a realiza\u00e7\u00e3o de palestras, gincanas e um caf\u00e9 para professores e alunos (calouros e veteranos). O segundo momento da semana foi a arrecada\u00e7\u00e3o de suplementos alimentares para serem entregues a Ong Viver, no qual foram arrecadadas 71 latas, e a arrecada\u00e7\u00e3o de livros infanto-juvenis para a escola Aplica\u00e7\u00e3o, onde s\u00e3o atendidos filhos dos funcion\u00e1rios, sendo que as arrecada\u00e7\u00f5es se estenderam at\u00e9 o final da semana, ao contr\u00e1rio das outras atividades que foram separadas em dias espec\u00edficos da semana. A partir destas a\u00e7\u00f5es foi poss\u00edvel realizar uma grande integra\u00e7\u00e3o entre os calouros e os veteranos e dentro do pr\u00f3prio grupo de calouros, al\u00e9m de possibilitar que estes entrem em contato, mesmo que de forma breve, com as diversas oportunidades disponibilizadas para eles na Universidade, como tamb\u00e9m incentivando seu interesse na participa\u00e7\u00e3o em atividades filantr\u00f3picas e preocupa\u00e7\u00e3o com a comunidade ao seu redor.<\/p>\n\n\n\n<div class=\"wp-block-columns is-layout-flex wp-container-core-columns-is-layout-9d6595d7 wp-block-columns-is-layout-flex\">\n<div class=\"wp-block-column is-layout-flow wp-block-column-is-layout-flow\"><div class=\"wp-block-image\">\n<figure class=\"aligncenter size-full\"><a href=\"https:\/\/drive.google.com\/drive\/folders\/1HGLckEQJQa75l19ccIicSJYXhijR6kUx?usp=drive_link\" target=\"_blank\" rel=\"noreferrer noopener\"><img decoding=\"async\" src=\"https:\/\/sites.uel.br\/feira\/wp-content\/uploads\/2023\/05\/google_drive.png\" alt=\"\" class=\"wp-image-2887\" \/><\/a><\/figure>\n<\/div>\n\n\n<p class=\"has-text-align-center\"><strong>(Galeria de Fotos)<\/strong><\/p>\n\n\n\n<p class=\"has-text-align-center\">Cr\u00e9ditos:<br>Estudantes do Curso de Pedagogia<\/p>\n<\/div>\n<\/div>\n","protected":false},"excerpt":{"rendered":"<p>Cursos Inscritos Premiados 2018 Pedagogia Resumo da A\u00e7\u00e3o: A semana de recep\u00e7\u00e3o aos calouros do curso de Pedagogia nos per\u00edodos matutino e noturno, foi marcada por dois momentos. Em um primeiro momento foram realizadas v\u00e1rias atividades com o intuito de acolher os novos acad\u00eamicos, como por exemplo a realiza\u00e7\u00e3o de palestras, gincanas e um caf\u00e9 [&hellip;]<\/p>\n","protected":false},"author":8,"featured_media":0,"parent":0,"menu_order":0,"comment_status":"closed","ping_status":"closed","template":"","meta":{"_acf_changed":false,"_themeisle_gutenberg_block_has_review":false,"footnotes":""},"class_list":["post-4154","page","type-page","status-publish","hentry"],"acf":[],"_links":{"self":[{"href":"https:\/\/sites.uel.br\/ser\/wp-json\/wp\/v2\/pages\/4154","targetHints":{"allow":["GET"]}}],"collection":[{"href":"https:\/\/sites.uel.br\/ser\/wp-json\/wp\/v2\/pages"}],"about":[{"href":"https:\/\/sites.uel.br\/ser\/wp-json\/wp\/v2\/types\/page"}],"author":[{"embeddable":true,"href":"https:\/\/sites.uel.br\/ser\/wp-json\/wp\/v2\/users\/8"}],"replies":[{"embeddable":true,"href":"https:\/\/sites.uel.br\/ser\/wp-json\/wp\/v2\/comments?post=4154"}],"version-history":[{"count":6,"href":"https:\/\/sites.uel.br\/ser\/wp-json\/wp\/v2\/pages\/4154\/revisions"}],"predecessor-version":[{"id":4899,"href":"https:\/\/sites.uel.br\/ser\/wp-json\/wp\/v2\/pages\/4154\/revisions\/4899"}],"wp:attachment":[{"href":"https:\/\/sites.uel.br\/ser\/wp-json\/wp\/v2\/media?parent=4154"}],"curies":[{"name":"wp","href":"https:\/\/api.w.org\/{rel}","templated":true}]}}