{"id":4153,"date":"2023-07-03T11:39:49","date_gmt":"2023-07-03T14:39:49","guid":{"rendered":"https:\/\/sites.uel.br\/ser\/?page_id=4153"},"modified":"2023-07-07T14:34:22","modified_gmt":"2023-07-07T17:34:22","slug":"premio-boas-praticas-na-recepcao-aos-estudantes-ingressantes-premiados-2018-medicina-veterinaria","status":"publish","type":"page","link":"https:\/\/sites.uel.br\/ser\/premio-boas-praticas-na-recepcao-aos-estudantes-ingressantes-premiados-2018-medicina-veterinaria\/","title":{"rendered":"Pr\u00eamio Boas Pr\u00e1ticas na Recep\u00e7\u00e3o aos Estudantes Ingressantes"},"content":{"rendered":"\n<hr class=\"wp-block-separator has-alpha-channel-opacity is-style-wide\" \/>\n\n\n\n<h2 class=\"wp-block-heading\">Cursos Inscritos Premiados<\/h2>\n\n\n\n<h2 class=\"wp-block-heading\">2018<\/h2>\n\n\n\n<h2 class=\"wp-block-heading\">Medicina Veterin\u00e1ria<\/h2>\n\n\n\n<p><strong>Resumo da A\u00e7\u00e3o:<\/strong><\/p>\n\n\n\n<p>Ao chegarmos ao Lar Padre Leone, todos nos apresentamos e soubemos as hist\u00f3rias de muitos dos idosos residentes no local. Alguns tinham sido abandonados, porem superaram as dificuldades com as companhias do asilo. Outros moravam na rua e foram muito bem acolhidos. Levamos v\u00e1rias revistas, produtos de beleza como: esmaltes, hidratantes e tamb\u00e9m um ukulele (instrumento musical de corda). Passamos a tarde cantando diversas m\u00fasicas, passando esmalte nas senhoras (que eram muito vaidosas, ali\u00e1s) e ouvindo hist\u00f3rias mais detalhadas de cada senhor e senhora. N\u00f3s, ingressantes, amamos muito a experi\u00eancia! Foi \u00f3timo para lembrarmos o qu\u00e3o importante \u00e9 qualquer pequeno ato, como um sorriso ou uma gentileza. Pudemos tamb\u00e9m relembrar o qu\u00e3o importante \u00e9 transmitir amor e o bem que faz termos tempo para apenas sentar e escutar, abrir o cora\u00e7\u00e3o para conversar e confortar, caso necess\u00e1rio. A entidade sentiu-se muito privilegiada e feliz, agradecendo muito no final da visita.<\/p>\n\n\n\n<div class=\"wp-block-columns is-layout-flex wp-container-core-columns-is-layout-9d6595d7 wp-block-columns-is-layout-flex\">\n<div class=\"wp-block-column is-layout-flow wp-block-column-is-layout-flow\"><div class=\"wp-block-image\">\n<figure class=\"aligncenter size-full\"><a href=\"https:\/\/drive.google.com\/drive\/folders\/1zthQFQsnnVCE9hm5iYVz3rvVnZvAfSFr?usp=drive_link\" target=\"_blank\" rel=\"noreferrer noopener\"><img decoding=\"async\" src=\"https:\/\/sites.uel.br\/feira\/wp-content\/uploads\/2023\/05\/google_drive.png\" alt=\"\" class=\"wp-image-2887\" \/><\/a><\/figure>\n<\/div>\n\n\n<p class=\"has-text-align-center\"><strong>(Galeria de Fotos)<\/strong><\/p>\n\n\n\n<p class=\"has-text-align-center\">Cr\u00e9ditos:<br>Estudantes do Curso de Medicina Veterin\u00e1ria<\/p>\n<\/div>\n<\/div>\n","protected":false},"excerpt":{"rendered":"<p>Cursos Inscritos Premiados 2018 Medicina Veterin\u00e1ria Resumo da A\u00e7\u00e3o: Ao chegarmos ao Lar Padre Leone, todos nos apresentamos e soubemos as hist\u00f3rias de muitos dos idosos residentes no local. Alguns tinham sido abandonados, porem superaram as dificuldades com as companhias do asilo. Outros moravam na rua e foram muito bem acolhidos. Levamos v\u00e1rias revistas, produtos [&hellip;]<\/p>\n","protected":false},"author":8,"featured_media":0,"parent":0,"menu_order":0,"comment_status":"closed","ping_status":"closed","template":"","meta":{"_acf_changed":false,"_themeisle_gutenberg_block_has_review":false,"footnotes":""},"class_list":["post-4153","page","type-page","status-publish","hentry"],"acf":[],"_links":{"self":[{"href":"https:\/\/sites.uel.br\/ser\/wp-json\/wp\/v2\/pages\/4153","targetHints":{"allow":["GET"]}}],"collection":[{"href":"https:\/\/sites.uel.br\/ser\/wp-json\/wp\/v2\/pages"}],"about":[{"href":"https:\/\/sites.uel.br\/ser\/wp-json\/wp\/v2\/types\/page"}],"author":[{"embeddable":true,"href":"https:\/\/sites.uel.br\/ser\/wp-json\/wp\/v2\/users\/8"}],"replies":[{"embeddable":true,"href":"https:\/\/sites.uel.br\/ser\/wp-json\/wp\/v2\/comments?post=4153"}],"version-history":[{"count":6,"href":"https:\/\/sites.uel.br\/ser\/wp-json\/wp\/v2\/pages\/4153\/revisions"}],"predecessor-version":[{"id":4897,"href":"https:\/\/sites.uel.br\/ser\/wp-json\/wp\/v2\/pages\/4153\/revisions\/4897"}],"wp:attachment":[{"href":"https:\/\/sites.uel.br\/ser\/wp-json\/wp\/v2\/media?parent=4153"}],"curies":[{"name":"wp","href":"https:\/\/api.w.org\/{rel}","templated":true}]}}