{"id":4152,"date":"2023-07-03T11:39:51","date_gmt":"2023-07-03T14:39:51","guid":{"rendered":"https:\/\/sites.uel.br\/ser\/?page_id=4152"},"modified":"2023-07-07T14:34:15","modified_gmt":"2023-07-07T17:34:15","slug":"premio-boas-praticas-na-recepcao-aos-estudantes-ingressantes-premiados-2018-medicina","status":"publish","type":"page","link":"https:\/\/sites.uel.br\/ser\/premio-boas-praticas-na-recepcao-aos-estudantes-ingressantes-premiados-2018-medicina\/","title":{"rendered":"Pr\u00eamio Boas Pr\u00e1ticas na Recep\u00e7\u00e3o aos Estudantes Ingressantes"},"content":{"rendered":"\n<hr class=\"wp-block-separator has-alpha-channel-opacity is-style-wide\" \/>\n\n\n\n<h2 class=\"wp-block-heading\">Cursos Inscritos Premiados<\/h2>\n\n\n\n<h2 class=\"wp-block-heading\">2018<\/h2>\n\n\n\n<h2 class=\"wp-block-heading\">Medicina<\/h2>\n\n\n\n<p><strong>Resumo da A\u00e7\u00e3o (1):<\/strong><\/p>\n\n\n\n<p>DoA\u00e7\u00e3o: salvar vidas \u00e9 uma atitude que est\u00e1 no seu sangue! O curso de Medicina da UEL, atrav\u00e9s da IFMSA Brazil UEL (Federa\u00e7\u00e3o Internacional de Associa\u00e7\u00f5es de Estudantes de Medicina \u2013 Brazil UEL), participou de campanha multic\u00eantrica de incentivo \u00e0 doa\u00e7\u00e3o de sangue para ingressantes, junto das universidades UNICESUMAR, UNIVILLE, UFPR, UNISUL, ULBRA, UFSC, e PUCPR. Tendo em vista que apenas 2% da popula\u00e7\u00e3o brasileira \u00e9 doadora de sangue, enquanto o n\u00famero ideal preconizado pela OMS \u00e9 de 5%, a atividade foi vista como uma forma de incentivar os estudantes de medicina a praticarem atos solid\u00e1rios e humanos, dignos da profiss\u00e3o m\u00e9dica, bem como auxiliar o Estado na sua tarefa \u00e1rdua de capta\u00e7\u00e3o e engajamento de doadores \u00e0 causa altru\u00edsta da doa\u00e7\u00e3o de sangue. Dessa forma, os ingressantes foram capacitados pelo Dr. Fausto Trigo, diretor do Hemocentro do Hospital Universit\u00e1rio de Londrina, sobre o processo de doa\u00e7\u00e3o de sangue como um todo, informa\u00e7\u00f5es a serem passadas \u00e0 popula\u00e7\u00e3o leiga e a import\u00e2ncia da fideliza\u00e7\u00e3o do doador. O hemocentro hoje tem uma taxa de coleta de cerca de 1200 bolsas de sangue\/m\u00eas, por\u00e9m o valor estimado como \u00f3timo para aten\u00e7\u00e3o de toda a demanda dos mais de 20 munic\u00edpios pelo qual \u00e9 respons\u00e1vel \u00e9 de 2000 bolsas\/m\u00eas. Ap\u00f3s esse momento, os ingressantes foram convidados ao Cal\u00e7ad\u00e3o da cidade de Londrina, em hor\u00e1rio de pico, para conversar com os transeuntes sobre a doa\u00e7\u00e3o de sangue e realizar o incentivo \u00e0 doa\u00e7\u00e3o. Foram abordadas cerca de 1500 pessoas nas tr\u00eas horas de atividade. Em um segundo momento, os ingressantes retornaram aos seus col\u00e9gios e cursos pr\u00e9-vestibulares de origem para falar com os estudantes sobre a import\u00e2ncia desse ato volunt\u00e1rio. Como terceiro e quarto passos na a\u00e7\u00e3o, os ingressantes est\u00e3o se organizando em grupos de 10 a 15 pessoas para fazerem doa\u00e7\u00f5es de sangue em semanas distintas durante os pr\u00f3ximos meses, propiciando assim um estoque constante de doa\u00e7\u00e3o para o hemocentro, e tamb\u00e9m realizar\u00e3o a manuten\u00e7\u00e3o de uma p\u00e1gina virtual que faz incentivo \u00e0 doa\u00e7\u00e3o de sangue at\u00e9 a entrada dos ingressantes 2019.<\/p>\n\n\n\n<p><strong>Resumo da A\u00e7\u00e3o (2):<\/strong><\/p>\n\n\n\n<p>O evento promovido em 07 de abril de 2018, no gin\u00e1sio do Col\u00e9gio Marista de Londrina \u2013 cedido gentilmente pelo diretor geral Ac\u00e1dio Jo\u00e3o Heck, foi realizado pelo Colegiado de Medicina da UEL em parceria com a Liga Acad\u00eamica de Cardiologia da UEL e o Grupo Pulmonare, com o objetivo de praticar o BLS (Basic Life Suport) com os ingressantes da Turma 71 de Medicina. Al\u00e9m de proporcionar o treinamento da manobra de ressucita\u00e7\u00e3o cardiopulmonar em ambiente pr\u00e9-hospitalar, o evento tamb\u00e9m contou com a confec\u00e7\u00e3o de bonecos-modelo, os quais foram utilizados pelos ingressantes para a realiza\u00e7\u00e3o do exerc\u00edcio. Esses bonecos foram feitos com materiais de baixo custo (garrafa pet, camiseta, isopor, barbante e grampos), de forma a simular a anatomia de um t\u00f3rax humano durante o procedimento de compress\u00e3o tor\u00e1cica. Trabalhos cient\u00edficos comprovam a semelhan\u00e7a do boneco-modelo improvisado com materiais de baixo-custo \u00e0 efic\u00e1cia dos modelos dispon\u00edveis em mercado, que apesar de mais elaborados, apresentam um elevado custo e inacessibilidade \u00e0 popula\u00e7\u00e3o geral. Mediante a import\u00e2ncia do aprendizado da t\u00e9cnica correta de realiza\u00e7\u00e3o do BLS, n\u00e3o somente por profissionais da sa\u00fade, como pelo p\u00fablico geral, o evento visou tanto o treinamento dos ingressantes como a dissemina\u00e7\u00e3o do conhecimento da ressucita\u00e7\u00e3o cardiopulmonar para o p\u00fablico leigo, uma vez que os bonecos confeccionados pelos pr\u00f3prios alunos puderam ser levados para suas casas e apresentados a seus familiares e conhecidos. Desse modo, o evento se mostrou como uma atividade que n\u00e3o se restringe ao meio acad\u00eamico, mas que, como um potencial projeto de extens\u00e3o, atende a comunidade atrav\u00e9s da experi\u00eancia obtida pelos ingressantes. Assim, ao visar suprir as car\u00eancias de treinamento em BLS na popula\u00e7\u00e3o do nosso pa\u00eds, a pr\u00e1tica de uma manobra simples, por\u00e9m que exige treinamento e qualifica\u00e7\u00e3o para que seja efetiva em sua proposta salvadora de vidas, permite a conserva\u00e7\u00e3o dos \u00f3rg\u00e3os vitais do indiv\u00edduo em parada cardiorrespirat\u00f3ria at\u00e9 a chegada do servi\u00e7o especializado. Relatos sobre o evento: \u201cAo atender o pedido do Colegiado de Medicina da UEL, para ceder o espa\u00e7o do Gin\u00e1sio de Esportes do Marista de Londrina, a fim de realizar um treinamento de manobra de ressuscita\u00e7\u00e3o cardiopulmonar, n\u00e3o poderia imaginar a riqueza de tal evento. Desenvolvido em parceria com a Liga Acad\u00eamica de Cardiologia da UEL e o Grupo Pulmonare, o Colegiado conseguiu, a meu ver, agregar um valor consider\u00e1vel a cada um dos alunos ingressantes. O trabalho realizado atrav\u00e9s da montagem de bonecos, com material recicl\u00e1vel, que simulavam a anatomia de um t\u00f3rax humano, deram margem a uma experi\u00eancia muito rica e empolgante. Foi muito legal ver o envolvimento e comprometimento de todos os calouros na atividade proposta. Parabenizo o Colegiado pelo desenvolvimento do trabalho.\u201d Ac\u00e1dio Jo\u00e3o Heck \u2013 Diretor geral do Col\u00e9gio Marista de Londrina.<\/p>\n\n\n\n<figure class=\"wp-block-embed is-type-video is-provider-youtube wp-block-embed-youtube wp-embed-aspect-16-9 wp-has-aspect-ratio\"><div class=\"wp-block-embed__wrapper\">\n<iframe loading=\"lazy\" title=\"Recep\u00e7\u00e3o aos Ingressantes do Curso de Medicina\" width=\"500\" height=\"281\" src=\"https:\/\/www.youtube.com\/embed\/yL0-eGGkQLs?feature=oembed\" frameborder=\"0\" allow=\"accelerometer; autoplay; clipboard-write; encrypted-media; gyroscope; picture-in-picture; web-share\" referrerpolicy=\"strict-origin-when-cross-origin\" allowfullscreen><\/iframe>\n<\/div><\/figure>\n\n\n\n<div class=\"wp-block-columns is-layout-flex wp-container-core-columns-is-layout-9d6595d7 wp-block-columns-is-layout-flex\">\n<div class=\"wp-block-column is-layout-flow wp-block-column-is-layout-flow\"><div class=\"wp-block-image\">\n<figure class=\"aligncenter size-full\"><a href=\"https:\/\/drive.google.com\/drive\/folders\/1IJ0pcuHCXDmmwKx4AKgUinSrrab-wphm?usp=drive_link\" target=\"_blank\" rel=\"noreferrer noopener\"><img decoding=\"async\" src=\"https:\/\/sites.uel.br\/feira\/wp-content\/uploads\/2023\/05\/google_drive.png\" alt=\"\" class=\"wp-image-2887\" \/><\/a><\/figure>\n<\/div>\n\n\n<p class=\"has-text-align-center\"><strong>(Galeria de Fotos &#8211; A\u00e7\u00e3o 1)<\/strong><\/p>\n\n\n\n<p class=\"has-text-align-center\">Cr\u00e9ditos:<br>Estudantes do Curso de Medicina<\/p>\n<\/div>\n<\/div>\n\n\n\n<div class=\"wp-block-columns is-layout-flex wp-container-core-columns-is-layout-9d6595d7 wp-block-columns-is-layout-flex\">\n<div class=\"wp-block-column is-layout-flow wp-block-column-is-layout-flow\"><div class=\"wp-block-image\">\n<figure class=\"aligncenter size-full\"><a href=\"https:\/\/drive.google.com\/drive\/folders\/13B7FZju_TphHGDjqD-FMh8x2fUgsFqK4?usp=drive_link\" target=\"_blank\" rel=\"noreferrer noopener\"><img decoding=\"async\" src=\"https:\/\/sites.uel.br\/feira\/wp-content\/uploads\/2023\/05\/google_drive.png\" alt=\"\" class=\"wp-image-2887\" \/><\/a><\/figure>\n<\/div>\n\n\n<p class=\"has-text-align-center\"><strong>(Galeria de Fotos &#8211; A\u00e7\u00e3o 2)<\/strong><\/p>\n\n\n\n<p class=\"has-text-align-center\">Cr\u00e9ditos:<br>Estudantes do Curso de Medicina<\/p>\n<\/div>\n<\/div>\n","protected":false},"excerpt":{"rendered":"<p>Cursos Inscritos Premiados 2018 Medicina Resumo da A\u00e7\u00e3o (1): DoA\u00e7\u00e3o: salvar vidas \u00e9 uma atitude que est\u00e1 no seu sangue! O curso de Medicina da UEL, atrav\u00e9s da IFMSA Brazil UEL (Federa\u00e7\u00e3o Internacional de Associa\u00e7\u00f5es de Estudantes de Medicina \u2013 Brazil UEL), participou de campanha multic\u00eantrica de incentivo \u00e0 doa\u00e7\u00e3o de sangue para ingressantes, junto [&hellip;]<\/p>\n","protected":false},"author":8,"featured_media":0,"parent":0,"menu_order":0,"comment_status":"closed","ping_status":"closed","template":"","meta":{"_acf_changed":false,"_themeisle_gutenberg_block_has_review":false,"footnotes":""},"class_list":["post-4152","page","type-page","status-publish","hentry"],"acf":[],"_links":{"self":[{"href":"https:\/\/sites.uel.br\/ser\/wp-json\/wp\/v2\/pages\/4152","targetHints":{"allow":["GET"]}}],"collection":[{"href":"https:\/\/sites.uel.br\/ser\/wp-json\/wp\/v2\/pages"}],"about":[{"href":"https:\/\/sites.uel.br\/ser\/wp-json\/wp\/v2\/types\/page"}],"author":[{"embeddable":true,"href":"https:\/\/sites.uel.br\/ser\/wp-json\/wp\/v2\/users\/8"}],"replies":[{"embeddable":true,"href":"https:\/\/sites.uel.br\/ser\/wp-json\/wp\/v2\/comments?post=4152"}],"version-history":[{"count":10,"href":"https:\/\/sites.uel.br\/ser\/wp-json\/wp\/v2\/pages\/4152\/revisions"}],"predecessor-version":[{"id":4895,"href":"https:\/\/sites.uel.br\/ser\/wp-json\/wp\/v2\/pages\/4152\/revisions\/4895"}],"wp:attachment":[{"href":"https:\/\/sites.uel.br\/ser\/wp-json\/wp\/v2\/media?parent=4152"}],"curies":[{"name":"wp","href":"https:\/\/api.w.org\/{rel}","templated":true}]}}