{"id":4151,"date":"2023-07-03T11:39:52","date_gmt":"2023-07-03T14:39:52","guid":{"rendered":"https:\/\/sites.uel.br\/ser\/?page_id=4151"},"modified":"2023-07-07T14:34:03","modified_gmt":"2023-07-07T17:34:03","slug":"premio-boas-praticas-na-recepcao-aos-estudantes-ingressantes-premiados-2018-geografia","status":"publish","type":"page","link":"https:\/\/sites.uel.br\/ser\/premio-boas-praticas-na-recepcao-aos-estudantes-ingressantes-premiados-2018-geografia\/","title":{"rendered":"Pr\u00eamio Boas Pr\u00e1ticas na Recep\u00e7\u00e3o aos Estudantes Ingressantes"},"content":{"rendered":"\n<hr class=\"wp-block-separator has-alpha-channel-opacity is-style-wide\" \/>\n\n\n\n<h2 class=\"wp-block-heading\">Cursos Inscritos Premiados<\/h2>\n\n\n\n<h2 class=\"wp-block-heading\">2018<\/h2>\n\n\n\n<h2 class=\"wp-block-heading\">Geografia<\/h2>\n\n\n\n<p><strong>Resumo da A\u00e7\u00e3o:<\/strong><\/p>\n\n\n\n<p>Nossa a\u00e7\u00e3o se pautou em buscar uma forma de fazer a primeira integra\u00e7\u00e3o com os calouros de uma maneira alegre, pr\u00f3xima, e que trouxesse na ess\u00eancia e na pr\u00e1tica o bem tanto a eles como ingressantes do curso de Geografia, quanto a outras pessoas (dentro e fora da universidade) que viessem a saber de nossa pr\u00e1tica. A ideia do trote solid\u00e1rio surgiu no ano passado quando participei (Jeisy) de uma reuni\u00e3o no Cursinho Comunit\u00e1rio Ubuntu com a inten\u00e7\u00e3o de me voluntariar como instrutora, mas, por motivos financeiros n\u00e3o tive condi\u00e7\u00f5es de seguir e fazer parte da equipe de professores volunt\u00e1rios, visto que n\u00e3o poderia mais contar com a bolsa que ganhava como pibidiana, devido ao &#8220;congelamento&#8221; do Programa Institucional de Bolsas de Inicia\u00e7\u00e3o \u00e0 Doc\u00eancia (Pibid). Motivados pelo grupo de professores e coordenadoria do Cursinho Ubuntu, pensamos no trote solid\u00e1rio como essa maneira diferente de integra\u00e7\u00e3o dos calouros com seus veteranos a partir da arrecada\u00e7\u00e3o dos materiais did\u00e1ticos para os alunos do cursinho. O Cursinho Comunit\u00e1rio Ubuntu carrega a ess\u00eancia da filosofia africana em seu nome, que significa \u201cHumanidade para com os outros\u201d. Est\u00e1 localizado no Conjunto Avelino Vieira, atende gratuitamente aos alunos da regi\u00e3o e conta com professores volunt\u00e1rios, com parceria da comunidade e doa\u00e7\u00f5es para viabilizar as aulas \u00e0queles que n\u00e3o possuem todas as facilidades e benef\u00edcios que s\u00e3o conferidas aos alunos da \u00e1rea central da cidade. Muitos alunos que fazem parte da turma da Geografia 2017 estudaram em cursinhos comunit\u00e1rios, inclusive do CEPV-UEL, por isso, sabemos que nesse momento de estudos para o vestibular o apoio ao estudante \u00e9 essencial, tanto quanto o acesso ao conte\u00fado trabalhado em sala de aula. Pensando nisso, o Trote Solid\u00e1rio da Geo 2018 buscou angariar esses materiais did\u00e1ticos, que foram desde Kits de canetas e l\u00e1pis \u00e0 cadernos universit\u00e1rios, apostilas e livros das obras liter\u00e1rias cobradas no vestibular da Uel 2019. Logo no primeiro dia, reunimos v\u00e1rios materiais, ao final da arrecada\u00e7\u00e3o tivemos muitos cadernos universit\u00e1rios, uma caixa de livros e apostilas e v\u00e1rios kits de canetas, l\u00e1pis e borrachas montados. Para que o Trote Solid\u00e1rio fosse realizado em seu perfeito estado, a colabora\u00e7\u00e3o dos veteranos Maicon Aguiar (arte e divulga\u00e7\u00e3o), Tiago In\u00e1cio (estoque dos materiais e mediador na entrega das doa\u00e7\u00f5es) e Rafaela Estradiote (recep\u00e7\u00e3o dos calouros e arrecada\u00e7\u00e3o) e de todos os outros foram de extrema import\u00e2ncia. Enfim, n\u00e3o poder\u00edamos deixar nossos doadores de fora, ent\u00e3o, nossa gratid\u00e3o a todos os calouros \u00e9 realidade. Mesmo a mais simples doa\u00e7\u00e3o foi de grande valor para n\u00f3s e para os alunos do Ubuntu. E quanto aos calouros eles dizem: \u201cBom, eu gostei muito da ideia de ajudar alunos do cursinho. Acho que \u00e9 uma forma de agradecer por tudo que eu recebi de ajuda at\u00e9 hoje e ajudar a quem precisa n\u00e3o tem pre\u00e7o. Me senti muito bem ajudando esses alunos e mesmo sem ver eles, sinto que ajudei bastante. Eu fui muito bem acolhido pelos meus veteranos e agrade\u00e7o muito a UEL por ter uma oportunidade de ajudar. Espero por mais ideias assim onde eu vou ajudar mais uma vez. \u2013 Luan Domingues Casemiro: \u201cBom, sou calouro de geografia e me chamo Mikael Silas Gabriel. O trote solid\u00e1rio foi uma ideia genial ! Um trote totalmente diferente dos outros. Toda a ideia de arrecada\u00e7\u00e3o de materiais foi \u00f3tima, para incentivar outras a estudar. Em nenhum momento me senti coagido por qualquer coisa referente ao trote, e sim motivado e feliz, pois estaria doando meus materiais de estudos por um bom motivo.\u201d Mikael Silas Gabriel Esperamos ter influenciado positivamente nossos calouros e que a corrente do bem nunca pare de girar. Veteranos 2017.<\/p>\n\n\n\n<div class=\"wp-block-columns is-layout-flex wp-container-core-columns-is-layout-9d6595d7 wp-block-columns-is-layout-flex\">\n<div class=\"wp-block-column is-layout-flow wp-block-column-is-layout-flow\"><div class=\"wp-block-image\">\n<figure class=\"aligncenter size-full\"><a href=\"https:\/\/drive.google.com\/drive\/folders\/1c3bj47hP4q_6wTM2YHCwUWrqPbA_DmAI?usp=drive_link\" target=\"_blank\" rel=\"noreferrer noopener\"><img decoding=\"async\" src=\"https:\/\/sites.uel.br\/feira\/wp-content\/uploads\/2023\/05\/google_drive.png\" alt=\"\" class=\"wp-image-2887\" \/><\/a><\/figure>\n<\/div>\n\n\n<p class=\"has-text-align-center\"><strong>(Galeria de Fotos)<\/strong><\/p>\n\n\n\n<p class=\"has-text-align-center\">Cr\u00e9ditos:<br>Estudantes do Curso de Geografia<\/p>\n<\/div>\n<\/div>\n","protected":false},"excerpt":{"rendered":"<p>Cursos Inscritos Premiados 2018 Geografia Resumo da A\u00e7\u00e3o: Nossa a\u00e7\u00e3o se pautou em buscar uma forma de fazer a primeira integra\u00e7\u00e3o com os calouros de uma maneira alegre, pr\u00f3xima, e que trouxesse na ess\u00eancia e na pr\u00e1tica o bem tanto a eles como ingressantes do curso de Geografia, quanto a outras pessoas (dentro e fora [&hellip;]<\/p>\n","protected":false},"author":8,"featured_media":0,"parent":0,"menu_order":0,"comment_status":"closed","ping_status":"closed","template":"","meta":{"_acf_changed":false,"_themeisle_gutenberg_block_has_review":false,"footnotes":""},"class_list":["post-4151","page","type-page","status-publish","hentry"],"acf":[],"_links":{"self":[{"href":"https:\/\/sites.uel.br\/ser\/wp-json\/wp\/v2\/pages\/4151","targetHints":{"allow":["GET"]}}],"collection":[{"href":"https:\/\/sites.uel.br\/ser\/wp-json\/wp\/v2\/pages"}],"about":[{"href":"https:\/\/sites.uel.br\/ser\/wp-json\/wp\/v2\/types\/page"}],"author":[{"embeddable":true,"href":"https:\/\/sites.uel.br\/ser\/wp-json\/wp\/v2\/users\/8"}],"replies":[{"embeddable":true,"href":"https:\/\/sites.uel.br\/ser\/wp-json\/wp\/v2\/comments?post=4151"}],"version-history":[{"count":6,"href":"https:\/\/sites.uel.br\/ser\/wp-json\/wp\/v2\/pages\/4151\/revisions"}],"predecessor-version":[{"id":4893,"href":"https:\/\/sites.uel.br\/ser\/wp-json\/wp\/v2\/pages\/4151\/revisions\/4893"}],"wp:attachment":[{"href":"https:\/\/sites.uel.br\/ser\/wp-json\/wp\/v2\/media?parent=4151"}],"curies":[{"name":"wp","href":"https:\/\/api.w.org\/{rel}","templated":true}]}}