{"id":4150,"date":"2023-07-03T11:39:54","date_gmt":"2023-07-03T14:39:54","guid":{"rendered":"https:\/\/sites.uel.br\/ser\/?page_id=4150"},"modified":"2023-07-07T14:33:56","modified_gmt":"2023-07-07T17:33:56","slug":"premio-boas-praticas-na-recepcao-aos-estudantes-ingressantes-premiados-2018-fisica","status":"publish","type":"page","link":"https:\/\/sites.uel.br\/ser\/premio-boas-praticas-na-recepcao-aos-estudantes-ingressantes-premiados-2018-fisica\/","title":{"rendered":"Pr\u00eamio Boas Pr\u00e1ticas na Recep\u00e7\u00e3o aos Estudantes Ingressantes"},"content":{"rendered":"\n<hr class=\"wp-block-separator has-alpha-channel-opacity is-style-wide\" \/>\n\n\n\n<h2 class=\"wp-block-heading\">Cursos Inscritos Premiados<\/h2>\n\n\n\n<h2 class=\"wp-block-heading\">2018<\/h2>\n\n\n\n<h2 class=\"wp-block-heading\">F\u00edsica<\/h2>\n\n\n\n<p><strong>Resumo da A\u00e7\u00e3o:<\/strong><\/p>\n\n\n\n<p>A semana de recep\u00e7\u00e3o aos calouros foi desenvolvida pelo grupo PET-F\u00edsica e envolveu as as seguintes atividades: 1\u00ba &#8211; Visita aos laborat\u00f3rios de pesquisa; 2\u00ba &#8211; Visita ao museu de ci\u00eancia e tecnologia; 3\u00ba &#8211; Apresenta\u00e7\u00e3o do curso de f\u00edsica; 4\u00ba &#8211; Apresenta\u00e7\u00e3o de semin\u00e1rio intitulado &#8220;O n\u00e3o-dualismo na F\u00edsica&#8221;; 5\u00ba &#8211; Campanha de doa\u00e7\u00e3o de sangue para o HU; 6\u00ba &#8211; Inser\u00e7\u00e3o da semana da matem\u00e1tica b\u00e1sica para os alunos ingressantes (aberto a toda comunidade acad\u00eamica); 7\u00ba &#8211; Doa\u00e7\u00e3o de roupas para institui\u00e7\u00e3o Creche Maria Cecilia.<\/p>\n\n\n\n<div class=\"wp-block-columns is-layout-flex wp-container-core-columns-is-layout-9d6595d7 wp-block-columns-is-layout-flex\">\n<div class=\"wp-block-column is-layout-flow wp-block-column-is-layout-flow\"><div class=\"wp-block-image\">\n<figure class=\"aligncenter size-full\"><a href=\"https:\/\/drive.google.com\/drive\/folders\/18cGrdIAS5BdU8FD9RGhhvyRc__h_bDNj?usp=drive_link\" target=\"_blank\" rel=\"noreferrer noopener\"><img decoding=\"async\" src=\"https:\/\/sites.uel.br\/feira\/wp-content\/uploads\/2023\/05\/google_drive.png\" alt=\"\" class=\"wp-image-2887\" \/><\/a><\/figure>\n<\/div>\n\n\n<p class=\"has-text-align-center\"><strong>(Galeria de Fotos)<\/strong><\/p>\n\n\n\n<p class=\"has-text-align-center\">Cr\u00e9ditos:<br>Estudantes do Curso de F\u00edsica<\/p>\n<\/div>\n<\/div>\n","protected":false},"excerpt":{"rendered":"<p>Cursos Inscritos Premiados 2018 F\u00edsica Resumo da A\u00e7\u00e3o: A semana de recep\u00e7\u00e3o aos calouros foi desenvolvida pelo grupo PET-F\u00edsica e envolveu as as seguintes atividades: 1\u00ba &#8211; Visita aos laborat\u00f3rios de pesquisa; 2\u00ba &#8211; Visita ao museu de ci\u00eancia e tecnologia; 3\u00ba &#8211; Apresenta\u00e7\u00e3o do curso de f\u00edsica; 4\u00ba &#8211; Apresenta\u00e7\u00e3o de semin\u00e1rio intitulado &#8220;O [&hellip;]<\/p>\n","protected":false},"author":8,"featured_media":0,"parent":0,"menu_order":0,"comment_status":"closed","ping_status":"closed","template":"","meta":{"_acf_changed":false,"_themeisle_gutenberg_block_has_review":false,"footnotes":""},"class_list":["post-4150","page","type-page","status-publish","hentry"],"acf":[],"_links":{"self":[{"href":"https:\/\/sites.uel.br\/ser\/wp-json\/wp\/v2\/pages\/4150","targetHints":{"allow":["GET"]}}],"collection":[{"href":"https:\/\/sites.uel.br\/ser\/wp-json\/wp\/v2\/pages"}],"about":[{"href":"https:\/\/sites.uel.br\/ser\/wp-json\/wp\/v2\/types\/page"}],"author":[{"embeddable":true,"href":"https:\/\/sites.uel.br\/ser\/wp-json\/wp\/v2\/users\/8"}],"replies":[{"embeddable":true,"href":"https:\/\/sites.uel.br\/ser\/wp-json\/wp\/v2\/comments?post=4150"}],"version-history":[{"count":6,"href":"https:\/\/sites.uel.br\/ser\/wp-json\/wp\/v2\/pages\/4150\/revisions"}],"predecessor-version":[{"id":4891,"href":"https:\/\/sites.uel.br\/ser\/wp-json\/wp\/v2\/pages\/4150\/revisions\/4891"}],"wp:attachment":[{"href":"https:\/\/sites.uel.br\/ser\/wp-json\/wp\/v2\/media?parent=4150"}],"curies":[{"name":"wp","href":"https:\/\/api.w.org\/{rel}","templated":true}]}}