{"id":4149,"date":"2023-07-03T11:39:56","date_gmt":"2023-07-03T14:39:56","guid":{"rendered":"https:\/\/sites.uel.br\/ser\/?page_id=4149"},"modified":"2023-07-07T14:33:50","modified_gmt":"2023-07-07T17:33:50","slug":"premio-boas-praticas-na-recepcao-aos-estudantes-ingressantes-premiados-2018-engenharia-eletrica","status":"publish","type":"page","link":"https:\/\/sites.uel.br\/ser\/premio-boas-praticas-na-recepcao-aos-estudantes-ingressantes-premiados-2018-engenharia-eletrica\/","title":{"rendered":"Pr\u00eamio Boas Pr\u00e1ticas na Recep\u00e7\u00e3o aos Estudantes Ingressantes"},"content":{"rendered":"\n<hr class=\"wp-block-separator has-alpha-channel-opacity is-style-wide\" \/>\n\n\n\n<h2 class=\"wp-block-heading\">Cursos Inscritos Premiados<\/h2>\n\n\n\n<h2 class=\"wp-block-heading\">2018<\/h2>\n\n\n\n<h2 class=\"wp-block-heading\">Engenharia El\u00e9trica<\/h2>\n\n\n\n<p><strong>Resumo da A\u00e7\u00e3o:<\/strong><\/p>\n\n\n\n<p>No dia 23\/03, sexta-feira, dentre as atividades da semana de recep\u00e7\u00e3o realizou-se o trote solid\u00e1rio para os calouros de Engenharia El\u00e9trica. Assim, a atividade consistiu em arrecadar mantimentos que a ONG precisava e realizar a doa\u00e7\u00e3o na ONG Viver, a qual fornece apoio \u00e0s crian\u00e7as e adolescentes com c\u00e2ncer. Depoimentos: &#8220;No trote solid\u00e1rio, eu alguns outros calouros junto com os veteranos participamos de uma visita a ONG Viver, uma institui\u00e7\u00e3o volunt\u00e1ria que tem como objetivo o apoio as crian\u00e7as com c\u00e2ncer. Assim que chegamos a coordenadora nos mostrou o local, que era bem conservado e adaptado para as necessidades das crian\u00e7as. N\u00f3s do curso de Engenharia El\u00e9trica, decidimos colaborar doando alimentos e produtos de limpeza, as coordenadoras ficaram muito felizes. Nessa visita chegamos em um hor\u00e1rio onde o local estava com poucas pessoas, n\u00f3s vimos uma crian\u00e7a na sala e estava muito feliz, cantando e andando para todo lado, nesse momento vi que aquele lugar ajudava aquelas crian\u00e7as e fam\u00edlias de uma maneira imensur\u00e1vel, dando todo o conforto e apoio nesse momento t\u00e3o complicado. Ao final fiquei muito feliz em poder ajudar de alguma maneira, e penso em continuar colaborando sempre que poss\u00edvel.&#8221; &#8211; Pedro Satoshi Moriyama. &#8220;Participei do trote solid\u00e1rio de El\u00e9trica, e no mesmo, arrecadamos alimentos e materiais de limpeza e levamos na ONG Viver. No local, conversamos com a assistente social e uma das funcion\u00e1rias nos atendeu super bem e nos mostrou toda a casa e nos explicou o funcionamento. Particularmente, se senti emocionado e lisonjeado de poder participar desta a\u00e7\u00e3o e poder conhecer uma realidade t\u00e3o diferente e ao mesmo tempo, t\u00e3o pr\u00f3xima da minha pr\u00f3pria.&#8221; &#8211; Pedro Henrique In\u00e1cio: &#8220;O trote solid\u00e1rio foi uma experi\u00eancia \u00fanica pra mim, mostrou a realidade que as pessoas que lutam contra o c\u00e2ncer vivem, como \u00e9 dif\u00edcil e as dificuldades que enfrentam. Na minha opini\u00e3o, a doa\u00e7\u00e3o de mantimentos \u00e9 um ponto crucial, e divulgar tais a\u00e7\u00f5es ajudam a ONG, porque muitas pessoas n\u00e3o sabem que ela est\u00e1 l\u00e1 e precisando, alguns pensam que a ONG passa bem todo m\u00eas, e vimos que a realidade \u00e9 diferente. As crian\u00e7as precisam, a ONG precisa, nos precisamos fazer uma a\u00e7\u00e3o humanit\u00e1ria. Uma experi\u00eancia que adicionou um toque humanit\u00e1rio ao curso e nos faz refletir como nossa vida \u00e9 boa e n\u00e3o reconhecemos.&#8221; &#8211; Pedro Henrique Chini Corilazo.<\/p>\n\n\n\n<div class=\"wp-block-columns is-layout-flex wp-container-core-columns-is-layout-9d6595d7 wp-block-columns-is-layout-flex\">\n<div class=\"wp-block-column is-layout-flow wp-block-column-is-layout-flow\"><div class=\"wp-block-image\">\n<figure class=\"aligncenter size-full\"><a href=\"https:\/\/drive.google.com\/drive\/folders\/1TVhbCK4JlxMqS3JfH6uWcS5JTxofj_7J?usp=drive_link\" target=\"_blank\" rel=\"noreferrer noopener\"><img decoding=\"async\" src=\"https:\/\/sites.uel.br\/feira\/wp-content\/uploads\/2023\/05\/google_drive.png\" alt=\"\" class=\"wp-image-2887\" \/><\/a><\/figure>\n<\/div>\n\n\n<p class=\"has-text-align-center\"><strong>(Galeria de Fotos)<\/strong><\/p>\n\n\n\n<p class=\"has-text-align-center\">Cr\u00e9ditos:<br>Estudantes do Curso de Engenharia El\u00e9trica<\/p>\n<\/div>\n<\/div>\n","protected":false},"excerpt":{"rendered":"<p>Cursos Inscritos Premiados 2018 Engenharia El\u00e9trica Resumo da A\u00e7\u00e3o: No dia 23\/03, sexta-feira, dentre as atividades da semana de recep\u00e7\u00e3o realizou-se o trote solid\u00e1rio para os calouros de Engenharia El\u00e9trica. Assim, a atividade consistiu em arrecadar mantimentos que a ONG precisava e realizar a doa\u00e7\u00e3o na ONG Viver, a qual fornece apoio \u00e0s crian\u00e7as e [&hellip;]<\/p>\n","protected":false},"author":8,"featured_media":0,"parent":0,"menu_order":0,"comment_status":"closed","ping_status":"closed","template":"","meta":{"_acf_changed":false,"_themeisle_gutenberg_block_has_review":false,"footnotes":""},"class_list":["post-4149","page","type-page","status-publish","hentry"],"acf":[],"_links":{"self":[{"href":"https:\/\/sites.uel.br\/ser\/wp-json\/wp\/v2\/pages\/4149","targetHints":{"allow":["GET"]}}],"collection":[{"href":"https:\/\/sites.uel.br\/ser\/wp-json\/wp\/v2\/pages"}],"about":[{"href":"https:\/\/sites.uel.br\/ser\/wp-json\/wp\/v2\/types\/page"}],"author":[{"embeddable":true,"href":"https:\/\/sites.uel.br\/ser\/wp-json\/wp\/v2\/users\/8"}],"replies":[{"embeddable":true,"href":"https:\/\/sites.uel.br\/ser\/wp-json\/wp\/v2\/comments?post=4149"}],"version-history":[{"count":6,"href":"https:\/\/sites.uel.br\/ser\/wp-json\/wp\/v2\/pages\/4149\/revisions"}],"predecessor-version":[{"id":4889,"href":"https:\/\/sites.uel.br\/ser\/wp-json\/wp\/v2\/pages\/4149\/revisions\/4889"}],"wp:attachment":[{"href":"https:\/\/sites.uel.br\/ser\/wp-json\/wp\/v2\/media?parent=4149"}],"curies":[{"name":"wp","href":"https:\/\/api.w.org\/{rel}","templated":true}]}}