{"id":4148,"date":"2023-07-03T11:39:58","date_gmt":"2023-07-03T14:39:58","guid":{"rendered":"https:\/\/sites.uel.br\/ser\/?page_id=4148"},"modified":"2023-07-07T14:33:41","modified_gmt":"2023-07-07T17:33:41","slug":"premio-boas-praticas-na-recepcao-aos-estudantes-ingressantes-premiados-2018-enfermagem","status":"publish","type":"page","link":"https:\/\/sites.uel.br\/ser\/premio-boas-praticas-na-recepcao-aos-estudantes-ingressantes-premiados-2018-enfermagem\/","title":{"rendered":"Pr\u00eamio Boas Pr\u00e1ticas na Recep\u00e7\u00e3o aos Estudantes Ingressantes"},"content":{"rendered":"\n<hr class=\"wp-block-separator has-alpha-channel-opacity is-style-wide\" \/>\n\n\n\n<h2 class=\"wp-block-heading\">Cursos Inscritos Premiados<\/h2>\n\n\n\n<h2 class=\"wp-block-heading\">2018<\/h2>\n\n\n\n<h2 class=\"wp-block-heading\">Enfermagem<\/h2>\n\n\n\n<p><strong>Resumo da A\u00e7\u00e3o:<\/strong><\/p>\n\n\n\n<p>No primeiro contato, pedimos aos novos ingressantes, que doassem, livros e revista em bons estados, muitos alunos doaram e entregamos esse livros e revistas ao colegiado de enfermagem, para que assim pud\u00e9ssemos passar a comunidade. tamb\u00e9m para essa segunda semana est\u00e1 prevista a doa\u00e7\u00e3o de sangue para o hemocentro de londrina, localizado no H.U.<\/p>\n\n\n\n<div class=\"wp-block-columns is-layout-flex wp-container-core-columns-is-layout-9d6595d7 wp-block-columns-is-layout-flex\">\n<div class=\"wp-block-column is-layout-flow wp-block-column-is-layout-flow\"><div class=\"wp-block-image\">\n<figure class=\"aligncenter size-full\"><a href=\"https:\/\/drive.google.com\/drive\/folders\/1k51mDB9tl3-bhMMi3Sd2gLLtALIinDea?usp=drive_link\" target=\"_blank\" rel=\"noreferrer noopener\"><img decoding=\"async\" src=\"https:\/\/sites.uel.br\/feira\/wp-content\/uploads\/2023\/05\/google_drive.png\" alt=\"\" class=\"wp-image-2887\" \/><\/a><\/figure>\n<\/div>\n\n\n<p class=\"has-text-align-center\"><strong>(Galeria de Fotos)<\/strong><\/p>\n\n\n\n<p class=\"has-text-align-center\">Cr\u00e9ditos:<br>Estudantes do Curso de Enfermagem<\/p>\n<\/div>\n<\/div>\n","protected":false},"excerpt":{"rendered":"<p>Cursos Inscritos Premiados 2018 Enfermagem Resumo da A\u00e7\u00e3o: No primeiro contato, pedimos aos novos ingressantes, que doassem, livros e revista em bons estados, muitos alunos doaram e entregamos esse livros e revistas ao colegiado de enfermagem, para que assim pud\u00e9ssemos passar a comunidade. tamb\u00e9m para essa segunda semana est\u00e1 prevista a doa\u00e7\u00e3o de sangue para [&hellip;]<\/p>\n","protected":false},"author":8,"featured_media":0,"parent":0,"menu_order":0,"comment_status":"closed","ping_status":"closed","template":"","meta":{"_acf_changed":false,"_themeisle_gutenberg_block_has_review":false,"footnotes":""},"class_list":["post-4148","page","type-page","status-publish","hentry"],"acf":[],"_links":{"self":[{"href":"https:\/\/sites.uel.br\/ser\/wp-json\/wp\/v2\/pages\/4148","targetHints":{"allow":["GET"]}}],"collection":[{"href":"https:\/\/sites.uel.br\/ser\/wp-json\/wp\/v2\/pages"}],"about":[{"href":"https:\/\/sites.uel.br\/ser\/wp-json\/wp\/v2\/types\/page"}],"author":[{"embeddable":true,"href":"https:\/\/sites.uel.br\/ser\/wp-json\/wp\/v2\/users\/8"}],"replies":[{"embeddable":true,"href":"https:\/\/sites.uel.br\/ser\/wp-json\/wp\/v2\/comments?post=4148"}],"version-history":[{"count":6,"href":"https:\/\/sites.uel.br\/ser\/wp-json\/wp\/v2\/pages\/4148\/revisions"}],"predecessor-version":[{"id":4887,"href":"https:\/\/sites.uel.br\/ser\/wp-json\/wp\/v2\/pages\/4148\/revisions\/4887"}],"wp:attachment":[{"href":"https:\/\/sites.uel.br\/ser\/wp-json\/wp\/v2\/media?parent=4148"}],"curies":[{"name":"wp","href":"https:\/\/api.w.org\/{rel}","templated":true}]}}