{"id":4147,"date":"2023-07-03T11:40:05","date_gmt":"2023-07-03T14:40:05","guid":{"rendered":"https:\/\/sites.uel.br\/ser\/?page_id=4147"},"modified":"2023-07-07T14:33:32","modified_gmt":"2023-07-07T17:33:32","slug":"premio-boas-praticas-na-recepcao-aos-estudantes-ingressantes-premiados-2018-educacao-fisica","status":"publish","type":"page","link":"https:\/\/sites.uel.br\/ser\/premio-boas-praticas-na-recepcao-aos-estudantes-ingressantes-premiados-2018-educacao-fisica\/","title":{"rendered":"Pr\u00eamio Boas Pr\u00e1ticas na Recep\u00e7\u00e3o aos Estudantes Ingressantes"},"content":{"rendered":"\n<hr class=\"wp-block-separator has-alpha-channel-opacity is-style-wide\" \/>\n\n\n\n<h2 class=\"wp-block-heading\">Cursos Inscritos Premiados<\/h2>\n\n\n\n<h2 class=\"wp-block-heading\">2018<\/h2>\n\n\n\n<h2 class=\"wp-block-heading\">Educa\u00e7\u00e3o F\u00edsica<\/h2>\n\n\n\n<p><strong>Resumo da A\u00e7\u00e3o:<\/strong><\/p>\n\n\n\n<p>Durante a semana de 20 a 23\/03, o Centro de Educa\u00e7\u00e3o F\u00edsica e Esportes \u2013 CEFE, realizou com seus alunos (calouros e veteranos) a I Integra-CEFE. Tratou-se de uma semana de recep\u00e7\u00e3o para os acad\u00eamicos com diversas atividades, que foi promovida com o envolvimento dos Colegiados dos Cursos de Bacharel e Licenciatura, PET \u2013 Educa\u00e7\u00e3o F\u00edsica, Centro Acad\u00eamico de Educa\u00e7\u00e3o F\u00edsica, Associa\u00e7\u00e3o Atl\u00e9tica Acad\u00eamica de Educa\u00e7\u00e3o F\u00edsica e MOTUS &#8211; Empresa Junior de Educa\u00e7\u00e3o F\u00edsica. Para os calouros, a semana trouxe muitas informa\u00e7\u00f5es sobre os cursos e tamb\u00e9m auxilio inicial necess\u00e1rio para o prosseguimento das atividades acad\u00eamicas, mostra de projetos de Ensino, Pesquisa e Extens\u00e3o, al\u00e9m de jogos e gincanas que movimentaram o CEFE nestes dias. Para os veteranos, as atividades envolveram oficinas tem\u00e1ticas de CrossFit, Dan\u00e7a, Diversidade e Lutas, al\u00e9m de palestras e debates sobre os cursos de Bacharel e Licenciatura. Durante a semana tamb\u00e9m aconteceu o \u201ctrote solid\u00e1rio\u201d, coube a todos, acad\u00eamicos, servidores e docentes, a arrecada\u00e7\u00e3o de materiais de higiene para o Asilo S\u00e3o Vicente de Paulo de Londrina. No primeiro dia de atividades recebemos a Irm\u00e3 Jos\u00e9 que falou sobre o Asilo e agradeceu a iniciativa. Os produtos arrecadados foram doados ao asilo no dia 03 de abril e os alunos presentes no Asilo foram guiados para conhecer o local e seus moradores. Ainda, para integrar melhor veteranos e calouros, foi realizada uma gincana recreativa durante os dias 21, 22 e 23.<\/p>\n\n\n\n<figure class=\"wp-block-embed is-type-video is-provider-youtube wp-block-embed-youtube wp-embed-aspect-16-9 wp-has-aspect-ratio\"><div class=\"wp-block-embed__wrapper\">\n<iframe loading=\"lazy\" title=\"Recep\u00e7\u00e3o aos Ingressantes do Curso de Educa\u00e7\u00e3o F\u00edsica\" width=\"500\" height=\"281\" src=\"https:\/\/www.youtube.com\/embed\/eff8P3nKolA?feature=oembed\" frameborder=\"0\" allow=\"accelerometer; autoplay; clipboard-write; encrypted-media; gyroscope; picture-in-picture; web-share\" referrerpolicy=\"strict-origin-when-cross-origin\" allowfullscreen><\/iframe>\n<\/div><\/figure>\n\n\n\n<div class=\"wp-block-columns is-layout-flex wp-container-core-columns-is-layout-9d6595d7 wp-block-columns-is-layout-flex\">\n<div class=\"wp-block-column is-layout-flow wp-block-column-is-layout-flow\"><div class=\"wp-block-image\">\n<figure class=\"aligncenter size-full\"><a href=\"https:\/\/drive.google.com\/drive\/folders\/1N0mNk5YXCxkCVKsAB2lSYJ7HZn9uELyR?usp=drive_link\" target=\"_blank\" rel=\"noreferrer noopener\"><img decoding=\"async\" src=\"https:\/\/sites.uel.br\/feira\/wp-content\/uploads\/2023\/05\/google_drive.png\" alt=\"\" class=\"wp-image-2887\" \/><\/a><\/figure>\n<\/div>\n\n\n<p class=\"has-text-align-center\"><strong>(Galeria de Fotos &#8211; 1\u00ba Dia)<\/strong><\/p>\n\n\n\n<p class=\"has-text-align-center\">Cr\u00e9ditos:<br>Estudantes do Curso de Educa\u00e7\u00e3o F\u00edsica<\/p>\n<\/div>\n<\/div>\n\n\n\n<p><\/p>\n\n\n\n<div class=\"wp-block-columns is-layout-flex wp-container-core-columns-is-layout-9d6595d7 wp-block-columns-is-layout-flex\">\n<div class=\"wp-block-column is-layout-flow wp-block-column-is-layout-flow\"><div class=\"wp-block-image\">\n<figure class=\"aligncenter size-full\"><a href=\"https:\/\/drive.google.com\/drive\/folders\/1nb_oWc8BtPZD6IwEOlMgtGjndssq4Lca?usp=drive_link\" target=\"_blank\" rel=\"noreferrer noopener\"><img decoding=\"async\" src=\"https:\/\/sites.uel.br\/feira\/wp-content\/uploads\/2023\/05\/google_drive.png\" alt=\"\" class=\"wp-image-2887\" \/><\/a><\/figure>\n<\/div>\n\n\n<p class=\"has-text-align-center\"><strong>(Galeria de Fotos<strong> &#8211; 2\u00ba Dia<\/strong>)<\/strong><\/p>\n\n\n\n<p class=\"has-text-align-center\">Cr\u00e9ditos:<br>Estudantes do Curso de Educa\u00e7\u00e3o F\u00edsica<\/p>\n<\/div>\n<\/div>\n\n\n\n<div class=\"wp-block-columns is-layout-flex wp-container-core-columns-is-layout-9d6595d7 wp-block-columns-is-layout-flex\">\n<div class=\"wp-block-column is-layout-flow wp-block-column-is-layout-flow\"><div class=\"wp-block-image\">\n<figure class=\"aligncenter size-full\"><a href=\"https:\/\/drive.google.com\/drive\/folders\/11FxindeX8Xq_ErQ8wR3aQEmJELNWLph2?usp=drive_link\" target=\"_blank\" rel=\"noreferrer noopener\"><img decoding=\"async\" src=\"https:\/\/sites.uel.br\/feira\/wp-content\/uploads\/2023\/05\/google_drive.png\" alt=\"\" class=\"wp-image-2887\" \/><\/a><\/figure>\n<\/div>\n\n\n<p class=\"has-text-align-center\"><strong>(Galeria de Fotos<strong> &#8211; 3\u00ba Dia<\/strong>)<\/strong><\/p>\n\n\n\n<p class=\"has-text-align-center\">Cr\u00e9ditos:<br>Estudantes do Curso de Educa\u00e7\u00e3o F\u00edsica<\/p>\n<\/div>\n<\/div>\n\n\n\n<div class=\"wp-block-columns is-layout-flex wp-container-core-columns-is-layout-9d6595d7 wp-block-columns-is-layout-flex\">\n<div class=\"wp-block-column is-layout-flow wp-block-column-is-layout-flow\"><div class=\"wp-block-image\">\n<figure class=\"aligncenter size-full\"><a href=\"https:\/\/drive.google.com\/drive\/folders\/1_vYJeTvemp0nKjKwQRcsNqLGkbbaLevW?usp=drive_link\" target=\"_blank\" rel=\"noreferrer noopener\"><img decoding=\"async\" src=\"https:\/\/sites.uel.br\/feira\/wp-content\/uploads\/2023\/05\/google_drive.png\" alt=\"\" class=\"wp-image-2887\" \/><\/a><\/figure>\n<\/div>\n\n\n<p class=\"has-text-align-center\"><strong>(Galeria de Fotos<strong> &#8211; 4\u00ba Dia<\/strong>)<\/strong><\/p>\n\n\n\n<p class=\"has-text-align-center\">Cr\u00e9ditos:<br>Estudantes do Curso de Educa\u00e7\u00e3o F\u00edsica<\/p>\n<\/div>\n<\/div>\n","protected":false},"excerpt":{"rendered":"<p>Cursos Inscritos Premiados 2018 Educa\u00e7\u00e3o F\u00edsica Resumo da A\u00e7\u00e3o: Durante a semana de 20 a 23\/03, o Centro de Educa\u00e7\u00e3o F\u00edsica e Esportes \u2013 CEFE, realizou com seus alunos (calouros e veteranos) a I Integra-CEFE. Tratou-se de uma semana de recep\u00e7\u00e3o para os acad\u00eamicos com diversas atividades, que foi promovida com o envolvimento dos Colegiados [&hellip;]<\/p>\n","protected":false},"author":8,"featured_media":0,"parent":0,"menu_order":0,"comment_status":"closed","ping_status":"closed","template":"","meta":{"_acf_changed":false,"_themeisle_gutenberg_block_has_review":false,"footnotes":""},"class_list":["post-4147","page","type-page","status-publish","hentry"],"acf":[],"_links":{"self":[{"href":"https:\/\/sites.uel.br\/ser\/wp-json\/wp\/v2\/pages\/4147","targetHints":{"allow":["GET"]}}],"collection":[{"href":"https:\/\/sites.uel.br\/ser\/wp-json\/wp\/v2\/pages"}],"about":[{"href":"https:\/\/sites.uel.br\/ser\/wp-json\/wp\/v2\/types\/page"}],"author":[{"embeddable":true,"href":"https:\/\/sites.uel.br\/ser\/wp-json\/wp\/v2\/users\/8"}],"replies":[{"embeddable":true,"href":"https:\/\/sites.uel.br\/ser\/wp-json\/wp\/v2\/comments?post=4147"}],"version-history":[{"count":10,"href":"https:\/\/sites.uel.br\/ser\/wp-json\/wp\/v2\/pages\/4147\/revisions"}],"predecessor-version":[{"id":4885,"href":"https:\/\/sites.uel.br\/ser\/wp-json\/wp\/v2\/pages\/4147\/revisions\/4885"}],"wp:attachment":[{"href":"https:\/\/sites.uel.br\/ser\/wp-json\/wp\/v2\/media?parent=4147"}],"curies":[{"name":"wp","href":"https:\/\/api.w.org\/{rel}","templated":true}]}}