{"id":4146,"date":"2023-07-03T11:40:05","date_gmt":"2023-07-03T14:40:05","guid":{"rendered":"https:\/\/sites.uel.br\/ser\/?page_id=4146"},"modified":"2023-07-07T14:33:25","modified_gmt":"2023-07-07T17:33:25","slug":"premio-boas-praticas-na-recepcao-aos-estudantes-ingressantes-premiados-2018-direito","status":"publish","type":"page","link":"https:\/\/sites.uel.br\/ser\/premio-boas-praticas-na-recepcao-aos-estudantes-ingressantes-premiados-2018-direito\/","title":{"rendered":"Pr\u00eamio Boas Pr\u00e1ticas na Recep\u00e7\u00e3o aos Estudantes Ingressantes"},"content":{"rendered":"\n<hr class=\"wp-block-separator has-alpha-channel-opacity is-style-wide\" \/>\n\n\n\n<h2 class=\"wp-block-heading\">Cursos Inscritos Premiados<\/h2>\n\n\n\n<h2 class=\"wp-block-heading\">2018<\/h2>\n\n\n\n<h2 class=\"wp-block-heading\">Direito<\/h2>\n\n\n\n<p><strong>Resumo da A\u00e7\u00e3o:<\/strong><\/p>\n\n\n\n<p>O projeto Trote Solid\u00e1rio 2018 foi realizado pela LEX &#8211; Empresa J\u00fanior de direito da UEL, em representa\u00e7\u00e3o direta dos membros da diretoria de Responsa bilidade Social &#8211; Lisandra Rodrigues, Mariana Campidelli, Luiza Ribeiro e Bruna Vituri. H\u00e1 tr\u00eas anos a empresa j\u00fanior desenvolve os projetos de trote solid\u00e1rio, mas efetivamente neste ano de 2018 a institui\u00e7\u00e3o escolhida como foco da nossa a\u00e7\u00e3o foi a Casa de Apoio de Hospital Universit\u00e1rio de Londrina. Come\u00e7amos a idealizar e organizar o projeto no per\u00edodo de f\u00e9rias da universidade, neste, nosso foco foi identificar uma institui\u00e7\u00e3o que gerasse empatia e maior vontade de ajudar por parte dos ingressantes do curso; logo, surgiu a ideia do HU, uma vez que \u00e9 \u00f3rg\u00e3o da nossa universidade e s\u00edmbolo na cidade de Londrina, sendo nosso dever e responsabilidade ajud\u00e1-lo sempre que poss\u00edvel. Entramos em contato com a parte de assist\u00eancia social do hospital, que nos encaminhou para a L\u00facia, coordenadora da Casa de Apoio; L\u00facia nos contou a hist\u00f3ria da institui\u00e7\u00e3o: a mesma existe h\u00e1 cerca de 35 anos, mantendo uma casa de apoio que oferece estadia e refei\u00e7\u00f5es \u00e0queles que vem de fora da cidade para realizar algum tipo de tratamento no HU e n\u00e3o tem condi\u00e7\u00f5es de pagar por hot\u00e9is e alimenta\u00e7\u00e3o. Al\u00e9m disso, os volunt\u00e1rios tamb\u00e9m montam cestas b\u00e1sicas para distribuir \u00e0s fam\u00edlias carentes que chegam at\u00e9 o hospital &#8211; atendendo em m\u00e9dia sessenta pessoas por m\u00eas. Nesse sentido, focamos na arrecada\u00e7\u00e3o de alimentos n\u00e3o perec\u00edveis, com o objetivo de ajud\u00e1-los tanto na manuten\u00e7\u00e3o das refei\u00e7\u00f5es di\u00e1rias oferecidas, quanto para a montagem das cestas b\u00e1sicas. Iniciamos o projeto no dia 21 de mar\u00e7o deste ano, logo ap\u00f3s a entrada dos ingressantes, e come\u00e7amos a divulga\u00e7\u00e3o, atrav\u00e9s dos grupos no facebook, cartazes nos corredores do CESA e tamb\u00e9m passando de sala em sala para explicar nossos objetivos com o Trote Solid\u00e1rio. Outras institui\u00e7\u00f5es do curso como o Centro Acad\u00eamico, Atl\u00e9tica e Bateria nos ajudaram com a divulga\u00e7\u00e3o via m\u00eddias sociais da a\u00e7\u00e3o. Eis que surge nosso maior empecilho: faltando apenas 1 semana para o fim das arrecada\u00e7\u00f5es &#8211; que estavam, principalmente, sendo feitas na sala do centro acad\u00eamico, que \u00e9 o local mais movimentado do curso &#8211; foram perdidas em grande quantidade. Os macaquinhos entraram pela janela da sala e rasgaram quase que a totalidade dos alimentos que estavam ali, prejudicando quase que toda a arrecada\u00e7\u00e3o. Foi um baque, mas mesmo ap\u00f3s o incidente resolvemos agir em grande escala: abrimos o trote solid\u00e1rio para todos os estudantes do curso &#8211; desde os ingressantes at\u00e9 o quinto ano &#8211; contamos sobre o ocorrido e pedimos para que todos colaborassem com as doa\u00e7\u00f5es. Foi animadora e satisfat\u00f3ria a colabora\u00e7\u00e3o da galera, todos se mobilizaram e conseguimos fechar nossas arrecada\u00e7\u00f5es no dia 19\/04 com 200 quilos de alimento n\u00e3o perec\u00edvel arrecado para a Casa de Apoio, demonstrando um curso mais unido e solid\u00e1rio.<\/p>\n\n\n\n<div class=\"wp-block-columns is-layout-flex wp-container-core-columns-is-layout-9d6595d7 wp-block-columns-is-layout-flex\">\n<div class=\"wp-block-column is-layout-flow wp-block-column-is-layout-flow\"><div class=\"wp-block-image\">\n<figure class=\"aligncenter size-full\"><a href=\"https:\/\/drive.google.com\/drive\/folders\/1FaNvLbfGxzlY3WgRIkMt1C3APIHcigLm?usp=drive_link\" target=\"_blank\" rel=\"noreferrer noopener\"><img decoding=\"async\" src=\"https:\/\/sites.uel.br\/feira\/wp-content\/uploads\/2023\/05\/google_drive.png\" alt=\"\" class=\"wp-image-2887\" \/><\/a><\/figure>\n<\/div>\n\n\n<p class=\"has-text-align-center\"><strong>(Galeria de Fotos)<\/strong><\/p>\n\n\n\n<p class=\"has-text-align-center\">Cr\u00e9ditos:<br>Estudantes do Curso de Direito<\/p>\n<\/div>\n<\/div>\n","protected":false},"excerpt":{"rendered":"<p>Cursos Inscritos Premiados 2018 Direito Resumo da A\u00e7\u00e3o: O projeto Trote Solid\u00e1rio 2018 foi realizado pela LEX &#8211; Empresa J\u00fanior de direito da UEL, em representa\u00e7\u00e3o direta dos membros da diretoria de Responsa bilidade Social &#8211; Lisandra Rodrigues, Mariana Campidelli, Luiza Ribeiro e Bruna Vituri. H\u00e1 tr\u00eas anos a empresa j\u00fanior desenvolve os projetos de [&hellip;]<\/p>\n","protected":false},"author":8,"featured_media":0,"parent":0,"menu_order":0,"comment_status":"closed","ping_status":"closed","template":"","meta":{"_acf_changed":false,"_themeisle_gutenberg_block_has_review":false,"footnotes":""},"class_list":["post-4146","page","type-page","status-publish","hentry"],"acf":[],"_links":{"self":[{"href":"https:\/\/sites.uel.br\/ser\/wp-json\/wp\/v2\/pages\/4146","targetHints":{"allow":["GET"]}}],"collection":[{"href":"https:\/\/sites.uel.br\/ser\/wp-json\/wp\/v2\/pages"}],"about":[{"href":"https:\/\/sites.uel.br\/ser\/wp-json\/wp\/v2\/types\/page"}],"author":[{"embeddable":true,"href":"https:\/\/sites.uel.br\/ser\/wp-json\/wp\/v2\/users\/8"}],"replies":[{"embeddable":true,"href":"https:\/\/sites.uel.br\/ser\/wp-json\/wp\/v2\/comments?post=4146"}],"version-history":[{"count":6,"href":"https:\/\/sites.uel.br\/ser\/wp-json\/wp\/v2\/pages\/4146\/revisions"}],"predecessor-version":[{"id":4883,"href":"https:\/\/sites.uel.br\/ser\/wp-json\/wp\/v2\/pages\/4146\/revisions\/4883"}],"wp:attachment":[{"href":"https:\/\/sites.uel.br\/ser\/wp-json\/wp\/v2\/media?parent=4146"}],"curies":[{"name":"wp","href":"https:\/\/api.w.org\/{rel}","templated":true}]}}