{"id":4145,"date":"2023-07-03T11:40:08","date_gmt":"2023-07-03T14:40:08","guid":{"rendered":"https:\/\/sites.uel.br\/ser\/?page_id=4145"},"modified":"2023-07-07T14:33:17","modified_gmt":"2023-07-07T17:33:17","slug":"premio-boas-praticas-na-recepcao-aos-estudantes-ingressantes-premiados-2018-design-de-moda-e-design-grafico","status":"publish","type":"page","link":"https:\/\/sites.uel.br\/ser\/premio-boas-praticas-na-recepcao-aos-estudantes-ingressantes-premiados-2018-design-de-moda-e-design-grafico\/","title":{"rendered":"Pr\u00eamio Boas Pr\u00e1ticas na Recep\u00e7\u00e3o aos Estudantes Ingressantes"},"content":{"rendered":"\n<hr class=\"wp-block-separator has-alpha-channel-opacity is-style-wide\" \/>\n\n\n\n<h2 class=\"wp-block-heading\">Cursos Inscritos Premiados<\/h2>\n\n\n\n<h2 class=\"wp-block-heading\">2018<\/h2>\n\n\n\n<h2 class=\"wp-block-heading\">Design de Moda e Design Gr\u00e1fico<\/h2>\n\n\n\n<p><strong>Resumo da A\u00e7\u00e3o:<\/strong><\/p>\n\n\n\n<p>Os alunos organizaram 2 a\u00e7\u00f5es diferentes: 1- arrecada\u00e7\u00e3o de valores em dinheiro para castra\u00e7\u00e3o dos gatos dos CECA que v\u00eam aumentando consideravelmente nos \u00faltimos tempos 2- arrecada\u00e7\u00e3o de produtos de limpeza, alimenta\u00e7\u00e3o e vestu\u00e1rio para os estudantes ind\u00edgenas que se encontram em necessidade.<\/p>\n","protected":false},"excerpt":{"rendered":"<p>Cursos Inscritos Premiados 2018 Design de Moda e Design Gr\u00e1fico Resumo da A\u00e7\u00e3o: Os alunos organizaram 2 a\u00e7\u00f5es diferentes: 1- arrecada\u00e7\u00e3o de valores em dinheiro para castra\u00e7\u00e3o dos gatos dos CECA que v\u00eam aumentando consideravelmente nos \u00faltimos tempos 2- arrecada\u00e7\u00e3o de produtos de limpeza, alimenta\u00e7\u00e3o e vestu\u00e1rio para os estudantes ind\u00edgenas que se encontram em [&hellip;]<\/p>\n","protected":false},"author":8,"featured_media":0,"parent":0,"menu_order":0,"comment_status":"closed","ping_status":"closed","template":"","meta":{"_acf_changed":false,"_themeisle_gutenberg_block_has_review":false,"footnotes":""},"class_list":["post-4145","page","type-page","status-publish","hentry"],"acf":[],"_links":{"self":[{"href":"https:\/\/sites.uel.br\/ser\/wp-json\/wp\/v2\/pages\/4145","targetHints":{"allow":["GET"]}}],"collection":[{"href":"https:\/\/sites.uel.br\/ser\/wp-json\/wp\/v2\/pages"}],"about":[{"href":"https:\/\/sites.uel.br\/ser\/wp-json\/wp\/v2\/types\/page"}],"author":[{"embeddable":true,"href":"https:\/\/sites.uel.br\/ser\/wp-json\/wp\/v2\/users\/8"}],"replies":[{"embeddable":true,"href":"https:\/\/sites.uel.br\/ser\/wp-json\/wp\/v2\/comments?post=4145"}],"version-history":[{"count":5,"href":"https:\/\/sites.uel.br\/ser\/wp-json\/wp\/v2\/pages\/4145\/revisions"}],"predecessor-version":[{"id":4881,"href":"https:\/\/sites.uel.br\/ser\/wp-json\/wp\/v2\/pages\/4145\/revisions\/4881"}],"wp:attachment":[{"href":"https:\/\/sites.uel.br\/ser\/wp-json\/wp\/v2\/media?parent=4145"}],"curies":[{"name":"wp","href":"https:\/\/api.w.org\/{rel}","templated":true}]}}