{"id":4143,"date":"2023-07-03T11:40:11","date_gmt":"2023-07-03T14:40:11","guid":{"rendered":"https:\/\/sites.uel.br\/ser\/?page_id=4143"},"modified":"2023-07-07T14:33:03","modified_gmt":"2023-07-07T17:33:03","slug":"premio-boas-praticas-na-recepcao-aos-estudantes-ingressantes-premiados-2018-ciencias-biologicas","status":"publish","type":"page","link":"https:\/\/sites.uel.br\/ser\/premio-boas-praticas-na-recepcao-aos-estudantes-ingressantes-premiados-2018-ciencias-biologicas\/","title":{"rendered":"Pr\u00eamio Boas Pr\u00e1ticas na Recep\u00e7\u00e3o aos Estudantes Ingressantes"},"content":{"rendered":"\n<hr class=\"wp-block-separator has-alpha-channel-opacity is-style-wide\" \/>\n\n\n\n<h2 class=\"wp-block-heading\">Cursos Inscritos Premiados<\/h2>\n\n\n\n<h2 class=\"wp-block-heading\">2018<\/h2>\n\n\n\n<h2 class=\"wp-block-heading\">Ci\u00eancias Biol\u00f3gicas<\/h2>\n\n\n\n<p><strong>Resumo da A\u00e7\u00e3o:<\/strong><\/p>\n\n\n\n<p>A semana de recep\u00e7\u00e3o do Curso de Ci\u00eancias Biol\u00f3gicas da Universidade Estadual de Londrina (UEL) se iniciou na ter\u00e7a-feira, dia 20\/03\/2018, com um dia de atraso devido \u00e0 suspens\u00e3o do calend\u00e1rio acad\u00eamico. Por\u00e9m, as atividades previstas n\u00e3o sofreram grandes impactos, sendo todas realizadas nos quatro dias seguintes desta mesma semana. Durante o primeiro dia, os alunos conheceram seus veteranos, fizeram v\u00e1rias din\u00e2micas, participaram de brincadeiras, foram apresentados ao curso pelos representantes do colegiado de Ci\u00eancias Biol\u00f3gicas e tamb\u00e9m a alguns projetos de extens\u00e3o, atrav\u00e9s da docente Virg\u00ednia Maistro. Nessa atividade tamb\u00e9m foram abordadas a import\u00e2ncia e as oportunidades da habilita\u00e7\u00e3o em licenciatura na carreira do Bi\u00f3logo. Tamb\u00e9m nesse dia os alunos conheceram o centro acad\u00eamico (C.A BIO) e fizeram a organiza\u00e7\u00e3o do local. Durante o dia 21\/03\/18 \u00e0 tarde, os alunos, acompanhados de seus veteranos das s\u00e9ries seguintes, realizaram uma a\u00e7\u00e3o solid\u00e1ria no Jardim Bot\u00e2nico de Londrina. A a\u00e7\u00e3o contou com a colabora\u00e7\u00e3o de gestores do jardim e do docente do curso de biologia Professor Torezan. Os alunos tiveram como tarefa o plantio de 7 mudas de \u00e1rvores nativas da Mata Atl\u00e2ntica, como a Peroba Rosa, s\u00edmbolo de Londrina e da Uel. Al\u00e9m do plantio, um pouco da hist\u00f3ria e import\u00e2ncia das esp\u00e9cies usadas na atividade foram apresentadas aos alunos, mostrando a biodiversidade da regi\u00e3o. Pela manh\u00e3 haviam sido realizadas brincadeiras de integra\u00e7\u00e3o com os ingressantes. Na quinta-feira (22\/03\/2018) foram realizadas, com a ajuda dos veteranos, as confirma\u00e7\u00f5es de matr\u00edcula e cria\u00e7\u00e3o do passe de \u00f4nibus estudantil. Al\u00e9m disso, os calouros tiveram a oportunidade de conhecer e ouvir um pouco da experi\u00eancia do docente Gustavo Teixeira, tamb\u00e9m graduado na UEL, criando assim um espa\u00e7o para tirar d\u00favidas e conhecer melhor n\u00e3o s\u00f3 o curso, mas a profiss\u00e3o de bi\u00f3logo como um todo. Na sexta (23\/03\/2018), os alunos ouviram os representantes do movimento estudantil atrav\u00e9s do C.A e do DCE e puderam entender melhor um pouco sobre a situa\u00e7\u00e3o da universidade e a representa\u00e7\u00e3o estudantil. A semana foi encerrada com uma integra\u00e7\u00e3o entre veteranos e calouros para comemorar a chegada dos ingressantes ao curso.<\/p>\n\n\n\n<div class=\"wp-block-columns is-layout-flex wp-container-core-columns-is-layout-9d6595d7 wp-block-columns-is-layout-flex\">\n<div class=\"wp-block-column is-layout-flow wp-block-column-is-layout-flow\"><div class=\"wp-block-image\">\n<figure class=\"aligncenter size-full\"><a href=\"https:\/\/drive.google.com\/drive\/folders\/1Nk5mBfSjtc68wlN3a8c7lWGIp9BmN4rg?usp=drive_link\" target=\"_blank\" rel=\"noreferrer noopener\"><img decoding=\"async\" src=\"https:\/\/sites.uel.br\/feira\/wp-content\/uploads\/2023\/05\/google_drive.png\" alt=\"\" class=\"wp-image-2887\" \/><\/a><\/figure>\n<\/div>\n\n\n<p class=\"has-text-align-center\"><strong>(Galeria de Fotos)<\/strong><\/p>\n\n\n\n<p class=\"has-text-align-center\">Cr\u00e9ditos:<br>Estudantes do Curso de Ci\u00eancias Biol\u00f3gicas<\/p>\n<\/div>\n<\/div>\n","protected":false},"excerpt":{"rendered":"<p>Cursos Inscritos Premiados 2018 Ci\u00eancias Biol\u00f3gicas Resumo da A\u00e7\u00e3o: A semana de recep\u00e7\u00e3o do Curso de Ci\u00eancias Biol\u00f3gicas da Universidade Estadual de Londrina (UEL) se iniciou na ter\u00e7a-feira, dia 20\/03\/2018, com um dia de atraso devido \u00e0 suspens\u00e3o do calend\u00e1rio acad\u00eamico. Por\u00e9m, as atividades previstas n\u00e3o sofreram grandes impactos, sendo todas realizadas nos quatro dias [&hellip;]<\/p>\n","protected":false},"author":8,"featured_media":0,"parent":0,"menu_order":0,"comment_status":"closed","ping_status":"closed","template":"","meta":{"_acf_changed":false,"_themeisle_gutenberg_block_has_review":false,"footnotes":""},"class_list":["post-4143","page","type-page","status-publish","hentry"],"acf":[],"_links":{"self":[{"href":"https:\/\/sites.uel.br\/ser\/wp-json\/wp\/v2\/pages\/4143","targetHints":{"allow":["GET"]}}],"collection":[{"href":"https:\/\/sites.uel.br\/ser\/wp-json\/wp\/v2\/pages"}],"about":[{"href":"https:\/\/sites.uel.br\/ser\/wp-json\/wp\/v2\/types\/page"}],"author":[{"embeddable":true,"href":"https:\/\/sites.uel.br\/ser\/wp-json\/wp\/v2\/users\/8"}],"replies":[{"embeddable":true,"href":"https:\/\/sites.uel.br\/ser\/wp-json\/wp\/v2\/comments?post=4143"}],"version-history":[{"count":6,"href":"https:\/\/sites.uel.br\/ser\/wp-json\/wp\/v2\/pages\/4143\/revisions"}],"predecessor-version":[{"id":4877,"href":"https:\/\/sites.uel.br\/ser\/wp-json\/wp\/v2\/pages\/4143\/revisions\/4877"}],"wp:attachment":[{"href":"https:\/\/sites.uel.br\/ser\/wp-json\/wp\/v2\/media?parent=4143"}],"curies":[{"name":"wp","href":"https:\/\/api.w.org\/{rel}","templated":true}]}}