{"id":4142,"date":"2023-07-03T11:40:14","date_gmt":"2023-07-03T14:40:14","guid":{"rendered":"https:\/\/sites.uel.br\/ser\/?page_id=4142"},"modified":"2023-07-07T14:32:54","modified_gmt":"2023-07-07T17:32:54","slug":"premio-boas-praticas-na-recepcao-aos-estudantes-ingressantes-premiados-2018-artes-visuais","status":"publish","type":"page","link":"https:\/\/sites.uel.br\/ser\/premio-boas-praticas-na-recepcao-aos-estudantes-ingressantes-premiados-2018-artes-visuais\/","title":{"rendered":"Pr\u00eamio Boas Pr\u00e1ticas na Recep\u00e7\u00e3o aos Estudantes Ingressantes"},"content":{"rendered":"\n<hr class=\"wp-block-separator has-alpha-channel-opacity is-style-wide\" \/>\n\n\n\n<h2 class=\"wp-block-heading\">Cursos Inscritos Premiados<\/h2>\n\n\n\n<h2 class=\"wp-block-heading\">2018<\/h2>\n\n\n\n<h2 class=\"wp-block-heading\">Artes Visuais<\/h2>\n\n\n\n<p><strong>Resumo da A\u00e7\u00e3o:<\/strong><\/p>\n\n\n\n<p>N\u00f3s, veteranos do segundo ano do curso de Artes Visuais, organizamos uma semana de recep\u00e7\u00e3o para os ingressantes com v\u00e1rias atividades. O tema da semana de recep\u00e7\u00e3o foi &#8220;Tudo pode acontecer&#8221;, no sentido de fluir, de deixar acontecer, de ser. No primeiro dia de recep\u00e7\u00e3o fizemos a abertura e media\u00e7\u00e3o da exposi\u00e7\u00e3o \u201cSob as estrelas ela dan\u00e7a\u201d, que se manteve durante a semana, e uma breve apresenta\u00e7\u00e3o do curso e conversa com os professores e os novos alunos. A exposi\u00e7\u00e3o foi montada pelos alunos do curso, com curadoria da Katharine N\u00f3brega, aluna do quarto ano de artes visuais. A escolha do tema da exposi\u00e7\u00e3o foi decidida a partir de uma discuss\u00e3o e decis\u00e3o do departamento em lembrar, homenagear e manter a mem\u00f3ria da ex aluna Lua Padovani, artista visual, que, infelizmente, n\u00e3o est\u00e1 mais conosco desde o final do ano passado. Lua Padovani transformava todos os ambientes por onde passava, as paredes que ocupava e a vida de todos que tiveram o prazer e o privil\u00e9gio de sua presen\u00e7a. A rela\u00e7\u00e3o entre a exposi\u00e7\u00e3o e a entrada de novos alunos se mant\u00e9m com o intuito da apresenta\u00e7\u00e3o de trabalhos significativos dos alunos que passaram pela gradua\u00e7\u00e3o de artes visuais, como a Lua. Na abertura, foi feito um ato de interven\u00e7\u00e3o nas paredes, onde os ingressantes fizeram desenhos com giz, a partir da percep\u00e7\u00e3o que tiveram dos trabalhos da artista expostos na galeria. Houve um bate-papo ap\u00f3s a abertura da exposi\u00e7\u00e3o com o Professor Claudio. Ele contou um pouco mais sobre a artista e nos fez trocar ideias de uma forma sens\u00edvel. Fizemos uma fogueira e queimamos nossas vaidades. Claudio explica como essa atitude faz parte de uma tradi\u00e7\u00e3o muito antiga, que artistas participavam. Toda essa experi\u00eancia permitiu a aproxima\u00e7\u00e3o entre os alunos e a aprendizagem de outros contextos hist\u00f3ricos e ritual\u00edsticos. No segundo dia de atividades, convidamos os ingressantes a participarem do evento &#8220;Arte e pol\u00edtica em tempos de intoler\u00e2ncia&#8221;, que aconteceu no CCH. O evento contou com palestras e discuss\u00f5es sobre temas pertinentes dentro da arte e da sociedade. A palestra permitiu um maior contato com a atual situa\u00e7\u00e3o e atua\u00e7\u00e3o do artista no contexto que estamos. No terceiro dia fizemos diversas oficinas no per\u00edodo matutino e noturno. Sabendo sobre os pedidos de apoio e doa\u00e7\u00f5es dos moradores da Ocupa\u00e7\u00e3o Flores do Campo, situada na zona norte do munic\u00edpio de Londrina, pensamos em organizar uma a\u00e7\u00e3o solid\u00e1ria, onde os ingressantes e veteranos que participassem das oficinas deveriam trazer um alimento n\u00e3o perec\u00edvel como forma de inscri\u00e7\u00e3o para as mesmas. Os materiais necess\u00e1rios para as oficinas foram disponibilizados pelos veteranos do segundo ano. As oficinas aconteceram no dia 22\/03, quinta-feira. Foram ministradas por alunos do curso de Artes Visuais. Estavam no cronograma as seguintes oficinas: Oficina de xilogravura, ministrada pelo aluno Gabriel Vilela, que foi realizada no per\u00edodo matutino e noturno; Oficina de autorretrato, ministrada pelas alunas Thaynara Birche e Tainara Regina Pinto, que foi realizada no per\u00edodo noturno; Oficina de encaderna\u00e7\u00e3o, ministrada pela aluna Bruna Tavares, que tamb\u00e9m foi realizada no per\u00edodo noturno. Arrecadamos 30kg de alimento n\u00e3o perec\u00edvel, entre eles arroz, macarr\u00e3o, farinha e feij\u00e3o. Entramos em contato com uma das moradoras da ocupa\u00e7\u00e3o Flores do Campo, e no dia 11\/04 fomos entregar a arrecada\u00e7\u00e3o. A moradora Eliane nos recebeu e ficou muito agradecida pelo apoio. Nos disse que os trabalhos sociais no local s\u00e3o bem-vindos, al\u00e9m de projetos, oficinas e visitas para conhecer o espa\u00e7o. Ela nos passou a informa\u00e7\u00e3o da exist\u00eancia de um barrac\u00e3o na ocupa\u00e7\u00e3o que pode ser usado para fazer essas e outras atividades com os moradores, principalmente com as crian\u00e7as. Os alimentos foram distribu\u00eddos para as fam\u00edlias que mais necessitavam da ajuda. A moradora Elisa fez fotos da distribui\u00e7\u00e3o e nos enviou posteriormente. Al\u00e9m da conclus\u00e3o da atividade solid\u00e1ria com \u00eaxito e a oportunidade de conhecer e saber um pouco mais sobre a ocupa\u00e7\u00e3o Flores do Campo, fizemos uma grande rede de integra\u00e7\u00e3o entre professores, veteranos e ingressantes. As oficinas permitiram o maior contato e troca de experi\u00eancias entre as pessoas. No \u00faltimo dia de atividades aconteceu uma cerim\u00f4nia obl\u00edqua, proposta e ministrada pelo professor Claudio. Essa atividade contou com uma roda de conversa e discuss\u00e3o sobre temas como: tra\u00e7o, experi\u00eancias, leituras, e arte. RELATOS DOS INGRESSANTES \u201cAnsiedade. Medo. Vergonha. Felicidade. Foram as palavras que me cercavam naquela noite, mas assim que a fogueira acendeu isso tudo se foi. Nossa inicia\u00e7\u00e3o ao curso de artes visuais foi uma experi\u00eancia da qual nunca vou esquecer, n\u00e3o s\u00f3 pela ocasi\u00e3o em si, mas por todo o carinho que professores, alunos e ex alunos tiveram ao nos receber. Com uma \u201cfogueira das vaidades\u201d conduzida pelo professor Cl\u00e1udio, pudemos ali nos apresentar e interagir com todos que estavam presentes. Tivemos a chance de ver um trabalho lindo e emocionante de uma ex aluna e perceber o qu\u00e3o importante a arte \u00e9, e poder ter deixado marcas nas paredes de um caminho que estava preste a come\u00e7ar. Conhecemos nossos professores, que nos explicaram sobre o curso, al\u00e9m das comidinhas maravilhosas! Tive a oportunidade de participar de uma oficina de xilogravura, incr\u00edvel e muito determinante na minha vida (tanto que estou trabalhando com trabalhos de xilogravura por conta dessa oficina) dentre outras que estavam sendo realizadas na semana de integra\u00e7\u00e3o, com um \u00f3timo professor que me guiou e me auxiliou em qualquer necessidade e de estar presente com veteranos que tornaram o clima agrad\u00e1vel \u00e9 super caloroso; oficinas que geraram arrecada\u00e7\u00f5es de alimentos para uma institui\u00e7\u00e3o, atitude que me deixou ainda mais feliz de fazer parte desse projeto. Durante toda a semana, al\u00e9m de atividades com os professores e as oficinas organizadas pelos veteranos, tivemos palestras que puderam nos mostrar um pouco da grandiosidade de uma universidade, toda sua hist\u00f3ria e sua import\u00e2ncia no meio social e cultural. Por fim, todos os sentimentos que me cercaram no primeiro dia, deram lugar \u00e0: inspira\u00e7\u00e3o, realiza\u00e7\u00e3o e principalmente gratid\u00e3o.\u201d NATHALIA VARGAS \u201cNo primeiro dia n\u00e3o houve atividade por conta da suspens\u00e3o das aulas. Mesmo assim eu e mais outros tr\u00eas calouros fomos. Conhecemos a maioria dos professores, e eles nos atualizaram sobre o que estava acontecendo na universidade. Conversamos principalmente com os professores Marcos e Claudio, que inclusive nos convidou para tomar um caf\u00e9 e conhecer a sala de gravura. Assim que entrei na sala me senti no lugar certo. Foi o primeiro sinal de que estava no curso\/caminho certo. Ter\u00e7a houve abertura de uma exposi\u00e7\u00e3o (Lua), e foi um &#8220;soco no est\u00f4mago&#8221;. Ao mesmo tempo que foi muito triste conhecer a hist\u00f3ria da Lua, foi o segundo sinal. O terceiro sinal foram as pessoas que fazem o curso de artes viver, os veteranos e professores engajados. Depois (ou antes, n\u00e3o me lembro exatamente) houve breve apresenta\u00e7\u00e3o de alguns dos professores e da DaP, seguido de desenho com giz nas paredes da galeria. Tamb\u00e9m teve apresenta\u00e7\u00e3o dos veteranos. Quarta e\/ou quinta (aqui minha mem\u00f3ria n\u00e3o est\u00e1 clara) participei da oficina de xilogravura, ministrada pelo Gabriel Vilela. Foi incr\u00edvel e fiquei com aquele gosto de &#8220;quero mais&#8221;, e essa mem\u00f3ria volta toda vez que entro na sala de gravura. Teve tamb\u00e9m um caf\u00e9 da manh\u00e3 com os veteranos, mas n\u00e3o lembro se aconteceu no mesmo dia ou n\u00e3o. (fim da mem\u00f3ria obscurecida) Sexta teve a fogueira das vaidades com a presen\u00e7a do professor Claudio, que explicou de onde surgiu a fogueira das vaidades. Teve apresenta\u00e7\u00e3o dos calouros, e a proposta foi cada um dizer seu nome, idade, de onde \u00e9, op\u00e7\u00e3o sexual, signo zodiacal, responder a uma pergunta aleat\u00f3ria e por fim despejar p\u00f3 de caf\u00e9 na fogueira. Depois teve uma din\u00e2mica em que cada pessoa desenhava ela mesma, num tempo limitado, e o desenho passou por cada um e no final todos acabaram desenhando todos. Foi o dia de maior intera\u00e7\u00e3o entre calouros e veteranos. No geral fiquei muito satisfeito principalmente porque acabei comparando com trotes que eu j\u00e1 passei ou trotes de outros cursos deste ano, e conosco n\u00e3o foi exatamente um trote.\u201d MARCOS OKUDA \u201cEu j\u00e1 havia estudado na universidade quando cheguei pra primeira semana de aula de artes este ano, por\u00e9m desde o in\u00edcio foi um clima novo, a recep\u00e7\u00e3o foi feita n\u00e3o somente pelos estudantes (como ocorre em outros cursos), mas os professores tamb\u00e9m estavam envolvidos. Para os alunos mais novos, com certeza isso trouxe mais seguran\u00e7a ao ingressar na faculdade, e para mim, senti que havia um maior envolvimento do corpo docente com os alunos. No decorrer da semana, al\u00e9m de outras atividades, tivemos v\u00e1rias palestras e a preocupa\u00e7\u00e3o do colegiado em esclarecer o funcionamento do curso, a ementa, as horas a serem cumpridas, os projetos de pesquisa realizados no centro, tudo que \u00e9 necess\u00e1rio para o aproveitamento de toda estrutura que a universidade pode oferecer. No momento cheguei a compartilhar que n\u00e3o tive esta experi\u00eancia em outro curso, e que isto era muito importante para que o aluno pudesse realmente desfrutar de tudo que pode ser realizado na UEL al\u00e9m da gradua\u00e7\u00e3o. Os alunos dos anos seguintes nos acompanharam durante toda a semana, sendo que em um dos dias foram eles mesmos que ministraram oficinas com inscri\u00e7\u00e3o por um quilo de alimento, que foram doados para o Flores do Campo. A apresenta\u00e7\u00e3o durante a semana me surpreendeu deixou a melhor impress\u00e3o que eu poderia ter do curso, me senti acolhida e pude perceber a preocupa\u00e7\u00e3o do Departamento de Artes em n\u00e3o somente preparar profissionais, mas em auxiliar na forma\u00e7\u00e3o de pessoas envolvidas com a comunidade, com pensamento cr\u00edtico de cultura e pol\u00edtica.\u201d RAFAELA GIROTO \u201cA recep\u00e7\u00e3o de calouros do curso de artes visuais foi de fundamental import\u00e2ncia, al\u00e9m de pudermos conhecer nossos professores, colegas de sala\/veteranos e funcion\u00e1rios que comp\u00f5e o curso, tivemos a oportunidade tamb\u00e9m de conhecer o espa\u00e7o f\u00edsico do nosso departamento e ainda oficinas, que na pr\u00e1tica, mostraram como o curso \u00e9 composto, todos foram sol\u00edcitos e sanaram d\u00favidas que, como todo calouro, chegamos cheios de questionamentos e anseios. Portanto ao meu ver a semana foi super Importante e mais que isso, uma boas vindas com com experimenta\u00e7\u00e3o, sensa\u00e7\u00e3o e atividades em grupo. Uma verdadeira li\u00e7\u00e3o de apadrinhamento, uma sensa\u00e7\u00e3o de ser bem vindo no curso que escolheu e na universidade que escolheu.\u201d PEDRO SUGETA.<\/p>\n\n\n\n<div class=\"wp-block-columns is-layout-flex wp-container-core-columns-is-layout-9d6595d7 wp-block-columns-is-layout-flex\">\n<div class=\"wp-block-column is-layout-flow wp-block-column-is-layout-flow\"><div class=\"wp-block-image\">\n<figure class=\"aligncenter size-full\"><a href=\"https:\/\/drive.google.com\/drive\/folders\/12P7UQoPZohO7ua2DhcR0uwjQ09CfZleT?usp=drive_link\" target=\"_blank\" rel=\"noreferrer noopener\"><img decoding=\"async\" src=\"https:\/\/sites.uel.br\/feira\/wp-content\/uploads\/2023\/05\/google_drive.png\" alt=\"\" class=\"wp-image-2887\" \/><\/a><\/figure>\n<\/div>\n\n\n<p class=\"has-text-align-center\"><strong>(Galeria de Fotos)<\/strong><\/p>\n\n\n\n<p class=\"has-text-align-center\">Cr\u00e9ditos:<br>Estudantes do Curso de Artes Visuais<\/p>\n<\/div>\n<\/div>\n","protected":false},"excerpt":{"rendered":"<p>Cursos Inscritos Premiados 2018 Artes Visuais Resumo da A\u00e7\u00e3o: N\u00f3s, veteranos do segundo ano do curso de Artes Visuais, organizamos uma semana de recep\u00e7\u00e3o para os ingressantes com v\u00e1rias atividades. O tema da semana de recep\u00e7\u00e3o foi &#8220;Tudo pode acontecer&#8221;, no sentido de fluir, de deixar acontecer, de ser. No primeiro dia de recep\u00e7\u00e3o fizemos [&hellip;]<\/p>\n","protected":false},"author":8,"featured_media":0,"parent":0,"menu_order":0,"comment_status":"closed","ping_status":"closed","template":"","meta":{"_acf_changed":false,"_themeisle_gutenberg_block_has_review":false,"footnotes":""},"class_list":["post-4142","page","type-page","status-publish","hentry"],"acf":[],"_links":{"self":[{"href":"https:\/\/sites.uel.br\/ser\/wp-json\/wp\/v2\/pages\/4142","targetHints":{"allow":["GET"]}}],"collection":[{"href":"https:\/\/sites.uel.br\/ser\/wp-json\/wp\/v2\/pages"}],"about":[{"href":"https:\/\/sites.uel.br\/ser\/wp-json\/wp\/v2\/types\/page"}],"author":[{"embeddable":true,"href":"https:\/\/sites.uel.br\/ser\/wp-json\/wp\/v2\/users\/8"}],"replies":[{"embeddable":true,"href":"https:\/\/sites.uel.br\/ser\/wp-json\/wp\/v2\/comments?post=4142"}],"version-history":[{"count":6,"href":"https:\/\/sites.uel.br\/ser\/wp-json\/wp\/v2\/pages\/4142\/revisions"}],"predecessor-version":[{"id":4876,"href":"https:\/\/sites.uel.br\/ser\/wp-json\/wp\/v2\/pages\/4142\/revisions\/4876"}],"wp:attachment":[{"href":"https:\/\/sites.uel.br\/ser\/wp-json\/wp\/v2\/media?parent=4142"}],"curies":[{"name":"wp","href":"https:\/\/api.w.org\/{rel}","templated":true}]}}