{"id":4140,"date":"2023-07-03T11:40:20","date_gmt":"2023-07-03T14:40:20","guid":{"rendered":"https:\/\/sites.uel.br\/ser\/?page_id=4140"},"modified":"2023-07-07T14:32:39","modified_gmt":"2023-07-07T17:32:39","slug":"premio-boas-praticas-na-recepcao-aos-estudantes-ingressantes-premiados-2018-arquitetura-e-urbanismo","status":"publish","type":"page","link":"https:\/\/sites.uel.br\/ser\/premio-boas-praticas-na-recepcao-aos-estudantes-ingressantes-premiados-2018-arquitetura-e-urbanismo\/","title":{"rendered":"Pr\u00eamio Boas Pr\u00e1ticas na Recep\u00e7\u00e3o aos Estudantes Ingressantes"},"content":{"rendered":"\n<hr class=\"wp-block-separator has-alpha-channel-opacity is-style-wide\" \/>\n\n\n\n<h2 class=\"wp-block-heading\">Cursos Inscritos Premiados<\/h2>\n\n\n\n<h2 class=\"wp-block-heading\">2018<\/h2>\n\n\n\n<h2 class=\"wp-block-heading\">Arquitetura e Urbanismo<\/h2>\n\n\n\n<p><strong>Resumo da A\u00e7\u00e3o:<\/strong><\/p>\n\n\n\n<p>A comiss\u00e3o de organiza\u00e7\u00e3o da semana do calouro foi respons\u00e1vel pelo acontecimento, desde o pedido de autoriza\u00e7\u00e3o \u00e0 ordem no dia em que o trote foi realizado. Junto com os alunos ingressantes de 2017, os calouros ficaram respons\u00e1veis por pintar as fachadas das casas das crian\u00e7as do Lar An\u00e1lia Franco, trazendo assim um pouco de alegria a quem ali reside. Toda colabora\u00e7\u00e3o e coletividade, resultaram em um trabalho com um design diferenciado e que de acordo com os coordenadores do Lar alegraram as crian\u00e7as e adolescentes, descrito no relato a seguir: &#8220;Ol\u00e1 Ana, bom dia! Estou mandando esse e-mail para passar um feedback da nossa experi\u00eancia com o trote solid\u00e1rio e para agradecer o trabalho de voc\u00eas, em nome da institui\u00e7\u00e3o! Bom, n\u00f3s adoramos a experi\u00eancia de ter um grupo de jovens e estudantes ajudando a trazer mais vida para o abrigo. A ideia foi realmente muito bacana e o resultado afetou diretamente na viv\u00eancia das crian\u00e7as e adolescentes. Eles relataram que chegam em casa, olham para as paredes coloridas e se alegram. Eles gostaram tanto que constantemente vemos eles posando pra fotos nas paredes das casas. Me parece que agora eles se sentem mais representados pela apar\u00eancia do espa\u00e7o! O abrigo ficou com uma cara jovem, alegre e moderna! N\u00f3s amamos! As crian\u00e7as falaram que eles ajudaram em algumas partes e se sentiram muito orgulhosos de fazerem parte disso tamb\u00e9m. O resultado foi al\u00e9m do que a gente esperava. Ficamos muito contentes. Sem esquecer de mencionar que a organiza\u00e7\u00e3o do grupo foi excelente, n\u00e3o tivemos problemas nenhum! Mais uma vez, muito obrigada por terem feito essa a\u00e7\u00e3o t\u00e3o bonita na institui\u00e7\u00e3o! Agradecemos imensamente! Abra\u00e7os Catharina Cavasin Coordenadora do Departamento de Voluntariado&#8221;.<\/p>\n\n\n\n<figure class=\"wp-block-embed is-type-video is-provider-youtube wp-block-embed-youtube wp-embed-aspect-16-9 wp-has-aspect-ratio\"><div class=\"wp-block-embed__wrapper\">\n<iframe loading=\"lazy\" title=\"Recep\u00e7\u00e3o aos Ingressantes do Curso de Arquitetura e Urbanismo\" width=\"500\" height=\"281\" src=\"https:\/\/www.youtube.com\/embed\/c8JIrZmS-AU?feature=oembed\" frameborder=\"0\" allow=\"accelerometer; autoplay; clipboard-write; encrypted-media; gyroscope; picture-in-picture; web-share\" referrerpolicy=\"strict-origin-when-cross-origin\" allowfullscreen><\/iframe>\n<\/div><\/figure>\n\n\n\n<div class=\"wp-block-columns is-layout-flex wp-container-core-columns-is-layout-9d6595d7 wp-block-columns-is-layout-flex\">\n<div class=\"wp-block-column is-layout-flow wp-block-column-is-layout-flow\"><div class=\"wp-block-image\">\n<figure class=\"aligncenter size-full\"><a href=\"https:\/\/drive.google.com\/drive\/folders\/1p5vCJnCUYp_RpCJO9IG6WPOojoITl9GT?usp=drive_link\" target=\"_blank\" rel=\"noreferrer noopener\"><img decoding=\"async\" src=\"https:\/\/sites.uel.br\/feira\/wp-content\/uploads\/2023\/05\/google_drive.png\" alt=\"\" class=\"wp-image-2887\" \/><\/a><\/figure>\n<\/div>\n\n\n<p class=\"has-text-align-center\"><strong>(Galeria de Fotos)<\/strong><\/p>\n\n\n\n<p class=\"has-text-align-center\">Cr\u00e9ditos:<br>Estudantes do Curso de Arquitetura e Urbanismo<\/p>\n<\/div>\n<\/div>\n","protected":false},"excerpt":{"rendered":"<p>Cursos Inscritos Premiados 2018 Arquitetura e Urbanismo Resumo da A\u00e7\u00e3o: A comiss\u00e3o de organiza\u00e7\u00e3o da semana do calouro foi respons\u00e1vel pelo acontecimento, desde o pedido de autoriza\u00e7\u00e3o \u00e0 ordem no dia em que o trote foi realizado. Junto com os alunos ingressantes de 2017, os calouros ficaram respons\u00e1veis por pintar as fachadas das casas das [&hellip;]<\/p>\n","protected":false},"author":8,"featured_media":0,"parent":0,"menu_order":0,"comment_status":"closed","ping_status":"closed","template":"","meta":{"_acf_changed":false,"_themeisle_gutenberg_block_has_review":false,"footnotes":""},"class_list":["post-4140","page","type-page","status-publish","hentry"],"acf":[],"_links":{"self":[{"href":"https:\/\/sites.uel.br\/ser\/wp-json\/wp\/v2\/pages\/4140","targetHints":{"allow":["GET"]}}],"collection":[{"href":"https:\/\/sites.uel.br\/ser\/wp-json\/wp\/v2\/pages"}],"about":[{"href":"https:\/\/sites.uel.br\/ser\/wp-json\/wp\/v2\/types\/page"}],"author":[{"embeddable":true,"href":"https:\/\/sites.uel.br\/ser\/wp-json\/wp\/v2\/users\/8"}],"replies":[{"embeddable":true,"href":"https:\/\/sites.uel.br\/ser\/wp-json\/wp\/v2\/comments?post=4140"}],"version-history":[{"count":7,"href":"https:\/\/sites.uel.br\/ser\/wp-json\/wp\/v2\/pages\/4140\/revisions"}],"predecessor-version":[{"id":4874,"href":"https:\/\/sites.uel.br\/ser\/wp-json\/wp\/v2\/pages\/4140\/revisions\/4874"}],"wp:attachment":[{"href":"https:\/\/sites.uel.br\/ser\/wp-json\/wp\/v2\/media?parent=4140"}],"curies":[{"name":"wp","href":"https:\/\/api.w.org\/{rel}","templated":true}]}}