{"id":4139,"date":"2023-07-03T11:40:23","date_gmt":"2023-07-03T14:40:23","guid":{"rendered":"https:\/\/sites.uel.br\/ser\/?page_id=4139"},"modified":"2023-07-07T14:32:32","modified_gmt":"2023-07-07T17:32:32","slug":"premio-boas-praticas-na-recepcao-aos-estudantes-ingressantes-premiados-2018-agronomia","status":"publish","type":"page","link":"https:\/\/sites.uel.br\/ser\/premio-boas-praticas-na-recepcao-aos-estudantes-ingressantes-premiados-2018-agronomia\/","title":{"rendered":"Pr\u00eamio Boas Pr\u00e1ticas na Recep\u00e7\u00e3o aos Estudantes Ingressantes"},"content":{"rendered":"\n<hr class=\"wp-block-separator has-alpha-channel-opacity is-style-wide\" \/>\n\n\n\n<h2 class=\"wp-block-heading\">Cursos Inscritos Premiados<\/h2>\n\n\n\n<h2 class=\"wp-block-heading\">2018<\/h2>\n\n\n\n<h2 class=\"wp-block-heading\">Agronomia<\/h2>\n\n\n\n<p><strong>Resumo da A\u00e7\u00e3o:<\/strong><\/p>\n\n\n\n<p>Como parte das atividades da Semana de Recep\u00e7\u00e3o aos ingressantes, novos alunos do curso de Agronomia, do Centro de Ci\u00eancias Agr\u00e1rias (CCA), realizaram o plantio de 72 mudas de esp\u00e9cies nativas, entre elas 20 perobas. O plantio da mudas foi feito na Fazenda Escola, com mudas doadas pelo Instituto Ambiental do Paran\u00e1 (IAP). O mesmo grupo de alunos participou no dia 23 de mar\u00e7o de visita monitorada \u00e0 Fazenda Santa Marta, localizada no Distrito de Irer\u00ea. Segundo a professora In\u00eas Cristina de Batista Fonseca, professora do Departamento de Agronomia, a iniciativa \u00e9 considerada uma atividade s\u00f3cio-ambiental, para preserva\u00e7\u00e3o da mata ciliar do Ribeir\u00e3o Esperan\u00e7a, que passa pela Fazenda Escola. A jovem ingressante Let\u00edcia Mayumi Sumizon elogiou a atividade de recep\u00e7\u00e3o. &#8220;\u00c9 o tipo de a\u00e7\u00e3o que vale a pena que seja promovida sempre&#8221;, afirmou. A doa\u00e7\u00e3o foi realizada pelo Instituto Ambiental do Paran\u00e1 (IAP). De acordo com Leliana Aparecida Casagrande Luiz, coordenadora de Educa\u00e7\u00e3o Ambiental do IAP, a quest\u00e3o ambiental est\u00e1 muito ligada \u00e0 profiss\u00e3o do Agr\u00f4nomo. Para ela, \u00e9 fundamental incentivar a educa\u00e7\u00e3o ambiental entre os jovens. A atividade foi realizada em parceria com o Colegiado do Curso de Agronomia, Centro Acad\u00eamico de Agronomia e Empresa J\u00fanior Consoagro, com apoio do Departamento de Agronomia e da Fazenda Escola.<\/p>\n\n\n\n<figure class=\"wp-block-embed is-type-video is-provider-youtube wp-block-embed-youtube wp-embed-aspect-16-9 wp-has-aspect-ratio\"><div class=\"wp-block-embed__wrapper\">\n<iframe loading=\"lazy\" title=\"Recep\u00e7\u00e3o aos Ingressantes do Curso de Agronomia\" width=\"500\" height=\"281\" src=\"https:\/\/www.youtube.com\/embed\/pdnpZpnR1F0?feature=oembed\" frameborder=\"0\" allow=\"accelerometer; autoplay; clipboard-write; encrypted-media; gyroscope; picture-in-picture; web-share\" referrerpolicy=\"strict-origin-when-cross-origin\" allowfullscreen><\/iframe>\n<\/div><\/figure>\n\n\n\n<div class=\"wp-block-columns is-layout-flex wp-container-core-columns-is-layout-9d6595d7 wp-block-columns-is-layout-flex\">\n<div class=\"wp-block-column is-layout-flow wp-block-column-is-layout-flow\"><div class=\"wp-block-image\">\n<figure class=\"aligncenter size-full\"><a href=\"https:\/\/drive.google.com\/drive\/folders\/1zvpwktpsX2e6y99Zv8TUVwBj21BEAOoJ?usp=drive_link\" target=\"_blank\" rel=\"noreferrer noopener\"><img decoding=\"async\" src=\"https:\/\/sites.uel.br\/feira\/wp-content\/uploads\/2023\/05\/google_drive.png\" alt=\"\" class=\"wp-image-2887\" \/><\/a><\/figure>\n<\/div>\n\n\n<p class=\"has-text-align-center\"><strong>(Galeria de Fotos)<\/strong><\/p>\n\n\n\n<p class=\"has-text-align-center\">Cr\u00e9ditos:<br>Estudantes do Curso de Agronomia<\/p>\n<\/div>\n<\/div>\n","protected":false},"excerpt":{"rendered":"<p>Cursos Inscritos Premiados 2018 Agronomia Resumo da A\u00e7\u00e3o: Como parte das atividades da Semana de Recep\u00e7\u00e3o aos ingressantes, novos alunos do curso de Agronomia, do Centro de Ci\u00eancias Agr\u00e1rias (CCA), realizaram o plantio de 72 mudas de esp\u00e9cies nativas, entre elas 20 perobas. O plantio da mudas foi feito na Fazenda Escola, com mudas doadas [&hellip;]<\/p>\n","protected":false},"author":8,"featured_media":0,"parent":0,"menu_order":0,"comment_status":"closed","ping_status":"closed","template":"","meta":{"_acf_changed":false,"_themeisle_gutenberg_block_has_review":false,"footnotes":""},"class_list":["post-4139","page","type-page","status-publish","hentry"],"acf":[],"_links":{"self":[{"href":"https:\/\/sites.uel.br\/ser\/wp-json\/wp\/v2\/pages\/4139","targetHints":{"allow":["GET"]}}],"collection":[{"href":"https:\/\/sites.uel.br\/ser\/wp-json\/wp\/v2\/pages"}],"about":[{"href":"https:\/\/sites.uel.br\/ser\/wp-json\/wp\/v2\/types\/page"}],"author":[{"embeddable":true,"href":"https:\/\/sites.uel.br\/ser\/wp-json\/wp\/v2\/users\/8"}],"replies":[{"embeddable":true,"href":"https:\/\/sites.uel.br\/ser\/wp-json\/wp\/v2\/comments?post=4139"}],"version-history":[{"count":7,"href":"https:\/\/sites.uel.br\/ser\/wp-json\/wp\/v2\/pages\/4139\/revisions"}],"predecessor-version":[{"id":4873,"href":"https:\/\/sites.uel.br\/ser\/wp-json\/wp\/v2\/pages\/4139\/revisions\/4873"}],"wp:attachment":[{"href":"https:\/\/sites.uel.br\/ser\/wp-json\/wp\/v2\/media?parent=4139"}],"curies":[{"name":"wp","href":"https:\/\/api.w.org\/{rel}","templated":true}]}}