{"id":4115,"date":"2023-06-29T16:50:33","date_gmt":"2023-06-29T19:50:33","guid":{"rendered":"https:\/\/sites.uel.br\/ser\/?page_id=4115"},"modified":"2023-07-07T14:43:42","modified_gmt":"2023-07-07T17:43:42","slug":"premio-boas-praticas-na-recepcao-aos-estudantes-ingressantes-premiados-2014-zootecnia","status":"publish","type":"page","link":"https:\/\/sites.uel.br\/ser\/premio-boas-praticas-na-recepcao-aos-estudantes-ingressantes-premiados-2014-zootecnia\/","title":{"rendered":"Pr\u00eamio Boas Pr\u00e1ticas na Recep\u00e7\u00e3o aos Estudantes Ingressantes"},"content":{"rendered":"\n<hr class=\"wp-block-separator has-alpha-channel-opacity is-style-wide\" \/>\n\n\n\n<h2 class=\"wp-block-heading\">Cursos Inscritos Premiados<\/h2>\n\n\n\n<h2 class=\"wp-block-heading\">2014<\/h2>\n\n\n\n<h2 class=\"wp-block-heading\">Zootecnia<\/h2>\n\n\n\n<p><strong>Resumo da A\u00e7\u00e3o:<\/strong><\/p>\n\n\n\n<p>Arrecada\u00e7\u00e3o de alimentos em supermercados de Londrina para doa\u00e7\u00e3o \u00e0 APSDOWN (Associa\u00e7\u00e3o de pais e amigos de portadores de s\u00edndrome de Down).<\/p>\n","protected":false},"excerpt":{"rendered":"<p>Cursos Inscritos Premiados 2014 Zootecnia Resumo da A\u00e7\u00e3o: Arrecada\u00e7\u00e3o de alimentos em supermercados de Londrina para doa\u00e7\u00e3o \u00e0 APSDOWN (Associa\u00e7\u00e3o de pais e amigos de portadores de s\u00edndrome de Down).<\/p>\n","protected":false},"author":8,"featured_media":0,"parent":0,"menu_order":0,"comment_status":"closed","ping_status":"closed","template":"","meta":{"_acf_changed":false,"_themeisle_gutenberg_block_has_review":false,"footnotes":""},"class_list":["post-4115","page","type-page","status-publish","hentry"],"acf":[],"_links":{"self":[{"href":"https:\/\/sites.uel.br\/ser\/wp-json\/wp\/v2\/pages\/4115","targetHints":{"allow":["GET"]}}],"collection":[{"href":"https:\/\/sites.uel.br\/ser\/wp-json\/wp\/v2\/pages"}],"about":[{"href":"https:\/\/sites.uel.br\/ser\/wp-json\/wp\/v2\/types\/page"}],"author":[{"embeddable":true,"href":"https:\/\/sites.uel.br\/ser\/wp-json\/wp\/v2\/users\/8"}],"replies":[{"embeddable":true,"href":"https:\/\/sites.uel.br\/ser\/wp-json\/wp\/v2\/comments?post=4115"}],"version-history":[{"count":5,"href":"https:\/\/sites.uel.br\/ser\/wp-json\/wp\/v2\/pages\/4115\/revisions"}],"predecessor-version":[{"id":4969,"href":"https:\/\/sites.uel.br\/ser\/wp-json\/wp\/v2\/pages\/4115\/revisions\/4969"}],"wp:attachment":[{"href":"https:\/\/sites.uel.br\/ser\/wp-json\/wp\/v2\/media?parent=4115"}],"curies":[{"name":"wp","href":"https:\/\/api.w.org\/{rel}","templated":true}]}}