{"id":4114,"date":"2023-06-29T16:50:38","date_gmt":"2023-06-29T19:50:38","guid":{"rendered":"https:\/\/sites.uel.br\/ser\/?page_id=4114"},"modified":"2023-07-07T14:36:49","modified_gmt":"2023-07-07T17:36:49","slug":"premio-boas-praticas-na-recepcao-aos-estudantes-ingressantes-premiados-2017-zootecnia","status":"publish","type":"page","link":"https:\/\/sites.uel.br\/ser\/premio-boas-praticas-na-recepcao-aos-estudantes-ingressantes-premiados-2017-zootecnia\/","title":{"rendered":"Pr\u00eamio Boas Pr\u00e1ticas na Recep\u00e7\u00e3o aos Estudantes Ingressantes"},"content":{"rendered":"\n<hr class=\"wp-block-separator has-alpha-channel-opacity is-style-wide\" \/>\n\n\n\n<h2 class=\"wp-block-heading\">Cursos Inscritos Premiados<\/h2>\n\n\n\n<h2 class=\"wp-block-heading\">2017<\/h2>\n\n\n\n<h2 class=\"wp-block-heading\">Zootecnia<\/h2>\n\n\n\n<p><strong>Resumo da A\u00e7\u00e3o:<\/strong><\/p>\n\n\n\n<p>A a\u00e7\u00e3o foi desenvolvida pelo Centro Acad\u00eamico do Curso de Zootecnia, Grupo PET Zootecnia e Empresa J\u00fanior da Zootecnia &#8211; CATECz que consistiu na arrecada\u00e7\u00e3o de produtos de limpeza destinados \u00e0 ONG ADA (Associa\u00e7\u00e3o Defensora dos Animais) de c\u00e3es e gatos. A ONG cuida de cerca de 565 animais entre c\u00e3es e gatos.<\/p>\n\n\n\n<div class=\"wp-block-columns is-layout-flex wp-container-core-columns-is-layout-9d6595d7 wp-block-columns-is-layout-flex\">\n<div class=\"wp-block-column is-layout-flow wp-block-column-is-layout-flow\"><div class=\"wp-block-image\">\n<figure class=\"aligncenter size-full\"><a href=\"https:\/\/drive.google.com\/drive\/folders\/1Td5Sutls-wxt3Yy3o-pJ652eiisgwSE2?usp=drive_link\" target=\"_blank\" rel=\"noreferrer noopener\"><img decoding=\"async\" src=\"https:\/\/sites.uel.br\/feira\/wp-content\/uploads\/2023\/05\/google_drive.png\" alt=\"\" class=\"wp-image-2887\" \/><\/a><\/figure>\n<\/div>\n\n\n<p class=\"has-text-align-center\"><strong>(Galeria de Fotos)<\/strong><\/p>\n\n\n\n<p class=\"has-text-align-center\">Cr\u00e9ditos:<br>Estudantes do Curso de Zootecnia<\/p>\n<\/div>\n<\/div>\n","protected":false},"excerpt":{"rendered":"<p>Cursos Inscritos Premiados 2017 Zootecnia Resumo da A\u00e7\u00e3o: A a\u00e7\u00e3o foi desenvolvida pelo Centro Acad\u00eamico do Curso de Zootecnia, Grupo PET Zootecnia e Empresa J\u00fanior da Zootecnia &#8211; CATECz que consistiu na arrecada\u00e7\u00e3o de produtos de limpeza destinados \u00e0 ONG ADA (Associa\u00e7\u00e3o Defensora dos Animais) de c\u00e3es e gatos. A ONG cuida de cerca de [&hellip;]<\/p>\n","protected":false},"author":8,"featured_media":0,"parent":0,"menu_order":0,"comment_status":"closed","ping_status":"closed","template":"","meta":{"_acf_changed":false,"_themeisle_gutenberg_block_has_review":false,"footnotes":""},"class_list":["post-4114","page","type-page","status-publish","hentry"],"acf":[],"_links":{"self":[{"href":"https:\/\/sites.uel.br\/ser\/wp-json\/wp\/v2\/pages\/4114","targetHints":{"allow":["GET"]}}],"collection":[{"href":"https:\/\/sites.uel.br\/ser\/wp-json\/wp\/v2\/pages"}],"about":[{"href":"https:\/\/sites.uel.br\/ser\/wp-json\/wp\/v2\/types\/page"}],"author":[{"embeddable":true,"href":"https:\/\/sites.uel.br\/ser\/wp-json\/wp\/v2\/users\/8"}],"replies":[{"embeddable":true,"href":"https:\/\/sites.uel.br\/ser\/wp-json\/wp\/v2\/comments?post=4114"}],"version-history":[{"count":6,"href":"https:\/\/sites.uel.br\/ser\/wp-json\/wp\/v2\/pages\/4114\/revisions"}],"predecessor-version":[{"id":4921,"href":"https:\/\/sites.uel.br\/ser\/wp-json\/wp\/v2\/pages\/4114\/revisions\/4921"}],"wp:attachment":[{"href":"https:\/\/sites.uel.br\/ser\/wp-json\/wp\/v2\/media?parent=4114"}],"curies":[{"name":"wp","href":"https:\/\/api.w.org\/{rel}","templated":true}]}}