{"id":4111,"date":"2023-06-29T16:50:40","date_gmt":"2023-06-29T19:50:40","guid":{"rendered":"https:\/\/sites.uel.br\/ser\/?page_id=4111"},"modified":"2023-07-07T14:31:36","modified_gmt":"2023-07-07T17:31:36","slug":"premio-boas-praticas-na-recepcao-aos-estudantes-ingressantes-premiados-2019-zootecnia","status":"publish","type":"page","link":"https:\/\/sites.uel.br\/ser\/premio-boas-praticas-na-recepcao-aos-estudantes-ingressantes-premiados-2019-zootecnia\/","title":{"rendered":"Pr\u00eamio Boas Pr\u00e1ticas na Recep\u00e7\u00e3o aos Estudantes Ingressantes"},"content":{"rendered":"\n<hr class=\"wp-block-separator has-alpha-channel-opacity is-style-wide\" \/>\n\n\n\n<h2 class=\"wp-block-heading\">Cursos Inscritos Premiados<\/h2>\n\n\n\n<h2 class=\"wp-block-heading\">2019<\/h2>\n\n\n\n<h2 class=\"wp-block-heading\">Zootecnia<\/h2>\n\n\n\n<p><strong>Resumo da A\u00e7\u00e3o:<\/strong><\/p>\n\n\n\n<p>Ao longo da nossa semana de recep\u00e7\u00e3o aos ingressantes realizamos juntamente dos cursos de Agronomia e Medicina Veterin\u00e1ria, diversas atividades, tais como, palestras voltadas para a sa\u00fade (\u201cVacina\u00e7\u00e3o Antirr\u00e1bica\u201d) e para a vida acad\u00eamica (\u201cMotiva\u00e7\u00e3o e Responsabilidade\u201d, \u201cResolu\u00e7\u00e3o CEPE 021\/2018 que regulamenta procedimentos acad\u00eamicos. Direitos e deveres dos alunos\u201d e a \u201cPalestra 5S\u201d). Al\u00e9m das palestras, foram realizadas atividades de integra\u00e7\u00e3o como o Caf\u00e9 da Manh\u00e3 oferecido aos calouros, veteranos e discentes e a confec\u00e7\u00e3o de cartazes informativos, atrav\u00e9s da t\u00e9cnica do Silkscreen, que posteriormente foram utilizados no CCA com o intuito de alertar os estudantes sobre a organiza\u00e7\u00e3o do nosso espa\u00e7o. Durante essa semana os ingressantes tiveram tamb\u00e9m a oportunidade de conhecer os grupos de estudos e suas respectivas instala\u00e7\u00f5es na Fazenda Escola. Nessa atividade os alunos ficaram respons\u00e1veis pelas apresenta\u00e7\u00f5es. Os alunos da Zootecnia realizaram tamb\u00e9m uma a\u00e7\u00e3o solid\u00e1ria: a constru\u00e7\u00e3o de uma cerca para uma senhora muito humilde que adota e cuida de cachorros abandonados. Houve tamb\u00e9m, o mutir\u00e3o de limpeza, realizado principalmente no nosso Centro Acad\u00eamico. Os alunos ingressantes realizaram uma visita t\u00e9cnica \u00e0 Est\u00e2ncia Paranapanema, acompanhados da equipe da Empresa J\u00fanior da Zootecnia, a CATEC\u2019z. As entidades acad\u00eamicas da Zootecnia (PET Zootecnia UEL, CATEC\u2019z, Centro Acad\u00eamico de Zootecnia &#8211; UEL e Associa\u00e7\u00e3o Atl\u00e9tica Acad\u00eamica Zootecnia) realizaram uma tarde de integra\u00e7\u00e3o entre ingressantes e veteranos, onde ocorreu o apadrinhamento de calouros, para que estes pudessem se sentir amparados por um aluno mais antigo quando alguma d\u00favida surgisse. Por fim, tivemos uma grande a\u00e7\u00e3o solid\u00e1ria conjunta, envolvendo os tr\u00eas cursos que comp\u00f5em o Centro de Ci\u00eancias Agr\u00e1rias, na qual o objetivo era a arrecada\u00e7\u00e3o de fraldas pedi\u00e1tricas e geri\u00e1tricas, sendo arrecadadas mais de 5.000 fraldas, a serem doadas para lares de idosos e abrigos infantis, sendo escolhidos dentre estes 4 institui\u00e7\u00f5es para serem beneficiadas.<\/p>\n\n\n\n<div class=\"wp-block-columns is-layout-flex wp-container-core-columns-is-layout-9d6595d7 wp-block-columns-is-layout-flex\">\n<div class=\"wp-block-column is-layout-flow wp-block-column-is-layout-flow\"><div class=\"wp-block-image\">\n<figure class=\"aligncenter size-full\"><a href=\"https:\/\/drive.google.com\/drive\/folders\/1AsmHySJXjX8nasLFGwsa8af8kq_NrRQJ?usp=drive_link\" target=\"_blank\" rel=\"noreferrer noopener\"><img decoding=\"async\" src=\"https:\/\/sites.uel.br\/feira\/wp-content\/uploads\/2023\/05\/google_drive.png\" alt=\"\" class=\"wp-image-2887\" \/><\/a><\/figure>\n<\/div>\n\n\n<p class=\"has-text-align-center\"><strong>(Galeria de Fotos)<\/strong><\/p>\n\n\n\n<p class=\"has-text-align-center\">Cr\u00e9ditos:<br>Estudantes do Curso de Zootecnia<\/p>\n<\/div>\n<\/div>\n","protected":false},"excerpt":{"rendered":"<p>Cursos Inscritos Premiados 2019 Zootecnia Resumo da A\u00e7\u00e3o: Ao longo da nossa semana de recep\u00e7\u00e3o aos ingressantes realizamos juntamente dos cursos de Agronomia e Medicina Veterin\u00e1ria, diversas atividades, tais como, palestras voltadas para a sa\u00fade (\u201cVacina\u00e7\u00e3o Antirr\u00e1bica\u201d) e para a vida acad\u00eamica (\u201cMotiva\u00e7\u00e3o e Responsabilidade\u201d, \u201cResolu\u00e7\u00e3o CEPE 021\/2018 que regulamenta procedimentos acad\u00eamicos. Direitos e deveres [&hellip;]<\/p>\n","protected":false},"author":8,"featured_media":0,"parent":0,"menu_order":0,"comment_status":"closed","ping_status":"closed","template":"","meta":{"_acf_changed":false,"_themeisle_gutenberg_block_has_review":false,"footnotes":""},"class_list":["post-4111","page","type-page","status-publish","hentry"],"acf":[],"_links":{"self":[{"href":"https:\/\/sites.uel.br\/ser\/wp-json\/wp\/v2\/pages\/4111","targetHints":{"allow":["GET"]}}],"collection":[{"href":"https:\/\/sites.uel.br\/ser\/wp-json\/wp\/v2\/pages"}],"about":[{"href":"https:\/\/sites.uel.br\/ser\/wp-json\/wp\/v2\/types\/page"}],"author":[{"embeddable":true,"href":"https:\/\/sites.uel.br\/ser\/wp-json\/wp\/v2\/users\/8"}],"replies":[{"embeddable":true,"href":"https:\/\/sites.uel.br\/ser\/wp-json\/wp\/v2\/comments?post=4111"}],"version-history":[{"count":6,"href":"https:\/\/sites.uel.br\/ser\/wp-json\/wp\/v2\/pages\/4111\/revisions"}],"predecessor-version":[{"id":4872,"href":"https:\/\/sites.uel.br\/ser\/wp-json\/wp\/v2\/pages\/4111\/revisions\/4872"}],"wp:attachment":[{"href":"https:\/\/sites.uel.br\/ser\/wp-json\/wp\/v2\/media?parent=4111"}],"curies":[{"name":"wp","href":"https:\/\/api.w.org\/{rel}","templated":true}]}}