{"id":4110,"date":"2023-06-29T16:50:42","date_gmt":"2023-06-29T19:50:42","guid":{"rendered":"https:\/\/sites.uel.br\/ser\/?page_id=4110"},"modified":"2023-07-07T14:29:07","modified_gmt":"2023-07-07T17:29:07","slug":"premio-boas-praticas-na-recepcao-aos-estudantes-ingressantes-premiados-2020-zootecnia","status":"publish","type":"page","link":"https:\/\/sites.uel.br\/ser\/premio-boas-praticas-na-recepcao-aos-estudantes-ingressantes-premiados-2020-zootecnia\/","title":{"rendered":"Pr\u00eamio Boas Pr\u00e1ticas na Recep\u00e7\u00e3o aos Estudantes Ingressantes"},"content":{"rendered":"\n<hr class=\"wp-block-separator has-alpha-channel-opacity is-style-wide\" \/>\n\n\n\n<h2 class=\"wp-block-heading\">Cursos Inscritos Premiados<\/h2>\n\n\n\n<h2 class=\"wp-block-heading\">2020<\/h2>\n\n\n\n<h2 class=\"wp-block-heading\">Zootecnia<\/h2>\n\n\n\n<p><strong>Resumo da A\u00e7\u00e3o:<\/strong><\/p>\n\n\n\n<p>A semana de recep\u00e7\u00e3o dos calouros do curso de Zootecnia teve in\u00edcio no dia 2 de mar\u00e7o de 2020 (Segunda feira) com um encontro com a diretora do CCA, Pr\u00f3-reitoria de gradua\u00e7\u00e3o e apresenta\u00e7\u00e3o dos Chefes de Departamentos, Coordenadores dos Colegiados de Agronomia, Medicina Veterin\u00e1ria e Zootecnia, Diretores do Hospital Veterin\u00e1rio e Fazenda Escola, Docentes e T\u00e9cnicos, seguido por um caf\u00e9 da manh\u00e3 para integra\u00e7\u00e3o entre os alunos. Logo em seguida ocorreu uma palestra de t\u00edtulo \u201cVacina\u00e7\u00e3o antirr\u00e1bica e cuidados com a Dengue\u201d para discuss\u00e3o da import\u00e2ncia dessa vacina para o curso e tamb\u00e9m uma preven\u00e7\u00e3o contra a dengue realizada pela enfermeira Dra. M\u00e1rcia Regina Pizzo de Castro do HC\/DASC. No per\u00edodo da tarde ocorreu um tour pelo CCA onde os ingressantes foram acompanhados pelo Programa de Educa\u00e7\u00e3o Tutorial (PET) do curso de Zootecnia, onde os alunos tamb\u00e9m foram aconselhados a fazerem a confirma\u00e7\u00e3o de matr\u00edcula. Na ter\u00e7a-feira o dia iniciou-se no Anfiteatro da p\u00f3s-gradua\u00e7\u00e3o do CCA com a recep\u00e7\u00e3o dos ingressantes pela Coordenadoria do Curso, assim como uma boas-vindas e a apresenta\u00e7\u00e3o aos ingressantes dos grupos PET, Centro acad\u00eamico do curso de Zootecnia (CAZOO) e a Empresa J\u00fanior de Zootecnia (CATEC\u2019z), onde ocorreu tamb\u00e9m o apadrinhamento dos calouros e a entrega do Manual PET,com informa\u00e7\u00f5es \u00fateis para que eles pudessem iniciar seu caminho na universidade. Houve um caf\u00e9 da manh\u00e3 de integra\u00e7\u00e3o entre os alunos e os grupos j\u00e1 mencionados. No per\u00edodo da tarde houve uma visita \u00e0 Fazenda Escola (FAZESC), para que os alunos pudessem ter esse primeiro contato com a parte pr\u00e1tica do curso, tamb\u00e9m ocorreu nesse dia a apresenta\u00e7\u00e3o dos grupos de Ensino\/Pesquisa do Curso de Zootecnia (CONSERVA, GENAPET, GEPO, GPAC, PES, EQUUS, GEBOL, NEPAG, UNER, UNEFOR, GEMAG, NUTRIR), para que os alunos possam descobrir desde cedo suas afinidades. Na quarta-feira os alunos se reuniram n o anfiteatro maior do CCA para a palestra \u201cA diversidade dentro no meio Universit\u00e1rio\u201d realizada pela prof\u00aa Dra. Simone Moreira de Moura do Departamento de educa\u00e7\u00e3o \u2013 CECA \u2013 UEL, seguido por um caf\u00e9 da manh\u00e3 para os alunos e de um espa\u00e7o para explica\u00e7\u00e3o sobre o PROPE\/SEBEC com a psic\u00f3loga Carla Pagnossim. Na parte da tarde ocorreu a Recep\u00e7\u00e3o Solid\u00e1ria, onde alunas do grupo PET levaram os ingressantes para o asilo Lar das Vovozinhas, para passar um tempo com os idosos, contando hist\u00f3rias e cantando m\u00fasicas. Na quinta-feira os ingressantes participaram de uma palestra intitulada \u201cOportunidade de interc\u00e2mbio na UEL\u201d feita pela Fernanda Torres\/PROGRAD. A tarde houve o dia da dica com tour pelo campus, onde os integrantes do PET tiraram d\u00favidas e forneceram dicas aos ingressantes. Por fim, na sexta-feira (06\/03), os ingressantes participaram das palestras \u201cDo aluno 5S ao Profissional nota 10\u201d realizada pelo consultor Marcos Nic\u00e1cio Fascina, que a tua na FASCINA CONSULTORIA e tamb\u00e9m \u201cComo conviver com os macacos do campus\u201d onde a palestrante foi a profa. Dra. Ana Paula Vidotto Magnoni do CCB \u2013 BAV. No per\u00edodo da tarde ocorreu o fim da gincana de arrecada\u00e7\u00e3o de alimentos proposta pelo CA, CATEC\u00b4z e PET como arrecada\u00e7\u00e3o solid\u00e1ria, com a entrega dos alimentos e depois um lanche para os ingressantes para selar a integra\u00e7\u00e3o com os veteranos. Houve durante esse per\u00edodo uma apresenta\u00e7\u00e3o cultural para animar a todos.<\/p>\n\n\n\n<p>Obs: texto confeccionado pelos estudantes de Gradua\u00e7\u00e3o do curso.<\/p>\n\n\n\n<div class=\"wp-block-columns is-layout-flex wp-container-core-columns-is-layout-9d6595d7 wp-block-columns-is-layout-flex\">\n<div class=\"wp-block-column is-layout-flow wp-block-column-is-layout-flow\"><div class=\"wp-block-image\">\n<figure class=\"aligncenter size-full\"><a href=\"https:\/\/drive.google.com\/drive\/folders\/16rvwU4q8i2yNsWuNSraCPG9Pl3sofLZj?usp=sharing\" target=\"_blank\" rel=\"noreferrer noopener\"><img decoding=\"async\" src=\"https:\/\/sites.uel.br\/feira\/wp-content\/uploads\/2023\/05\/google_drive.png\" alt=\"\" class=\"wp-image-2887\" \/><\/a><\/figure>\n<\/div>\n\n\n<p class=\"has-text-align-center\"><strong>(Galeria de Fotos e V\u00eddeos)<\/strong><\/p>\n\n\n\n<p class=\"has-text-align-center\">Cr\u00e9ditos:<br>Estudantes do Curso de Zootecnia<\/p>\n<\/div>\n<\/div>\n","protected":false},"excerpt":{"rendered":"<p>Cursos Inscritos Premiados 2020 Zootecnia Resumo da A\u00e7\u00e3o: A semana de recep\u00e7\u00e3o dos calouros do curso de Zootecnia teve in\u00edcio no dia 2 de mar\u00e7o de 2020 (Segunda feira) com um encontro com a diretora do CCA, Pr\u00f3-reitoria de gradua\u00e7\u00e3o e apresenta\u00e7\u00e3o dos Chefes de Departamentos, Coordenadores dos Colegiados de Agronomia, Medicina Veterin\u00e1ria e Zootecnia, [&hellip;]<\/p>\n","protected":false},"author":8,"featured_media":0,"parent":0,"menu_order":0,"comment_status":"closed","ping_status":"closed","template":"","meta":{"_acf_changed":false,"_themeisle_gutenberg_block_has_review":false,"footnotes":""},"class_list":["post-4110","page","type-page","status-publish","hentry"],"acf":[],"_links":{"self":[{"href":"https:\/\/sites.uel.br\/ser\/wp-json\/wp\/v2\/pages\/4110","targetHints":{"allow":["GET"]}}],"collection":[{"href":"https:\/\/sites.uel.br\/ser\/wp-json\/wp\/v2\/pages"}],"about":[{"href":"https:\/\/sites.uel.br\/ser\/wp-json\/wp\/v2\/types\/page"}],"author":[{"embeddable":true,"href":"https:\/\/sites.uel.br\/ser\/wp-json\/wp\/v2\/users\/8"}],"replies":[{"embeddable":true,"href":"https:\/\/sites.uel.br\/ser\/wp-json\/wp\/v2\/comments?post=4110"}],"version-history":[{"count":7,"href":"https:\/\/sites.uel.br\/ser\/wp-json\/wp\/v2\/pages\/4110\/revisions"}],"predecessor-version":[{"id":4852,"href":"https:\/\/sites.uel.br\/ser\/wp-json\/wp\/v2\/pages\/4110\/revisions\/4852"}],"wp:attachment":[{"href":"https:\/\/sites.uel.br\/ser\/wp-json\/wp\/v2\/media?parent=4110"}],"curies":[{"name":"wp","href":"https:\/\/api.w.org\/{rel}","templated":true}]}}