{"id":4108,"date":"2023-06-29T16:28:15","date_gmt":"2023-06-29T19:28:15","guid":{"rendered":"https:\/\/sites.uel.br\/ser\/?page_id=4108"},"modified":"2023-07-07T14:31:29","modified_gmt":"2023-07-07T17:31:29","slug":"premio-boas-praticas-na-recepcao-aos-estudantes-ingressantes-premiados-2019-secretariado-executivo","status":"publish","type":"page","link":"https:\/\/sites.uel.br\/ser\/premio-boas-praticas-na-recepcao-aos-estudantes-ingressantes-premiados-2019-secretariado-executivo\/","title":{"rendered":"Pr\u00eamio Boas Pr\u00e1ticas na Recep\u00e7\u00e3o aos Estudantes Ingressantes"},"content":{"rendered":"\n<hr class=\"wp-block-separator has-alpha-channel-opacity is-style-wide\" \/>\n\n\n\n<h2 class=\"wp-block-heading\">Cursos Inscritos Premiados<\/h2>\n\n\n\n<h2 class=\"wp-block-heading\">2019<\/h2>\n\n\n\n<h2 class=\"wp-block-heading\"><strong>Secretariado Executivo<\/strong><\/h2>\n\n\n\n<p><strong>Resumo da A\u00e7\u00e3o:<\/strong><\/p>\n\n\n\n<p>Com o objetivo da integra\u00e7\u00e3o e do incentivo \u00e0s boas pr\u00e1ticas no campus, a recep\u00e7\u00e3o dos alunos ingressantes em 2019 do curso de Secretariado Executivo, est\u00e1 promovendo uma campanha solid\u00e1ria em prol da ONG SOS Vida Animal. O prop\u00f3sito, feito por meio de um desafio de pontos acumulativos entre os calouros, \u00e9 arrecadar doa\u00e7\u00f5es em dinheiro para apadrinhar uma ou mais castra\u00e7\u00f5es dos animais acolhidos pela ONG e tamb\u00e9m estimular os pr\u00f3prios alunos a promoverem a doa\u00e7\u00e3o dos animais atrav\u00e9s das redes sociais.<\/p>\n\n\n\n<div class=\"wp-block-columns is-layout-flex wp-container-core-columns-is-layout-9d6595d7 wp-block-columns-is-layout-flex\">\n<div class=\"wp-block-column is-layout-flow wp-block-column-is-layout-flow\"><div class=\"wp-block-image\">\n<figure class=\"aligncenter size-full\"><a href=\"https:\/\/drive.google.com\/drive\/folders\/1meopcWN_o6Cz3PKJtzlCIvgZTsaH99Dy?usp=drive_link\" target=\"_blank\" rel=\"noreferrer noopener\"><img decoding=\"async\" src=\"https:\/\/sites.uel.br\/feira\/wp-content\/uploads\/2023\/05\/google_drive.png\" alt=\"\" class=\"wp-image-2887\" \/><\/a><\/figure>\n<\/div>\n\n\n<p class=\"has-text-align-center\"><strong>(Galeria de Fotos)<\/strong><\/p>\n\n\n\n<p class=\"has-text-align-center\">Cr\u00e9ditos:<br>Estudantes do Curso de Secretariado Executivo<\/p>\n<\/div>\n<\/div>\n","protected":false},"excerpt":{"rendered":"<p>Cursos Inscritos Premiados 2019 Secretariado Executivo Resumo da A\u00e7\u00e3o: Com o objetivo da integra\u00e7\u00e3o e do incentivo \u00e0s boas pr\u00e1ticas no campus, a recep\u00e7\u00e3o dos alunos ingressantes em 2019 do curso de Secretariado Executivo, est\u00e1 promovendo uma campanha solid\u00e1ria em prol da ONG SOS Vida Animal. O prop\u00f3sito, feito por meio de um desafio de [&hellip;]<\/p>\n","protected":false},"author":8,"featured_media":0,"parent":0,"menu_order":0,"comment_status":"closed","ping_status":"closed","template":"","meta":{"_acf_changed":false,"_themeisle_gutenberg_block_has_review":false,"footnotes":""},"class_list":["post-4108","page","type-page","status-publish","hentry"],"acf":[],"_links":{"self":[{"href":"https:\/\/sites.uel.br\/ser\/wp-json\/wp\/v2\/pages\/4108","targetHints":{"allow":["GET"]}}],"collection":[{"href":"https:\/\/sites.uel.br\/ser\/wp-json\/wp\/v2\/pages"}],"about":[{"href":"https:\/\/sites.uel.br\/ser\/wp-json\/wp\/v2\/types\/page"}],"author":[{"embeddable":true,"href":"https:\/\/sites.uel.br\/ser\/wp-json\/wp\/v2\/users\/8"}],"replies":[{"embeddable":true,"href":"https:\/\/sites.uel.br\/ser\/wp-json\/wp\/v2\/comments?post=4108"}],"version-history":[{"count":6,"href":"https:\/\/sites.uel.br\/ser\/wp-json\/wp\/v2\/pages\/4108\/revisions"}],"predecessor-version":[{"id":4870,"href":"https:\/\/sites.uel.br\/ser\/wp-json\/wp\/v2\/pages\/4108\/revisions\/4870"}],"wp:attachment":[{"href":"https:\/\/sites.uel.br\/ser\/wp-json\/wp\/v2\/media?parent=4108"}],"curies":[{"name":"wp","href":"https:\/\/api.w.org\/{rel}","templated":true}]}}