{"id":4105,"date":"2023-06-29T16:27:26","date_gmt":"2023-06-29T19:27:26","guid":{"rendered":"https:\/\/sites.uel.br\/ser\/?page_id=4105"},"modified":"2023-07-07T14:36:41","modified_gmt":"2023-07-07T17:36:41","slug":"premio-boas-praticas-na-recepcao-aos-estudantes-ingressantes-premiados-2017-relacoes-publicas","status":"publish","type":"page","link":"https:\/\/sites.uel.br\/ser\/premio-boas-praticas-na-recepcao-aos-estudantes-ingressantes-premiados-2017-relacoes-publicas\/","title":{"rendered":"Pr\u00eamio Boas Pr\u00e1ticas na Recep\u00e7\u00e3o aos Estudantes Ingressantes"},"content":{"rendered":"\n<hr class=\"wp-block-separator has-alpha-channel-opacity is-style-wide\" \/>\n\n\n\n<h2 class=\"wp-block-heading\">Cursos Inscritos Premiados<\/h2>\n\n\n\n<h2 class=\"wp-block-heading\">2017<\/h2>\n\n\n\n<h2 class=\"wp-block-heading\"><strong>Rela\u00e7\u00f5es P\u00fablicas<\/strong><\/h2>\n\n\n\n<p><strong>Resumo da A\u00e7\u00e3o:<\/strong><\/p>\n\n\n\n<p>Com a proposta de um trote solid\u00e1rio, foi decidido entre veteranos e calouros arrecadar produtos aliment\u00edcios para doar a um projeto da cidade de Londrina. Um dos projetos lembrados foi a ONG Viver, que ajuda crian\u00e7as e adolescentes diagnosticados com c\u00e2ncer, oferecendo desde caf\u00e9 da manh\u00e3 at\u00e9 hospedagem. Em contato com a ONG foi sugerido arrecadar caixas de leite, produto muito utilizado e por isso sempre necess\u00e1rio para a alimenta\u00e7\u00e3o dos benefici\u00e1rios. Deste modo, foi confeccionada uma caixa de papel\u00e3o e disposta no corredor do hall de Rela\u00e7\u00f5es P\u00fablicas. A caixa ficou dispon\u00edvel durante 2 semanas, havendo participa\u00e7\u00e3o de discentes e docentes. Segundo a caloura do per\u00edodo noturno Mariana Delamura, \u00e9 muito importante a\u00e7\u00f5es que estimulam a participa\u00e7\u00e3o de alunos, fazendo com que haja uma integra\u00e7\u00e3o entre calouros e veteranos. Ap\u00f3s o per\u00edodo de arrecada\u00e7\u00e3o, no dia 15 de maio de 2017, a estagi\u00e1ria do Colegiado de Rela\u00e7\u00f5es P\u00fablicas, Ana J\u00falia Brolio, junto com o aluno do 2\u00ba ano Jo\u00e3o Paulo Ausechi, idealizador do projeto, em visita \u00e0 ONG Viver, entregaram mais de 100 caixas de leite. Ant\u00f4nio Conti, respons\u00e1vel pelo setor administrativo, em carta agradeceu o esfor\u00e7o e a doa\u00e7\u00e3o, ressaltando que \u00e9 esse tipo de colabora\u00e7\u00e3o que mant\u00e9m a ONG.<\/p>\n\n\n\n<figure class=\"wp-block-embed is-type-video is-provider-youtube wp-block-embed-youtube wp-embed-aspect-16-9 wp-has-aspect-ratio\"><div class=\"wp-block-embed__wrapper\">\n<iframe loading=\"lazy\" title=\"Recep\u00e7\u00e3o aos Ingressantes do Curso de Rela\u00e7\u00f5es P\u00fablicas\" width=\"500\" height=\"281\" src=\"https:\/\/www.youtube.com\/embed\/Dk6rFA0m_GA?feature=oembed\" frameborder=\"0\" allow=\"accelerometer; autoplay; clipboard-write; encrypted-media; gyroscope; picture-in-picture; web-share\" referrerpolicy=\"strict-origin-when-cross-origin\" allowfullscreen><\/iframe>\n<\/div><\/figure>\n\n\n\n<div class=\"wp-block-columns is-layout-flex wp-container-core-columns-is-layout-9d6595d7 wp-block-columns-is-layout-flex\">\n<div class=\"wp-block-column is-layout-flow wp-block-column-is-layout-flow\"><div class=\"wp-block-image\">\n<figure class=\"aligncenter size-full\"><a href=\"https:\/\/drive.google.com\/drive\/folders\/1VOpwnRcEMJpuixhSfhHWpjptU9PXkmy-?usp=drive_link\" target=\"_blank\" rel=\"noreferrer noopener\"><img decoding=\"async\" src=\"https:\/\/sites.uel.br\/feira\/wp-content\/uploads\/2023\/05\/google_drive.png\" alt=\"\" class=\"wp-image-2887\" \/><\/a><\/figure>\n<\/div>\n\n\n<p class=\"has-text-align-center\"><strong>(Galeria de Fotos)<\/strong><\/p>\n\n\n\n<p class=\"has-text-align-center\">Cr\u00e9ditos:<br>Estudantes do Curso de Rela\u00e7\u00f5es P\u00fablicas<\/p>\n<\/div>\n<\/div>\n","protected":false},"excerpt":{"rendered":"<p>Cursos Inscritos Premiados 2017 Rela\u00e7\u00f5es P\u00fablicas Resumo da A\u00e7\u00e3o: Com a proposta de um trote solid\u00e1rio, foi decidido entre veteranos e calouros arrecadar produtos aliment\u00edcios para doar a um projeto da cidade de Londrina. Um dos projetos lembrados foi a ONG Viver, que ajuda crian\u00e7as e adolescentes diagnosticados com c\u00e2ncer, oferecendo desde caf\u00e9 da manh\u00e3 [&hellip;]<\/p>\n","protected":false},"author":8,"featured_media":0,"parent":0,"menu_order":0,"comment_status":"closed","ping_status":"closed","template":"","meta":{"_acf_changed":false,"_themeisle_gutenberg_block_has_review":false,"footnotes":""},"class_list":["post-4105","page","type-page","status-publish","hentry"],"acf":[],"_links":{"self":[{"href":"https:\/\/sites.uel.br\/ser\/wp-json\/wp\/v2\/pages\/4105","targetHints":{"allow":["GET"]}}],"collection":[{"href":"https:\/\/sites.uel.br\/ser\/wp-json\/wp\/v2\/pages"}],"about":[{"href":"https:\/\/sites.uel.br\/ser\/wp-json\/wp\/v2\/types\/page"}],"author":[{"embeddable":true,"href":"https:\/\/sites.uel.br\/ser\/wp-json\/wp\/v2\/users\/8"}],"replies":[{"embeddable":true,"href":"https:\/\/sites.uel.br\/ser\/wp-json\/wp\/v2\/comments?post=4105"}],"version-history":[{"count":7,"href":"https:\/\/sites.uel.br\/ser\/wp-json\/wp\/v2\/pages\/4105\/revisions"}],"predecessor-version":[{"id":4919,"href":"https:\/\/sites.uel.br\/ser\/wp-json\/wp\/v2\/pages\/4105\/revisions\/4919"}],"wp:attachment":[{"href":"https:\/\/sites.uel.br\/ser\/wp-json\/wp\/v2\/media?parent=4105"}],"curies":[{"name":"wp","href":"https:\/\/api.w.org\/{rel}","templated":true}]}}