{"id":4101,"date":"2023-06-29T16:26:18","date_gmt":"2023-06-29T19:26:18","guid":{"rendered":"https:\/\/sites.uel.br\/ser\/?page_id=4101"},"modified":"2023-07-07T14:31:21","modified_gmt":"2023-07-07T17:31:21","slug":"premio-boas-praticas-na-recepcao-aos-estudantes-ingressantes-premiados-2019-pedagogia","status":"publish","type":"page","link":"https:\/\/sites.uel.br\/ser\/premio-boas-praticas-na-recepcao-aos-estudantes-ingressantes-premiados-2019-pedagogia\/","title":{"rendered":"Pr\u00eamio Boas Pr\u00e1ticas na Recep\u00e7\u00e3o aos Estudantes Ingressantes"},"content":{"rendered":"\n<hr class=\"wp-block-separator has-alpha-channel-opacity is-style-wide\" \/>\n\n\n\n<h2 class=\"wp-block-heading\">Cursos Inscritos Premiados<\/h2>\n\n\n\n<h2 class=\"wp-block-heading\">2019<\/h2>\n\n\n\n<h2 class=\"wp-block-heading\">Pedagogia<\/h2>\n\n\n\n<p><strong>Resumo da A\u00e7\u00e3o:<\/strong><\/p>\n\n\n\n<p>A Semana de Recep\u00e7\u00e3o dos Estudantes Ingressantes no curso de Pedagogia matutino 2019 foi estruturada em tr\u00eas partes: apresenta\u00e7\u00e3o da Universidade e do curso, integra\u00e7\u00e3o entre calouros e veteranos e o Trote Solid\u00e1rio. A apresenta\u00e7\u00e3o da Universidade e do curso de Pedagogia iniciou-se com a fala da coordenadora do colegiado, Sandra Aparecida Pires Franco, sobre o novo curr\u00edculo e apresenta\u00e7\u00e3o dos professores. Ao longo da semana foi proporcionado diversos momentos em que os ingressantes puderam conhecer os projetos de pesquisa e extens\u00e3o oferecidos pela universidade, e, finalizada, com o tour pelo campus da UEL, a fim de conhecer o espa\u00e7o f\u00edsico. Ao longo da semana, houve momentos de din\u00e2micas entre os alunos, bem como um caf\u00e9 da manh\u00e3 conjuntamente organizado, assim como a apresenta\u00e7\u00e3o da atl\u00e9tica do CECA e o Laborat\u00f3rio dos Anos Iniciais (LAI). Ap\u00f3s a devida apresenta\u00e7\u00e3o do curso, os ingressantes se apresentaram em uma atividade de integra\u00e7\u00e3o promovida pelos veteranos, que tamb\u00e9m confeccionaram um crach\u00e1, a fim de descontrair e acolher cada aluno. Foram realizadas brincadeiras com os alunos, bem como o &#8220;apadrinhamento&#8221;. Em rela\u00e7\u00e3o ao tour pelo campus, os alunos foram levados ao demais centros e constru\u00e7\u00f5es presentes na Universidade e suas depend\u00eancias para conhecer e se familiarizar com o ambiente. Ao longo do trajeto foram cantadas diversas m\u00fasicas de tem\u00e1tica infantil, fazendo-se assim uma refer\u00eancia ao estere\u00f3tipo do curso de Pedagogia. A partir do trote solid\u00e1rio foi feita a arrecada\u00e7\u00e3o de verbas para promover a doa\u00e7\u00e3o de alimentos para o CARV-Central de Apoio e Recupera\u00e7\u00e3o de Vidas, pelas turmas do per\u00edodo matutino. As turmas do per\u00edodo noturno arrecadaram alimentos que foram doados \u00e0 creche Ala\u00edde Fausto, localizada na Vila Nova.<\/p>\n\n\n\n<div class=\"wp-block-columns is-layout-flex wp-container-core-columns-is-layout-9d6595d7 wp-block-columns-is-layout-flex\">\n<div class=\"wp-block-column is-layout-flow wp-block-column-is-layout-flow\"><div class=\"wp-block-image\">\n<figure class=\"aligncenter size-full\"><a href=\"https:\/\/drive.google.com\/drive\/folders\/1j0t96XfxO-1Jlh_M6bDvJqV_7feAVfZ2?usp=drive_link\" target=\"_blank\" rel=\"noreferrer noopener\"><img decoding=\"async\" src=\"https:\/\/sites.uel.br\/feira\/wp-content\/uploads\/2023\/05\/google_drive.png\" alt=\"\" class=\"wp-image-2887\" \/><\/a><\/figure>\n<\/div>\n\n\n<p class=\"has-text-align-center\"><strong>(Galeria de Fotos)<\/strong><\/p>\n\n\n\n<p class=\"has-text-align-center\">Cr\u00e9ditos:<br>Estudantes do Curso de Pedagogia<\/p>\n<\/div>\n<\/div>\n","protected":false},"excerpt":{"rendered":"<p>Cursos Inscritos Premiados 2019 Pedagogia Resumo da A\u00e7\u00e3o: A Semana de Recep\u00e7\u00e3o dos Estudantes Ingressantes no curso de Pedagogia matutino 2019 foi estruturada em tr\u00eas partes: apresenta\u00e7\u00e3o da Universidade e do curso, integra\u00e7\u00e3o entre calouros e veteranos e o Trote Solid\u00e1rio. A apresenta\u00e7\u00e3o da Universidade e do curso de Pedagogia iniciou-se com a fala da [&hellip;]<\/p>\n","protected":false},"author":8,"featured_media":0,"parent":0,"menu_order":0,"comment_status":"closed","ping_status":"closed","template":"","meta":{"_acf_changed":false,"_themeisle_gutenberg_block_has_review":false,"footnotes":""},"class_list":["post-4101","page","type-page","status-publish","hentry"],"acf":[],"_links":{"self":[{"href":"https:\/\/sites.uel.br\/ser\/wp-json\/wp\/v2\/pages\/4101","targetHints":{"allow":["GET"]}}],"collection":[{"href":"https:\/\/sites.uel.br\/ser\/wp-json\/wp\/v2\/pages"}],"about":[{"href":"https:\/\/sites.uel.br\/ser\/wp-json\/wp\/v2\/types\/page"}],"author":[{"embeddable":true,"href":"https:\/\/sites.uel.br\/ser\/wp-json\/wp\/v2\/users\/8"}],"replies":[{"embeddable":true,"href":"https:\/\/sites.uel.br\/ser\/wp-json\/wp\/v2\/comments?post=4101"}],"version-history":[{"count":6,"href":"https:\/\/sites.uel.br\/ser\/wp-json\/wp\/v2\/pages\/4101\/revisions"}],"predecessor-version":[{"id":4868,"href":"https:\/\/sites.uel.br\/ser\/wp-json\/wp\/v2\/pages\/4101\/revisions\/4868"}],"wp:attachment":[{"href":"https:\/\/sites.uel.br\/ser\/wp-json\/wp\/v2\/media?parent=4101"}],"curies":[{"name":"wp","href":"https:\/\/api.w.org\/{rel}","templated":true}]}}