{"id":4099,"date":"2023-06-29T16:26:20","date_gmt":"2023-06-29T19:26:20","guid":{"rendered":"https:\/\/sites.uel.br\/ser\/?page_id=4099"},"modified":"2023-07-10T13:23:29","modified_gmt":"2023-07-10T16:23:29","slug":"premio-boas-praticas-na-recepcao-aos-estudantes-ingressantes-premiados-2016-pedagogia","status":"publish","type":"page","link":"https:\/\/sites.uel.br\/ser\/premio-boas-praticas-na-recepcao-aos-estudantes-ingressantes-premiados-2016-pedagogia\/","title":{"rendered":"Pr\u00eamio Boas Pr\u00e1ticas na Recep\u00e7\u00e3o aos Estudantes Ingressantes"},"content":{"rendered":"\n<hr class=\"wp-block-separator has-alpha-channel-opacity is-style-wide\" \/>\n\n\n\n<h2 class=\"wp-block-heading\">Cursos Inscritos Premiados<\/h2>\n\n\n\n<h2 class=\"wp-block-heading\">2016<\/h2>\n\n\n\n<h2 class=\"wp-block-heading\">Modalidade 1: Temas Livres<\/h2>\n\n\n\n<h2 class=\"wp-block-heading\">Pedagogia<\/h2>\n\n\n\n<p><strong>Resumo da A\u00e7\u00e3o:<\/strong><\/p>\n\n\n\n<p>Na semana de trote foram realizadas as atividades que seguem:<\/p>\n\n\n\n<p>Segunda feira, dia 11\/04 &#8211;<\/p>\n\n\n\n<p>19:15 hs &#8211; Recep\u00e7\u00e3o dos calouros nas salas de aula no CECA<\/p>\n\n\n\n<p>19:45 hs &#8211; Breve apresenta\u00e7\u00e3o do Coordenador e Vice Coordenador do Colegiado do Curso<\/p>\n\n\n\n<p>Apresenta\u00e7\u00f5es dos alunos calouros aos veteranos;<\/p>\n\n\n\n<p>20 hs &#8211; Passeio em pequenos grupos &#8211; Colegiado \/ Secretaria do Depto Edu\/ Secretaria Geral do CECA\/Laborat\u00f3rios do Depto de EDU : Multimeios, Anos Iniciais e Inform\u00e1tica<\/p>\n\n\n\n<p>20:40 hs &#8211; Passeio com alunos pelo Campus: CECA, Cequinha, Bibliotecas, Centros, Prograd;<\/p>\n\n\n\n<p>Brincadeiras orientadas (ca\u00e7a ao tesouro) durante o passeio<\/p>\n\n\n\n<p>In\u00edcio de uma Campanha de arrecada\u00e7\u00e3o solid\u00e1ria para uma institui\u00e7\u00e3o beneficente.<\/p>\n\n\n\n<p>Ter\u00e7a feira, dia 12\/04 &#8211;<\/p>\n\n\n\n<p>19:20 hs &#8211; Palestra com a Professora Lucineia. Tema: O papel do Pedagogo. Local: PDE<\/p>\n\n\n\n<p>20 hs &#8211; Cine-Debate &#8211; Apresenta\u00e7\u00e3o de um Filme e Mesa-Debate ap\u00f3s a Exibi\u00e7\u00e3o.<\/p>\n\n\n\n<p>Quarta feira, dia 13\/04 &#8211;<\/p>\n\n\n\n<p>19:20 hs &#8211; Atividade l\u00fadica entre alunos &#8211; tem\u00e1tica &#8220;Campanha contra Aedes&#8221;.<\/p>\n\n\n\n<p>20:30 Apresenta\u00e7\u00e3o da ASCOF<\/p>\n\n\n\n<p>21:00 hs &#8211; Lanche coletivo e confraterniza\u00e7\u00e3o entre veteranos e calouros.<\/p>\n\n\n\n<p>Quinta feira,dia 14\/04 &#8211;<\/p>\n\n\n\n<p>19:20 hs &#8211; Apresenta\u00e7\u00e3o do Grupo de Extens\u00e3o da UTFPr, Engenharia Ambiental, Tem\u00e1tica<br>&#8220;Educa\u00e7\u00e3o\/Conscientiza\u00e7\u00e3o Ambiental e Sustentabilidade&#8221;.<\/p>\n\n\n\n<p>20 hs &#8211; Ca\u00e7a ao tesouro &#8211; Atividade l\u00fadica para confraterniza\u00e7\u00e3o entre alunos.<\/p>\n\n\n\n<p>Sexta feira, dia 15\/04 &#8211;<\/p>\n\n\n\n<p>19:20 hs &#8211; Gincana no CECA<\/p>\n\n\n\n<p>Em meio a isso t\u00ednhamos uma outra gincana que come\u00e7ou na segunda feira e se estendeu at\u00e9 a sexta feira: a arrecada\u00e7\u00e3o de copos descart\u00e1veis para o hospital do c\u00e2ncer!<\/p>\n\n\n\n<p>Ao final foram arrecadados mais de nove mil copos e a Caloura que trouxe o maior n\u00famero de copos recebeu uma cesta com artigos de papelaria montada pelos veteranos.<\/p>\n\n\n\n<div class=\"wp-block-columns is-layout-flex wp-container-core-columns-is-layout-9d6595d7 wp-block-columns-is-layout-flex\">\n<div class=\"wp-block-column is-layout-flow wp-block-column-is-layout-flow\"><div class=\"wp-block-image\">\n<figure class=\"aligncenter size-full\"><a href=\"https:\/\/drive.google.com\/drive\/folders\/1F73YkZPWhId7ZOJvDlmd40LCJNFGWKtG?usp=drive_link\" target=\"_blank\" rel=\"noreferrer noopener\"><img decoding=\"async\" src=\"https:\/\/sites.uel.br\/feira\/wp-content\/uploads\/2023\/05\/google_drive.png\" alt=\"\" class=\"wp-image-2887\" \/><\/a><\/figure>\n<\/div>\n\n\n<p class=\"has-text-align-center\"><strong>(Galeria de Fotos)<\/strong><\/p>\n\n\n\n<p class=\"has-text-align-center\">Cr\u00e9ditos:<br>Estudantes do Curso de Pedagogia<\/p>\n<\/div>\n<\/div>\n","protected":false},"excerpt":{"rendered":"<p>Cursos Inscritos Premiados 2016 Modalidade 1: Temas Livres Pedagogia Resumo da A\u00e7\u00e3o: Na semana de trote foram realizadas as atividades que seguem: Segunda feira, dia 11\/04 &#8211; 19:15 hs &#8211; Recep\u00e7\u00e3o dos calouros nas salas de aula no CECA 19:45 hs &#8211; Breve apresenta\u00e7\u00e3o do Coordenador e Vice Coordenador do Colegiado do Curso Apresenta\u00e7\u00f5es dos [&hellip;]<\/p>\n","protected":false},"author":8,"featured_media":0,"parent":0,"menu_order":0,"comment_status":"closed","ping_status":"closed","template":"","meta":{"_acf_changed":false,"_themeisle_gutenberg_block_has_review":false,"footnotes":""},"class_list":["post-4099","page","type-page","status-publish","hentry"],"acf":[],"_links":{"self":[{"href":"https:\/\/sites.uel.br\/ser\/wp-json\/wp\/v2\/pages\/4099","targetHints":{"allow":["GET"]}}],"collection":[{"href":"https:\/\/sites.uel.br\/ser\/wp-json\/wp\/v2\/pages"}],"about":[{"href":"https:\/\/sites.uel.br\/ser\/wp-json\/wp\/v2\/types\/page"}],"author":[{"embeddable":true,"href":"https:\/\/sites.uel.br\/ser\/wp-json\/wp\/v2\/users\/8"}],"replies":[{"embeddable":true,"href":"https:\/\/sites.uel.br\/ser\/wp-json\/wp\/v2\/comments?post=4099"}],"version-history":[{"count":7,"href":"https:\/\/sites.uel.br\/ser\/wp-json\/wp\/v2\/pages\/4099\/revisions"}],"predecessor-version":[{"id":4992,"href":"https:\/\/sites.uel.br\/ser\/wp-json\/wp\/v2\/pages\/4099\/revisions\/4992"}],"wp:attachment":[{"href":"https:\/\/sites.uel.br\/ser\/wp-json\/wp\/v2\/media?parent=4099"}],"curies":[{"name":"wp","href":"https:\/\/api.w.org\/{rel}","templated":true}]}}