{"id":4097,"date":"2023-06-29T16:25:12","date_gmt":"2023-06-29T19:25:12","guid":{"rendered":"https:\/\/sites.uel.br\/ser\/?page_id=4097"},"modified":"2023-07-07T14:41:25","modified_gmt":"2023-07-07T17:41:25","slug":"premio-boas-praticas-na-recepcao-aos-estudantes-ingressantes-premiados-2015-odontologia","status":"publish","type":"page","link":"https:\/\/sites.uel.br\/ser\/premio-boas-praticas-na-recepcao-aos-estudantes-ingressantes-premiados-2015-odontologia\/","title":{"rendered":"Pr\u00eamio Boas Pr\u00e1ticas na Recep\u00e7\u00e3o aos Estudantes Ingressantes"},"content":{"rendered":"\n<hr class=\"wp-block-separator has-alpha-channel-opacity is-style-wide\" \/>\n\n\n\n<h2 class=\"wp-block-heading\">Cursos Inscritos Premiados<\/h2>\n\n\n\n<h2 class=\"wp-block-heading\">2015<\/h2>\n\n\n\n<h2 class=\"wp-block-heading\">Odontologia<\/h2>\n\n\n\n<p><strong>Resumo da A\u00e7\u00e3o:<\/strong><\/p>\n\n\n\n<p>Pr\u00e1ticas de escova\u00e7\u00e3o e confraterniza\u00e7\u00e3o com crian\u00e7as e comunidade atendidas pela &#8220;Casa Acolhedora&#8221;; arrecada\u00e7\u00e3o de 85 kits de material escolar para doa\u00e7\u00e3o \u00e0s crian\u00e7as da &#8220;Casa Acolhedora&#8221;.<\/p>\n\n\n\n<div class=\"wp-block-columns is-layout-flex wp-container-core-columns-is-layout-9d6595d7 wp-block-columns-is-layout-flex\">\n<div class=\"wp-block-column is-layout-flow wp-block-column-is-layout-flow\"><div class=\"wp-block-image\">\n<figure class=\"aligncenter size-full\"><a href=\"https:\/\/drive.google.com\/drive\/folders\/17zYsYUHjwUZAML_bTyYS5ur_TU6Jn7n2?usp=drive_link\" target=\"_blank\" rel=\"noreferrer noopener\"><img decoding=\"async\" src=\"https:\/\/sites.uel.br\/feira\/wp-content\/uploads\/2023\/05\/google_drive.png\" alt=\"\" class=\"wp-image-2887\" \/><\/a><\/figure>\n<\/div>\n\n\n<p class=\"has-text-align-center\"><strong>(Galeria de Fotos)<\/strong><\/p>\n\n\n\n<p class=\"has-text-align-center\">Cr\u00e9ditos:<br>Estudantes do Curso de Odontologia<\/p>\n<\/div>\n<\/div>\n","protected":false},"excerpt":{"rendered":"<p>Cursos Inscritos Premiados 2015 Odontologia Resumo da A\u00e7\u00e3o: Pr\u00e1ticas de escova\u00e7\u00e3o e confraterniza\u00e7\u00e3o com crian\u00e7as e comunidade atendidas pela &#8220;Casa Acolhedora&#8221;; arrecada\u00e7\u00e3o de 85 kits de material escolar para doa\u00e7\u00e3o \u00e0s crian\u00e7as da &#8220;Casa Acolhedora&#8221;. (Galeria de Fotos) Cr\u00e9ditos:Estudantes do Curso de Odontologia<\/p>\n","protected":false},"author":8,"featured_media":0,"parent":0,"menu_order":0,"comment_status":"closed","ping_status":"closed","template":"","meta":{"_acf_changed":false,"_themeisle_gutenberg_block_has_review":false,"footnotes":""},"class_list":["post-4097","page","type-page","status-publish","hentry"],"acf":[],"_links":{"self":[{"href":"https:\/\/sites.uel.br\/ser\/wp-json\/wp\/v2\/pages\/4097","targetHints":{"allow":["GET"]}}],"collection":[{"href":"https:\/\/sites.uel.br\/ser\/wp-json\/wp\/v2\/pages"}],"about":[{"href":"https:\/\/sites.uel.br\/ser\/wp-json\/wp\/v2\/types\/page"}],"author":[{"embeddable":true,"href":"https:\/\/sites.uel.br\/ser\/wp-json\/wp\/v2\/users\/8"}],"replies":[{"embeddable":true,"href":"https:\/\/sites.uel.br\/ser\/wp-json\/wp\/v2\/comments?post=4097"}],"version-history":[{"count":6,"href":"https:\/\/sites.uel.br\/ser\/wp-json\/wp\/v2\/pages\/4097\/revisions"}],"predecessor-version":[{"id":4956,"href":"https:\/\/sites.uel.br\/ser\/wp-json\/wp\/v2\/pages\/4097\/revisions\/4956"}],"wp:attachment":[{"href":"https:\/\/sites.uel.br\/ser\/wp-json\/wp\/v2\/media?parent=4097"}],"curies":[{"name":"wp","href":"https:\/\/api.w.org\/{rel}","templated":true}]}}