{"id":4085,"date":"2023-06-29T16:22:30","date_gmt":"2023-06-29T19:22:30","guid":{"rendered":"https:\/\/sites.uel.br\/ser\/?page_id=4085"},"modified":"2023-07-07T14:31:07","modified_gmt":"2023-07-07T17:31:07","slug":"premio-boas-praticas-na-recepcao-aos-estudantes-ingressantes-premiados-2019-medicina","status":"publish","type":"page","link":"https:\/\/sites.uel.br\/ser\/premio-boas-praticas-na-recepcao-aos-estudantes-ingressantes-premiados-2019-medicina\/","title":{"rendered":"Pr\u00eamio Boas Pr\u00e1ticas na Recep\u00e7\u00e3o aos Estudantes Ingressantes"},"content":{"rendered":"\n<hr class=\"wp-block-separator has-alpha-channel-opacity is-style-wide\" \/>\n\n\n\n<h2 class=\"wp-block-heading\">Cursos Inscritos Premiados<\/h2>\n\n\n\n<h2 class=\"wp-block-heading\">2019<\/h2>\n\n\n\n<h2 class=\"wp-block-heading\">Medicina<\/h2>\n\n\n\n<p><strong>Resumo da A\u00e7\u00e3o:<\/strong><\/p>\n\n\n\n<p>BATUCADA DE RECEP\u00c7\u00c3O: BATERIA LARANJA MEC\u00c2NICA. No dia 25\/02\/2019 pela manh\u00e3, primeiro dia do curso dos ingressantes, a bateria Laranja Mec\u00e2nica, formada por alunos (veteranos) membros da Associa\u00e7\u00e3o Atl\u00e9tica Acad\u00eamica Francisco Gregori (AAAFG), do curso de Medicina da UEL, fizeram uma apresenta\u00e7\u00e3o na cerim\u00f4nia de recep\u00e7\u00e3o a todos os ingressantes dos cursos da \u00e1rea da sa\u00fade, no Anfiteatro do CCS\/UEL. LAN\u00c7AMENTO DO MASCOTE OFICIAL DA MEDICINA\/UEL. No dia 25\/02\/2019 pela manh\u00e3, ainda durante a recep\u00e7\u00e3o geral aos ingressantes do CCS, a coordenadora do Colegiado do Curso de Medicina da UEL, Profa. Dra. Ligia Martin, fez o lan\u00e7amento do mascote oficial do curso: o quati de pel\u00facia \u201cTchuco\u201d. O quati foi escolhido como animal s\u00edmbolo por existirem v\u00e1rias fam\u00edlias de quatis selvagens vivendo no terreno do Hospital Universit\u00e1rio (HU\/UEL), no fundo de vale pr\u00f3ximo ao estacionamento do hospital. O quati est\u00e1 sendo comercializado por iniciativa da Dra. L\u00edgia e do Comit\u00ea UEL da Federa\u00e7\u00e3o Internacional de Estudantes de Medicina (IFMSA). Parte da renda arrecadada com a venda dos quatis ser\u00e1 revertida em aux\u00edlio \u00e0 Casa de Apoio da Associa\u00e7\u00e3o dos Volunt\u00e1rios do HU, que d\u00e1 abrigo a familiares de pacientes internados no HU que n\u00e3o t\u00eam condi\u00e7\u00e3o de se manter na cidade por conta pr\u00f3pria. CERIM\u00d4NIA DO JALECO BRANCO. No dia 25\/02\/2019 \u00e0 noite, no Anfiteatro Cyro Grossi\/CCB, foi realizada a Cerim\u00f4nia do Jaleco, promovida pelo Comit\u00ea UEL da Federa\u00e7\u00e3o Internacional de Estudantes de Medicina (IFMSA) com o apoio do Colegiado do Curso de Medicina. O evento serve para marcar o ingresso dos novos alunos na comunidade do Curso de Medicina da UEL, atrav\u00e9s da entrega simb\u00f3lica de um jaleco branco aos ingressantes. A entrega foi feita por professores do curso de Medicina juntamente com familiares e amigos dos ingressantes. Foi um evento muito emocionante, que contou com belos discursos da Pr\u00f3-Reitora de Gradua\u00e7\u00e3o da UEL, Profa. Marta Favaro, da coordenadora do Colegiado de Medicina, Profa. Ligia Martin, do m\u00e9dico geriatra e docente Prof. Marcos Cabrera, e da coordenadora do Comit\u00ea UEL da IFMSA, a aluna de Medicina Amanda Vieira. Na ocasi\u00e3o, j\u00e1 foi posto \u00e0 venda o mascote \u201cTchuco\u201d. DOA\u00c7\u00c3O DE SANGUE E CIDADANIA. Os ingressantes assistiram no dia 27\/02\/2019 pela manh\u00e3 a uma palestra sobre \u201cDoa\u00e7\u00e3o de Sangue e Cidadania\u201d, ministrada pelo Dr. Fausto Trigo, m\u00e9dico hematologista, docente da UEL e diretor t\u00e9cnico do Hemocentro Regional de Londrina. Na palestra, o Dr. Fausto falou sobre a import\u00e2ncia da doa\u00e7\u00e3o de sangue, o ciclo do sangue, crit\u00e9rios para doa\u00e7\u00e3o de sangue e uso racional de hemocomponentes. Mais tarde, no dia 20\/03\/2019 \u00e0 tarde, os ingressantes levaram esse conhecimento at\u00e9 a popula\u00e7\u00e3o, atrav\u00e9s de uma campanha de conscientiza\u00e7\u00e3o sobre a doa\u00e7\u00e3o de sangue. Nessa campanha, realizada no Cal\u00e7ad\u00e3o de Londrina, os ingressantes e alguns veteranos abordaram pessoalmente centenas de pessoas no centro da cidade para explicar sobre a import\u00e2ncia de ser doador de sangue, os crit\u00e9rios para doa\u00e7\u00e3o segura e demais orienta\u00e7\u00f5es sobre a doa\u00e7\u00e3o de sangue, inclusive convidando os transeuntes interessados a fazer sua doa\u00e7\u00e3o ao Hemocentro Regional de Londrina, um \u00f3rg\u00e3o suplementar do Hospital Universit\u00e1rio da UEL. A campanha foi organizada pela Comiss\u00e3o Permanente de Sa\u00fade P\u00fablica (SCOPH) do Comit\u00ea UEL da Federa\u00e7\u00e3o Internacional de Estudantes de Medicina (IFMSA). Foi um \u00f3timo momento para os ingressantes come\u00e7arem a sentir-se como parte do sistema de sa\u00fade local e para colaborarem em a\u00e7\u00f5es de promo\u00e7\u00e3o de sa\u00fade desde o in\u00edcio do curso. Link para mat\u00e9ria no site da UEL: (<a rel=\"noreferrer noopener\" href=\"http:\/\/www.uel.br\/com\/agenciaueldenoticias\/index.php?arq=ARQ_not&amp;id=28126\" target=\"_blank\">clique aqui<\/a>) AULA INAUGURAL: \u201cSER M\u00c9DICO NOS DIAS ATUAIS\u201d. No dia 28\/02\/2019 pela manh\u00e3, os ingressantes e professores convidados assistiram \u00e0 palestra \u201cSer M\u00e9dico nos Dias Atuais\u201d, ministrada no Anfiteatro do CCS pelo professor aposentado e ex-reitor da UEL, Dr. Pedro Alejandro Gordan. O professor Pedro deu muitos conselhos aos jovens estudantes sobre o curso, a profiss\u00e3o m\u00e9dica e a vida em geral, que foram muito bem recebidos pelos alunos. VISITA AO MUSEU DE ANATOMIA, LABORAT\u00d3RIO DE ANATOMIA E CAMPUS. Os ingressantes fizeram uma visita, no dia 08\/03\/2019, pela manh\u00e3, ao Museu de Anatomia Professor Carlos da Costa Branco e ao laborat\u00f3rio de Anatomia Humana, no CCB\/UEL, supervisionada pelos professores do Departamento de Anatomia, C\u00e9lia Fornaziero e Eduardo Vignoto Fernandes. Durante a visita, conheceram um pouco da hist\u00f3ria do curso de Medicina da UEL e do Museu de Anatomia, e tamb\u00e9m receberam orienta\u00e7\u00f5es importantes sobre o cuidado com os cad\u00e1veres dispon\u00edveis para ensino de Anatomia. Em seguida, os ingressantes encontraram seus veteranos para um \u201ctour\u201d pelo Campus da Universidade Estadual de Londrina. CURSO DE RESSUSCITA\u00c7\u00c3O CARDIOPULMONAR. Os ingressantes participaram, no dia 16\/03\/2019, pela manh\u00e3, de um treinamento pr\u00e1tico sobre t\u00e9cnicas b\u00e1sicas de ressuscita\u00e7\u00e3o cardiopulmonar (curso de Suporte B\u00e1sico de Vida), no CCS\/UEL. Todos os alunos foram capacitados para reconhecer uma parada cardiorrespirat\u00f3ria (PCR) e para tomar as primeiras medidas nessa situa\u00e7\u00e3o grave (massagem card\u00edaca externa, ventila\u00e7\u00e3o artificial, uso do desfibrilador externo autom\u00e1tico). Esse curso \u00e9 de extrema import\u00e2ncia, pois a mortalidade de pacientes que sofrem uma PCR em ambiente extra-hospitalar \u00e9 alt\u00edssima, mas pode ser atenuada com o atendimento r\u00e1pido e eficiente. Dessa forma, os alunos estar\u00e3o aptos a prestar o primeiro socorro, e inclusive a treinar pessoas do seu c\u00edrculo familiar para tamb\u00e9m prestarem esse atendimento inicial. O curso foi ministrado pelo professor Dr. Leandro Diehl, vice-coordenador do Colegiado de Medicina, e pelo Dr. Vinicius Beleze, residente de Cardiologia no HU\/UEL, com a organiza\u00e7\u00e3o e a colabora\u00e7\u00e3o de veteranos membros da Liga Acad\u00eamica de Cardiologia (Lacard), que tamb\u00e9m foram capacitados no dia 14\/03\/2019 para atuar como monitores no curso. PROJETO 4LIFE: ENSINANDO A SALVAR. Os ingressantes foram convidados a participar do Projeto 4Life: Ensinando a Salvar, uma iniciativa da Liga Acad\u00eamica do Trauma (LAT) e do Comit\u00ea UEL da Federa\u00e7\u00e3o Internacional de Estudantes de Medicina (IFMSA), com o apoio do SAMU e do Shopping Boulevard. Nesse projeto, os ingressantes ser\u00e3o capacitados para fazer aferi\u00e7\u00e3o da press\u00e3o arterial (PA), no dia 22\/03\/2019 \u00e0 noite, e para realizar manobras para reverter asfixia causada pela aspira\u00e7\u00e3o de corpo estranho (engasgo) em crian\u00e7as e adultos (manobra de Heimlich), no dia 29\/03\/2019 \u00e0 noite. Ap\u00f3s a capacita\u00e7\u00e3o, os ingressantes, juntamente com os veteranos membros da LAT e da IFMSA, far\u00e3o uma campanha de conscientiza\u00e7\u00e3o \u00e0 popula\u00e7\u00e3o, no Shopping Boulevard, no dia 30\/03\/2019. Nessa campanha, eles far\u00e3o a aferi\u00e7\u00e3o da PA e o treinamento do p\u00fablico interessado para realiza\u00e7\u00e3o da manobra de Heimlich, uma maneira efetiva para reduzir o risco de morte por aspira\u00e7\u00e3o.<\/p>\n\n\n\n<div class=\"wp-block-columns is-layout-flex wp-container-core-columns-is-layout-9d6595d7 wp-block-columns-is-layout-flex\">\n<div class=\"wp-block-column is-layout-flow wp-block-column-is-layout-flow\"><div class=\"wp-block-image\">\n<figure class=\"aligncenter size-full\"><a href=\"https:\/\/drive.google.com\/drive\/folders\/1aQxelN3UGVHmzSYyRTUg1JD6zW31tb5U?usp=drive_link\" target=\"_blank\" rel=\"noreferrer noopener\"><img decoding=\"async\" src=\"https:\/\/sites.uel.br\/feira\/wp-content\/uploads\/2023\/05\/google_drive.png\" alt=\"\" class=\"wp-image-2887\" \/><\/a><\/figure>\n<\/div>\n\n\n<p class=\"has-text-align-center\"><strong>(Galeria de Fotos &#8211; <strong>4Life<\/strong>)<\/strong><\/p>\n\n\n\n<p class=\"has-text-align-center\">Cr\u00e9ditos:<br>Estudantes do Curso de Medicina<\/p>\n<\/div>\n<\/div>\n\n\n\n<div class=\"wp-block-columns is-layout-flex wp-container-core-columns-is-layout-9d6595d7 wp-block-columns-is-layout-flex\">\n<div class=\"wp-block-column is-layout-flow wp-block-column-is-layout-flow\"><div class=\"wp-block-image\">\n<figure class=\"aligncenter size-full\"><a href=\"https:\/\/drive.google.com\/drive\/folders\/1Tr48AZwzgw4VCZq7voi8RSHtrkjQnGXP?usp=drive_link\" target=\"_blank\" rel=\"noreferrer noopener\"><img decoding=\"async\" src=\"https:\/\/sites.uel.br\/feira\/wp-content\/uploads\/2023\/05\/google_drive.png\" alt=\"\" class=\"wp-image-2887\" \/><\/a><\/figure>\n<\/div>\n\n\n<p class=\"has-text-align-center\"><strong>(Galeria de Fotos &#8211; <strong>Bateria Laranja Mec\u00e2nica<\/strong>)<\/strong><\/p>\n\n\n\n<p class=\"has-text-align-center\">Cr\u00e9ditos:<br>Estudantes do Curso de Medicina<\/p>\n<\/div>\n<\/div>\n\n\n\n<div class=\"wp-block-columns is-layout-flex wp-container-core-columns-is-layout-9d6595d7 wp-block-columns-is-layout-flex\">\n<div class=\"wp-block-column is-layout-flow wp-block-column-is-layout-flow\"><div class=\"wp-block-image\">\n<figure class=\"aligncenter size-full\"><a href=\"https:\/\/drive.google.com\/drive\/folders\/1RDo01T_zN8CA7tfbouG0eZ95s7NbJYgf?usp=drive_link\" target=\"_blank\" rel=\"noreferrer noopener\"><img decoding=\"async\" src=\"https:\/\/sites.uel.br\/feira\/wp-content\/uploads\/2023\/05\/google_drive.png\" alt=\"\" class=\"wp-image-2887\" \/><\/a><\/figure>\n<\/div>\n\n\n<p class=\"has-text-align-center\"><strong>(Galeria de Fotos &#8211; <strong>Cerim\u00f4nia do Jaleco<\/strong>)<\/strong><\/p>\n\n\n\n<p class=\"has-text-align-center\">Cr\u00e9ditos:<br>Estudantes do Curso de Medicina<\/p>\n<\/div>\n<\/div>\n\n\n\n<div class=\"wp-block-columns is-layout-flex wp-container-core-columns-is-layout-9d6595d7 wp-block-columns-is-layout-flex\">\n<div class=\"wp-block-column is-layout-flow wp-block-column-is-layout-flow\"><div class=\"wp-block-image\">\n<figure class=\"aligncenter size-full\"><a href=\"https:\/\/drive.google.com\/drive\/folders\/1V4s9-VReXZpLqFbPsTC6zXf9PWkrPGUb?usp=drive_link\" target=\"_blank\" rel=\"noreferrer noopener\"><img decoding=\"async\" src=\"https:\/\/sites.uel.br\/feira\/wp-content\/uploads\/2023\/05\/google_drive.png\" alt=\"\" class=\"wp-image-2887\" \/><\/a><\/figure>\n<\/div>\n\n\n<p class=\"has-text-align-center\"><strong>(Galeria de Fotos &#8211; <strong>Doa\u00e7\u00e3o de Sangue<\/strong>)<\/strong><\/p>\n\n\n\n<p class=\"has-text-align-center\">Cr\u00e9ditos:<br>Estudantes do Curso de Medicina<\/p>\n<\/div>\n<\/div>\n\n\n\n<div class=\"wp-block-columns is-layout-flex wp-container-core-columns-is-layout-9d6595d7 wp-block-columns-is-layout-flex\">\n<div class=\"wp-block-column is-layout-flow wp-block-column-is-layout-flow\"><div class=\"wp-block-image\">\n<figure class=\"aligncenter size-full\"><a href=\"https:\/\/drive.google.com\/drive\/folders\/1n4QPnAs2qwwBXx9nvo4XzL3i47Y2F6e5?usp=drive_link\" target=\"_blank\" rel=\"noreferrer noopener\"><img decoding=\"async\" src=\"https:\/\/sites.uel.br\/feira\/wp-content\/uploads\/2023\/05\/google_drive.png\" alt=\"\" class=\"wp-image-2887\" \/><\/a><\/figure>\n<\/div>\n\n\n<p class=\"has-text-align-center\"><strong>(Galeria de Fotos &#8211; <strong>Mascote da Medicina UEL<\/strong>)<\/strong><\/p>\n\n\n\n<p class=\"has-text-align-center\">Cr\u00e9ditos:<br>Estudantes do Curso de Medicina<\/p>\n<\/div>\n<\/div>\n\n\n\n<div class=\"wp-block-columns is-layout-flex wp-container-core-columns-is-layout-9d6595d7 wp-block-columns-is-layout-flex\">\n<div class=\"wp-block-column is-layout-flow wp-block-column-is-layout-flow\"><div class=\"wp-block-image\">\n<figure class=\"aligncenter size-full\"><a href=\"https:\/\/drive.google.com\/drive\/folders\/1P8dQDS03gApDuCh4lTATR7LoyaRHqly7?usp=drive_link\" target=\"_blank\" rel=\"noreferrer noopener\"><img decoding=\"async\" src=\"https:\/\/sites.uel.br\/feira\/wp-content\/uploads\/2023\/05\/google_drive.png\" alt=\"\" class=\"wp-image-2887\" \/><\/a><\/figure>\n<\/div>\n\n\n<p class=\"has-text-align-center\"><strong>(Galeria de Fotos &#8211; <strong>Ressuscita\u00e7\u00e3o Cardiopulmonar &#8211; Curso<\/strong>)<\/strong><\/p>\n\n\n\n<p class=\"has-text-align-center\">Cr\u00e9ditos:<br>Estudantes do Curso de Medicina<\/p>\n<\/div>\n<\/div>\n\n\n\n<div class=\"wp-block-columns is-layout-flex wp-container-core-columns-is-layout-9d6595d7 wp-block-columns-is-layout-flex\">\n<div class=\"wp-block-column is-layout-flow wp-block-column-is-layout-flow\"><div class=\"wp-block-image\">\n<figure class=\"aligncenter size-full\"><a href=\"https:\/\/drive.google.com\/drive\/folders\/1ieDvbGPIYcOUSOqYTwrzhBXHTBihZFME?usp=drive_link\" target=\"_blank\" rel=\"noreferrer noopener\"><img decoding=\"async\" src=\"https:\/\/sites.uel.br\/feira\/wp-content\/uploads\/2023\/05\/google_drive.png\" alt=\"\" class=\"wp-image-2887\" \/><\/a><\/figure>\n<\/div>\n\n\n<p class=\"has-text-align-center\"><strong>(Galeria de Fotos &#8211; <strong>Ressuscita\u00e7\u00e3o Cardiopulmonar &#8211; Treinamento Monitores<\/strong>)<\/strong><\/p>\n\n\n\n<p class=\"has-text-align-center\">Cr\u00e9ditos:<br>Estudantes do Curso de Medicina<\/p>\n<\/div>\n<\/div>\n","protected":false},"excerpt":{"rendered":"<p>Cursos Inscritos Premiados 2019 Medicina Resumo da A\u00e7\u00e3o: BATUCADA DE RECEP\u00c7\u00c3O: BATERIA LARANJA MEC\u00c2NICA. No dia 25\/02\/2019 pela manh\u00e3, primeiro dia do curso dos ingressantes, a bateria Laranja Mec\u00e2nica, formada por alunos (veteranos) membros da Associa\u00e7\u00e3o Atl\u00e9tica Acad\u00eamica Francisco Gregori (AAAFG), do curso de Medicina da UEL, fizeram uma apresenta\u00e7\u00e3o na cerim\u00f4nia de recep\u00e7\u00e3o a [&hellip;]<\/p>\n","protected":false},"author":8,"featured_media":0,"parent":0,"menu_order":0,"comment_status":"closed","ping_status":"closed","template":"","meta":{"_acf_changed":false,"_themeisle_gutenberg_block_has_review":false,"footnotes":""},"class_list":["post-4085","page","type-page","status-publish","hentry"],"acf":[],"_links":{"self":[{"href":"https:\/\/sites.uel.br\/ser\/wp-json\/wp\/v2\/pages\/4085","targetHints":{"allow":["GET"]}}],"collection":[{"href":"https:\/\/sites.uel.br\/ser\/wp-json\/wp\/v2\/pages"}],"about":[{"href":"https:\/\/sites.uel.br\/ser\/wp-json\/wp\/v2\/types\/page"}],"author":[{"embeddable":true,"href":"https:\/\/sites.uel.br\/ser\/wp-json\/wp\/v2\/users\/8"}],"replies":[{"embeddable":true,"href":"https:\/\/sites.uel.br\/ser\/wp-json\/wp\/v2\/comments?post=4085"}],"version-history":[{"count":6,"href":"https:\/\/sites.uel.br\/ser\/wp-json\/wp\/v2\/pages\/4085\/revisions"}],"predecessor-version":[{"id":4864,"href":"https:\/\/sites.uel.br\/ser\/wp-json\/wp\/v2\/pages\/4085\/revisions\/4864"}],"wp:attachment":[{"href":"https:\/\/sites.uel.br\/ser\/wp-json\/wp\/v2\/media?parent=4085"}],"curies":[{"name":"wp","href":"https:\/\/api.w.org\/{rel}","templated":true}]}}