{"id":4084,"date":"2023-06-29T16:22:32","date_gmt":"2023-06-29T19:22:32","guid":{"rendered":"https:\/\/sites.uel.br\/ser\/?page_id=4084"},"modified":"2023-07-07T14:36:34","modified_gmt":"2023-07-07T17:36:34","slug":"premio-boas-praticas-na-recepcao-aos-estudantes-ingressantes-premiados-2017-medicina","status":"publish","type":"page","link":"https:\/\/sites.uel.br\/ser\/premio-boas-praticas-na-recepcao-aos-estudantes-ingressantes-premiados-2017-medicina\/","title":{"rendered":"Pr\u00eamio Boas Pr\u00e1ticas na Recep\u00e7\u00e3o aos Estudantes Ingressantes"},"content":{"rendered":"\n<hr class=\"wp-block-separator has-alpha-channel-opacity is-style-wide\" \/>\n\n\n\n<h2 class=\"wp-block-heading\">Cursos Inscritos Premiados<\/h2>\n\n\n\n<h2 class=\"wp-block-heading\">2017<\/h2>\n\n\n\n<h2 class=\"wp-block-heading\">Medicina<\/h2>\n\n\n\n<p><strong>Resumo da A\u00e7\u00e3o:<\/strong><\/p>\n\n\n\n<p>Na semana de recep\u00e7\u00e3o dos ingressantes de medicina foi realizada uma capacita\u00e7\u00e3o com o diretor do Hemocentro, Dr. Fausto Trigo, de Londrina, o qual nos passou informa\u00e7\u00f5es sobre a doa\u00e7\u00e3o de sangue (quem pode doar, como doar, frequ\u00eancia&#8230;). Depois fomos \u00e0 campo e aproximadamente 80 pessoas participaram da campanha, envolvendo calouros, veteranos e sociedade civil. Uma barraca foi montada no cal\u00e7ad\u00e3o, camisetas com o logo &#8220;doe sangue&#8221; foram distribu\u00eddas aos participantes do evento e foram feitas diversas abordagens e panfletagens ao p\u00fablico alvo. O objetivo era conscientizar a popula\u00e7\u00e3o sobre a import\u00e2ncia de ser um doador regular de sangue, convidar as pessoas a doarem sangue, al\u00e9m de demonstrar que uma atitude, aparentemente pequena, tem um impacto gigantesco, capaz de salvar vidas.<\/p>\n\n\n\n<figure class=\"wp-block-embed is-type-video is-provider-youtube wp-block-embed-youtube wp-embed-aspect-16-9 wp-has-aspect-ratio\"><div class=\"wp-block-embed__wrapper\">\n<iframe loading=\"lazy\" title=\"Recep\u00e7\u00e3o aos Ingressantes do Curso de Medicina\" width=\"500\" height=\"281\" src=\"https:\/\/www.youtube.com\/embed\/IfefGQrrGdY?feature=oembed\" frameborder=\"0\" allow=\"accelerometer; autoplay; clipboard-write; encrypted-media; gyroscope; picture-in-picture; web-share\" referrerpolicy=\"strict-origin-when-cross-origin\" allowfullscreen><\/iframe>\n<\/div><\/figure>\n\n\n\n<div class=\"wp-block-columns is-layout-flex wp-container-core-columns-is-layout-9d6595d7 wp-block-columns-is-layout-flex\">\n<div class=\"wp-block-column is-layout-flow wp-block-column-is-layout-flow\"><div class=\"wp-block-image\">\n<figure class=\"aligncenter size-full\"><a href=\"https:\/\/drive.google.com\/drive\/folders\/1Q48bTQSWjZiXvGaNksOQAa3JSpi9a9yl?usp=drive_link\" target=\"_blank\" rel=\"noreferrer noopener\"><img decoding=\"async\" src=\"https:\/\/sites.uel.br\/feira\/wp-content\/uploads\/2023\/05\/google_drive.png\" alt=\"\" class=\"wp-image-2887\" \/><\/a><\/figure>\n<\/div>\n\n\n<p class=\"has-text-align-center\"><strong>(Galeria de Fotos)<\/strong><\/p>\n\n\n\n<p class=\"has-text-align-center\">Cr\u00e9ditos:<br>Estudantes do Curso de Medicina<\/p>\n<\/div>\n<\/div>\n","protected":false},"excerpt":{"rendered":"<p>Cursos Inscritos Premiados 2017 Medicina Resumo da A\u00e7\u00e3o: Na semana de recep\u00e7\u00e3o dos ingressantes de medicina foi realizada uma capacita\u00e7\u00e3o com o diretor do Hemocentro, Dr. Fausto Trigo, de Londrina, o qual nos passou informa\u00e7\u00f5es sobre a doa\u00e7\u00e3o de sangue (quem pode doar, como doar, frequ\u00eancia&#8230;). Depois fomos \u00e0 campo e aproximadamente 80 pessoas participaram [&hellip;]<\/p>\n","protected":false},"author":8,"featured_media":0,"parent":0,"menu_order":0,"comment_status":"closed","ping_status":"closed","template":"","meta":{"_acf_changed":false,"_themeisle_gutenberg_block_has_review":false,"footnotes":""},"class_list":["post-4084","page","type-page","status-publish","hentry"],"acf":[],"_links":{"self":[{"href":"https:\/\/sites.uel.br\/ser\/wp-json\/wp\/v2\/pages\/4084","targetHints":{"allow":["GET"]}}],"collection":[{"href":"https:\/\/sites.uel.br\/ser\/wp-json\/wp\/v2\/pages"}],"about":[{"href":"https:\/\/sites.uel.br\/ser\/wp-json\/wp\/v2\/types\/page"}],"author":[{"embeddable":true,"href":"https:\/\/sites.uel.br\/ser\/wp-json\/wp\/v2\/users\/8"}],"replies":[{"embeddable":true,"href":"https:\/\/sites.uel.br\/ser\/wp-json\/wp\/v2\/comments?post=4084"}],"version-history":[{"count":7,"href":"https:\/\/sites.uel.br\/ser\/wp-json\/wp\/v2\/pages\/4084\/revisions"}],"predecessor-version":[{"id":4917,"href":"https:\/\/sites.uel.br\/ser\/wp-json\/wp\/v2\/pages\/4084\/revisions\/4917"}],"wp:attachment":[{"href":"https:\/\/sites.uel.br\/ser\/wp-json\/wp\/v2\/media?parent=4084"}],"curies":[{"name":"wp","href":"https:\/\/api.w.org\/{rel}","templated":true}]}}