{"id":4083,"date":"2023-06-29T16:22:34","date_gmt":"2023-06-29T19:22:34","guid":{"rendered":"https:\/\/sites.uel.br\/ser\/?page_id=4083"},"modified":"2023-07-07T14:43:27","modified_gmt":"2023-07-07T17:43:27","slug":"premio-boas-praticas-na-recepcao-aos-estudantes-ingressantes-premiados-2014-medicina","status":"publish","type":"page","link":"https:\/\/sites.uel.br\/ser\/premio-boas-praticas-na-recepcao-aos-estudantes-ingressantes-premiados-2014-medicina\/","title":{"rendered":"Pr\u00eamio Boas Pr\u00e1ticas na Recep\u00e7\u00e3o aos Estudantes Ingressantes"},"content":{"rendered":"\n<hr class=\"wp-block-separator has-alpha-channel-opacity is-style-wide\" \/>\n\n\n\n<h2 class=\"wp-block-heading\">Cursos Inscritos Premiados<\/h2>\n\n\n\n<h2 class=\"wp-block-heading\">2014<\/h2>\n\n\n\n<h2 class=\"wp-block-heading\">Medicina<\/h2>\n\n\n\n<p><strong>Resumo da A\u00e7\u00e3o:<\/strong><\/p>\n\n\n\n<p>Conscientizar cidad\u00e3os sobre a import\u00e2ncia da doa\u00e7\u00e3o de sangue e cadastramento de medula \u00f3ssea; conscientiz\u00e1-los a respeito da import\u00e2ncia da preven\u00e7\u00e3o da AIDS e outras DSTs.<\/p>\n\n\n\n<div class=\"wp-block-columns is-layout-flex wp-container-core-columns-is-layout-9d6595d7 wp-block-columns-is-layout-flex\">\n<div class=\"wp-block-column is-layout-flow wp-block-column-is-layout-flow\"><div class=\"wp-block-image\">\n<figure class=\"aligncenter size-full\"><a href=\"https:\/\/drive.google.com\/drive\/folders\/1QQUNM3rLUJww2CLiUMyr5Keyu_HRTk5g?usp=drive_link\" target=\"_blank\" rel=\"noreferrer noopener\"><img decoding=\"async\" src=\"https:\/\/sites.uel.br\/feira\/wp-content\/uploads\/2023\/05\/google_drive.png\" alt=\"\" class=\"wp-image-2887\" \/><\/a><\/figure>\n<\/div>\n\n\n<p class=\"has-text-align-center\"><strong>(Galeria de Fotos &#8211; <strong>Campanha de Doa\u00e7\u00e3o de Sangue e Medula \u00d3ssea<\/strong>)<\/strong><\/p>\n\n\n\n<p class=\"has-text-align-center\">Cr\u00e9ditos:<br>Estudantes do Curso de Medicina<\/p>\n<\/div>\n<\/div>\n\n\n\n<div class=\"wp-block-columns is-layout-flex wp-container-core-columns-is-layout-9d6595d7 wp-block-columns-is-layout-flex\">\n<div class=\"wp-block-column is-layout-flow wp-block-column-is-layout-flow\"><div class=\"wp-block-image\">\n<figure class=\"aligncenter size-full\"><a href=\"https:\/\/drive.google.com\/drive\/folders\/1ICWJsEepN8-HmggyLWASlZZeYzM7AaAo?usp=drive_link\" target=\"_blank\" rel=\"noreferrer noopener\"><img decoding=\"async\" src=\"https:\/\/sites.uel.br\/feira\/wp-content\/uploads\/2023\/05\/google_drive.png\" alt=\"\" class=\"wp-image-2887\" \/><\/a><\/figure>\n<\/div>\n\n\n<p class=\"has-text-align-center\"><strong>(Galeria de Fotos &#8211; <strong>Campanha Blitz da Preven\u00e7\u00e3o realizada no RU da UEL<\/strong>)<\/strong><\/p>\n\n\n\n<p class=\"has-text-align-center\">Cr\u00e9ditos:<br>Estudantes do Curso de Medicina<\/p>\n<\/div>\n<\/div>\n","protected":false},"excerpt":{"rendered":"<p>Cursos Inscritos Premiados 2014 Medicina Resumo da A\u00e7\u00e3o: Conscientizar cidad\u00e3os sobre a import\u00e2ncia da doa\u00e7\u00e3o de sangue e cadastramento de medula \u00f3ssea; conscientiz\u00e1-los a respeito da import\u00e2ncia da preven\u00e7\u00e3o da AIDS e outras DSTs. (Galeria de Fotos &#8211; Campanha de Doa\u00e7\u00e3o de Sangue e Medula \u00d3ssea) Cr\u00e9ditos:Estudantes do Curso de Medicina (Galeria de Fotos &#8211; [&hellip;]<\/p>\n","protected":false},"author":8,"featured_media":0,"parent":0,"menu_order":0,"comment_status":"closed","ping_status":"closed","template":"","meta":{"_acf_changed":false,"_themeisle_gutenberg_block_has_review":false,"footnotes":""},"class_list":["post-4083","page","type-page","status-publish","hentry"],"acf":[],"_links":{"self":[{"href":"https:\/\/sites.uel.br\/ser\/wp-json\/wp\/v2\/pages\/4083","targetHints":{"allow":["GET"]}}],"collection":[{"href":"https:\/\/sites.uel.br\/ser\/wp-json\/wp\/v2\/pages"}],"about":[{"href":"https:\/\/sites.uel.br\/ser\/wp-json\/wp\/v2\/types\/page"}],"author":[{"embeddable":true,"href":"https:\/\/sites.uel.br\/ser\/wp-json\/wp\/v2\/users\/8"}],"replies":[{"embeddable":true,"href":"https:\/\/sites.uel.br\/ser\/wp-json\/wp\/v2\/comments?post=4083"}],"version-history":[{"count":7,"href":"https:\/\/sites.uel.br\/ser\/wp-json\/wp\/v2\/pages\/4083\/revisions"}],"predecessor-version":[{"id":4967,"href":"https:\/\/sites.uel.br\/ser\/wp-json\/wp\/v2\/pages\/4083\/revisions\/4967"}],"wp:attachment":[{"href":"https:\/\/sites.uel.br\/ser\/wp-json\/wp\/v2\/media?parent=4083"}],"curies":[{"name":"wp","href":"https:\/\/api.w.org\/{rel}","templated":true}]}}