{"id":4077,"date":"2023-06-29T16:19:45","date_gmt":"2023-06-29T19:19:45","guid":{"rendered":"https:\/\/sites.uel.br\/ser\/?page_id=4077"},"modified":"2023-07-10T13:23:18","modified_gmt":"2023-07-10T16:23:18","slug":"premio-boas-praticas-na-recepcao-aos-estudantes-ingressantes-premiados-2016-fisica","status":"publish","type":"page","link":"https:\/\/sites.uel.br\/ser\/premio-boas-praticas-na-recepcao-aos-estudantes-ingressantes-premiados-2016-fisica\/","title":{"rendered":"Pr\u00eamio Boas Pr\u00e1ticas na Recep\u00e7\u00e3o aos Estudantes Ingressantes"},"content":{"rendered":"\n<hr class=\"wp-block-separator has-alpha-channel-opacity is-style-wide\" \/>\n\n\n\n<h2 class=\"wp-block-heading\">Cursos Inscritos Premiados<\/h2>\n\n\n\n<h2 class=\"wp-block-heading\">2016<\/h2>\n\n\n\n<h2 class=\"wp-block-heading\">Modalidade 1: Temas Livres<\/h2>\n\n\n\n<h2 class=\"wp-block-heading\">F\u00edsica<\/h2>\n\n\n\n<p><strong>Resumo da A\u00e7\u00e3o:<\/strong><\/p>\n\n\n\n<p>O grupo PET F\u00edsica, todos os anos faz a recep\u00e7\u00e3o aos calouros do curso de F\u00edsica, tanto os de Bacharelado quanto aos de Licenciatura.<\/p>\n\n\n\n<p>As atividades do grupo consistem em acolher os novos alunos na chegada, apresentar as depend\u00eancias do departamento de F\u00edsica.<\/p>\n\n\n\n<p>Esta apresenta\u00e7\u00e3o \u00e9 feita com a anu\u00eancia de todos os docentes do departamento e autorizada oficialmente em reuni\u00e3o de departamento a pedido do Tutor do grupo PET-F\u00edsica.<\/p>\n\n\n\n<p>A apresenta\u00e7\u00e3o consiste em visitar todos os laborat\u00f3rios de pesquisa e de ensino do departamento de F\u00edsica, as salas de aulas, os pr\u00e9dios onde ficam a secretaria e as salas de aula al\u00e9m do pr\u00e9dio de p\u00f3s-gradua\u00e7\u00e3o.<\/p>\n\n\n\n<p>Seguidamente os alunos s\u00e3o convidados (antecipadamente) para assistir um semin\u00e1rio relacionado a algum tema de pesquisa dos docentes que comp\u00f5e o quadro do departamento de F\u00edsica.<\/p>\n\n\n\n<p>Al\u00e9m de outras atividades propostas pelo Colegiado do Curso de F\u00edsica, os alunos ingressantes assim como toda a comunidade da UEL \u00e9 convidada a participar de uma doa\u00e7\u00e3o de sangue feita durante a primeira semana de recep\u00e7\u00e3o aos novos alunos ingressantes.<\/p>\n\n\n\n<p>Os alunos Petianos fazem cartazes e distribuem convites, nas filas do bandej\u00e3o, no cal\u00e7ad\u00e3o e nos pontos de \u00f4nibus adjacentes ao CCE. Tamb\u00e9m h\u00e1 uma divulga\u00e7\u00e3o em redes sociais, tanto na p\u00e1gina do grupo PET-F\u00edsica, quanto nas p\u00e1ginas pessoais de cada integrante.<\/p>\n\n\n\n<p>A doa\u00e7\u00e3o de sangue \u00e9 feita ao Hemocentro do HU (este ano foi programada para dia 15\/04).<\/p>\n\n\n\n<div class=\"wp-block-columns is-layout-flex wp-container-core-columns-is-layout-9d6595d7 wp-block-columns-is-layout-flex\">\n<div class=\"wp-block-column is-layout-flow wp-block-column-is-layout-flow\"><div class=\"wp-block-image\">\n<figure class=\"aligncenter size-full\"><a href=\"https:\/\/drive.google.com\/drive\/folders\/1SJdyS8DvPvefqr2XBhPF9cw2jIiYY3np?usp=drive_link\" target=\"_blank\" rel=\"noreferrer noopener\"><img decoding=\"async\" src=\"https:\/\/sites.uel.br\/feira\/wp-content\/uploads\/2023\/05\/google_drive.png\" alt=\"\" class=\"wp-image-2887\" \/><\/a><\/figure>\n<\/div>\n\n\n<p class=\"has-text-align-center\"><strong>(Galeria de Fotos)<\/strong><\/p>\n\n\n\n<p class=\"has-text-align-center\">Cr\u00e9ditos:<br>Estudantes do Curso de F\u00edsica<\/p>\n<\/div>\n<\/div>\n","protected":false},"excerpt":{"rendered":"<p>Cursos Inscritos Premiados 2016 Modalidade 1: Temas Livres F\u00edsica Resumo da A\u00e7\u00e3o: O grupo PET F\u00edsica, todos os anos faz a recep\u00e7\u00e3o aos calouros do curso de F\u00edsica, tanto os de Bacharelado quanto aos de Licenciatura. As atividades do grupo consistem em acolher os novos alunos na chegada, apresentar as depend\u00eancias do departamento de F\u00edsica. [&hellip;]<\/p>\n","protected":false},"author":8,"featured_media":0,"parent":0,"menu_order":0,"comment_status":"closed","ping_status":"closed","template":"","meta":{"_acf_changed":false,"_themeisle_gutenberg_block_has_review":false,"footnotes":""},"class_list":["post-4077","page","type-page","status-publish","hentry"],"acf":[],"_links":{"self":[{"href":"https:\/\/sites.uel.br\/ser\/wp-json\/wp\/v2\/pages\/4077","targetHints":{"allow":["GET"]}}],"collection":[{"href":"https:\/\/sites.uel.br\/ser\/wp-json\/wp\/v2\/pages"}],"about":[{"href":"https:\/\/sites.uel.br\/ser\/wp-json\/wp\/v2\/types\/page"}],"author":[{"embeddable":true,"href":"https:\/\/sites.uel.br\/ser\/wp-json\/wp\/v2\/users\/8"}],"replies":[{"embeddable":true,"href":"https:\/\/sites.uel.br\/ser\/wp-json\/wp\/v2\/comments?post=4077"}],"version-history":[{"count":7,"href":"https:\/\/sites.uel.br\/ser\/wp-json\/wp\/v2\/pages\/4077\/revisions"}],"predecessor-version":[{"id":4990,"href":"https:\/\/sites.uel.br\/ser\/wp-json\/wp\/v2\/pages\/4077\/revisions\/4990"}],"wp:attachment":[{"href":"https:\/\/sites.uel.br\/ser\/wp-json\/wp\/v2\/media?parent=4077"}],"curies":[{"name":"wp","href":"https:\/\/api.w.org\/{rel}","templated":true}]}}