{"id":4073,"date":"2023-06-29T16:18:02","date_gmt":"2023-06-29T19:18:02","guid":{"rendered":"https:\/\/sites.uel.br\/ser\/?page_id=4073"},"modified":"2023-07-07T14:36:27","modified_gmt":"2023-07-07T17:36:27","slug":"premio-boas-praticas-na-recepcao-aos-estudantes-ingressantes-premiados-2017-farmacia","status":"publish","type":"page","link":"https:\/\/sites.uel.br\/ser\/premio-boas-praticas-na-recepcao-aos-estudantes-ingressantes-premiados-2017-farmacia\/","title":{"rendered":"Pr\u00eamio Boas Pr\u00e1ticas na Recep\u00e7\u00e3o aos Estudantes Ingressantes"},"content":{"rendered":"\n<hr class=\"wp-block-separator has-alpha-channel-opacity is-style-wide\" \/>\n\n\n\n<h2 class=\"wp-block-heading\">Cursos Inscritos Premiados<\/h2>\n\n\n\n<h2 class=\"wp-block-heading\">2017<\/h2>\n\n\n\n<h2 class=\"wp-block-heading\">Farm\u00e1cia<\/h2>\n\n\n\n<p><strong>Resumo da A\u00e7\u00e3o:<\/strong><\/p>\n\n\n\n<p>A Gincana Solid\u00e1ria teve por finalidade proporcionar a recep\u00e7\u00e3o dos ingressantes dos cursos do Centro de Ci\u00eancias da Sa\u00fade da UEL, por meio de arrecada\u00e7\u00e3o de alimentos n\u00e3o perec\u00edveis, produtos de limpeza e higiene pessoal, para doa\u00e7\u00e3o \u00e0 Casa de Apoio do HU e Casa Auxiliadora de Londrina, doa\u00e7\u00e3o de sangue, cadastro para doa\u00e7\u00e3o volunt\u00e1ria de medula \u00f3ssea. Com isso cada equipe se mobilizou para arrecadar os donativos e conseguir doadores de sangue. No final foram contabilizadas 83 doa\u00e7\u00f5es de sangue e mais de 500 donativos.<\/p>\n\n\n\n<div class=\"wp-block-columns is-layout-flex wp-container-core-columns-is-layout-9d6595d7 wp-block-columns-is-layout-flex\">\n<div class=\"wp-block-column is-layout-flow wp-block-column-is-layout-flow\"><div class=\"wp-block-image\">\n<figure class=\"aligncenter size-full\"><a href=\"https:\/\/drive.google.com\/drive\/folders\/1sSjjA-n5E4puzBtVIaPstmZ_fUgsEEtZ?usp=drive_link\" target=\"_blank\" rel=\"noreferrer noopener\"><img decoding=\"async\" src=\"https:\/\/sites.uel.br\/feira\/wp-content\/uploads\/2023\/05\/google_drive.png\" alt=\"\" class=\"wp-image-2887\" \/><\/a><\/figure>\n<\/div>\n\n\n<p class=\"has-text-align-center\"><strong>(Galeria de Fotos)<\/strong><\/p>\n\n\n\n<p class=\"has-text-align-center\">Cr\u00e9ditos:<br>Estudantes do Curso de Farm\u00e1cia<\/p>\n<\/div>\n<\/div>\n","protected":false},"excerpt":{"rendered":"<p>Cursos Inscritos Premiados 2017 Farm\u00e1cia Resumo da A\u00e7\u00e3o: A Gincana Solid\u00e1ria teve por finalidade proporcionar a recep\u00e7\u00e3o dos ingressantes dos cursos do Centro de Ci\u00eancias da Sa\u00fade da UEL, por meio de arrecada\u00e7\u00e3o de alimentos n\u00e3o perec\u00edveis, produtos de limpeza e higiene pessoal, para doa\u00e7\u00e3o \u00e0 Casa de Apoio do HU e Casa Auxiliadora de [&hellip;]<\/p>\n","protected":false},"author":8,"featured_media":0,"parent":0,"menu_order":0,"comment_status":"closed","ping_status":"closed","template":"","meta":{"_acf_changed":false,"_themeisle_gutenberg_block_has_review":false,"footnotes":""},"class_list":["post-4073","page","type-page","status-publish","hentry"],"acf":[],"_links":{"self":[{"href":"https:\/\/sites.uel.br\/ser\/wp-json\/wp\/v2\/pages\/4073","targetHints":{"allow":["GET"]}}],"collection":[{"href":"https:\/\/sites.uel.br\/ser\/wp-json\/wp\/v2\/pages"}],"about":[{"href":"https:\/\/sites.uel.br\/ser\/wp-json\/wp\/v2\/types\/page"}],"author":[{"embeddable":true,"href":"https:\/\/sites.uel.br\/ser\/wp-json\/wp\/v2\/users\/8"}],"replies":[{"embeddable":true,"href":"https:\/\/sites.uel.br\/ser\/wp-json\/wp\/v2\/comments?post=4073"}],"version-history":[{"count":6,"href":"https:\/\/sites.uel.br\/ser\/wp-json\/wp\/v2\/pages\/4073\/revisions"}],"predecessor-version":[{"id":4915,"href":"https:\/\/sites.uel.br\/ser\/wp-json\/wp\/v2\/pages\/4073\/revisions\/4915"}],"wp:attachment":[{"href":"https:\/\/sites.uel.br\/ser\/wp-json\/wp\/v2\/media?parent=4073"}],"curies":[{"name":"wp","href":"https:\/\/api.w.org\/{rel}","templated":true}]}}