{"id":4072,"date":"2023-06-29T16:18:05","date_gmt":"2023-06-29T19:18:05","guid":{"rendered":"https:\/\/sites.uel.br\/ser\/?page_id=4072"},"modified":"2023-07-10T13:23:12","modified_gmt":"2023-07-10T16:23:12","slug":"premio-boas-praticas-na-recepcao-aos-estudantes-ingressantes-premiados-2016-farmacia","status":"publish","type":"page","link":"https:\/\/sites.uel.br\/ser\/premio-boas-praticas-na-recepcao-aos-estudantes-ingressantes-premiados-2016-farmacia\/","title":{"rendered":"Pr\u00eamio Boas Pr\u00e1ticas na Recep\u00e7\u00e3o aos Estudantes Ingressantes"},"content":{"rendered":"\n<hr class=\"wp-block-separator has-alpha-channel-opacity is-style-wide\" \/>\n\n\n\n<h2 class=\"wp-block-heading\">Cursos Inscritos Premiados<\/h2>\n\n\n\n<h2 class=\"wp-block-heading\">2016<\/h2>\n\n\n\n<h2 class=\"wp-block-heading\">Modalidade 1: Temas Livres<\/h2>\n\n\n\n<h2 class=\"wp-block-heading\">Farm\u00e1cia<\/h2>\n\n\n\n<p><strong>Resumo da A\u00e7\u00e3o:<\/strong><\/p>\n\n\n\n<p>Foi feita no cal\u00e7ad\u00e3o da UEL e no Restaurante Universit\u00e1rio (RU) panfletagem sobre o Teste R\u00e1pido e sobre doen\u00e7as sexualmente transmiss\u00edveis (DSTs), com distribui\u00e7\u00e3o de camisinhas. A a\u00e7\u00e3o foi realizada pelos ingressantes do curso de Farm\u00e1cia juntamente com os alunos da comiss\u00e3o de recep\u00e7\u00e3o. O foco da a\u00e7\u00e3o foi fazer a conscientiza\u00e7\u00e3o sobre as DSTs, entrega de camisinhas e informar sobre o teste r\u00e1pido, pouco conhecido pela popula\u00e7\u00e3o. Al\u00e9m disso, foi feita uma arrecada\u00e7\u00e3o de materiais de apoio para o CEPV- UEL (Curso Especial Pr\u00e9- Vestibular). Os materiais ficar\u00e3o na secretaria do CEPV e ser\u00e3o doados para estudantes carentes do cursinho. A arrecada\u00e7\u00e3o foi feita pelos pr\u00f3prios ingressantes da Farm\u00e1cia.<\/p>\n\n\n\n<div class=\"wp-block-columns is-layout-flex wp-container-core-columns-is-layout-9d6595d7 wp-block-columns-is-layout-flex\">\n<div class=\"wp-block-column is-layout-flow wp-block-column-is-layout-flow\"><div class=\"wp-block-image\">\n<figure class=\"aligncenter size-full\"><a href=\"https:\/\/drive.google.com\/drive\/folders\/1r34mw_J_1YLlcacmTUQcaOVrCX-3DPFu?usp=drive_link\" target=\"_blank\" rel=\"noreferrer noopener\"><img decoding=\"async\" src=\"https:\/\/sites.uel.br\/feira\/wp-content\/uploads\/2023\/05\/google_drive.png\" alt=\"\" class=\"wp-image-2887\" \/><\/a><\/figure>\n<\/div>\n\n\n<p class=\"has-text-align-center\"><strong>(Galeria de Fotos)<\/strong><\/p>\n\n\n\n<p class=\"has-text-align-center\">Cr\u00e9ditos:<br>Estudantes do Curso de Farm\u00e1cia<\/p>\n<\/div>\n<\/div>\n","protected":false},"excerpt":{"rendered":"<p>Cursos Inscritos Premiados 2016 Modalidade 1: Temas Livres Farm\u00e1cia Resumo da A\u00e7\u00e3o: Foi feita no cal\u00e7ad\u00e3o da UEL e no Restaurante Universit\u00e1rio (RU) panfletagem sobre o Teste R\u00e1pido e sobre doen\u00e7as sexualmente transmiss\u00edveis (DSTs), com distribui\u00e7\u00e3o de camisinhas. A a\u00e7\u00e3o foi realizada pelos ingressantes do curso de Farm\u00e1cia juntamente com os alunos da comiss\u00e3o de [&hellip;]<\/p>\n","protected":false},"author":8,"featured_media":0,"parent":0,"menu_order":0,"comment_status":"closed","ping_status":"closed","template":"","meta":{"_acf_changed":false,"_themeisle_gutenberg_block_has_review":false,"footnotes":""},"class_list":["post-4072","page","type-page","status-publish","hentry"],"acf":[],"_links":{"self":[{"href":"https:\/\/sites.uel.br\/ser\/wp-json\/wp\/v2\/pages\/4072","targetHints":{"allow":["GET"]}}],"collection":[{"href":"https:\/\/sites.uel.br\/ser\/wp-json\/wp\/v2\/pages"}],"about":[{"href":"https:\/\/sites.uel.br\/ser\/wp-json\/wp\/v2\/types\/page"}],"author":[{"embeddable":true,"href":"https:\/\/sites.uel.br\/ser\/wp-json\/wp\/v2\/users\/8"}],"replies":[{"embeddable":true,"href":"https:\/\/sites.uel.br\/ser\/wp-json\/wp\/v2\/comments?post=4072"}],"version-history":[{"count":7,"href":"https:\/\/sites.uel.br\/ser\/wp-json\/wp\/v2\/pages\/4072\/revisions"}],"predecessor-version":[{"id":4989,"href":"https:\/\/sites.uel.br\/ser\/wp-json\/wp\/v2\/pages\/4072\/revisions\/4989"}],"wp:attachment":[{"href":"https:\/\/sites.uel.br\/ser\/wp-json\/wp\/v2\/media?parent=4072"}],"curies":[{"name":"wp","href":"https:\/\/api.w.org\/{rel}","templated":true}]}}